{"id":79321,"date":"2023-12-13T22:37:18","date_gmt":"2023-12-13T21:37:18","guid":{"rendered":"https:\/\/www.soanam.de\/?post_type=product&#038;p=79321"},"modified":"2023-12-13T22:39:34","modified_gmt":"2023-12-13T21:39:34","slug":"halti-womens-huippu-down-jacket-damen-daunenjacke-in-aqua-mint-gr-l","status":"publish","type":"product","link":"https:\/\/www.soanam.de\/ru\/produkt\/halti-womens-huippu-down-jacket-damen-daunenjacke-in-aqua-mint-gr-l\/","title":{"rendered":"HALTI - Women's Huippu Down Jacket - Damen Daunenjacke in Aqua Mint, Gr. L"},"content":{"rendered":"<h3>\u041e\u043f\u0438\u0441\u0430\u043d\u0438\u0435<\/h3>\n<p>Optimal eignet sich die Women's Huippu Down Jacket Daunenjacke von Halti f\u00fcr den Einsatz als funktionaler Midlayer bei sportlichen Aktivit\u00e4ten am Berg. Feuchtigkeit, die durch Schwitzen beim Sport entsteht, kann durch die atmungsaktiven Eigenschaften der hochwertigen Materialien schnell und einfach an die Oberfl\u00e4che diffundieren und dort verdunsten. Kleinigkeiten k\u00f6nnen in den hierf\u00fcr vorgesehenen Taschen untergebracht werden. Sie sind ger\u00e4umig verarbeitet und verhindern mit den robusten Rei\u00dfverschl\u00fcssen, dass sich die Gegenst\u00e4nde verselbstst\u00e4ndigen und herausfallen.<\/p>\n<p>Die w\u00e4rmende Kapuze der Jacke passt sich dank des elastischen Bandes perfekt an die Kopfform der Tr\u00e4gerin an. So wird auch dieser empfindliche Bereich vor dem Wetter gesch\u00fctzt. Die niedrigen Temperaturen k\u00f6nnen kommen. Die Huippu ist bereit.<\/p>\n<h3>\u043f\u043e\u0434\u0440\u043e\u0431\u043d\u043e\u0441\u0442\u0438<\/h3>\n<p>\u041f\u043e\u0434\u0445\u043e\u0434\u0438\u0442 \u0434\u043b\u044f: \u0416\u0435\u043d\u0449\u0438\u043d\u044b<br \/>\nEinsatzbereich: Trekking, Schneeschuhwandern, Klettern, Freizeit, Winterwandern<br \/>\n\u041e\u0441\u043d\u043e\u0432\u043d\u043e\u0439 \u043c\u0430\u0442\u0435\u0440\u0438\u0430\u043b: \u043f\u043e\u043b\u0438\u0430\u043c\u0438\u0434 100%<br \/>\n\u041d\u0430\u043f\u043e\u043b\u043d\u0438\u0442\u0435\u043b\u044c: \u043f\u0443\u0445 100%<br \/>\nInnenmaterial: 100% Polyamid<br \/>\nMaterialtyp: Daunenf\u00fcllung<br \/>\n\u0418\u043d\u0444\u043e\u0440\u043c\u0430\u0446\u0438\u044f \u043e \u043c\u0430\u0442\u0435\u0440\u0438\u0430\u043b\u0435: \u0421\u043e\u0434\u0435\u0440\u0436\u0438\u0442 \u043d\u0435\u0442\u0435\u043a\u0441\u0442\u0438\u043b\u044c\u043d\u044b\u0435 \u0447\u0430\u0441\u0442\u0438 \u0436\u0438\u0432\u043e\u0442\u043d\u043e\u0433\u043e \u043f\u0440\u043e\u0438\u0441\u0445\u043e\u0436\u0434\u0435\u043d\u0438\u044f<br \/>\nTechnologie: Pertex Quantum<br \/>\nMaterialeigenschaften: winddicht, stark wasserabweisend, atmungsaktiv, isolierend<br \/>\n\u041e\u0431\u044a\u0435\u043c\u043d\u0430\u044f \u043c\u043e\u0449\u043d\u043e\u0441\u0442\u044c: 700 \u043a\u0443\u0431. \u0441\u043c<br \/>\nMischungsverh\u00e4ltnis: 90\/10 (Daune zu Federn)<br \/>\n\u0417\u0430\u0441\u0442\u0435\u0436\u043a\u0430: \u0437\u0430\u0441\u0442\u0435\u0436\u043a\u0430-\u043c\u043e\u043b\u043d\u0438\u044f \u0441\u043f\u0435\u0440\u0435\u0434\u0438 \u043f\u043e \u0432\u0441\u0435\u0439 \u0434\u043b\u0438\u043d\u0435<br \/>\n\u041a\u0430\u043f\u044e\u0448\u043e\u043d: \u044d\u043b\u0430\u0441\u0442\u0438\u0447\u043d\u044b\u0439<br \/>\nTaschen: 2 RV-Seitentaschen<br \/>\nExtras: elastische \u00c4rmelb\u00fcndchen, reflektierende Details, elastischer Saum<\/p>","protected":false},"excerpt":{"rendered":"<h3>Artikelmerkmale<\/h3>\n<p>\u0421\u043e\u0441\u0442\u043e\u044f\u043d\u0438\u0435 \u0442\u043e\u0432\u0430\u0440\u0430: \u041d\u043e\u0432\u044b\u0439 \u0441 \u044d\u0442\u0438\u043a\u0435\u0442\u043a\u043e\u0439: \u041d\u043e\u0432\u044b\u0439, \u043d\u0435\u0438\u0441\u043f\u043e\u043b\u044c\u0437\u043e\u0432\u0430\u043d\u043d\u044b\u0439 \u0438 \u043d\u0435\u043d\u043e\u0448\u0435\u043d\u044b\u0439 \u0442\u043e\u0432\u0430\u0440 \u0432 \u043e\u0440\u0438\u0433\u0438\u043d\u0430\u043b\u044c\u043d\u043e\u0439 \u0443\u043f\u0430\u043a\u043e\u0432\u043a\u0435<\/p>\n<table border=\"0\" frame=\"VOID\" rules=\"NONE\" cellspacing=\"0\">\n<colgroup>\n<col width=\"137\" \/>\n<col width=\"216\" \/><\/colgroup>\n<tbody>\n<tr>\n<td align=\"LEFT\" width=\"137\" height=\"17\">EAN:<\/td>\n<td align=\"LEFT\" width=\"216\">6438361613258<\/td>\n<\/tr>\n<tr>\n<td align=\"LEFT\" height=\"17\">\u0426\u0432\u0435\u0442:<\/td>\n<td align=\"LEFT\">\u0413\u043e\u043b\u0443\u0431\u043e\u0439<\/td>\n<\/tr>\n<tr>\n<td align=\"LEFT\" height=\"17\">Gr\u00f6\u00dfe:<\/td>\n<td align=\"LEFT\">L<\/td>\n<\/tr>\n<tr>\n<td align=\"LEFT\" height=\"17\">Marke:<\/td>\n<td align=\"LEFT\">Halti<\/td>\n<\/tr>\n<tr>\n<td align=\"LEFT\" height=\"17\">\u041c\u0430\u0442\u0435\u0440\u0438\u0430\u043b:<\/td>\n<td align=\"LEFT\">Daune<\/td>\n<\/tr>\n<\/tbody>\n<\/table>","protected":false},"featured_media":79435,"comment_status":"open","ping_status":"closed","template":"","meta":{"_seopress_robots_primary_cat":"","_seopress_titles_title":"","_seopress_titles_desc":"","_seopress_robots_index":""},"product_brand":[],"product_cat":[1348,1375,1376],"product_tag":[],"class_list":{"0":"post-79321","1":"product","2":"type-product","3":"status-publish","4":"has-post-thumbnail","6":"product_cat-damen-mode","7":"product_cat-winterjacken","8":"product_cat-daunenjacken-steppjacken","9":"product_shipping_class-standard-versand","11":"first","12":"instock","13":"sale","14":"taxable","15":"shipping-taxable","16":"purchasable","17":"product-type-simple"},"_links":{"self":[{"href":"https:\/\/www.soanam.de\/ru\/wp-json\/wp\/v2\/product\/79321","targetHints":{"allow":["GET"]}}],"collection":[{"href":"https:\/\/www.soanam.de\/ru\/wp-json\/wp\/v2\/product"}],"about":[{"href":"https:\/\/www.soanam.de\/ru\/wp-json\/wp\/v2\/types\/product"}],"replies":[{"embeddable":true,"href":"https:\/\/www.soanam.de\/ru\/wp-json\/wp\/v2\/comments?post=79321"}],"wp:featuredmedia":[{"embeddable":true,"href":"https:\/\/www.soanam.de\/ru\/wp-json\/wp\/v2\/media\/79435"}],"wp:attachment":[{"href":"https:\/\/www.soanam.de\/ru\/wp-json\/wp\/v2\/media?parent=79321"}],"wp:term":[{"taxonomy":"product_brand","embeddable":true,"href":"https:\/\/www.soanam.de\/ru\/wp-json\/wp\/v2\/product_brand?post=79321"},{"taxonomy":"product_cat","embeddable":true,"href":"https:\/\/www.soanam.de\/ru\/wp-json\/wp\/v2\/product_cat?post=79321"},{"taxonomy":"product_tag","embeddable":true,"href":"https:\/\/www.soanam.de\/ru\/wp-json\/wp\/v2\/product_tag?post=79321"}],"curies":[{"name":"wp","href":"https:\/\/api.w.org\/{rel}","templated":true}]}}