{"id":79318,"date":"2023-12-13T22:37:17","date_gmt":"2023-12-13T21:37:17","guid":{"rendered":"https:\/\/www.soanam.de\/?post_type=product&#038;p=79318"},"modified":"2023-12-13T22:39:23","modified_gmt":"2023-12-13T21:39:23","slug":"%d0%b1%d1%8e%d1%81%d1%82%d0%b3%d0%b0%d0%bb%d1%8c%d1%82%d0%b5%d1%80-jette-push-up-%d0%b8%d0%b7-%d1%87%d0%b5%d1%80%d0%bd%d0%be%d0%b9-%d0%b8%d1%80%d0%b8%d1%81%d0%ba%d0%b8-%d1%80%d0%b0%d0%b7%d0%bc%d0%b5","status":"publish","type":"product","link":"https:\/\/www.soanam.de\/ru\/produkt\/jette-push-up-bh-in-schwarz-toffee-groesse-80b\/","title":{"rendered":"\u0411\u044e\u0441\u0442\u0433\u0430\u043b\u044c\u0442\u0435\u0440 \u043f\u0443\u0448-\u0430\u043f JETTE, \u0447\u0435\u0440\u043d\u044b\u0439, \u0438\u0440\u0438\u0441, \u0440\u0430\u0437\u043c\u0435\u0440 80B"},"content":{"rendered":"<p>\u0421\u0443\u043f\u0435\u0440 \u043f\u0443\u0448-\u0430\u043f \u0441\u043e \u0432\u0441\u0442\u0440\u043e\u0435\u043d\u043d\u044b\u043c\u0438 \u0441\u0432\u0435\u0440\u0445\u0442\u043e\u043b\u0441\u0442\u044b\u043c\u0438 \u043f\u043e\u0434\u0443\u0448\u043a\u0430\u043c\u0438<br \/>\n\u0427\u0430\u0448\u0435\u0447\u043a\u0438 \u043f\u043e\u043a\u0440\u044b\u0442\u044b \u043d\u0435\u0436\u043d\u044b\u043c \u043a\u0440\u0443\u0436\u0435\u0432\u043e\u043c \u0441 \u0446\u0432\u0435\u0442\u043e\u0447\u043d\u044b\u043c \u0440\u0438\u0441\u0443\u043d\u043a\u043e\u043c<br \/>\n\u0421 \u0441\u043e\u0431\u043b\u0430\u0437\u043d\u0438\u0442\u0435\u043b\u044c\u043d\u044b\u043c\u0438 \u0434\u0435\u043a\u043e\u0440\u0430\u0442\u0438\u0432\u043d\u044b\u043c\u0438 \u043b\u0435\u043d\u0442\u0430\u043c\u0438 \u0441\u043f\u0435\u0440\u0435\u0434\u0438<br \/>\n\u041a\u0440\u0443\u0436\u0435\u0432\u043d\u044b\u0435 \u043a\u0440\u044b\u043b\u044b\u0448\u043a\u0438 \u0441\u043f\u0435\u0440\u0435\u0434\u0438, \u043f\u0440\u043e\u0437\u0440\u0430\u0447\u043d\u0430\u044f \u043c\u044f\u0433\u043a\u0430\u044f \u0441\u0435\u0442\u043a\u0430 \u0441\u0437\u0430\u0434\u0438<\/p>\n<p>\u0421\u0443\u043f\u0435\u0440 \u043f\u0443\u0448-\u0430\u043f \u043e\u0442 \u0434\u0438\u0437\u0430\u0439\u043d\u0435\u0440\u0430 Jette Joop \u0432\u043f\u0435\u0447\u0430\u0442\u043b\u044f\u0435\u0442 \u043d\u0435\u0436\u043d\u044b\u043c \u043a\u0440\u0443\u0436\u0435\u0432\u043e\u043c \u0432 \u0446\u0432\u0435\u0442\u043e\u0447\u0435\u043a \u043d\u0430 \u0447\u0430\u0448\u0435\u0447\u043a\u0430\u0445, \u043a\u043e\u0442\u043e\u0440\u044b\u0435 \u043e\u0431\u0435\u0441\u043f\u0435\u0447\u0438\u0432\u0430\u044e\u0442 \u043c\u0430\u043a\u0441\u0438\u043c\u0430\u043b\u044c\u043d\u044b\u0439 \u043e\u0431\u044a\u0435\u043c \u0431\u043b\u0430\u0433\u043e\u0434\u0430\u0440\u044f \u043e\u0447\u0435\u043d\u044c \u043f\u043b\u043e\u0442\u043d\u044b\u043c \u0432\u0441\u0442\u0440\u043e\u0435\u043d\u043d\u044b\u043c \u043f\u043e\u0434\u0443\u0448\u0435\u0447\u043a\u0430\u043c.<br \/>\n\u0414\u0435\u043a\u043e\u0440\u0430\u0442\u0438\u0432\u043d\u044b\u0435 \u043f\u043e\u043b\u043e\u0441\u044b \u0441\u043f\u0435\u0440\u0435\u0434\u0438 - \u0435\u0449\u0435 \u043e\u0434\u043d\u0430 \u043f\u0440\u0438\u0432\u043b\u0435\u043a\u0430\u0442\u0435\u043b\u044c\u043d\u0430\u044f \u043e\u0441\u043e\u0431\u0435\u043d\u043d\u043e\u0441\u0442\u044c.<\/p>\n<p>\u041c\u0430\u0442\u0435\u0440\u0438\u0430\u043b: 60% \u043f\u043e\u043b\u0438\u0430\u043c\u0438\u0434, 35% \u043f\u043e\u043b\u0438\u044d\u0441\u0442\u0435\u0440, 5% \u044d\u043b\u0430\u0441\u0442\u0430\u043d<br \/>\n\u0420\u0435\u043a\u043e\u043c\u0435\u043d\u0434\u0430\u0446\u0438\u0438 \u043f\u043e \u0443\u0445\u043e\u0434\u0443: \u0420\u0443\u0447\u043d\u0430\u044f \u0441\u0442\u0438\u0440\u043a\u0430<\/p>\n<p>\u0426\u0432\u0435\u0442: \u0447\u0435\u0440\u043d\u044b\u0439, \u0438\u0440\u0438\u0441\u043a\u0430<br \/>\n\u0423\u0437\u043e\u0440: \u0426\u0432\u0435\u0442\u044b<br \/>\n\u0420\u0430\u0437\u043c\u0435\u0440: 80B<\/p>\n<p>\u041e\u0431\u0445\u0432\u0430\u0442 \u0433\u0440\u0443\u0434\u0438: 80<br \/>\n\u0420\u0430\u0437\u043c\u0435\u0440 \u0447\u0430\u0448\u043a\u0438: \u0427\u0430\u0448\u043a\u0430 B<\/p>","protected":false},"excerpt":{"rendered":"<table class=\"dv_characteristicsTable\">\n<caption>MASSANGABE<\/caption>\n<tbody>\n<tr>\n<td class=\"left\">K\u00f6rbchengr\u00f6\u00dfe<\/td>\n<td>Cup B<\/td>\n<\/tr>\n<tr>\n<td class=\"left\">Unterbrustumfang<\/td>\n<td>80<\/td>\n<\/tr>\n<\/tbody>\n<\/table>\n<table class=\"dv_characteristicsTable\">\n<caption>\u0426\u0412\u0415\u0422<\/caption>\n<tbody>\n<tr>\n<td class=\"left\">\u0426\u0432\u0435\u0442<\/td>\n<td>schwarz<br \/>\ntoffee<\/td>\n<\/tr>\n<\/tbody>\n<\/table>\n<table class=\"dv_characteristicsTable\">\n<caption>\u041c\u0410\u0422\u0415\u0420\u0418\u0410\u041b<\/caption>\n<tbody>\n<tr>\n<td class=\"left\">\u0421\u043e\u0441\u0442\u0430\u0432 \u043c\u0430\u0442\u0435\u0440\u0438\u0430\u043b\u0430<\/td>\n<td>Obermaterial: 60% Polyamid, 35% Polyester, 5% Elasthan<\/td>\n<\/tr>\n<tr>\n<td class=\"left\">\u0420\u0435\u043a\u043e\u043c\u0435\u043d\u0434\u0430\u0446\u0438\u0438 \u043f\u043e \u0443\u0445\u043e\u0434\u0443<\/td>\n<td>\u0420\u0443\u0447\u043d\u0430\u044f \u0441\u0442\u0438\u0440\u043a\u0430<\/td>\n<\/tr>\n<\/tbody>\n<\/table>\n<table class=\"dv_characteristicsTable\">\n<caption>OPTIK\/STIL<\/caption>\n<tbody>\n<tr>\n<td class=\"left\">Stil<\/td>\n<td>sexy<\/td>\n<\/tr>\n<\/tbody>\n<\/table>\n<table class=\"dv_characteristicsTable\">\n<caption>K\u00d6RBCHEN \/ CUP<\/caption>\n<tbody>\n<tr>\n<td class=\"left\">B\u00fcgel<\/td>\n<td>mit B\u00fcgel<\/td>\n<\/tr>\n<tr>\n<td class=\"left\">Art Push-up-Effekt<\/td>\n<td>mit integriertem Kissen<\/td>\n<\/tr>\n<tr>\n<td class=\"left\">Art Push-up-Kissen<\/td>\n<td>Schaumstoffkissen<\/td>\n<\/tr>\n<\/tbody>\n<\/table>\n<table class=\"dv_characteristicsTable\">\n<caption>BH-TR\u00c4GER<\/caption>\n<tbody>\n<tr>\n<td class=\"left\">Tr\u00e4ger<\/td>\n<td>mit Tr\u00e4ger<\/td>\n<\/tr>\n<\/tbody>\n<\/table>\n<table class=\"dv_characteristicsTable\">\n<caption>VERSCHLUSS<\/caption>\n<tbody>\n<tr>\n<td class=\"left\">Verschluss<\/td>\n<td>Haken &amp; \u00d6sen<\/td>\n<\/tr>\n<tr>\n<td class=\"left\">Verschlussdetails<\/td>\n<td>hinten<\/td>\n<\/tr>\n<\/tbody>\n<\/table>","protected":false},"featured_media":79427,"comment_status":"open","ping_status":"closed","template":"","meta":{"_seopress_robots_primary_cat":"","_seopress_titles_title":"","_seopress_titles_desc":"","_seopress_robots_index":""},"product_brand":[],"product_cat":[1348,1444,1516],"product_tag":[],"class_list":{"0":"post-79318","1":"product","2":"type-product","3":"status-publish","4":"has-post-thumbnail","6":"product_cat-damen-mode","7":"product_cat-unterwaesche","8":"product_cat-bhs","9":"product_shipping_class-standard-versand","11":"first","12":"instock","13":"taxable","14":"shipping-taxable","15":"purchasable","16":"product-type-simple"},"_links":{"self":[{"href":"https:\/\/www.soanam.de\/ru\/wp-json\/wp\/v2\/product\/79318","targetHints":{"allow":["GET"]}}],"collection":[{"href":"https:\/\/www.soanam.de\/ru\/wp-json\/wp\/v2\/product"}],"about":[{"href":"https:\/\/www.soanam.de\/ru\/wp-json\/wp\/v2\/types\/product"}],"replies":[{"embeddable":true,"href":"https:\/\/www.soanam.de\/ru\/wp-json\/wp\/v2\/comments?post=79318"}],"wp:featuredmedia":[{"embeddable":true,"href":"https:\/\/www.soanam.de\/ru\/wp-json\/wp\/v2\/media\/79427"}],"wp:attachment":[{"href":"https:\/\/www.soanam.de\/ru\/wp-json\/wp\/v2\/media?parent=79318"}],"wp:term":[{"taxonomy":"product_brand","embeddable":true,"href":"https:\/\/www.soanam.de\/ru\/wp-json\/wp\/v2\/product_brand?post=79318"},{"taxonomy":"product_cat","embeddable":true,"href":"https:\/\/www.soanam.de\/ru\/wp-json\/wp\/v2\/product_cat?post=79318"},{"taxonomy":"product_tag","embeddable":true,"href":"https:\/\/www.soanam.de\/ru\/wp-json\/wp\/v2\/product_tag?post=79318"}],"curies":[{"name":"wp","href":"https:\/\/api.w.org\/{rel}","templated":true}]}}