{"id":79200,"date":"2023-12-13T22:34:30","date_gmt":"2023-12-13T21:34:30","guid":{"rendered":"https:\/\/www.soanam.de\/?post_type=product&#038;p=79200"},"modified":"2023-12-13T22:37:24","modified_gmt":"2023-12-13T21:37:24","slug":"blaser-fleecejacke-udo-in-braun-gr-s-fuer-freizeit-jagd-u-outdoor","status":"publish","type":"product","link":"https:\/\/www.soanam.de\/ru\/produkt\/blaser-fleecejacke-udo-in-braun-gr-s-fuer-freizeit-jagd-u-outdoor\/","title":{"rendered":"Blaser - \u0424\u043b\u0438\u0441\u043e\u0432\u0430\u044f \u043a\u0443\u0440\u0442\u043a\u0430 Udo \u043a\u043e\u0440\u0438\u0447\u043d\u0435\u0432\u043e\u0433\u043e \u0446\u0432\u0435\u0442\u0430, \u0440\u0430\u0437\u043c\u0435\u0440 S - \u0434\u043b\u044f \u043e\u0442\u0434\u044b\u0445\u0430, \u043e\u0445\u043e\u0442\u044b \u0438 \u0430\u043a\u0442\u0438\u0432\u043d\u043e\u0433\u043e \u043e\u0442\u0434\u044b\u0445\u0430"},"content":{"rendered":"<h3>\u041e\u043f\u0438\u0441\u0430\u043d\u0438\u0435<\/h3>\n<p>Diese leichte, extra weiche und warme Fleecejacke ist ein absolutes Basic in jeder Jagdgarderobe. Sie kann sowohl als leichte Einzeljacke, als auch als zus\u00e4tzliche w\u00e4rmende Schicht im Winter unter einer Funktionsjacke getragen werden. Fleece ist ein besonders ger\u00e4uscharmes Material und eignet sich dadurch sehr gut f\u00fcr den jagdlichen Einsatz. Viele funktionelle Details machen den Unterschied dieser Blaser-Jacke zu anderen Fleecejacken: Sie hat einen Rei\u00dfverschluss mit Kinnschutz, zwei Seitentaschen mit Rei\u00dfverschl\u00fcssen, eine Innentasche auf der linken Seite, einen verstellbaren Bund und einen trageangenehmen Stehkragen. Die Argali-Bes\u00e4tze an den Ellbogen und den Seitentaschen geben der Jacke einen sportiven Charakter. Das ton-in-ton-gestickte Argali-Logo macht die Jacke zu einem unverkennbaren Produkt.<\/p>\n<h3>Produktmerkmale:<\/h3>\n<p>Leicht, extra weich und warm<br \/>\nGer\u00e4uscharm<br \/>\nSeitentaschen mit Rei\u00dfverschl\u00fcssen<br \/>\nVerstellbarer Bund<\/p>\n<p>Oberstoff Polyester: 100%<br \/>\nMuster: uni<br \/>\n\u0412\u043e\u0440\u043e\u0442\u043d\u0438\u043a: \u0432\u043e\u0440\u043e\u0442\u043d\u0438\u043a-\u0441\u0442\u043e\u0439\u043a\u0430<\/p>","protected":false},"excerpt":{"rendered":"<h3>Artikelmerkmale<\/h3>\n<p>\u0421\u043e\u0441\u0442\u043e\u044f\u043d\u0438\u0435 \u0442\u043e\u0432\u0430\u0440\u0430: \u041d\u043e\u0432\u044b\u0439 \u0441 \u044d\u0442\u0438\u043a\u0435\u0442\u043a\u043e\u0439: \u041d\u043e\u0432\u044b\u0439, \u043d\u0435\u0438\u0441\u043f\u043e\u043b\u044c\u0437\u043e\u0432\u0430\u043d\u043d\u044b\u0439 \u0438 \u043d\u0435\u043d\u043e\u0448\u0435\u043d\u044b\u0439 \u0442\u043e\u0432\u0430\u0440 \u0432 \u043e\u0440\u0438\u0433\u0438\u043d\u0430\u043b\u044c\u043d\u043e\u0439 \u0443\u043f\u0430\u043a\u043e\u0432\u043a\u0435<\/p>\n<p>Marke: Blaser<br \/>\n\u041c\u0430\u0442\u0435\u0440\u0438\u0430\u043b: \u043f\u043e\u043b\u0438\u044d\u0441\u0442\u0435\u0440 100%<br \/>\nAbteilung: Herren<br \/>\nProduktart: Jacke &amp; Weste<br \/>\n\u0420\u0430\u0437\u043c\u0435\u0440: S<br \/>\nFarbe: Braun<br \/>\nEAN: 4050091076046<\/p>","protected":false},"featured_media":79324,"comment_status":"open","ping_status":"closed","template":"","meta":{"_seopress_robots_primary_cat":"","_seopress_titles_title":"","_seopress_titles_desc":"","_seopress_robots_index":""},"product_brand":[],"product_cat":[1345,1363,1413],"product_tag":[],"class_list":{"0":"post-79200","1":"product","2":"type-product","3":"status-publish","4":"has-post-thumbnail","6":"product_cat-herrenmode","7":"product_cat-jacken-maentel-herrenmode","8":"product_cat-fleecejacken","9":"product_shipping_class-standard-versand","11":"first","12":"instock","13":"sale","14":"taxable","15":"shipping-taxable","16":"purchasable","17":"product-type-simple"},"_links":{"self":[{"href":"https:\/\/www.soanam.de\/ru\/wp-json\/wp\/v2\/product\/79200","targetHints":{"allow":["GET"]}}],"collection":[{"href":"https:\/\/www.soanam.de\/ru\/wp-json\/wp\/v2\/product"}],"about":[{"href":"https:\/\/www.soanam.de\/ru\/wp-json\/wp\/v2\/types\/product"}],"replies":[{"embeddable":true,"href":"https:\/\/www.soanam.de\/ru\/wp-json\/wp\/v2\/comments?post=79200"}],"wp:featuredmedia":[{"embeddable":true,"href":"https:\/\/www.soanam.de\/ru\/wp-json\/wp\/v2\/media\/79324"}],"wp:attachment":[{"href":"https:\/\/www.soanam.de\/ru\/wp-json\/wp\/v2\/media?parent=79200"}],"wp:term":[{"taxonomy":"product_brand","embeddable":true,"href":"https:\/\/www.soanam.de\/ru\/wp-json\/wp\/v2\/product_brand?post=79200"},{"taxonomy":"product_cat","embeddable":true,"href":"https:\/\/www.soanam.de\/ru\/wp-json\/wp\/v2\/product_cat?post=79200"},{"taxonomy":"product_tag","embeddable":true,"href":"https:\/\/www.soanam.de\/ru\/wp-json\/wp\/v2\/product_tag?post=79200"}],"curies":[{"name":"wp","href":"https:\/\/api.w.org\/{rel}","templated":true}]}}