{"id":79187,"date":"2023-12-13T22:34:01","date_gmt":"2023-12-13T21:34:01","guid":{"rendered":"https:\/\/www.soanam.de\/?post_type=product&#038;p=79187"},"modified":"2023-12-13T22:37:01","modified_gmt":"2023-12-13T21:37:01","slug":"%d0%b4%d0%b6%d0%b8%d0%bd%d1%81%d1%8b-%d1%81-%d0%b2%d1%8b%d1%81%d0%be%d0%ba%d0%be%d0%b9-%d1%82%d0%b0%d0%bb%d0%b8%d0%b5%d0%b9-arizona-skinny-fit-shaping-%d0%b2-%d1%81%d0%b8%d0%bd%d0%b5%d0%bc-%d1%86","status":"publish","type":"product","link":"https:\/\/www.soanam.de\/ru\/produkt\/arizona-high-waist-skinny-fit-jeans-shaping-in-blue-used-groesse-19\/","title":{"rendered":"\u0414\u0436\u0438\u043d\u0441\u044b-\u0441\u043a\u0438\u043d\u043d\u0438 \u0441 \u0432\u044b\u0441\u043e\u043a\u043e\u0439 \u0442\u0430\u043b\u0438\u0435\u0439 Arizona SHAPING, \u0441\u0438\u043d\u0438\u0435, \u0431\/\u0443, \u0440\u0430\u0437\u043c\u0435\u0440 19"},"content":{"rendered":"<p>\u0414\u0436\u0438\u043d\u0441\u044b \u0441 \u0432\u044b\u0441\u043e\u043a\u043e\u0439 \u0442\u0430\u043b\u0438\u0435\u0439 \u043e\u0442 ARIZONA<br \/>\n\u041e\u0431\u043b\u0435\u0433\u0430\u044e\u0449\u0438\u0439 \u043a\u0440\u043e\u0439, \u0432\u044b\u0441\u043e\u043a\u0438\u0439 \u043f\u043e\u0434\u044a\u0435\u043c<br \/>\n\u0412\u043e\u0437\u0440\u043e\u0436\u0434\u0435\u043d\u0438\u0435 \u043c\u043e\u0434\u044b \u0434\u0435\u0432\u044f\u043d\u043e\u0441\u0442\u044b\u0445<br \/>\n\u0418\u0437\u0433\u043e\u0442\u043e\u0432\u043b\u0435\u043d \u0438\u0437 \u0432\u044b\u0441\u043e\u043a\u043e\u043a\u0430\u0447\u0435\u0441\u0442\u0432\u0435\u043d\u043d\u043e\u0433\u043e \u044d\u043b\u0430\u0441\u0442\u0438\u0447\u043d\u043e\u0433\u043e \u0434\u0435\u043d\u0438\u043c\u0430<\/p>\n<p>\u0412\u043e\u0437\u0440\u043e\u0436\u0434\u0435\u043d\u0438\u0435 \u043c\u043e\u0434\u044b \u0434\u0435\u0432\u044f\u043d\u043e\u0441\u0442\u044b\u0445 - \u0442\u0440\u0443\u0431\u043a\u0430 \u0441 \u0432\u044b\u0441\u043e\u043a\u043e\u0439 \u0442\u0430\u043b\u0438\u0435\u0439 \u043e\u0442 ARIZONA.<br \/>\n\u041c\u0435\u0433\u0430\u043c\u043e\u0434\u043d\u044b\u0439 \u0443\u0434\u043e\u0431\u043d\u044b\u0439 \u043f\u043e\u0434\u044a\u0435\u043c \u043f\u0440\u0435\u043a\u0440\u0430\u0441\u043d\u043e \u043f\u043e\u0434\u0447\u0435\u0440\u043a\u0438\u0432\u0430\u0435\u0442 \u0442\u0430\u043b\u0438\u044e \u0438 \u0431\u0435\u0434\u0440\u0430 \u0438 \u043f\u0440\u0438\u0432\u043b\u0435\u043a\u0430\u0435\u0442 \u0432\u043d\u0438\u043c\u0430\u043d\u0438\u0435. \u0417\u0430\u0443\u0436\u0435\u043d\u043d\u044b\u0439 \u043a\u0440\u043e\u0439 \u0438 \u0444\u043e\u0440\u043c\u0430 \u0441 \u043f\u044f\u0442\u044c\u044e \u043a\u0430\u0440\u043c\u0430\u043d\u0430\u043c\u0438 \u0434\u0435\u043b\u0430\u044e\u0442 \u0432\u0441\u0435 \u043e\u0441\u0442\u0430\u043b\u044c\u043d\u043e\u0435, \u0447\u0442\u043e\u0431\u044b \u043f\u043e\u0434\u0447\u0435\u0440\u043a\u043d\u0443\u0442\u044c \u0441\u0442\u0440\u043e\u0439\u043d\u043e\u0441\u0442\u044c \u043e\u0431\u0440\u0430\u0437\u0430.<\/p>\n<p>\u041c\u0430\u0442\u0435\u0440\u0438\u0430\u043b: 79% \u0445\u043b\u043e\u043f\u043e\u043a, 19% \u043f\u043e\u043b\u0438\u044d\u0441\u0442\u0435\u0440, 2% \u044d\u043b\u0430\u0441\u0442\u0430\u043d<br \/>\n\u0420\u0435\u043a\u043e\u043c\u0435\u043d\u0434\u0430\u0446\u0438\u0438 \u043f\u043e \u0443\u0445\u043e\u0434\u0443: \u041c\u0430\u0448\u0438\u043d\u043d\u0430\u044f \u0441\u0442\u0438\u0440\u043a\u0430<\/p>\n<p>\u0426\u0432\u0435\u0442: \u0441\u0438\u043d\u0438\u0439<br \/>\n\u0423\u0437\u043e\u0440: \u0431\u0435\u0437<br \/>\n\u0420\u0430\u0437\u043c\u0435\u0440: 19<\/p>\n<p>\u0420\u0430\u0437\u043c\u0435\u0440 \u0442\u0430\u043b\u0438\u0438: 71 \u0441\u043c<br \/>\n\u041e\u0431\u0445\u0432\u0430\u0442 \u0431\u0435\u0434\u0435\u0440: 93 \u0441\u043c<br \/>\n\u0414\u043b\u0438\u043d\u0430 \u0441\u0442\u0443\u043f\u0435\u043d\u044c\u043a\u0438: 73 \u0441\u043c<br \/>\n\u041e\u0431\u0449\u0430\u044f \u0434\u043b\u0438\u043d\u0430: 102 \u0441\u043c<\/p>","protected":false},"excerpt":{"rendered":"<table class=\"dv_characteristicsTable\">\n<tbody>\n<tr>\n<td class=\"left\">\u0420\u0430\u0437\u043c\u0435\u0440<\/td>\n<td>19<\/td>\n<\/tr>\n<tr>\n<td class=\"left\">Gr\u00f6\u00dfentyp<\/td>\n<td>Kurzgr\u00f6\u00dfen<\/td>\n<\/tr>\n<tr>\n<td class=\"left\">\u0421\u043e\u0441\u0442\u0430\u0432 \u043c\u0430\u0442\u0435\u0440\u0438\u0430\u043b\u0430<\/td>\n<td>Obermaterial: 79% Baumwolle, 19% Polyester, 2% Elasthan<\/td>\n<\/tr>\n<tr>\n<td class=\"left\">Materialart<\/td>\n<td>\u0414\u0436\u0438\u043d\u0441\u044b<\/td>\n<\/tr>\n<tr>\n<td class=\"left\">Materialeigenschaften<\/td>\n<td>Stretch<\/td>\n<\/tr>\n<tr>\n<td class=\"left\">\u0420\u0435\u043a\u043e\u043c\u0435\u043d\u0434\u0430\u0446\u0438\u0438 \u043f\u043e \u0443\u0445\u043e\u0434\u0443<\/td>\n<td>\u041c\u0430\u0448\u0438\u043d\u043d\u0430\u044f \u0441\u0442\u0438\u0440\u043a\u0430<\/td>\n<\/tr>\n<tr>\n<td class=\"left\">Stil<\/td>\n<td>Basic<\/td>\n<\/tr>\n<tr>\n<td class=\"left\">Waschung<\/td>\n<td>used<\/td>\n<\/tr>\n<tr>\n<td class=\"left\">\u0426\u0432\u0435\u0442<\/td>\n<td>dark, blue, used<\/td>\n<\/tr>\n<tr>\n<td class=\"left\">Leibh\u00f6he<\/td>\n<td>hoch<\/td>\n<\/tr>\n<tr>\n<td class=\"left\">Bundabschluss<\/td>\n<td>durchgesteppt<\/td>\n<\/tr>\n<tr>\n<td class=\"left\">Beinform<\/td>\n<td>R\u00f6hre<\/td>\n<\/tr>\n<tr>\n<td class=\"left\">Schnittform L\u00e4nge<\/td>\n<td>lang<\/td>\n<\/tr>\n<tr>\n<td class=\"left\">\u041f\u0435\u0442\u043b\u0438 \u0434\u043b\u044f \u0440\u0435\u043c\u043d\u044f<\/td>\n<td>ja<\/td>\n<\/tr>\n<tr>\n<td class=\"left\">L\u00e4nge der G\u00fcrtelschlaufe<\/td>\n<td>6,5 cm<\/td>\n<\/tr>\n<tr>\n<td class=\"left\">\u0421\u0443\u043c\u043a\u0438<\/td>\n<td>Ges\u00e4\u00dftaschen, M\u00fcnztasche, Eingrifftaschen<\/td>\n<\/tr>\n<tr>\n<td class=\"left\">Verschluss<\/td>\n<td>Knopf<\/td>\n<\/tr>\n<tr>\n<td class=\"left\">Besondere Merkmale<\/td>\n<td>\u0412\u044b\u0441\u043e\u043a\u0430\u044f \u0442\u0430\u043b\u0438\u044f<\/td>\n<\/tr>\n<\/tbody>\n<\/table>","protected":false},"featured_media":79308,"comment_status":"open","ping_status":"closed","template":"","meta":{"_seopress_robots_primary_cat":"","_seopress_titles_title":"","_seopress_titles_desc":"","_seopress_robots_index":""},"product_brand":[],"product_cat":[1348,1349,1350],"product_tag":[],"class_list":{"0":"post-79187","1":"product","2":"type-product","3":"status-publish","4":"has-post-thumbnail","6":"product_cat-damen-mode","7":"product_cat-hosen-damen-mode","8":"product_cat-jeans-hosen-damen-mode","9":"product_shipping_class-standard-versand","11":"first","12":"instock","13":"sale","14":"taxable","15":"shipping-taxable","16":"purchasable","17":"product-type-simple"},"_links":{"self":[{"href":"https:\/\/www.soanam.de\/ru\/wp-json\/wp\/v2\/product\/79187","targetHints":{"allow":["GET"]}}],"collection":[{"href":"https:\/\/www.soanam.de\/ru\/wp-json\/wp\/v2\/product"}],"about":[{"href":"https:\/\/www.soanam.de\/ru\/wp-json\/wp\/v2\/types\/product"}],"replies":[{"embeddable":true,"href":"https:\/\/www.soanam.de\/ru\/wp-json\/wp\/v2\/comments?post=79187"}],"wp:featuredmedia":[{"embeddable":true,"href":"https:\/\/www.soanam.de\/ru\/wp-json\/wp\/v2\/media\/79308"}],"wp:attachment":[{"href":"https:\/\/www.soanam.de\/ru\/wp-json\/wp\/v2\/media?parent=79187"}],"wp:term":[{"taxonomy":"product_brand","embeddable":true,"href":"https:\/\/www.soanam.de\/ru\/wp-json\/wp\/v2\/product_brand?post=79187"},{"taxonomy":"product_cat","embeddable":true,"href":"https:\/\/www.soanam.de\/ru\/wp-json\/wp\/v2\/product_cat?post=79187"},{"taxonomy":"product_tag","embeddable":true,"href":"https:\/\/www.soanam.de\/ru\/wp-json\/wp\/v2\/product_tag?post=79187"}],"curies":[{"name":"wp","href":"https:\/\/api.w.org\/{rel}","templated":true}]}}