{"id":79165,"date":"2023-12-13T22:01:32","date_gmt":"2023-12-13T21:01:32","guid":{"rendered":"https:\/\/www.soanam.de\/?post_type=product&#038;p=79165"},"modified":"2023-12-13T22:36:34","modified_gmt":"2023-12-13T21:36:34","slug":"bergans-of-norway-roros-ins-3-4-%d0%b1%d1%80%d1%8e%d0%ba%d0%b8-%d0%bc%d1%83%d0%b6%d1%87%d0%b8%d0%bd%d1%8b-%d0%b6%d0%b5%d0%bd%d1%89%d0%b8%d0%bd%d1%8b-%d1%87%d0%b5%d1%80%d0%bd%d1%8b%d0%b9-%d1%80%d0%b0","status":"publish","type":"product","link":"https:\/\/www.soanam.de\/ru\/produkt\/bergans-of-norway-roros-ins-3-4-pants-maenner-frauen-schwarz-groesse-m\/","title":{"rendered":"\u0411\u0440\u044e\u043a\u0438 Bergans of Norway R\u00f8ros Ins 3\/4, \u043c\u0443\u0436\u0447\u0438\u043d\u044b, \u0436\u0435\u043d\u0449\u0438\u043d\u044b, \u0447\u0435\u0440\u043d\u044b\u0439, \u0440\u0430\u0437\u043c\u0435\u0440 M"},"content":{"rendered":"<h3>\u041e\u043f\u0438\u0441\u0430\u043d\u0438\u0435<\/h3>\n<p>\u041b\u0435\u0433\u043a\u0438\u0435 \u0432\u043e\u0434\u043e\u043e\u0442\u0442\u0430\u043b\u043a\u0438\u0432\u0430\u044e\u0449\u0438\u0435 \u0431\u0440\u044e\u043a\u0438 \u0441 \u0443\u0442\u0435\u043f\u043b\u0438\u0442\u0435\u043b\u0435\u043c PrimaLoft\u00ae.<br \/>\n\u0418\u0434\u0435\u0430\u043b\u044c\u043d\u043e\u0435 \u0434\u043e\u043f\u043e\u043b\u043d\u0435\u043d\u0438\u0435 \u043a \u043b\u044e\u0431\u043e\u0439 \u0433\u043e\u0440\u043d\u043e\u0439 \u044d\u043a\u0438\u043f\u0438\u0440\u043e\u0432\u043a\u0435 \u0434\u043b\u044f \u043f\u043e\u0445\u043e\u0434\u043e\u0432 \u0432 \u043e\u0441\u043e\u0431\u0435\u043d\u043d\u043e \u0445\u043e\u043b\u043e\u0434\u043d\u044b\u0435 \u0434\u043d\u0438.<\/p>\n<p>\u0411\u0440\u044e\u043a\u0438 R\u00f8ros Insulated 3\/4 - \u044d\u0442\u043e \u043d\u0430\u0434\u0435\u0436\u043d\u044b\u0439 \u0443\u0442\u0435\u043f\u043b\u0438\u0442\u0435\u043b\u044c, \u043a\u043e\u0442\u043e\u0440\u044b\u0439 \u043f\u043e\u043c\u0435\u0441\u0442\u0438\u0442\u0441\u044f \u0432 \u043b\u044e\u0431\u043e\u0439 \u0440\u044e\u043a\u0437\u0430\u043a \u0431\u043b\u0430\u0433\u043e\u0434\u0430\u0440\u044f \u043d\u0435\u0431\u043e\u043b\u044c\u0448\u043e\u043c\u0443 \u0440\u0430\u0437\u043c\u0435\u0440\u0443. \u0412\u0435\u0442\u0440\u043e\u0437\u0430\u0449\u0438\u0442\u043d\u0430\u044f \u0438 \u0432\u043e\u0434\u043e\u043e\u0442\u0442\u0430\u043b\u043a\u0438\u0432\u0430\u044e\u0449\u0430\u044f \u0432\u043d\u0435\u0448\u043d\u044f\u044f \u0442\u043a\u0430\u043d\u044c Pertex \u043e\u0431\u0435\u0441\u043f\u0435\u0447\u0438\u0432\u0430\u0435\u0442 \u043e\u043f\u0442\u0438\u043c\u0430\u043b\u044c\u043d\u0443\u044e \u0437\u0430\u0449\u0438\u0442\u0443 \u043e\u0442 \u043d\u0435\u043f\u043e\u0433\u043e\u0434\u044b \u0438 \u043e\u0441\u043e\u0431\u0435\u043d\u043d\u043e \u0443\u0434\u043e\u0431\u043d\u0430 \u0432 \u043d\u043e\u0441\u043a\u0435. \u041d\u0430\u043f\u043e\u043b\u043d\u0435\u043d\u043d\u044b\u0435 \u0447\u0440\u0435\u0437\u0432\u044b\u0447\u0430\u0439\u043d\u043e \u043b\u0435\u0433\u043a\u0438\u043c \u043c\u0430\u0442\u0435\u0440\u0438\u0430\u043b\u043e\u043c Primaloft\u00ae Silver Eco, \u043e\u043d\u0438 \u043e\u0431\u0435\u0441\u043f\u0435\u0447\u0438\u0432\u0430\u044e\u0442 \u0443\u044e\u0442\u043d\u043e\u0435 \u0442\u0435\u043f\u043b\u043e \u0434\u0430\u0436\u0435 \u0432 \u0441\u044b\u0440\u0443\u044e \u043f\u043e\u0433\u043e\u0434\u0443, \u0432\u0435\u0442\u0440\u043e\u043d\u0435\u043f\u0440\u043e\u043d\u0438\u0446\u0430\u0435\u043c\u044b \u0438 \u043c\u043e\u0433\u0443\u0442 \u043d\u0430\u0434\u0435\u0432\u0430\u0442\u044c\u0441\u044f \u043a\u0430\u043a \u043f\u043e\u0432\u0435\u0440\u0445, \u0442\u0430\u043a \u0438 \u043f\u043e\u0434 \u0436\u0435\u0441\u0442\u043a\u0443\u044e \u043e\u0431\u043e\u043b\u043e\u0447\u043a\u0443.<\/p>\n<p>\u0411\u043b\u0430\u0433\u043e\u0434\u0430\u0440\u044f \u0437\u0430\u0441\u0442\u0435\u0436\u043a\u0435-\u043c\u043e\u043b\u043d\u0438\u0438 \u0431\u0440\u044e\u043a\u0438 \u043b\u0435\u0433\u043a\u043e \u043d\u0430\u0434\u0435\u0432\u0430\u044e\u0442\u0441\u044f \u0438 \u0441\u043d\u0438\u043c\u0430\u044e\u0442\u0441\u044f, \u0430 \u0440\u0435\u0433\u0443\u043b\u0438\u0440\u0443\u0435\u043c\u044b\u0439 \u043f\u043e\u044f\u0441 \u043c\u043e\u0436\u043d\u043e \u043d\u0430\u0441\u0442\u0440\u043e\u0438\u0442\u044c \u043f\u043e\u0434 \u0441\u0435\u0431\u044f, \u043e\u0431\u0435\u0441\u043f\u0435\u0447\u0438\u0432\u0430\u044f \u043d\u0430\u0434\u0435\u0436\u043d\u0443\u044e \u0438 \u043a\u043e\u043c\u0444\u043e\u0440\u0442\u043d\u0443\u044e \u043f\u043e\u0441\u0430\u0434\u043a\u0443. \u041f\u0440\u0435\u0434\u0432\u0430\u0440\u0438\u0442\u0435\u043b\u044c\u043d\u043e \u0441\u0444\u043e\u0440\u043c\u0438\u0440\u043e\u0432\u0430\u043d\u043d\u0430\u044f \u043a\u043e\u043b\u0435\u043d\u043d\u0430\u044f \u0447\u0430\u0441\u0442\u044c \u0442\u0430\u043a\u0436\u0435 \u043e\u0431\u0435\u0441\u043f\u0435\u0447\u0438\u0432\u0430\u0435\u0442 \u043c\u0430\u043a\u0441\u0438\u043c\u0430\u043b\u044c\u043d\u0443\u044e \u0441\u0432\u043e\u0431\u043e\u0434\u0443 \u0434\u0432\u0438\u0436\u0435\u043d\u0438\u0439. \u041a\u043e\u0433\u0434\u0430 \u0431\u0440\u044e\u043a\u0438 R\u00f8ros Insulated 3\/4 \u043e\u0442 Bergans \u043d\u0435 \u0438\u0441\u043f\u043e\u043b\u044c\u0437\u0443\u044e\u0442\u0441\u044f, \u0438\u0445 \u043c\u043e\u0436\u043d\u043e \u043b\u0435\u0433\u043a\u043e \u0443\u0431\u0440\u0430\u0442\u044c \u0432 \u043a\u0430\u0440\u043c\u0430\u043d.<\/p>\n<p>\u0421\u043f\u043e\u0440\u0442 \u0438 \u0438\u0441\u043f\u043e\u043b\u044c\u0437\u043e\u0432\u0430\u043d\u0438\u0435: \u0433\u043e\u0440\u043d\u044b\u0435 \u043f\u043e\u0445\u043e\u0434\u044b<br \/>\n\u041f\u043e\u0434\u0445\u043e\u0434\u0438\u0442 \u0434\u043b\u044f: \u041c\u0443\u0436\u0447\u0438\u043d\u044b, \u0436\u0435\u043d\u0449\u0438\u043d\u044b<br \/>\n\u041a\u043e\u043d\u0441\u0442\u0440\u0443\u043a\u0446\u0438\u044f: \u0418\u0437\u043e\u043b\u044f\u0446\u0438\u043e\u043d\u043d\u044b\u0435 \u0431\u0440\u044e\u043a\u0438<br \/>\nPrimaLoft\u00ae, Pertex\u00ae<br \/>\nPrimaLoft\u00ae Silver Eco<br \/>\n\u0418\u0437\u043e\u043b\u044f\u0446\u0438\u044f \u0438\u0437 \u0441\u0438\u043d\u0442\u0435\u0442\u0438\u0447\u0435\u0441\u043a\u043e\u0433\u043e \u0432\u043e\u043b\u043e\u043a\u043d\u0430<br \/>\n\u041e\u0441\u043e\u0431\u0435\u043d\u043d\u043e\u0441\u0442\u0438: \u0431\u044b\u0441\u0442\u0440\u043e \u0441\u043e\u0445\u043d\u0435\u0442, \u0431\u044b\u0441\u0442\u0440\u043e \u043e\u0442\u0432\u043e\u0434\u0438\u0442 \u0432\u043b\u0430\u0433\u0443, \u0434\u044b\u0448\u0430\u0449\u0438\u0439, \u0432\u0435\u0442\u0440\u043e\u0437\u0430\u0449\u0438\u0442\u043d\u044b\u0439, \u0432\u043e\u0434\u043e\u043e\u0442\u0442\u0430\u043b\u043a\u0438\u0432\u0430\u044e\u0449\u0438\u0439, \u044d\u043b\u0430\u0441\u0442\u0438\u0447\u043d\u044b\u0439, \u0438\u0437\u043d\u043e\u0441\u043e\u0441\u0442\u043e\u0439\u043a\u0438\u0439, \u043a\u043e\u043c\u043f\u0430\u043a\u0442\u043d\u043e \u0441\u043a\u043b\u0430\u0434\u044b\u0432\u0430\u0435\u0442\u0441\u044f<br \/>\n\u041e\u0441\u043e\u0431\u0435\u043d\u043d\u043e\u0441\u0442\u0438: \u0437\u0430\u0441\u0442\u0435\u0436\u043a\u0430-\u043c\u043e\u043b\u043d\u0438\u044f \u043f\u043e \u0432\u0441\u0435\u0439 \u0434\u043b\u0438\u043d\u0435, \u043f\u0440\u0435\u0434\u0432\u0430\u0440\u0438\u0442\u0435\u043b\u044c\u043d\u043e \u0441\u0444\u043e\u0440\u043c\u0438\u0440\u043e\u0432\u0430\u043d\u043d\u044b\u0435 \u043a\u043e\u043b\u0435\u043d\u0438, \u0440\u0435\u0433\u0443\u043b\u0438\u0440\u0443\u0435\u043c\u044b\u0439 \u043f\u043e\u044f\u0441, \u0431\u043e\u043a\u043e\u0432\u044b\u0435 \u043a\u0430\u0440\u043c\u0430\u043d\u044b \u043d\u0430 \u043c\u043e\u043b\u043d\u0438\u0438<br \/>\n\u041f\u0440\u043e\u0438\u0437\u0432\u043e\u0434\u0441\u0442\u0432\u043e: \u0441\u043e\u0434\u0435\u0440\u0436\u0438\u0442 \u043f\u0435\u0440\u0435\u0440\u0430\u0431\u043e\u0442\u0430\u043d\u043d\u044b\u0435 \u043c\u0430\u0442\u0435\u0440\u0438\u0430\u043b\u044b, \u043f\u0440\u043e\u043f\u0438\u0442\u043a\u0430 \u0431\u0435\u0437 \u041f\u0424\u0423<br \/>\n\u041f\u0440\u043e\u0446\u0435\u043d\u0442 \u043f\u0435\u0440\u0435\u0440\u0430\u0431\u043e\u0442\u0430\u043d\u043d\u043e\u0433\u043e \u043c\u0430\u0442\u0435\u0440\u0438\u0430\u043b\u0430: \u043f\u043e\u043b\u0438\u044d\u0441\u0442\u0435\u0440 70%<br \/>\n\u041c\u0430\u0442\u0435\u0440\u0438\u0430\u043b: \u041e\u0441\u043d\u043e\u0432\u043d\u043e\u0439 \u043c\u0430\u0442\u0435\u0440\u0438\u0430\u043b: \u043f\u043e\u043b\u0438\u0430\u043c\u0438\u0434 100%<br \/>\n\u041d\u0430\u043f\u043e\u043b\u043d\u0438\u0442\u0435\u043b\u044c: \u043f\u043e\u043b\u0438\u044d\u0441\u0442\u0435\u0440 100%<\/p>","protected":false},"excerpt":{"rendered":"<h3>Artikelmerkmale<\/h3>\n<p>\u0421\u043e\u0441\u0442\u043e\u044f\u043d\u0438\u0435 \u0442\u043e\u0432\u0430\u0440\u0430: \u041d\u043e\u0432\u044b\u0439 \u0441 \u044d\u0442\u0438\u043a\u0435\u0442\u043a\u043e\u0439: \u041d\u043e\u0432\u044b\u0439, \u043d\u0435\u0438\u0441\u043f\u043e\u043b\u044c\u0437\u043e\u0432\u0430\u043d\u043d\u044b\u0439 \u0438 \u043d\u0435\u043d\u043e\u0448\u0435\u043d\u044b\u0439 \u0442\u043e\u0432\u0430\u0440 \u0432 \u043e\u0440\u0438\u0433\u0438\u043d\u0430\u043b\u044c\u043d\u043e\u0439 \u0443\u043f\u0430\u043a\u043e\u0432\u043a\u0435<\/p>\n<table border=\"0\" frame=\"VOID\" rules=\"NONE\" cellspacing=\"0\">\n<colgroup>\n<col width=\"131\" \/>\n<col width=\"108\" \/><\/colgroup>\n<tbody>\n<tr>\n<td align=\"LEFT\" width=\"131\" height=\"17\">Abteilung:<\/td>\n<td align=\"LEFT\" width=\"108\">\u0423\u043d\u0438\u0441\u0435\u043a\u0441<\/td>\n<\/tr>\n<tr>\n<td align=\"LEFT\" height=\"17\">Aktivit\u00e4t:<\/td>\n<td align=\"LEFT\">Wanderung<\/td>\n<\/tr>\n<tr>\n<td align=\"LEFT\" height=\"17\">Anlass:<\/td>\n<td align=\"LEFT\">Freizeit<\/td>\n<\/tr>\n<tr>\n<td align=\"LEFT\" height=\"17\">EAN:<\/td>\n<td align=\"LEFT\">7031582132912<\/td>\n<\/tr>\n<tr>\n<td align=\"LEFT\" height=\"17\">\u0426\u0432\u0435\u0442:<\/td>\n<td align=\"LEFT\">\u0427\u0435\u0440\u043d\u044b\u0439<\/td>\n<\/tr>\n<tr>\n<td align=\"LEFT\" height=\"17\">Gewebeart:<\/td>\n<td align=\"LEFT\">Kunstfaser<\/td>\n<\/tr>\n<tr>\n<td align=\"LEFT\" height=\"17\">Gr\u00f6\u00dfe:<\/td>\n<td align=\"LEFT\">M<\/td>\n<\/tr>\n<tr>\n<td align=\"LEFT\" height=\"17\">Gr\u00f6\u00dfenkategorie:<\/td>\n<td align=\"LEFT\">Normalgr\u00f6\u00dfe<\/td>\n<\/tr>\n<tr>\n<td align=\"LEFT\" height=\"17\">Marke:<\/td>\n<td align=\"LEFT\">Bergans<\/td>\n<\/tr>\n<tr>\n<td align=\"LEFT\" height=\"17\">\u041c\u0430\u0442\u0435\u0440\u0438\u0430\u043b:<\/td>\n<td align=\"LEFT\">100% \u041f\u043e\u043b\u0438\u044d\u0441\u0442\u0435\u0440<\/td>\n<\/tr>\n<tr>\n<td align=\"LEFT\" height=\"17\">Produktart:<\/td>\n<td align=\"LEFT\">\u0411\u0440\u044e\u043a\u0438<\/td>\n<\/tr>\n<tr>\n<td align=\"LEFT\" height=\"17\">Stil:<\/td>\n<td align=\"LEFT\">Schneehose<\/td>\n<\/tr>\n<tr>\n<td align=\"LEFT\" height=\"17\">Thema:<\/td>\n<td align=\"LEFT\">Bergwandern<\/td>\n<\/tr>\n<tr>\n<td align=\"LEFT\" height=\"17\">Verschluss:<\/td>\n<td align=\"LEFT\">\u0417\u0430\u0441\u0442\u0435\u0436\u043a\u0430 \u043d\u0430 \u043c\u043e\u043b\u043d\u0438\u0438<\/td>\n<\/tr>\n<tr>\n<td align=\"LEFT\" height=\"17\">Vintage:<\/td>\n<td align=\"LEFT\">Nein<\/td>\n<\/tr>\n<tr>\n<td align=\"LEFT\" height=\"17\"><\/td>\n<td align=\"LEFT\"><\/td>\n<\/tr>\n<tr>\n<td align=\"LEFT\" height=\"17\"><strong>Ma\u00dfangaben<\/strong><\/td>\n<td align=\"LEFT\"><\/td>\n<\/tr>\n<tr>\n<td align=\"LEFT\" height=\"17\"><\/td>\n<td align=\"LEFT\"><\/td>\n<\/tr>\n<tr>\n<td align=\"LEFT\" height=\"17\">K\u00f6rpergr\u00f6\u00dfe:<\/td>\n<td align=\"LEFT\">176 \u2013 179 cm<\/td>\n<\/tr>\n<tr>\n<td align=\"LEFT\" height=\"17\">Brust:<\/td>\n<td align=\"LEFT\">97 \u2013 104 cm<\/td>\n<\/tr>\n<tr>\n<td align=\"LEFT\" height=\"17\">Taille:<\/td>\n<td align=\"LEFT\">84 \u2013 91 cm<\/td>\n<\/tr>\n<tr>\n<td align=\"LEFT\" height=\"17\">H\u00fcfte:<\/td>\n<td align=\"LEFT\">99 \u2013 105 cm<\/td>\n<\/tr>\n<tr>\n<td align=\"LEFT\" height=\"17\">Beinl\u00e4nge<\/td>\n<td align=\"LEFT\">84,5 \u2013 84,5 cm<\/td>\n<\/tr>\n<\/tbody>\n<\/table>","protected":false},"featured_media":79287,"comment_status":"open","ping_status":"closed","template":"","meta":{"_seopress_robots_primary_cat":"","_seopress_titles_title":"","_seopress_titles_desc":"","_seopress_robots_index":""},"product_brand":[],"product_cat":[1345,1346,1348,1349,1527,1566,1567,1568],"product_tag":[],"class_list":{"0":"post-79165","1":"product","2":"type-product","3":"status-publish","4":"has-post-thumbnail","6":"product_cat-herrenmode","7":"product_cat-hosen","8":"product_cat-damen-mode","9":"product_cat-hosen-damen-mode","10":"product_cat-kurze-hosen","11":"product_cat-bermudas-kurze-hosen","12":"product_cat-kurze-hosen-hosen","13":"product_cat-bermudas-kurze-hosen-hosen","14":"product_shipping_class-standard-versand","16":"first","17":"instock","18":"sale","19":"taxable","20":"shipping-taxable","21":"purchasable","22":"product-type-simple"},"_links":{"self":[{"href":"https:\/\/www.soanam.de\/ru\/wp-json\/wp\/v2\/product\/79165","targetHints":{"allow":["GET"]}}],"collection":[{"href":"https:\/\/www.soanam.de\/ru\/wp-json\/wp\/v2\/product"}],"about":[{"href":"https:\/\/www.soanam.de\/ru\/wp-json\/wp\/v2\/types\/product"}],"replies":[{"embeddable":true,"href":"https:\/\/www.soanam.de\/ru\/wp-json\/wp\/v2\/comments?post=79165"}],"wp:featuredmedia":[{"embeddable":true,"href":"https:\/\/www.soanam.de\/ru\/wp-json\/wp\/v2\/media\/79287"}],"wp:attachment":[{"href":"https:\/\/www.soanam.de\/ru\/wp-json\/wp\/v2\/media?parent=79165"}],"wp:term":[{"taxonomy":"product_brand","embeddable":true,"href":"https:\/\/www.soanam.de\/ru\/wp-json\/wp\/v2\/product_brand?post=79165"},{"taxonomy":"product_cat","embeddable":true,"href":"https:\/\/www.soanam.de\/ru\/wp-json\/wp\/v2\/product_cat?post=79165"},{"taxonomy":"product_tag","embeddable":true,"href":"https:\/\/www.soanam.de\/ru\/wp-json\/wp\/v2\/product_tag?post=79165"}],"curies":[{"name":"wp","href":"https:\/\/api.w.org\/{rel}","templated":true}]}}