{"id":79110,"date":"2023-12-13T22:00:09","date_gmt":"2023-12-13T21:00:09","guid":{"rendered":"https:\/\/www.soanam.de\/?post_type=product&#038;p=79110"},"modified":"2023-12-13T22:35:02","modified_gmt":"2023-12-13T21:35:02","slug":"petite-fleur-gold-set-corsage-mit-string-mit-strapshaltern-in-schwarz-groesse-90c-44-46","status":"publish","type":"product","link":"https:\/\/www.soanam.de\/ru\/produkt\/petite-fleur-gold-set-corsage-mit-string-mit-strapshaltern-in-schwarz-groesse-90c-44-46\/","title":{"rendered":"\u041a\u043e\u043c\u043f\u043b\u0435\u043a\u0442 petite fleur gold: \u043a\u043e\u0440\u0441\u0430\u0436 \u0441\u043e \u0441\u0442\u0440\u0438\u043d\u0433\u0430\u043c\u0438 \u0441 \u0440\u0435\u043c\u0435\u0448\u043a\u0430\u043c\u0438 \u0434\u043b\u044f \u043f\u043e\u0434\u0442\u044f\u0436\u0435\u043a, \u0447\u0435\u0440\u043d\u044b\u0439, \u0440\u0430\u0437\u043c\u0435\u0440 90C, 44\/46"},"content":{"rendered":"<p>\u0421\u043e\u0431\u043b\u0430\u0437\u043d\u0438\u0442\u0435\u043b\u044c\u043d\u044b\u0439 \u043a\u043e\u043c\u043f\u043b\u0435\u043a\u0442, \u0441\u043e\u0441\u0442\u043e\u044f\u0449\u0438\u0439 \u0438\u0437 \u043a\u043e\u0440\u0441\u0430\u0436\u0430 \u0438 \u0441\u0442\u0440\u0438\u043d\u0433\u043e\u0432 \u043e\u0442 Petite Fleur Gold<br \/>\n\u0427\u0430\u0448\u0435\u0447\u043a\u0438 \u0441 \u0444\u043e\u0440\u043c\u043e\u0432\u0430\u043d\u043d\u044b\u043c\u0438 \u0437\u0430\u0441\u0442\u0435\u0436\u043a\u0430\u043c\u0438 \u0434\u043b\u044f \u043e\u043f\u0442\u0438\u043c\u0430\u043b\u044c\u043d\u043e\u0439 \u043f\u043e\u0434\u0434\u0435\u0440\u0436\u043a\u0438<br \/>\n\u0418\u0437\u0433\u043e\u0442\u043e\u0432\u043b\u0435\u043d \u0438\u0437 \u043f\u0440\u043e\u0437\u0440\u0430\u0447\u043d\u043e\u0433\u043e \u0441\u0435\u0442\u0447\u0430\u0442\u043e\u0433\u043e \u043c\u0430\u0442\u0435\u0440\u0438\u0430\u043b\u0430 \u0438 \u0438\u043c\u0435\u0435\u0442 \u0431\u0440\u0435\u0442\u0435\u043b\u044c\u043a\u0438 \u0434\u043b\u044f \u043f\u043e\u0434\u0442\u044f\u0436\u0435\u043a<br \/>\n\u0412 \u043a\u043e\u043c\u043f\u043b\u0435\u043a\u0442 \u0432\u0445\u043e\u0434\u044f\u0442 \u043f\u043e\u0434\u0445\u043e\u0434\u044f\u0449\u0438\u0435 \u0441\u0442\u0440\u0438\u043d\u0433\u0438 \u0441 \u0438\u043d\u0442\u0435\u0433\u0440\u0438\u0440\u043e\u0432\u0430\u043d\u043d\u043e\u0439 \u0445\u043b\u043e\u043f\u043a\u043e\u0432\u043e\u0439 \u043b\u0430\u0441\u0442\u043e\u0432\u0438\u0446\u0435\u0439<\/p>\n<p>\u0422\u043e\u043d\u043a\u0438\u0439 \u0441\u0435\u0442\u0447\u0430\u0442\u044b\u0439 \u043c\u0430\u0442\u0435\u0440\u0438\u0430\u043b \u0432 \u0441\u043e\u0447\u0435\u0442\u0430\u043d\u0438\u0438 \u0441 \u044d\u043b\u0435\u0433\u0430\u043d\u0442\u043d\u044b\u043c\u0438 \u0431\u0440\u0435\u0442\u0435\u043b\u044f\u043c\u0438 \u0438 \u043d\u0435\u0436\u043d\u044b\u043c \u043a\u0440\u0443\u0436\u0435\u0432\u043e\u043c.<br \/>\n\u0427\u0430\u0448\u043a\u0438 \u043f\u043e\u043b\u043d\u043e\u0441\u0442\u044c\u044e \u0432\u044b\u043f\u043e\u043b\u043d\u0435\u043d\u044b \u0438\u0437 \u0441\u043b\u0435\u0433\u043a\u0430 \u043f\u0440\u043e\u0437\u0440\u0430\u0447\u043d\u043e\u0433\u043e \u043a\u0440\u0443\u0436\u0435\u0432\u0430 \u0441 \u0446\u0432\u0435\u0442\u043e\u0447\u043d\u044b\u043c \u0440\u0438\u0441\u0443\u043d\u043a\u043e\u043c \u0438 \u0438\u043c\u0435\u044e\u0442 \u0432\u0441\u0442\u0440\u043e\u0435\u043d\u043d\u0443\u044e \u043f\u043e\u0434\u043a\u043b\u0430\u0434\u043a\u0443 \u0434\u043b\u044f \u0434\u043e\u043f\u043e\u043b\u043d\u0438\u0442\u0435\u043b\u044c\u043d\u043e\u0439 \u043f\u043e\u0434\u0434\u0435\u0440\u0436\u043a\u0438. \u0422\u043e\u043d\u043a\u0430\u044f \u043e\u043a\u0430\u043d\u0442\u043e\u0432\u043a\u0430 \u0432\u043e\u043a\u0440\u0443\u0433 \u0447\u0430\u0448\u0435\u0447\u0435\u043a \u0438 \u0434\u0435\u043a\u043e\u0440\u0430\u0442\u0438\u0432\u043d\u044b\u0439 \u0431\u0430\u043d\u0442\u0438\u043a \u043f\u043e \u0446\u0435\u043d\u0442\u0440\u0443 \u0441\u043f\u0435\u0440\u0435\u0434\u0438 \u043f\u0440\u0438\u0434\u0430\u044e\u0442 \u043a\u043e\u0440\u0441\u0430\u0436\u0443 \u0438\u0433\u0440\u0438\u0432\u044b\u0439 \u0432\u0438\u0434. \u041a\u043e\u0440\u0441\u0435\u0442 \u0437\u0430\u043a\u0430\u043d\u0447\u0438\u0432\u0430\u0435\u0442\u0441\u044f \u0432\u043d\u0438\u0437\u0443 \u0442\u043e\u043d\u043a\u0438\u043c\u0438 \u0431\u0440\u0435\u0442\u0435\u043b\u044f\u043c\u0438, \u043a\u043e\u0442\u043e\u0440\u044b\u0435 \u043c\u043e\u0436\u043d\u043e \u0438\u043d\u0434\u0438\u0432\u0438\u0434\u0443\u0430\u043b\u044c\u043d\u043e \u0440\u0435\u0433\u0443\u043b\u0438\u0440\u043e\u0432\u0430\u0442\u044c. \u041f\u043e\u0434\u0445\u043e\u0434\u044f\u0449\u0438\u0435 \u0442\u0440\u0443\u0441\u044b \u0438\u0437 \u043c\u044f\u0433\u043a\u043e\u0433\u043e \u0441\u0435\u0442\u0447\u0430\u0442\u043e\u0433\u043e \u043c\u0430\u0442\u0435\u0440\u0438\u0430\u043b\u0430 \u0441 \u0438\u043d\u0442\u0435\u0433\u0440\u0438\u0440\u043e\u0432\u0430\u043d\u043d\u043e\u0439 \u0445\u043b\u043e\u043f\u043a\u043e\u0432\u043e\u0439 \u043b\u0430\u0441\u0442\u043e\u0432\u0438\u0446\u0435\u0439 \u0438\u0441\u043a\u0443\u0441\u043d\u043e \u0437\u0430\u0432\u0435\u0440\u0448\u0430\u044e\u0442 \u043d\u0430\u0440\u044f\u0434.<\/p>\n<p>\u041c\u0430\u0442\u0435\u0440\u0438\u0430\u043b: \u043f\u043e\u043b\u0438\u0430\u043c\u0438\u0434 90%, \u044d\u043b\u0430\u0441\u0442\u0430\u043d 10%<br \/>\n\u0420\u0435\u043a\u043e\u043c\u0435\u043d\u0434\u0430\u0446\u0438\u0438 \u043f\u043e \u0443\u0445\u043e\u0434\u0443: \u0420\u0443\u0447\u043d\u0430\u044f \u0441\u0442\u0438\u0440\u043a\u0430<\/p>\n<p>\u0426\u0432\u0435\u0442: \u0447\u0435\u0440\u043d\u044b\u0439<br \/>\n\u0423\u0437\u043e\u0440: \u0426\u0432\u0435\u0442\u044b<\/p>\n<p>\u0420\u0430\u0437\u043c\u0435\u0440 \u0441\u0442\u0440\u0443\u043d 44\/46<br \/>\nCorsage Gr\u00f6\u00dfe 90C<\/p>\n<p>\u041e\u0431\u0445\u0432\u0430\u0442 \u0433\u0440\u0443\u0434\u0438: 90<br \/>\n\u0420\u0430\u0437\u043c\u0435\u0440 \u0447\u0430\u0448\u043a\u0438: \u0427\u0430\u0448\u043a\u0430 C<\/p>","protected":false},"excerpt":{"rendered":"<table class=\"dv_characteristicsTable\">\n<caption>MASSANGABE<\/caption>\n<tbody>\n<tr>\n<td class=\"left\">K\u00f6rbchengr\u00f6\u00dfe<\/td>\n<td>Cup C<\/td>\n<\/tr>\n<tr>\n<td class=\"left\">Unterbrustumfang<\/td>\n<td>90<\/td>\n<\/tr>\n<\/tbody>\n<\/table>\n<table class=\"dv_characteristicsTable\">\n<caption>\u0426\u0412\u0415\u0422<\/caption>\n<tbody>\n<tr>\n<td class=\"left\">\u0426\u0432\u0435\u0442<\/td>\n<td>schwarz<\/td>\n<\/tr>\n<\/tbody>\n<\/table>\n<table class=\"dv_characteristicsTable\">\n<caption>\u041c\u0410\u0422\u0415\u0420\u0418\u0410\u041b<\/caption>\n<tbody>\n<tr>\n<td class=\"left\">\u0421\u043e\u0441\u0442\u0430\u0432 \u043c\u0430\u0442\u0435\u0440\u0438\u0430\u043b\u0430<\/td>\n<td>Obermaterial: 90% Polyamid, 10% Elasthan<\/td>\n<\/tr>\n<tr>\n<td class=\"left\">\u0420\u0435\u043a\u043e\u043c\u0435\u043d\u0434\u0430\u0446\u0438\u0438 \u043f\u043e \u0443\u0445\u043e\u0434\u0443<\/td>\n<td>\u0420\u0443\u0447\u043d\u0430\u044f \u0441\u0442\u0438\u0440\u043a\u0430<\/td>\n<\/tr>\n<\/tbody>\n<\/table>\n<table class=\"dv_characteristicsTable\">\n<caption>PRODUKTDETAILS OBERTEIL<\/caption>\n<tbody>\n<tr>\n<td class=\"left\">Art Tr\u00e4ger<\/td>\n<td>mit Tr\u00e4ger<\/td>\n<\/tr>\n<\/tbody>\n<\/table>","protected":false},"featured_media":79211,"comment_status":"open","ping_status":"closed","template":"","meta":{"_seopress_robots_primary_cat":"","_seopress_titles_title":"","_seopress_titles_desc":"","_seopress_robots_index":""},"product_brand":[],"product_cat":[1348,1444,1560],"product_tag":[],"class_list":{"0":"post-79110","1":"product","2":"type-product","3":"status-publish","4":"has-post-thumbnail","6":"product_cat-damen-mode","7":"product_cat-unterwaesche","8":"product_cat-sets","9":"product_shipping_class-standard-versand","11":"first","12":"instock","13":"sale","14":"taxable","15":"shipping-taxable","16":"purchasable","17":"product-type-simple"},"_links":{"self":[{"href":"https:\/\/www.soanam.de\/ru\/wp-json\/wp\/v2\/product\/79110","targetHints":{"allow":["GET"]}}],"collection":[{"href":"https:\/\/www.soanam.de\/ru\/wp-json\/wp\/v2\/product"}],"about":[{"href":"https:\/\/www.soanam.de\/ru\/wp-json\/wp\/v2\/types\/product"}],"replies":[{"embeddable":true,"href":"https:\/\/www.soanam.de\/ru\/wp-json\/wp\/v2\/comments?post=79110"}],"wp:featuredmedia":[{"embeddable":true,"href":"https:\/\/www.soanam.de\/ru\/wp-json\/wp\/v2\/media\/79211"}],"wp:attachment":[{"href":"https:\/\/www.soanam.de\/ru\/wp-json\/wp\/v2\/media?parent=79110"}],"wp:term":[{"taxonomy":"product_brand","embeddable":true,"href":"https:\/\/www.soanam.de\/ru\/wp-json\/wp\/v2\/product_brand?post=79110"},{"taxonomy":"product_cat","embeddable":true,"href":"https:\/\/www.soanam.de\/ru\/wp-json\/wp\/v2\/product_cat?post=79110"},{"taxonomy":"product_tag","embeddable":true,"href":"https:\/\/www.soanam.de\/ru\/wp-json\/wp\/v2\/product_tag?post=79110"}],"curies":[{"name":"wp","href":"https:\/\/api.w.org\/{rel}","templated":true}]}}