{"id":79049,"date":"2023-12-13T21:58:39","date_gmt":"2023-12-13T20:58:39","guid":{"rendered":"https:\/\/www.soanam.de\/?post_type=product&#038;p=79049"},"modified":"2023-12-13T22:01:17","modified_gmt":"2023-12-13T21:01:17","slug":"%d1%81%d0%bb%d0%b8%d0%bf-lascana-%d0%b8%d0%b7-%d1%86%d0%b2%d0%b5%d1%82%d0%be%d1%87%d0%bd%d0%be%d0%b3%d0%be-%d0%ba%d1%80%d1%83%d0%b6%d0%b5%d0%b2%d0%b0-%d0%b1%d0%b5%d0%bb%d0%be%d0%b3%d0%be-%d1%86%d0%b2","status":"publish","type":"product","link":"https:\/\/www.soanam.de\/ru\/produkt\/lascana-slip-aus-floraler-spitze-in-weiss-groesse-40-42\/","title":{"rendered":"\u0422\u0440\u0443\u0441\u044b LASCANA \u0438\u0437 \u0446\u0432\u0435\u0442\u043e\u0447\u043d\u043e\u0433\u043e \u043a\u0440\u0443\u0436\u0435\u0432\u0430, \u0431\u0435\u043b\u043e\u0433\u043e \u0446\u0432\u0435\u0442\u0430, \u0440\u0430\u0437\u043c\u0435\u0440 40\/42"},"content":{"rendered":"<p>Slip von Lascana aus Spitze in Blumenoptik<br \/>\nMit niedlichen Zierschleifen an der Seiten<br \/>\n\u0421 \u0438\u043d\u0442\u0435\u0433\u0440\u0438\u0440\u043e\u0432\u0430\u043d\u043d\u043e\u0439 \u0445\u043b\u043e\u043f\u043a\u043e\u0432\u043e\u0439 \u043b\u0430\u0441\u0442\u043e\u0432\u0438\u0446\u0435\u0439<br \/>\nAus leicht transparentem Material<\/p>\n<p>Die edle Jacquardspitze im Bl\u00fcten Design ist sehr hochwertig verarbeitet und schmiegt sich weich an den K\u00f6rper.<br \/>\nKleine Zierschleifen an den Seiten runden den romantischen Look ab.<br \/>\nDer eingen\u00e4htem Baumwollzwickel sowie der hohe Elasthananteil sorgen f\u00fcr ein angenehmes Tragegef\u00fchl.<\/p>\n<p>Material: 89% Polyamid, 11% Elasthan<br \/>\n\u0420\u0435\u043a\u043e\u043c\u0435\u043d\u0434\u0430\u0446\u0438\u0438 \u043f\u043e \u0443\u0445\u043e\u0434\u0443: \u041c\u0430\u0448\u0438\u043d\u043d\u0430\u044f \u0441\u0442\u0438\u0440\u043a\u0430<\/p>\n<p>\u0426\u0432\u0435\u0442: \u0431\u0435\u043b\u044b\u0439<br \/>\n\u0423\u0437\u043e\u0440: \u0426\u0432\u0435\u0442\u044b<br \/>\n\u0420\u0430\u0437\u043c\u0435\u0440: 40\/42<\/p>","protected":false},"excerpt":{"rendered":"<table class=\"dv_characteristicsTable\">\n<tbody>\n<tr>\n<td class=\"left\">\u0420\u0430\u0437\u043c\u0435\u0440<\/td>\n<td>44\/46<\/td>\n<\/tr>\n<tr>\n<td class=\"left\">Gr\u00f6\u00dfentyp<\/td>\n<td>Normalgr\u00f6\u00dfen<\/td>\n<\/tr>\n<\/tbody>\n<\/table>\n<table class=\"dv_characteristicsTable\">\n<tbody>\n<tr>\n<td class=\"left\">\u0426\u0432\u0435\u0442<\/td>\n<td>wei\u00df<\/td>\n<\/tr>\n<\/tbody>\n<\/table>\n<table class=\"dv_characteristicsTable\">\n<tbody>\n<tr>\n<td class=\"left\">\u041e\u0431\u043e\u0440\u0443\u0434\u043e\u0432\u0430\u043d\u0438\u0435<\/td>\n<td>Baumwollzwickel<\/td>\n<\/tr>\n<tr>\n<td class=\"left\">\u0420\u0435\u043a\u043e\u043c\u0435\u043d\u0434\u0430\u0446\u0438\u0438 \u043f\u043e \u0443\u0445\u043e\u0434\u0443<\/td>\n<td>\u041c\u0430\u0448\u0438\u043d\u043d\u0430\u044f \u0441\u0442\u0438\u0440\u043a\u0430<\/td>\n<\/tr>\n<\/tbody>\n<\/table>\n<table class=\"dv_characteristicsTable\">\n<tbody>\n<tr>\n<td class=\"left\">\u0421\u043e\u0441\u0442\u0430\u0432 \u043c\u0430\u0442\u0435\u0440\u0438\u0430\u043b\u0430<\/td>\n<td>89% Polyamid, 11% Elasthan<\/td>\n<\/tr>\n<\/tbody>\n<\/table>","protected":false},"featured_media":79152,"comment_status":"open","ping_status":"closed","template":"","meta":{"_seopress_robots_primary_cat":"","_seopress_titles_title":"","_seopress_titles_desc":"","_seopress_robots_index":""},"product_brand":[],"product_cat":[1348,1444,1501],"product_tag":[],"class_list":{"0":"post-79049","1":"product","2":"type-product","3":"status-publish","4":"has-post-thumbnail","6":"product_cat-damen-mode","7":"product_cat-unterwaesche","8":"product_cat-slips","9":"product_shipping_class-standard-versand","11":"first","12":"instock","13":"sale","14":"taxable","15":"shipping-taxable","16":"purchasable","17":"product-type-simple"},"_links":{"self":[{"href":"https:\/\/www.soanam.de\/ru\/wp-json\/wp\/v2\/product\/79049","targetHints":{"allow":["GET"]}}],"collection":[{"href":"https:\/\/www.soanam.de\/ru\/wp-json\/wp\/v2\/product"}],"about":[{"href":"https:\/\/www.soanam.de\/ru\/wp-json\/wp\/v2\/types\/product"}],"replies":[{"embeddable":true,"href":"https:\/\/www.soanam.de\/ru\/wp-json\/wp\/v2\/comments?post=79049"}],"wp:featuredmedia":[{"embeddable":true,"href":"https:\/\/www.soanam.de\/ru\/wp-json\/wp\/v2\/media\/79152"}],"wp:attachment":[{"href":"https:\/\/www.soanam.de\/ru\/wp-json\/wp\/v2\/media?parent=79049"}],"wp:term":[{"taxonomy":"product_brand","embeddable":true,"href":"https:\/\/www.soanam.de\/ru\/wp-json\/wp\/v2\/product_brand?post=79049"},{"taxonomy":"product_cat","embeddable":true,"href":"https:\/\/www.soanam.de\/ru\/wp-json\/wp\/v2\/product_cat?post=79049"},{"taxonomy":"product_tag","embeddable":true,"href":"https:\/\/www.soanam.de\/ru\/wp-json\/wp\/v2\/product_tag?post=79049"}],"curies":[{"name":"wp","href":"https:\/\/api.w.org\/{rel}","templated":true}]}}