{"id":79032,"date":"2023-12-13T21:58:16","date_gmt":"2023-12-13T20:58:16","guid":{"rendered":"https:\/\/www.soanam.de\/?post_type=product&#038;p=79032"},"modified":"2023-12-13T22:01:10","modified_gmt":"2023-12-13T21:01:10","slug":"petite-fleur-gold-string-ouvert-in-schwarz-groesse-40-42","status":"publish","type":"product","link":"https:\/\/www.soanam.de\/ru\/produkt\/petite-fleur-gold-string-ouvert-in-schwarz-groesse-40-42\/","title":{"rendered":"\u0421\u0442\u0440\u0438\u043d\u0433\u0438-\u043e\u0432\u0435\u0440\u0441\u0430\u0439\u0437 \u0438\u0437 \u0437\u043e\u043b\u043e\u0442\u0430 \u043e\u0442 Petite Fleur, \u0447\u0435\u0440\u043d\u043e\u0433\u043e \u0446\u0432\u0435\u0442\u0430, \u0440\u0430\u0437\u043c\u0435\u0440 40\/42"},"content":{"rendered":"<p>\u0421\u0442\u0440\u0438\u043d\u0433\u0438 \u0431\u0435\u0437 \u043f\u0440\u043e\u043c\u0435\u0436\u043d\u043e\u0441\u0442\u0438 \u0441 \u0437\u0430\u0445\u0432\u0430\u0442\u044b\u0432\u0430\u044e\u0449\u0438\u043c \u043e\u0442\u0432\u0435\u0440\u0441\u0442\u0438\u0435\u043c \u0432 \u043f\u0440\u043e\u043c\u0435\u0436\u043d\u043e\u0441\u0442\u0438<br \/>\nGer\u00fcschte Kanten f\u00fcr eine verspielte Optik<br \/>\n\u0418\u0437\u0433\u043e\u0442\u043e\u0432\u043b\u0435\u043d \u0438\u0437 \u043f\u0440\u043e\u0437\u0440\u0430\u0447\u043d\u043e\u0433\u043e \u0441\u0435\u0442\u0447\u0430\u0442\u043e\u0433\u043e \u043c\u0430\u0442\u0435\u0440\u0438\u0430\u043b\u0430<\/p>\n<p>Komplett aus transparentem Netzmaterial legt sich der String-Ouvert sanft auf die Haut w\u00e4hrend die zarten R\u00fcschchen f\u00fcr eine verspielt-freche Optik sorgen.<br \/>\nDie \u00d6ffnung im Schritt reicht bis \u00fcber den Po.<\/p>\n<p>\u041c\u0430\u0442\u0435\u0440\u0438\u0430\u043b: \u043f\u043e\u043b\u0438\u0430\u043c\u0438\u0434 90%, \u044d\u043b\u0430\u0441\u0442\u0430\u043d 10%<br \/>\n\u0420\u0435\u043a\u043e\u043c\u0435\u043d\u0434\u0430\u0446\u0438\u0438 \u043f\u043e \u0443\u0445\u043e\u0434\u0443: \u041c\u0430\u0448\u0438\u043d\u043d\u0430\u044f \u0441\u0442\u0438\u0440\u043a\u0430<\/p>\n<p>\u0426\u0432\u0435\u0442: \u0447\u0435\u0440\u043d\u044b\u0439<br \/>\n\u0423\u0437\u043e\u0440: \u0431\u0435\u0437<br \/>\n\u0420\u0430\u0437\u043c\u0435\u0440: 40\/42<\/p>","protected":false},"excerpt":{"rendered":"<table class=\"dv_characteristicsTable\">\n<caption>\u00a0<\/caption>\n<tbody>\n<tr>\n<td class=\"left\">\u0420\u0430\u0437\u043c\u0435\u0440<\/td>\n<td>40\/42<\/td>\n<\/tr>\n<tr>\n<td class=\"left\">Gr\u00f6\u00dfentyp<\/td>\n<td>Normalgr\u00f6\u00dfen<\/td>\n<\/tr>\n<\/tbody>\n<\/table>\n<table class=\"dv_characteristicsTable\">\n<caption>\u00a0<\/caption>\n<tbody>\n<tr>\n<td class=\"left\">\u0426\u0432\u0435\u0442<\/td>\n<td>schwarz<\/td>\n<\/tr>\n<\/tbody>\n<\/table>\n<table class=\"dv_characteristicsTable\">\n<caption>\u00a0<\/caption>\n<tbody>\n<tr>\n<td class=\"left\">\u0420\u0435\u043a\u043e\u043c\u0435\u043d\u0434\u0430\u0446\u0438\u0438 \u043f\u043e \u0443\u0445\u043e\u0434\u0443<\/td>\n<td>\u041c\u0430\u0448\u0438\u043d\u043d\u0430\u044f \u0441\u0442\u0438\u0440\u043a\u0430<\/td>\n<\/tr>\n<\/tbody>\n<\/table>\n<table class=\"dv_characteristicsTable\">\n<caption>\u00a0<\/caption>\n<tbody>\n<tr>\n<td class=\"left\">\u0421\u043e\u0441\u0442\u0430\u0432 \u043c\u0430\u0442\u0435\u0440\u0438\u0430\u043b\u0430<\/td>\n<td>90% Polyamid, 10% Elasthan<\/td>\n<\/tr>\n<tr>\n<td class=\"left\">Materialart<\/td>\n<td>Mesh<\/td>\n<\/tr>\n<\/tbody>\n<\/table>","protected":false},"featured_media":79147,"comment_status":"open","ping_status":"closed","template":"","meta":{"_seopress_robots_primary_cat":"","_seopress_titles_title":"","_seopress_titles_desc":"","_seopress_robots_index":""},"product_brand":[],"product_cat":[1348,1444,1517],"product_tag":[],"class_list":{"0":"post-79032","1":"product","2":"type-product","3":"status-publish","4":"has-post-thumbnail","6":"product_cat-damen-mode","7":"product_cat-unterwaesche","8":"product_cat-strings","9":"product_shipping_class-standard-versand","11":"first","12":"instock","13":"sale","14":"taxable","15":"shipping-taxable","16":"purchasable","17":"product-type-simple"},"_links":{"self":[{"href":"https:\/\/www.soanam.de\/ru\/wp-json\/wp\/v2\/product\/79032","targetHints":{"allow":["GET"]}}],"collection":[{"href":"https:\/\/www.soanam.de\/ru\/wp-json\/wp\/v2\/product"}],"about":[{"href":"https:\/\/www.soanam.de\/ru\/wp-json\/wp\/v2\/types\/product"}],"replies":[{"embeddable":true,"href":"https:\/\/www.soanam.de\/ru\/wp-json\/wp\/v2\/comments?post=79032"}],"wp:featuredmedia":[{"embeddable":true,"href":"https:\/\/www.soanam.de\/ru\/wp-json\/wp\/v2\/media\/79147"}],"wp:attachment":[{"href":"https:\/\/www.soanam.de\/ru\/wp-json\/wp\/v2\/media?parent=79032"}],"wp:term":[{"taxonomy":"product_brand","embeddable":true,"href":"https:\/\/www.soanam.de\/ru\/wp-json\/wp\/v2\/product_brand?post=79032"},{"taxonomy":"product_cat","embeddable":true,"href":"https:\/\/www.soanam.de\/ru\/wp-json\/wp\/v2\/product_cat?post=79032"},{"taxonomy":"product_tag","embeddable":true,"href":"https:\/\/www.soanam.de\/ru\/wp-json\/wp\/v2\/product_tag?post=79032"}],"curies":[{"name":"wp","href":"https:\/\/api.w.org\/{rel}","templated":true}]}}