{"id":79029,"date":"2023-12-13T21:58:15","date_gmt":"2023-12-13T20:58:15","guid":{"rendered":"https:\/\/www.soanam.de\/?post_type=product&#038;p=79029"},"modified":"2023-12-13T22:00:39","modified_gmt":"2023-12-13T21:00:39","slug":"tommy-hilfiger-curve-thong-in-navy-groesse-2xl","status":"publish","type":"product","link":"https:\/\/www.soanam.de\/ru\/produkt\/tommy-hilfiger-curve-thong-in-navy-groesse-2xl\/","title":{"rendered":"Tommy Hilfiger Curve - \u0441\u0442\u0440\u0438\u043d\u0433\u0438, \u0446\u0432\u0435\u0442 Navy, \u0440\u0430\u0437\u043c\u0435\u0440 2XL"},"content":{"rendered":"<p>Damen Slip von Tommy Hilfiger<br \/>\n\u041e\u0431\u043b\u0435\u0433\u0430\u044e\u0449\u0438\u0439 \u043a\u0440\u043e\u0439<br \/>\nElastischer Bund mit Brand-Schriftzug<br \/>\nBaumwollmischung mit Stretch-Anteil<\/p>\n<p>Der Thong von Tommy Hilfiger ist aus einer Baumwollmischung mit Stretch-Anteil gefertigt.<\/p>\n<p>Er kommt in gro\u00dfen Gr\u00f6\u00dfen, k\u00f6rpernaher Passform und mit elastischem Bund mit Logo-Schriftzug.<\/p>\n<p>Material: 53% Baumwolle, 35% Modal, 12% Elasthan<br \/>\n\u0420\u0435\u043a\u043e\u043c\u0435\u043d\u0434\u0430\u0446\u0438\u0438 \u043f\u043e \u0443\u0445\u043e\u0434\u0443: \u041c\u0430\u0448\u0438\u043d\u043d\u0430\u044f \u0441\u0442\u0438\u0440\u043a\u0430 30\u00b0<\/p>\n<p>\u0426\u0432\u0435\u0442: \u043c\u043e\u0440\u0441\u043a\u043e\u0439<br \/>\n\u0423\u0437\u043e\u0440: \u041b\u043e\u0433\u043e\u0442\u0438\u043f<br \/>\nGr\u00f6\u00dfe: 2XL<\/p>","protected":false},"excerpt":{"rendered":"<p>Damen Slip von Tommy Hilfiger<\/p>\n<p>Baumwollmischung mit Stretch-Anteil<\/p>\n<p>\u041e\u0431\u043b\u0435\u0433\u0430\u044e\u0449\u0438\u0439 \u043a\u0440\u043e\u0439<\/p>\n<p>Elastischer Bund mit Brand-Schriftzug<\/p>\n<p>Ziernaht<\/p>\n<p>\u0426\u0432\u0435\u0442: \u043c\u043e\u0440\u0441\u043a\u043e\u0439<br \/>\n\u0423\u0437\u043e\u0440: \u041b\u043e\u0433\u043e\u0442\u0438\u043f<br \/>\nGr\u00f6\u00dfe: 2XL<\/p>","protected":false},"featured_media":79132,"comment_status":"open","ping_status":"closed","template":"","meta":{"_seopress_robots_primary_cat":"","_seopress_titles_title":"","_seopress_titles_desc":"","_seopress_robots_index":""},"product_brand":[],"product_cat":[1348,1444,1517],"product_tag":[],"class_list":{"0":"post-79029","1":"product","2":"type-product","3":"status-publish","4":"has-post-thumbnail","6":"product_cat-damen-mode","7":"product_cat-unterwaesche","8":"product_cat-strings","9":"product_shipping_class-standard-versand","11":"first","12":"instock","13":"sale","14":"taxable","15":"shipping-taxable","16":"purchasable","17":"product-type-simple"},"_links":{"self":[{"href":"https:\/\/www.soanam.de\/ru\/wp-json\/wp\/v2\/product\/79029","targetHints":{"allow":["GET"]}}],"collection":[{"href":"https:\/\/www.soanam.de\/ru\/wp-json\/wp\/v2\/product"}],"about":[{"href":"https:\/\/www.soanam.de\/ru\/wp-json\/wp\/v2\/types\/product"}],"replies":[{"embeddable":true,"href":"https:\/\/www.soanam.de\/ru\/wp-json\/wp\/v2\/comments?post=79029"}],"wp:featuredmedia":[{"embeddable":true,"href":"https:\/\/www.soanam.de\/ru\/wp-json\/wp\/v2\/media\/79132"}],"wp:attachment":[{"href":"https:\/\/www.soanam.de\/ru\/wp-json\/wp\/v2\/media?parent=79029"}],"wp:term":[{"taxonomy":"product_brand","embeddable":true,"href":"https:\/\/www.soanam.de\/ru\/wp-json\/wp\/v2\/product_brand?post=79029"},{"taxonomy":"product_cat","embeddable":true,"href":"https:\/\/www.soanam.de\/ru\/wp-json\/wp\/v2\/product_cat?post=79029"},{"taxonomy":"product_tag","embeddable":true,"href":"https:\/\/www.soanam.de\/ru\/wp-json\/wp\/v2\/product_tag?post=79029"}],"curies":[{"name":"wp","href":"https:\/\/api.w.org\/{rel}","templated":true}]}}