{"id":79014,"date":"2023-12-13T21:57:51","date_gmt":"2023-12-13T20:57:51","guid":{"rendered":"https:\/\/www.soanam.de\/?post_type=product&#038;p=79014"},"modified":"2023-12-13T22:00:22","modified_gmt":"2023-12-13T21:00:22","slug":"%d0%ba%d1%80%d1%83%d0%b6%d0%b5%d0%b2%d0%bd%d0%be%d0%b5-%d0%b1%d0%be%d0%b4%d0%b8-jette-%d1%81-%d0%b7%d0%b0%d0%bd%d0%b8%d0%b6%d0%b5%d0%bd%d0%bd%d0%be%d0%b9-%d1%82%d0%b0%d0%bb%d0%b8%d0%b5%d0%b9-%d1%87","status":"publish","type":"product","link":"https:\/\/www.soanam.de\/ru\/produkt\/jette-spitzen-body-mit-buegel-in-schwarz-groesse-80c\/","title":{"rendered":"\u041a\u0440\u0443\u0436\u0435\u0432\u043d\u043e\u0435 \u0431\u043e\u0434\u0438 JETTE \u0441 \u0437\u0430\u043d\u0438\u0436\u0435\u043d\u043d\u043e\u0439 \u0442\u0430\u043b\u0438\u0435\u0439, \u0447\u0435\u0440\u043d\u043e\u0435, \u0440\u0430\u0437\u043c\u0435\u0440 80C"},"content":{"rendered":"<p>\u0411\u043e\u0434\u0438 \u0438\u0437 \u043d\u0435\u0436\u043d\u043e\u0433\u043e \u043a\u0440\u0443\u0436\u0435\u0432\u0430<br \/>\n\u0414\u0435\u043a\u043e\u0440\u0430\u0442\u0438\u0432\u043d\u044b\u0439 \u0431\u0430\u043d\u0442 \u043d\u0430 \u043c\u043e\u0441\u0442\u0443<br \/>\n\u0417\u0430\u0445\u0432\u0430\u0442\u044b\u0432\u0430\u044e\u0449\u0430\u044f \u0448\u043d\u0443\u0440\u043e\u0432\u043a\u0430 \u0441\u043f\u0435\u0440\u0435\u0434\u0438<\/p>\n<p>\u041a\u0440\u0443\u0436\u0435\u0432\u043d\u043e\u0435 \u0431\u043e\u0434\u0438 \u043e\u0442 \u0434\u0438\u0437\u0430\u0439\u043d\u0435\u0440\u0430 Jette Joop \u0441\u043e\u0431\u043b\u0430\u0437\u043d\u0438\u0442\u0435\u043b\u044c\u043d\u043e \u0431\u043b\u0430\u0433\u043e\u0434\u0430\u0440\u044f \u0433\u043b\u0443\u0431\u043e\u043a\u043e\u043c\u0443 V-\u043e\u0431\u0440\u0430\u0437\u043d\u043e\u043c\u0443 \u0432\u044b\u0440\u0435\u0437\u0443, \u043a\u043e\u0442\u043e\u0440\u044b\u0439 \u0441\u0442\u0430\u0432\u0438\u0442 \u0434\u0435\u043a\u043e\u043b\u044c\u0442\u0435 \u043d\u0430 \u043f\u0435\u0440\u0432\u044b\u0439 \u043f\u043b\u0430\u043d \u0431\u043b\u0430\u0433\u043e\u0434\u0430\u0440\u044f \u043f\u0440\u0438\u0432\u043b\u0435\u043a\u0430\u0442\u0435\u043b\u044c\u043d\u044b\u043c \u0437\u0430\u0441\u0442\u0435\u0436\u043a\u0430\u043c \u0438 \u043c\u0430\u043b\u0435\u043d\u044c\u043a\u043e\u043c\u0443 \u0431\u0430\u043d\u0442\u0438\u043a\u0443 \u0441\u0432\u0435\u0440\u0445\u0443.<br \/>\n\u041d\u0435\u0436\u043d\u043e\u0435 \u043f\u0440\u043e\u0437\u0440\u0430\u0447\u043d\u043e\u0435 \u043a\u0440\u0443\u0436\u0435\u0432\u043e, \u043c\u044f\u0433\u043a\u043e\u0435 \u0438 \u044d\u043b\u0430\u0441\u0442\u0438\u0447\u043d\u043e\u0435, \u0441 \u0434\u0435\u043a\u043e\u0440\u0430\u0442\u0438\u0432\u043d\u043e\u0439 \u0448\u043d\u0443\u0440\u043e\u0432\u043a\u043e\u0439, \u043a\u043e\u043c\u0444\u043e\u0440\u0442\u043d\u043e \u043e\u0449\u0443\u0449\u0430\u0435\u0442\u0441\u044f \u043d\u0430 \u043a\u043e\u0436\u0435.<\/p>\n<p>\u041c\u0430\u0442\u0435\u0440\u0438\u0430\u043b: \u043f\u043e\u043b\u0438\u0430\u043c\u0438\u0434 90%, \u044d\u043b\u0430\u0441\u0442\u0430\u043d 10%<br \/>\n\u0420\u0435\u043a\u043e\u043c\u0435\u043d\u0434\u0430\u0446\u0438\u0438 \u043f\u043e \u0443\u0445\u043e\u0434\u0443: \u0420\u0443\u0447\u043d\u0430\u044f \u0441\u0442\u0438\u0440\u043a\u0430<\/p>\n<p>\u0426\u0432\u0435\u0442: \u0447\u0435\u0440\u043d\u044b\u0439<br \/>\n\u0423\u0437\u043e\u0440: \u0426\u0432\u0435\u0442\u044b<br \/>\n\u0420\u0430\u0437\u043c\u0435\u0440: 80C<\/p>\n<p>\u041e\u0431\u0445\u0432\u0430\u0442 \u0433\u0440\u0443\u0434\u0438: 80<br \/>\n\u0420\u0430\u0437\u043c\u0435\u0440 \u0447\u0430\u0448\u043a\u0438: \u0427\u0430\u0448\u043a\u0430 C<\/p>\n<p>\u041e\u0431\u0449\u0430\u044f \u0434\u043b\u0438\u043d\u0430: 74 \u0441\u043c<\/p>","protected":false},"excerpt":{"rendered":"<table class=\"dv_characteristicsTable\">\n<tbody>\n<tr>\n<td class=\"left\">K\u00f6rbchengr\u00f6\u00dfe<\/td>\n<td>Cup C<\/td>\n<\/tr>\n<tr>\n<td class=\"left\">Unterbrustumfang<\/td>\n<td>80<\/td>\n<\/tr>\n<\/tbody>\n<\/table>\n<table class=\"dv_characteristicsTable\">\n<caption>\u00a0<\/caption>\n<tbody>\n<tr>\n<td class=\"left\">\u0421\u043e\u0441\u0442\u0430\u0432 \u043c\u0430\u0442\u0435\u0440\u0438\u0430\u043b\u0430<\/td>\n<td>90% Polyamid, 10% Elasthan<\/td>\n<\/tr>\n<tr>\n<td class=\"left\">Materialart<\/td>\n<td>\u0422\u043e\u043f<\/td>\n<\/tr>\n<tr>\n<td class=\"left\">\u0420\u0435\u043a\u043e\u043c\u0435\u043d\u0434\u0430\u0446\u0438\u0438 \u043f\u043e \u0443\u0445\u043e\u0434\u0443<\/td>\n<td>\u0420\u0443\u0447\u043d\u0430\u044f \u0441\u0442\u0438\u0440\u043a\u0430<\/td>\n<\/tr>\n<\/tbody>\n<\/table>\n<table class=\"dv_characteristicsTable\">\n<tbody>\n<tr>\n<td class=\"left\">Stil<\/td>\n<td>sexy<\/td>\n<\/tr>\n<\/tbody>\n<\/table>\n<table class=\"dv_characteristicsTable\">\n<caption>\u00a0<\/caption>\n<tbody>\n<tr>\n<td class=\"left\">\u0426\u0432\u0435\u0442<\/td>\n<td>schwarz<\/td>\n<\/tr>\n<\/tbody>\n<\/table>\n<table class=\"dv_characteristicsTable\">\n<caption>\u00a0<\/caption>\n<tbody>\n<tr>\n<td class=\"left\">Ausschnitt<\/td>\n<td>tiefer V-Ausschnitt<\/td>\n<\/tr>\n<tr>\n<td class=\"left\">Tr\u00e4ger<\/td>\n<td>mit Tr\u00e4ger<\/td>\n<\/tr>\n<tr>\n<td class=\"left\">Tr\u00e4gerdetails<\/td>\n<td>breit<\/td>\n<\/tr>\n<\/tbody>\n<\/table>\n<table class=\"dv_characteristicsTable\">\n<caption>\u00a0<\/caption>\n<tbody>\n<tr>\n<td class=\"left\">Verschluss<\/td>\n<td>Haken &amp; \u00d6sen<\/td>\n<\/tr>\n<tr>\n<td class=\"left\">Verschlussdetails<\/td>\n<td>im Schritt<\/td>\n<\/tr>\n<tr>\n<td class=\"left\">Besondere Merkmale<\/td>\n<td>mit B\u00fcgel<\/td>\n<\/tr>\n<\/tbody>\n<\/table>\n<table class=\"dv_characteristicsTable\">\n<caption>\u00a0<\/caption>\n<tbody>\n<tr>\n<td class=\"left\">B\u00fcgel<\/td>\n<td>mit B\u00fcgel<\/td>\n<\/tr>\n<\/tbody>\n<\/table>","protected":false},"featured_media":79117,"comment_status":"open","ping_status":"closed","template":"","meta":{"_seopress_robots_primary_cat":"","_seopress_titles_title":"","_seopress_titles_desc":"","_seopress_robots_index":""},"product_brand":[],"product_cat":[1348,1444,1514],"product_tag":[],"class_list":{"0":"post-79014","1":"product","2":"type-product","3":"status-publish","4":"has-post-thumbnail","6":"product_cat-damen-mode","7":"product_cat-unterwaesche","8":"product_cat-bodies","9":"product_shipping_class-standard-versand","11":"first","12":"instock","13":"sale","14":"taxable","15":"shipping-taxable","16":"purchasable","17":"product-type-simple"},"_links":{"self":[{"href":"https:\/\/www.soanam.de\/ru\/wp-json\/wp\/v2\/product\/79014","targetHints":{"allow":["GET"]}}],"collection":[{"href":"https:\/\/www.soanam.de\/ru\/wp-json\/wp\/v2\/product"}],"about":[{"href":"https:\/\/www.soanam.de\/ru\/wp-json\/wp\/v2\/types\/product"}],"replies":[{"embeddable":true,"href":"https:\/\/www.soanam.de\/ru\/wp-json\/wp\/v2\/comments?post=79014"}],"wp:featuredmedia":[{"embeddable":true,"href":"https:\/\/www.soanam.de\/ru\/wp-json\/wp\/v2\/media\/79117"}],"wp:attachment":[{"href":"https:\/\/www.soanam.de\/ru\/wp-json\/wp\/v2\/media?parent=79014"}],"wp:term":[{"taxonomy":"product_brand","embeddable":true,"href":"https:\/\/www.soanam.de\/ru\/wp-json\/wp\/v2\/product_brand?post=79014"},{"taxonomy":"product_cat","embeddable":true,"href":"https:\/\/www.soanam.de\/ru\/wp-json\/wp\/v2\/product_cat?post=79014"},{"taxonomy":"product_tag","embeddable":true,"href":"https:\/\/www.soanam.de\/ru\/wp-json\/wp\/v2\/product_tag?post=79014"}],"curies":[{"name":"wp","href":"https:\/\/api.w.org\/{rel}","templated":true}]}}