{"id":78965,"date":"2023-12-13T21:56:50","date_gmt":"2023-12-13T20:56:50","guid":{"rendered":"https:\/\/www.soanam.de\/?post_type=product&#038;p=78965"},"modified":"2023-12-13T21:58:59","modified_gmt":"2023-12-13T20:58:59","slug":"%d0%bb%d1%83%d0%bd%d0%b4%d1%85%d0%b0%d0%b3%d1%81-%d1%80%d0%b0%d1%81%d0%ba-%d1%80%d1%83%d0%b1%d0%b0%d1%88%d0%ba%d0%b0-%d1%81-%d0%b4%d0%bb%d0%b8%d0%bd%d0%bd%d1%8b%d0%bc-%d1%80%d1%83%d0%ba%d0%b0%d0%b2","status":"publish","type":"product","link":"https:\/\/www.soanam.de\/ru\/produkt\/lundhags-rask-longsleeve-shirt-flanellhemd-fuer-herren-in-gold-blau-kariert-s\/","title":{"rendered":"\u0424\u043b\u0430\u043d\u0435\u043b\u0435\u0432\u0430\u044f \u0440\u0443\u0431\u0430\u0448\u043a\u0430 Lundhags Rask \u0441 \u0434\u043b\u0438\u043d\u043d\u044b\u043c \u0440\u0443\u043a\u0430\u0432\u043e\u043c \u0434\u043b\u044f \u043c\u0443\u0436\u0447\u0438\u043d \u0432 \u0437\u043e\u043b\u043e\u0442\u0443\u044e\/\u0441\u0438\u043d\u044e\u044e \u043a\u043b\u0435\u0442\u043a\u0443, S"},"content":{"rendered":"<h3>\u041e\u043f\u0438\u0441\u0430\u043d\u0438\u0435<\/h3>\n<p>Rask ist ein lang\u00e4rmliges Hemd aus weichem, geb\u00fcrstetem Flanell, das Du allein oder bei kaltem Wetter zum Drunterziehen tragen kannst.<br \/>\nDie beiden Brusttaschen mit Knopfverschluss sind ideal zum Verstauen Deines Smartphones oder anderer Wertgegenst\u00e4nde.<br \/>\nDer funktionelle Materialmix aus Baumwolle und Wolle sorgt f\u00fcr W\u00e4rme und Komfort.<\/p>\n<p><strong>\u0425\u0430\u0440\u0430\u043a\u0442\u0435\u0440\u0438\u0441\u0442\u0438\u043a\u0438<\/strong><br \/>\n\u2022 Weicher geb\u00fcrsteter Flanell. Die Detaill\u00f6sungen aus LPC-Stoff sorgen f\u00fcr Langlebigkeit und sch\u00fctzen vor Verschlei\u00df.<br \/>\n\u2022 Vorgeformte \u00c4rmel sorgen f\u00fcr mehr Bewegungsfreiheit.<br \/>\n\u2022 Brusttaschen mit Patte und Knopf. Kn\u00f6pfe aus recyceltem Polyester.<\/p>\n<p><strong>\u043f\u043e\u0434\u0440\u043e\u0431\u043d\u043e\u0441\u0442\u0438<\/strong><br \/>\n\u2022 Materialien:90 % Baumwolle, 10 % Lambswool (158 g\/m2, mulesingfrei)<br \/>\n\u2022 Nettogewicht (kg):0.34<\/p>","protected":false},"excerpt":{"rendered":"<h3>Artikelmerkmale<\/h3>\n<p>\u0421\u043e\u0441\u0442\u043e\u044f\u043d\u0438\u0435 \u0442\u043e\u0432\u0430\u0440\u0430: \u041d\u043e\u0432\u044b\u0439 \u0441 \u044d\u0442\u0438\u043a\u0435\u0442\u043a\u043e\u0439: \u041d\u043e\u0432\u044b\u0439, \u043d\u0435\u0438\u0441\u043f\u043e\u043b\u044c\u0437\u043e\u0432\u0430\u043d\u043d\u044b\u0439 \u0438 \u043d\u0435\u043d\u043e\u0448\u0435\u043d\u044b\u0439 \u0442\u043e\u0432\u0430\u0440 \u0432 \u043e\u0440\u0438\u0433\u0438\u043d\u0430\u043b\u044c\u043d\u043e\u0439 \u0443\u043f\u0430\u043a\u043e\u0432\u043a\u0435<\/p>\n<table border=\"0\" frame=\"VOID\" rules=\"NONE\" cellspacing=\"0\">\n<colgroup>\n<col width=\"186\" \/>\n<col width=\"137\" \/><\/colgroup>\n<tbody>\n<tr>\n<td align=\"LEFT\" width=\"186\" height=\"17\">Abteilung:<\/td>\n<td align=\"LEFT\" width=\"137\">Herren<\/td>\n<\/tr>\n<tr>\n<td align=\"LEFT\" height=\"17\">Anlass:<\/td>\n<td align=\"LEFT\">Freizeit<\/td>\n<\/tr>\n<tr>\n<td align=\"LEFT\" height=\"17\">\u00c4rmell\u00e4nge:<\/td>\n<td align=\"LEFT\">\u0414\u043b\u0438\u043d\u043d\u044b\u0439 \u0440\u0443\u043a\u0430\u0432<\/td>\n<\/tr>\n<tr>\n<td align=\"LEFT\" height=\"17\">Ausschnitt:<\/td>\n<td align=\"LEFT\">Kragen<\/td>\n<\/tr>\n<tr>\n<td align=\"LEFT\" height=\"17\">Besonderheiten:<\/td>\n<td align=\"LEFT\">w\u00e4rmend<\/td>\n<\/tr>\n<tr>\n<td align=\"LEFT\" height=\"17\">Charakter:<\/td>\n<td align=\"LEFT\">ohne<\/td>\n<\/tr>\n<tr>\n<td align=\"LEFT\" height=\"17\">EAN:<\/td>\n<td align=\"LEFT\">7045952445410<\/td>\n<\/tr>\n<tr>\n<td align=\"LEFT\" height=\"17\">\u0426\u0432\u0435\u0442:<\/td>\n<td align=\"LEFT\">Blau\/Gold<\/td>\n<\/tr>\n<tr>\n<td align=\"LEFT\" height=\"17\">Gewebeart:<\/td>\n<td align=\"LEFT\">Flanell<\/td>\n<\/tr>\n<tr>\n<td align=\"LEFT\" height=\"17\">Gr\u00f6\u00dfe:<\/td>\n<td align=\"LEFT\">S<\/td>\n<\/tr>\n<tr>\n<td align=\"LEFT\" height=\"17\">Gr\u00f6\u00dfenkategorie:<\/td>\n<td align=\"LEFT\">Normalgr\u00f6\u00dfe<\/td>\n<\/tr>\n<tr>\n<td align=\"LEFT\" height=\"17\">Kragenart:<\/td>\n<td align=\"LEFT\">\u041a\u0435\u043d\u0442\u0441\u043a\u0438\u0439 \u0432\u043e\u0440\u043e\u0442\u043d\u0438\u043a<\/td>\n<\/tr>\n<tr>\n<td align=\"LEFT\" height=\"17\">Marke:<\/td>\n<td align=\"LEFT\">Lundgags<\/td>\n<\/tr>\n<tr>\n<td align=\"LEFT\" height=\"17\">\u041c\u0430\u0442\u0435\u0440\u0438\u0430\u043b:<\/td>\n<td align=\"LEFT\">Baumwollmischung<\/td>\n<\/tr>\n<tr>\n<td align=\"LEFT\" height=\"17\">Muster:<\/td>\n<td align=\"LEFT\">Kariert<\/td>\n<\/tr>\n<tr>\n<td align=\"LEFT\" height=\"17\">\u041f\u043e\u0434\u0445\u043e\u0434\u0438\u0442:<\/td>\n<td align=\"LEFT\">Regular<\/td>\n<\/tr>\n<tr>\n<td align=\"LEFT\" height=\"17\">Produktart:<\/td>\n<td align=\"LEFT\">Gekn\u00f6pftes Hemd<\/td>\n<\/tr>\n<tr>\n<td align=\"LEFT\" height=\"17\">Thema:<\/td>\n<td align=\"LEFT\">Klassisch<\/td>\n<\/tr>\n<tr>\n<td align=\"LEFT\" height=\"17\">Vintage:<\/td>\n<td align=\"LEFT\">Nein<\/td>\n<\/tr>\n<\/tbody>\n<\/table>","protected":false},"featured_media":79065,"comment_status":"open","ping_status":"closed","template":"","meta":{"_seopress_robots_primary_cat":"","_seopress_titles_title":"","_seopress_titles_desc":"","_seopress_robots_index":""},"product_brand":[],"product_cat":[1345,1497,1532],"product_tag":[],"class_list":{"0":"post-78965","1":"product","2":"type-product","3":"status-publish","4":"has-post-thumbnail","6":"product_cat-herrenmode","7":"product_cat-hemden","8":"product_cat-langarm-hemden","9":"product_shipping_class-standard-versand","11":"first","12":"instock","13":"sale","14":"taxable","15":"shipping-taxable","16":"purchasable","17":"product-type-simple"},"_links":{"self":[{"href":"https:\/\/www.soanam.de\/ru\/wp-json\/wp\/v2\/product\/78965","targetHints":{"allow":["GET"]}}],"collection":[{"href":"https:\/\/www.soanam.de\/ru\/wp-json\/wp\/v2\/product"}],"about":[{"href":"https:\/\/www.soanam.de\/ru\/wp-json\/wp\/v2\/types\/product"}],"replies":[{"embeddable":true,"href":"https:\/\/www.soanam.de\/ru\/wp-json\/wp\/v2\/comments?post=78965"}],"wp:featuredmedia":[{"embeddable":true,"href":"https:\/\/www.soanam.de\/ru\/wp-json\/wp\/v2\/media\/79065"}],"wp:attachment":[{"href":"https:\/\/www.soanam.de\/ru\/wp-json\/wp\/v2\/media?parent=78965"}],"wp:term":[{"taxonomy":"product_brand","embeddable":true,"href":"https:\/\/www.soanam.de\/ru\/wp-json\/wp\/v2\/product_brand?post=78965"},{"taxonomy":"product_cat","embeddable":true,"href":"https:\/\/www.soanam.de\/ru\/wp-json\/wp\/v2\/product_cat?post=78965"},{"taxonomy":"product_tag","embeddable":true,"href":"https:\/\/www.soanam.de\/ru\/wp-json\/wp\/v2\/product_tag?post=78965"}],"curies":[{"name":"wp","href":"https:\/\/api.w.org\/{rel}","templated":true}]}}