{"id":78904,"date":"2023-12-13T21:55:33","date_gmt":"2023-12-13T20:55:33","guid":{"rendered":"https:\/\/www.soanam.de\/?post_type=product&#038;p=78904"},"modified":"2023-12-13T21:57:46","modified_gmt":"2023-12-13T20:57:46","slug":"nike-kids-nike-dunk-high-top-turnschuhe-weiss-grau-groesse-31","status":"publish","type":"product","link":"https:\/\/www.soanam.de\/ru\/produkt\/nike-kids-nike-dunk-high-top-turnschuhe-weiss-grau-groesse-31\/","title":{"rendered":"Nike Kids - \u0412\u044b\u0441\u043e\u043a\u0438\u0435 \u043a\u0440\u043e\u0441\u0441\u043e\u0432\u043a\u0438 Nike Dunk, \u0431\u0435\u043b\u044b\u0439\/\u0441\u0435\u0440\u044b\u0439, \u0440\u0430\u0437\u043c\u0435\u0440 31"},"content":{"rendered":"<h3>\u041e\u043f\u0438\u0441\u0430\u043d\u0438\u0435<\/h3>\n<p>Sie wissen, dass die Sneaker-Kollektion Ihres Jungen ohne ein Paar Jordans nicht komplett sein wird ...<br \/>\nDiese Nike Dunk High-Top-Sneaker von Nike Kids aus wei\u00dfem und grauem Leder passen perfekt zu jedem seiner Outfits. Sie m\u00fcssen nicht mehr zweimal \u00fcberlegen.<\/p>\n<p><strong>\u043f\u043e\u0434\u0440\u043e\u0431\u043d\u043e\u0441\u0442\u0438<\/strong><\/p>\n<p>wei\u00df grau<br \/>\nLeder \/ Gummi<br \/>\nSignatur Swoosh Logo Detail<br \/>\nrunder Zeh<br \/>\nSchn\u00fcrverschluss vorne<br \/>\nLogo Patch auf der Zunge<br \/>\nkn\u00f6chellang<br \/>\nflache Gummisohle<\/p>\n<p><strong>\u041c\u0430\u0442\u0435\u0440\u0438\u0430\u043b<\/strong><\/p>\n<p>Au\u00dfen: Leder 100%<br \/>\n\u041f\u043e\u0434\u043e\u0448\u0432\u0430: \u0440\u0435\u0437\u0438\u043d\u0430 100%<br \/>\nFutter: Stoff 100%<\/p>","protected":false},"excerpt":{"rendered":"<h3>Artikelmerkmale<\/h3>\n<p>\u0421\u043e\u0441\u0442\u043e\u044f\u043d\u0438\u0435 \u0442\u043e\u0432\u0430\u0440\u0430: \u041d\u043e\u0432\u044b\u0439 \u0441 \u044d\u0442\u0438\u043a\u0435\u0442\u043a\u043e\u0439: \u041d\u043e\u0432\u044b\u0439, \u043d\u0435\u0438\u0441\u043f\u043e\u043b\u044c\u0437\u043e\u0432\u0430\u043d\u043d\u044b\u0439 \u0438 \u043d\u0435\u043d\u043e\u0448\u0435\u043d\u044b\u0439 \u0442\u043e\u0432\u0430\u0440 \u0432 \u043e\u0440\u0438\u0433\u0438\u043d\u0430\u043b\u044c\u043d\u043e\u0439 \u0443\u043f\u0430\u043a\u043e\u0432\u043a\u0435<\/p>\n<table border=\"0\" frame=\"VOID\" rules=\"NONE\" cellspacing=\"0\">\n<colgroup>\n<col width=\"137\" \/>\n<col width=\"216\" \/><\/colgroup>\n<tbody>\n<tr>\n<td align=\"LEFT\" width=\"137\" height=\"17\">Abteilung:<\/td>\n<td align=\"LEFT\" width=\"216\">Unisex Kinder<\/td>\n<\/tr>\n<tr>\n<td align=\"LEFT\" height=\"17\">AU-Schuhgr\u00f6\u00dfe:<\/td>\n<td align=\"LEFT\">ohne Angabe<\/td>\n<\/tr>\n<tr>\n<td align=\"LEFT\" height=\"17\">Besonderheiten:<\/td>\n<td align=\"LEFT\">Logo Patch auf der Zunge<\/td>\n<\/tr>\n<tr>\n<td align=\"LEFT\" height=\"17\">Charakter:<\/td>\n<td align=\"LEFT\">ohne<\/td>\n<\/tr>\n<tr>\n<td align=\"LEFT\" height=\"17\">EAN:<\/td>\n<td align=\"LEFT\">194953259407<\/td>\n<\/tr>\n<tr>\n<td align=\"LEFT\" height=\"17\">EU-Schuhgr\u00f6\u00dfe:<\/td>\n<td align=\"LEFT\">31<\/td>\n<\/tr>\n<tr>\n<td align=\"LEFT\" height=\"17\">\u0426\u0432\u0435\u0442:<\/td>\n<td align=\"LEFT\">Grau\/Wei\u00df<\/td>\n<\/tr>\n<tr>\n<td align=\"LEFT\" height=\"17\">Futtermaterial:<\/td>\n<td align=\"LEFT\">\u0422\u043a\u0430\u043d\u044c<\/td>\n<\/tr>\n<tr>\n<td align=\"LEFT\" height=\"17\">Individualisiert:<\/td>\n<td align=\"LEFT\">Nein<\/td>\n<\/tr>\n<tr>\n<td align=\"LEFT\" height=\"17\">Innensohlenmaterial:<\/td>\n<td align=\"LEFT\">\u0422\u043a\u0430\u043d\u044c<\/td>\n<\/tr>\n<tr>\n<td align=\"LEFT\" height=\"17\">Jahreszeit:<\/td>\n<td align=\"LEFT\">Fr\u00fchling, Herbst, Sommer, Winter<\/td>\n<\/tr>\n<tr>\n<td align=\"LEFT\" height=\"17\">Laufsohlenmaterial:<\/td>\n<td align=\"LEFT\">\u0420\u0435\u0437\u0438\u043d\u0430<\/td>\n<\/tr>\n<tr>\n<td align=\"LEFT\" height=\"17\">Marke:<\/td>\n<td align=\"LEFT\">Nike<\/td>\n<\/tr>\n<tr>\n<td align=\"LEFT\" height=\"17\">Modell:<\/td>\n<td align=\"LEFT\">Dunk High-Top<\/td>\n<\/tr>\n<tr>\n<td align=\"LEFT\" height=\"17\">Obermaterial:<\/td>\n<td align=\"LEFT\">\u041a\u043e\u0436\u0430<\/td>\n<\/tr>\n<tr>\n<td align=\"LEFT\" height=\"17\">Produktart:<\/td>\n<td align=\"LEFT\">Sportschuh<\/td>\n<\/tr>\n<tr>\n<td align=\"LEFT\" height=\"17\">Produktlinie:<\/td>\n<td align=\"LEFT\">Nike Dunk High<\/td>\n<\/tr>\n<tr>\n<td align=\"LEFT\" height=\"17\">Schuhschaft-Typ:<\/td>\n<td align=\"LEFT\">High Top<\/td>\n<\/tr>\n<tr>\n<td align=\"LEFT\" height=\"17\">Stil:<\/td>\n<td align=\"LEFT\">Sneaker<\/td>\n<\/tr>\n<tr>\n<td align=\"LEFT\" height=\"17\">Thema:<\/td>\n<td align=\"LEFT\">Sport<\/td>\n<\/tr>\n<tr>\n<td align=\"LEFT\" height=\"17\">UK-Schuhgr\u00f6\u00dfe:<\/td>\n<td align=\"LEFT\">UK 12,5<\/td>\n<\/tr>\n<tr>\n<td align=\"LEFT\" height=\"17\">US-Schuhgr\u00f6\u00dfe:<\/td>\n<td align=\"LEFT\">US 13<\/td>\n<\/tr>\n<tr>\n<td align=\"LEFT\" height=\"17\">Verschluss:<\/td>\n<td align=\"LEFT\">Bindeverschluss<\/td>\n<\/tr>\n<tr>\n<td align=\"LEFT\" height=\"17\">Vintage:<\/td>\n<td align=\"LEFT\">Nein<\/td>\n<\/tr>\n<\/tbody>\n<\/table>","protected":false},"featured_media":79006,"comment_status":"open","ping_status":"closed","template":"","meta":{"_seopress_robots_primary_cat":"","_seopress_titles_title":"","_seopress_titles_desc":"","_seopress_robots_index":""},"product_brand":[],"product_cat":[1351,1506,1547],"product_tag":[],"class_list":{"0":"post-78904","1":"product","2":"type-product","3":"status-publish","4":"has-post-thumbnail","6":"product_cat-kindermode","7":"product_cat-schuhe-kindermode","8":"product_cat-sneakers-schuhe-kindermode","9":"product_shipping_class-standard-versand","11":"first","12":"instock","13":"sale","14":"taxable","15":"shipping-taxable","16":"purchasable","17":"product-type-simple"},"_links":{"self":[{"href":"https:\/\/www.soanam.de\/ru\/wp-json\/wp\/v2\/product\/78904","targetHints":{"allow":["GET"]}}],"collection":[{"href":"https:\/\/www.soanam.de\/ru\/wp-json\/wp\/v2\/product"}],"about":[{"href":"https:\/\/www.soanam.de\/ru\/wp-json\/wp\/v2\/types\/product"}],"replies":[{"embeddable":true,"href":"https:\/\/www.soanam.de\/ru\/wp-json\/wp\/v2\/comments?post=78904"}],"wp:featuredmedia":[{"embeddable":true,"href":"https:\/\/www.soanam.de\/ru\/wp-json\/wp\/v2\/media\/79006"}],"wp:attachment":[{"href":"https:\/\/www.soanam.de\/ru\/wp-json\/wp\/v2\/media?parent=78904"}],"wp:term":[{"taxonomy":"product_brand","embeddable":true,"href":"https:\/\/www.soanam.de\/ru\/wp-json\/wp\/v2\/product_brand?post=78904"},{"taxonomy":"product_cat","embeddable":true,"href":"https:\/\/www.soanam.de\/ru\/wp-json\/wp\/v2\/product_cat?post=78904"},{"taxonomy":"product_tag","embeddable":true,"href":"https:\/\/www.soanam.de\/ru\/wp-json\/wp\/v2\/product_tag?post=78904"}],"curies":[{"name":"wp","href":"https:\/\/api.w.org\/{rel}","templated":true}]}}