{"id":78880,"date":"2023-12-13T21:55:06","date_gmt":"2023-12-13T20:55:06","guid":{"rendered":"https:\/\/www.soanam.de\/?post_type=product&#038;p=78880"},"modified":"2023-12-13T21:56:56","modified_gmt":"2023-12-13T20:56:56","slug":"aniston-casual-schlupfbluse-in-pflaume-groesse-40","status":"publish","type":"product","link":"https:\/\/www.soanam.de\/ru\/produkt\/aniston-casual-schlupfbluse-in-pflaume-groesse-40\/","title":{"rendered":"Aniston CASUAL Schlupfbluse, in Pflaume, Gr\u00f6\u00dfe 40"},"content":{"rendered":"<p>Damenbluse aus weicher Crep\u00e9-Qualit\u00e4t<br \/>\nGesmokter Stehkragen mit kleinen R\u00fcschen<br \/>\nLange \u00c4rmel mit Smokb\u00fcndchen<br \/>\n\u041e\u0431\u043b\u0435\u0433\u0430\u044e\u0449\u0438\u0439 \u0444\u0438\u0433\u0443\u0440\u0443 \u043a\u0440\u043e\u0439<\/p>\n<p>Feminine Schlupfbluse von Aniston Casual aus weicher Crep\u00e9-Qualit\u00e4t mit gesmoktem Stehkragen und gesmokten \u00c4rmelabschl\u00fcssen in figurumspielender Passform.<\/p>\n<p>\u041c\u0430\u0442\u0435\u0440\u0438\u0430\u043b: \u043f\u043e\u043b\u0438\u044d\u0441\u0442\u0435\u0440 100%<br \/>\n\u0420\u0435\u043a\u043e\u043c\u0435\u043d\u0434\u0430\u0446\u0438\u0438 \u043f\u043e \u0443\u0445\u043e\u0434\u0443: \u041c\u0430\u0448\u0438\u043d\u043d\u0430\u044f \u0441\u0442\u0438\u0440\u043a\u0430<\/p>\n<p>Farbe: pflaume<br \/>\n\u0423\u0437\u043e\u0440: \u0431\u0435\u0437<br \/>\n\u0420\u0430\u0437\u043c\u0435\u0440: 40<\/p>\n<p>\u0428\u0438\u0440\u0438\u043d\u0430 \u043f\u043b\u0435\u0447: 45 \u0441\u043c<br \/>\n\u0428\u0438\u0440\u0438\u043d\u0430 \u0433\u0440\u0443\u0434\u0438: 112 \u0441\u043c<br \/>\n\u0414\u043b\u0438\u043d\u0430 \u0440\u0443\u043a\u0430\u0432\u0430: 62 \u0441\u043c<br \/>\n\u041e\u0431\u0449\u0430\u044f \u0434\u043b\u0438\u043d\u0430: 67 \u0441\u043c<\/p>\n<p>\u042d\u0442\u043e\u0442 \u043d\u043e\u0432\u044b\u0439 \u0442\u043e\u0432\u0430\u0440 \u044f\u0432\u043b\u044f\u0435\u0442\u0441\u044f \u0432\u043e\u0437\u0432\u0440\u0430\u0449\u0435\u043d\u043d\u044b\u043c \u043f\u043e\u043a\u0443\u043f\u0430\u0442\u0435\u043b\u0435\u043c \u0431\u0435\u0437 \u044d\u0442\u0438\u043a\u0435\u0442\u043a\u0438.<\/p>","protected":false},"excerpt":{"rendered":"<div class=\"OOCVTable__TableBlock-fragment-product-master__sc-avk7r9-0 bHjtgb\">\n<div class=\"OOCVTable__TableRow-fragment-product-master__sc-avk7r9-2 bhnjgZ\">\n<div class=\"OOCVTable__KeyTableCell-fragment-product-master__sc-avk7r9-3 jCbhNz\">Materialzusammensetzung: Obermaterial: 100% Polyester<\/div>\n<\/div>\n<div class=\"OOCVTable__TableRow-fragment-product-master__sc-avk7r9-2 bhnjgZ\">\n<div class=\"OOCVTable__KeyTableCell-fragment-product-master__sc-avk7r9-3 jCbhNz\">Materialart: Cr\u00eape<\/div>\n<\/div>\n<div class=\"OOCVTable__TableRow-fragment-product-master__sc-avk7r9-2 bhnjgZ\">\n<div class=\"OOCVTable__KeyTableCell-fragment-product-master__sc-avk7r9-3 jCbhNz\">\u0420\u0435\u043a\u043e\u043c\u0435\u043d\u0434\u0430\u0446\u0438\u0438 \u043f\u043e \u0443\u0445\u043e\u0434\u0443: \u041c\u0430\u0448\u0438\u043d\u043d\u0430\u044f \u0441\u0442\u0438\u0440\u043a\u0430<\/div>\n<\/div>\n<\/div>\n<div class=\"OOCVTable__TableBlock-fragment-product-master__sc-avk7r9-0 bHjtgb\">\n<div class=\"OOCVTable__TableRow-fragment-product-master__sc-avk7r9-2 bhnjgZ\">\n<div class=\"OOCVTable__KeyTableCell-fragment-product-master__sc-avk7r9-3 jCbhNz\">\u0421\u0442\u0438\u043b\u044c: \u043c\u043e\u0434\u043d\u044b\u0439<\/div>\n<\/div>\n<\/div>\n<div class=\"OOCVTable__TableBlock-fragment-product-master__sc-avk7r9-0 bHjtgb\">\n<div class=\"OOCVTable__TableRow-fragment-product-master__sc-avk7r9-2 bhnjgZ\">\n<div class=\"OOCVTable__KeyTableCell-fragment-product-master__sc-avk7r9-3 jCbhNz\">Farbe: pflaume<\/div>\n<\/div>\n<\/div>\n<div class=\"OOCVTable__TableBlock-fragment-product-master__sc-avk7r9-0 bHjtgb\">\n<div class=\"OOCVTable__TableRow-fragment-product-master__sc-avk7r9-2 bhnjgZ\">\n<div class=\"OOCVTable__KeyTableCell-fragment-product-master__sc-avk7r9-3 jCbhNz\">\u0412\u043e\u0440\u043e\u0442\u043d\u0438\u043a: \u0432\u043e\u0440\u043e\u0442\u043d\u0438\u043a-\u0441\u0442\u043e\u0439\u043a\u0430<\/div>\n<\/div>\n<div class=\"OOCVTable__TableRow-fragment-product-master__sc-avk7r9-2 bhnjgZ\">\n<div class=\"OOCVTable__KeyTableCell-fragment-product-master__sc-avk7r9-3 jCbhNz\">\u0420\u0443\u043a\u0430\u0432\u0430: \u0414\u043b\u0438\u043d\u043d\u044b\u0439 \u0440\u0443\u043a\u0430\u0432<\/div>\n<\/div>\n<div class=\"OOCVTable__TableRow-fragment-product-master__sc-avk7r9-2 bhnjgZ\">\n<div class=\"OOCVTable__KeyTableCell-fragment-product-master__sc-avk7r9-3 jCbhNz\">\u00c4rmelabschluss: Smokb\u00fcndchen<\/div>\n<\/div>\n<div class=\"OOCVTable__TableRow-fragment-product-master__sc-avk7r9-2 bhnjgZ\">\n<div class=\"OOCVTable__KeyTableCell-fragment-product-master__sc-avk7r9-3 jCbhNz\">\u0424\u0430\u0441\u043e\u043d: \u043e\u0431\u043b\u0435\u0433\u0430\u044e\u0449\u0438\u0439<\/div>\n<\/div>\n<div class=\"OOCVTable__TableRow-fragment-product-master__sc-avk7r9-2 bhnjgZ\">\n<div class=\"OOCVTable__KeyTableCell-fragment-product-master__sc-avk7r9-3 jCbhNz\">Schnittform L\u00e4nge: h\u00fcftbedeckend<\/div>\n<\/div>\n<\/div>","protected":false},"featured_media":78956,"comment_status":"open","ping_status":"closed","template":"","meta":{"_seopress_robots_primary_cat":"","_seopress_titles_title":"","_seopress_titles_desc":"","_seopress_robots_index":""},"product_brand":[],"product_cat":[1348,1414,1415],"product_tag":[],"class_list":{"0":"post-78880","1":"product","2":"type-product","3":"status-publish","4":"has-post-thumbnail","6":"product_cat-damen-mode","7":"product_cat-blusen","8":"product_cat-langarm","9":"product_shipping_class-standard-versand","11":"first","12":"instock","13":"sale","14":"taxable","15":"shipping-taxable","16":"purchasable","17":"product-type-simple"},"_links":{"self":[{"href":"https:\/\/www.soanam.de\/ru\/wp-json\/wp\/v2\/product\/78880","targetHints":{"allow":["GET"]}}],"collection":[{"href":"https:\/\/www.soanam.de\/ru\/wp-json\/wp\/v2\/product"}],"about":[{"href":"https:\/\/www.soanam.de\/ru\/wp-json\/wp\/v2\/types\/product"}],"replies":[{"embeddable":true,"href":"https:\/\/www.soanam.de\/ru\/wp-json\/wp\/v2\/comments?post=78880"}],"wp:featuredmedia":[{"embeddable":true,"href":"https:\/\/www.soanam.de\/ru\/wp-json\/wp\/v2\/media\/78956"}],"wp:attachment":[{"href":"https:\/\/www.soanam.de\/ru\/wp-json\/wp\/v2\/media?parent=78880"}],"wp:term":[{"taxonomy":"product_brand","embeddable":true,"href":"https:\/\/www.soanam.de\/ru\/wp-json\/wp\/v2\/product_brand?post=78880"},{"taxonomy":"product_cat","embeddable":true,"href":"https:\/\/www.soanam.de\/ru\/wp-json\/wp\/v2\/product_cat?post=78880"},{"taxonomy":"product_tag","embeddable":true,"href":"https:\/\/www.soanam.de\/ru\/wp-json\/wp\/v2\/product_tag?post=78880"}],"curies":[{"name":"wp","href":"https:\/\/api.w.org\/{rel}","templated":true}]}}