{"id":78817,"date":"2023-12-13T21:53:51","date_gmt":"2023-12-13T20:53:51","guid":{"rendered":"https:\/\/www.soanam.de\/?post_type=product&#038;p=78817"},"modified":"2023-12-13T21:55:48","modified_gmt":"2023-12-13T20:55:48","slug":"ajc-carmenbluse-mit-3-4-arm-in-schwarz-weiss-gestreift-groesse-38","status":"publish","type":"product","link":"https:\/\/www.soanam.de\/ru\/produkt\/ajc-carmenbluse-mit-3-4-arm-in-schwarz-weiss-gestreift-groesse-38\/","title":{"rendered":"\u0411\u043b\u0443\u0437\u043a\u0430 AJC Carmen \u0441 \u0440\u0443\u043a\u0430\u0432\u0430\u043c\u0438 3\/4, \u0447\u0435\u0440\u043d\u0430\u044f\/\u0431\u0435\u043b\u0430\u044f, \u0432 \u043f\u043e\u043b\u043e\u0441\u043a\u0443, \u0440\u0430\u0437\u043c\u0435\u0440 38"},"content":{"rendered":"<p>Damenbluse von AJC<br \/>\nCarmen-Ausschnitt<br \/>\nGeknotete Manschetten und 3\/4-\u00c4rmel<br \/>\nL\u00e4ssig geschnittene Passform<br \/>\n\u041c\u043e\u0434\u043d\u044b\u0435 \u043f\u043e\u043b\u043e\u0441\u043a\u0438<\/p>\n<p>Die trendige Bluse mit Carmen-Ausschnitt von AJC, in coolem Streifen-Look.<br \/>\nGeknotete Manschetten und 3\/4-\u00c4rmel, ein gerundeter Saum und eine angenehme Baumwollqualit\u00e4t zeichnen die Sommerbluse aus.<\/p>\n<p>\u041c\u0430\u0442\u0435\u0440\u0438\u0430\u043b: \u0445\u043b\u043e\u043f\u043e\u043a 100%<br \/>\n\u0420\u0435\u043a\u043e\u043c\u0435\u043d\u0434\u0430\u0446\u0438\u0438 \u043f\u043e \u0443\u0445\u043e\u0434\u0443: \u041c\u0430\u0448\u0438\u043d\u043d\u0430\u044f \u0441\u0442\u0438\u0440\u043a\u0430<\/p>\n<p>\u0426\u0432\u0435\u0442: \u0447\u0435\u0440\u043d\u044b\u0439 \u0438 \u0431\u0435\u043b\u044b\u0439<br \/>\n\u0423\u0437\u043e\u0440: \u043f\u043e\u043b\u043e\u0441\u043a\u0438<br \/>\n\u0420\u0430\u0437\u043c\u0435\u0440: 38<\/p>\n<p>\u0428\u0438\u0440\u0438\u043d\u0430 \u043f\u043b\u0435\u0447: 38 \u0441\u043c<br \/>\n\u0428\u0438\u0440\u0438\u043d\u0430 \u0433\u0440\u0443\u0434\u0438: 100 \u0441\u043c<br \/>\n\u0414\u043b\u0438\u043d\u0430 \u0440\u0443\u043a\u0430\u0432\u0430: 39 \u0441\u043c<br \/>\nGesamtl\u00e4nge: 59cm<\/p>","protected":false},"excerpt":{"rendered":"<div class=\"artikelmerkmale-zeile\">\n<div class=\"artikelmerkmale-left\">\u00c4rmell\u00e4nge: 3\/4 \u00c4rmel<\/div>\n<\/div>\n<div class=\"artikelmerkmale-zeile\">\n<div class=\"artikelmerkmale-left\">Farbe: Schwarz-wei\u00df-gestreift<\/div>\n<\/div>\n<div class=\"artikelmerkmale-zeile\">\n<div class=\"artikelmerkmale-left\">Produktart: Bluse<\/div>\n<\/div>\n<div class=\"artikelmerkmale-zeile\">\n<div class=\"artikelmerkmale-left\">\u041c\u0430\u0442\u0435\u0440\u0438\u0430\u043b: \u0445\u043b\u043e\u043f\u043e\u043a 100%<\/div>\n<\/div>\n<div class=\"artikelmerkmale-zeile\">\n<div class=\"artikelmerkmale-left\">Marke: AJC<\/div>\n<\/div>\n<div class=\"artikelmerkmale-zeile\">\n<div class=\"artikelmerkmale-left\">Jahreszeit: Sommer<\/div>\n<\/div>\n<div class=\"artikelmerkmale-zeile\">\n<div class=\"artikelmerkmale-left\">Anlass: Freizeit<\/div>\n<\/div>\n<div class=\"artikelmerkmale-zeile\">\n<div class=\"artikelmerkmale-left\">Ausschnitt: Carmen<\/div>\n<\/div>\n<div class=\"artikelmerkmale-zeile\">\n<div class=\"artikelmerkmale-left\">Thema: Modern<\/div>\n<\/div>\n<div class=\"artikelmerkmale-zeile\">\n<div class=\"artikelmerkmale-left\">Stil: Basic<\/div>\n<\/div>\n<div class=\"artikelmerkmale-zeile\">\n<div class=\"artikelmerkmale-left\">\u041f\u043e\u0441\u0430\u0434\u043a\u0430: \u043e\u0431\u044b\u0447\u043d\u0430\u044f<\/div>\n<\/div>\n<div class=\"artikelmerkmale-zeile\">\n<div class=\"artikelmerkmale-left\">Muster: Gestreift<\/div>\n<\/div>\n<div class=\"artikelmerkmale-zeile\">\n<div class=\"artikelmerkmale-left\">Vintage: Nein<\/div>\n<\/div>\n<div class=\"artikelmerkmale-zeile\">\n<div class=\"artikelmerkmale-left\">Gr\u00f6\u00dfenkategorie: Normalgr\u00f6\u00dfe<\/div>\n<\/div>\n<div class=\"artikelmerkmale-zeile\">\n<div class=\"artikelmerkmale-left\">Abteilung: Damen<\/div>\n<\/div>\n<div class=\"artikelmerkmale-zeile\">\n<div class=\"artikelmerkmale-left\">Textilpflege: Maschinenw\u00e4sche<\/div>\n<\/div>","protected":false},"featured_media":78913,"comment_status":"open","ping_status":"closed","template":"","meta":{"_seopress_robots_primary_cat":"","_seopress_titles_title":"","_seopress_titles_desc":"","_seopress_robots_index":""},"product_brand":[],"product_cat":[1348,1414,1540],"product_tag":[],"class_list":{"0":"post-78817","1":"product","2":"type-product","3":"status-publish","4":"has-post-thumbnail","6":"product_cat-damen-mode","7":"product_cat-blusen","8":"product_cat-3-4-arm","9":"product_shipping_class-standard-versand","11":"first","12":"instock","13":"sale","14":"taxable","15":"shipping-taxable","16":"purchasable","17":"product-type-simple"},"_links":{"self":[{"href":"https:\/\/www.soanam.de\/ru\/wp-json\/wp\/v2\/product\/78817","targetHints":{"allow":["GET"]}}],"collection":[{"href":"https:\/\/www.soanam.de\/ru\/wp-json\/wp\/v2\/product"}],"about":[{"href":"https:\/\/www.soanam.de\/ru\/wp-json\/wp\/v2\/types\/product"}],"replies":[{"embeddable":true,"href":"https:\/\/www.soanam.de\/ru\/wp-json\/wp\/v2\/comments?post=78817"}],"wp:featuredmedia":[{"embeddable":true,"href":"https:\/\/www.soanam.de\/ru\/wp-json\/wp\/v2\/media\/78913"}],"wp:attachment":[{"href":"https:\/\/www.soanam.de\/ru\/wp-json\/wp\/v2\/media?parent=78817"}],"wp:term":[{"taxonomy":"product_brand","embeddable":true,"href":"https:\/\/www.soanam.de\/ru\/wp-json\/wp\/v2\/product_brand?post=78817"},{"taxonomy":"product_cat","embeddable":true,"href":"https:\/\/www.soanam.de\/ru\/wp-json\/wp\/v2\/product_cat?post=78817"},{"taxonomy":"product_tag","embeddable":true,"href":"https:\/\/www.soanam.de\/ru\/wp-json\/wp\/v2\/product_tag?post=78817"}],"curies":[{"name":"wp","href":"https:\/\/api.w.org\/{rel}","templated":true}]}}