{"id":78582,"date":"2023-12-13T21:22:23","date_gmt":"2023-12-13T20:22:23","guid":{"rendered":"https:\/\/www.soanam.de\/?post_type=product&#038;p=78582"},"modified":"2023-12-13T21:24:33","modified_gmt":"2023-12-13T20:24:33","slug":"%d0%bf%d0%be%d0%b4%d0%b0%d1%80%d0%be%d1%87%d0%bd%d1%8b%d0%b9-%d0%bd%d0%b0%d0%b1%d0%be%d1%80-kneipp-%d1%81-%d0%bd%d0%b0%d1%82%d1%83%d1%80%d0%b0%d0%bb%d1%8c%d0%bd%d1%8b%d0%bc-%d0%ba%d1%80%d0%b5%d0%bc","status":"publish","type":"product","link":"https:\/\/www.soanam.de\/ru\/produkt\/kneipp-geschenkset-with-love-natuerliche-handcreme-und-lippenpflege-tasche\/","title":{"rendered":"\u041f\u043e\u0434\u0430\u0440\u043e\u0447\u043d\u044b\u0439 \u043d\u0430\u0431\u043e\u0440 Kneipp - With Love - \u043d\u0430\u0442\u0443\u0440\u0430\u043b\u044c\u043d\u044b\u0439 \u043a\u0440\u0435\u043c \u0434\u043b\u044f \u0440\u0443\u043a \u0438 \u0431\u0430\u043b\u044c\u0437\u0430\u043c \u0434\u043b\u044f \u0433\u0443\u0431 + \u0441\u0443\u043c\u043a\u0430"},"content":{"rendered":"<h3>\u041e\u043f\u0438\u0441\u0430\u043d\u0438\u0435 \u0442\u043e\u0432\u0430\u0440\u0430<\/h3>\n<p>\u0412 \u043f\u043e\u0434\u0430\u0440\u043e\u0447\u043d\u043e\u043c \u043d\u0430\u0431\u043e\u0440\u0435 Kneipp \"\u0421 \u043b\u044e\u0431\u043e\u0432\u044c\u044e\" \u0432\u044b \u043c\u043e\u0436\u0435\u0442\u0435 \u0440\u0430\u0441\u0441\u0447\u0438\u0442\u044b\u0432\u0430\u0442\u044c \u043d\u0430 \u0437\u0430\u0431\u043e\u0442\u0443, \u0438\u0434\u0443\u0449\u0443\u044e \u043e\u0442 \u0441\u0435\u0440\u0434\u0446\u0430.<br \/>\n\u0411\u0430\u043b\u044c\u0437\u0430\u043c \u0434\u043b\u044f \u0433\u0443\u0431 (4,7 \u0433) + \u043a\u0440\u0435\u043c \u0434\u043b\u044f \u0440\u0443\u043a (75 \u043c\u043b)<\/p>\n<p>Kneipp lip care - \u044d\u0442\u043e \u0431\u0430\u043b\u044c\u0437\u0430\u043c \u0434\u043b\u044f \u0433\u0443\u0431, \u0441\u043e\u0437\u0434\u0430\u043d\u043d\u044b\u0439 \u0438\u0437 100% \u043d\u0430\u0442\u0443\u0440\u0430\u043b\u044c\u043d\u044b\u0445 \u0438\u043d\u0433\u0440\u0435\u0434\u0438\u0435\u043d\u0442\u043e\u0432. \u041c\u0430\u0441\u043b\u043e \u0441\u0435\u043c\u044f\u043d \u0431\u0443\u0437\u0438\u043d\u044b \u0438 \u043f\u0438\u0442\u0430\u0442\u0435\u043b\u044c\u043d\u043e\u0435, \u043d\u0435\u0436\u043d\u043e\u0435 \u043c\u0430\u0441\u043b\u043e \u0448\u0438 \u043e\u0431\u0435\u0441\u043f\u0435\u0447\u0438\u0432\u0430\u044e\u0442 \u0441\u043e\u0431\u043b\u0430\u0437\u043d\u0438\u0442\u0435\u043b\u044c\u043d\u0443\u044e \u043c\u044f\u0433\u043a\u043e\u0441\u0442\u044c \u0433\u0443\u0431. \u041d\u0438\u043a\u0442\u043e \u043d\u0435 \u0434\u043e\u043b\u0436\u0435\u043d \u0443\u043f\u0443\u0441\u0442\u0438\u0442\u044c \u043f\u0440\u0438\u044f\u0442\u043d\u044b\u0439 \u0430\u0440\u043e\u043c\u0430\u0442 \u0438 \u043e\u0441\u043e\u0431\u0435\u043d\u043d\u043e \u0434\u043b\u0438\u0442\u0435\u043b\u044c\u043d\u044b\u0439, \u0438\u043d\u0442\u0435\u043d\u0441\u0438\u0432\u043d\u044b\u0439 \u0443\u0445\u043e\u0434.<\/p>\n<p>Sch\u00fctzen und verw\u00f6hnen Sie Ihre trockenen, strapazierten H\u00e4nde mit der feuchtigkeitsspendenen Kneipp Intensiv-Handcreme. Eine Textur aus Sheabutter, Mandel\u00f6l und Magnolie, reichhaltig - n\u00e4hrend und pflegend, f\u00fcr zarte Momente.<\/p>\n<p>\u041a\u043e\u0441\u043c\u0435\u0442\u0438\u0447\u043a\u0430 \u0432 \u043c\u043e\u0434\u043d\u043e\u043c \u0441\u043e\u0447\u0435\u0442\u0430\u043d\u0438\u0438 \u043f\u0440\u043e\u0431\u043a\u0438 \u0438 \u0445\u043b\u043e\u043f\u043a\u0430, \u0438\u0434\u0435\u0430\u043b\u044c\u043d\u043e \u043f\u043e\u0434\u0445\u043e\u0434\u044f\u0449\u0430\u044f \u0434\u043b\u044f \u043f\u043e\u0434\u0430\u0440\u043a\u0430.<\/p>\n<p><strong>\u0418\u043d\u0433\u0440\u0435\u0434\u0438\u0435\u043d\u0442\u044b<\/strong>:<br \/>\n\u041a\u0440\u0435\u043c \u0434\u043b\u044f \u0440\u0443\u043a 75 \u0433: Aqua (Water), Glycerin, Caprylic\/Capric Triglyceride, Prunus Amygdalus Dulcis (Sweet Almond) Oil, Cetearyl Alcohol, Panthenol, Distarch Phosphate, Tocopheryl Acetate, Glyceryl Stearate Citrate, Hydrogenated Vegetable Oil, Butyrospermum Parkii (Shea) Butter, Limnanthes Alba (Meadowfoam) Seed Oil, Magnolia Biondii Flower Extract, Viola Odorata Flower Extract, Viola Tricolor Extract, Citrus Limon (Lemon) Peel Oil, Limonene, Hexyl Cinnamal, Citral, Benzyl Alcohol, Geraniol, Linalool, p-Anisic Acid, Parfum (Fragrance), Caprylyl Glycol, Xanthan Gum, Sodium Stearoyl Glutamate, Glyceryl Caprylate, Bisabolol, Carrageenan, Arginine, Glycine Soja (Soybean) Oil, Citric Acid, Tocopherol<\/p>\n<p><strong>\u0423\u0445\u0430\u0436\u0438\u0432\u0430\u044e\u0449\u0435\u0435 \u0434\u0435\u0439\u0441\u0442\u0432\u0438\u0435 \u043d\u0430 \u043a\u043e\u0436\u0443<\/strong>:<\/p>\n<p>\u0423\u0432\u043b\u0430\u0436\u043d\u044f\u044e\u0449\u0438\u0439, \u043f\u0438\u0442\u0430\u0442\u0435\u043b\u044c\u043d\u044b\u0439, \u0440\u0435\u0433\u0435\u043d\u0435\u0440\u0438\u0440\u0443\u044e\u0449\u0438\u0439<br \/>\n\u041f\u043e\u0434\u0445\u043e\u0434\u0438\u0442 \u0434\u043b\u044f \u0442\u0438\u043f\u043e\u0432 \u043a\u043e\u0436\u0438: \u0441\u0443\u0445\u0430\u044f \u043a\u043e\u0436\u0430<br \/>\n\u041a\u043b\u044e\u0447\u0435\u0432\u044b\u0435 \u0438\u043d\u0433\u0440\u0435\u0434\u0438\u0435\u043d\u0442\u044b: \u043c\u0438\u043d\u0434\u0430\u043b\u044c\u043d\u043e\u0435 \u043c\u0430\u0441\u043b\u043e, \u043c\u0430\u0441\u043b\u043e \u0448\u0438<\/p>\n<p><strong>\u0418\u043d\u0433\u0440\u0435\u0434\u0438\u0435\u043d\u0442\u044b<\/strong>:<br \/>\nRhus Verniciflua Peel Cera, Olea Europaea (Olive) Fruit Oil Cocos Nucifera (Coconut) Oil, Butyrospermum Parkii (Shea) Butter, Simmondsia Chinensis (Jojoba) Seed Oil, Candelilla Cera, Prunus Armeniaca (Apricot) Kernel Oil, Sclerocarya Birrea (Marula) Seed Oil, Sambucus Nigra (Elderberry) Seed Oil, Helianthus Annuus (Sunflower) Seed Oil, Citrus Limon Peel Oil, Lavandula Hybrida Oil, Citrus Aurantium Bergamia (Bergamot) Fruit Oil, Linalool, Limonene, Eugenol, Citral, Benzyl Salicylate, Geraniol, Parfum (Fragrance), Tocopherol. | \u0418\u043d\u0442\u0435\u043d\u0441\u0438\u0432\u043d\u044b\u0439 \u043a\u0440\u0435\u043c \u0434\u043b\u044f \u0440\u0443\u043a \u0441 \u043c\u0430\u0441\u043b\u043e\u043c \u043c\u0430\u0433\u043d\u043e\u043b\u0438\u0438 \u0448\u0438: Aqua (Water), Glycerin, Caprylic\/Capric Triglyceride, Prunus Amygdalus Dulcis (Sweet Almond) Oil, Cetearyl Alcohol, Panthenol, Distarch Phosphate, Tocopheryl Acetate, Glyceryl Stearate Citrate, Hydrogenated Vegetable Oil, Butyrospermum Parkii (Shea) Butter, Limnanthes Alba (Meadowfoam) Seed Oil, Magnolia Biondii Flower Extract, Viola Odorata Flower Extract, Viola Tricolor Extract, Citrus Limon (Lemon) Peel Oil, Limonene, Hexyl Cinnamal, Citral, Benzyl Alcohol, Geraniol, Linalool, p-Anisic Acid, Parfum (Fragrance), Caprylyl Glycol, Xanthan Gum, Sodium Stearoyl Glutamate, Glyceryl Caprylate, Bisabolol, Carrageenan, Arginine, Glycine Soja (Soybean) Oil, Citric Acid, Tocopherol.<\/p>","protected":false},"excerpt":{"rendered":"<h3>Artikelmerkmale<\/h3>\n<p>Artikelzustand: Neu - Neuer, unbenutzter und unbesch\u00e4digter Artikel in der unge\u00f6ffneten Verpackung<\/p>\n<table dir=\"ltr\" border=\"1\" cellspacing=\"0\" cellpadding=\"0\">\n<colgroup>\n<col width=\"203\" \/>\n<col width=\"259\" \/><\/colgroup>\n<tbody>\n<tr>\n<td data-sheets-value=\"{&quot;1&quot;:2,&quot;2&quot;:&quot;Angebotspaket:&quot;}\">Angebotspaket:<\/td>\n<td data-sheets-value=\"{&quot;1&quot;:2,&quot;2&quot;:&quot;Ja&quot;}\">Ja<\/td>\n<\/tr>\n<tr>\n<td data-sheets-value=\"{&quot;1&quot;:2,&quot;2&quot;:&quot;Beschreibung des Paketinhalts:&quot;}\">Beschreibung des Paketinhalts:<\/td>\n<td data-sheets-value=\"{&quot;1&quot;:2,&quot;2&quot;:&quot;Lippenpflege (4,7g) + Handcreme (75ml)&quot;}\">\u0411\u0430\u043b\u044c\u0437\u0430\u043c \u0434\u043b\u044f \u0433\u0443\u0431 (4,7 \u0433) + \u043a\u0440\u0435\u043c \u0434\u043b\u044f \u0440\u0443\u043a (75 \u043c\u043b)<\/td>\n<\/tr>\n<tr>\n<td data-sheets-value=\"{&quot;1&quot;:2,&quot;2&quot;:&quot;EAN:&quot;}\">EAN:<\/td>\n<td data-sheets-value=\"{&quot;1&quot;:3,&quot;3&quot;:4008233153209}\">4008233153209<\/td>\n<\/tr>\n<tr>\n<td data-sheets-value=\"{&quot;1&quot;:2,&quot;2&quot;:&quot;Herstellernummer:&quot;}\">Herstellernummer:<\/td>\n<td data-sheets-value=\"{&quot;1&quot;:3,&quot;3&quot;:2007082}\">2007082<\/td>\n<\/tr>\n<tr>\n<td data-sheets-value=\"{&quot;1&quot;:2,&quot;2&quot;:&quot;Herstellungsland und -region:&quot;}\">Herstellungsland und -region:<\/td>\n<td data-sheets-value=\"{&quot;1&quot;:2,&quot;2&quot;:&quot;Deutschland&quot;}\">\u0413\u0435\u0440\u043c\u0430\u043d\u0438\u044f<\/td>\n<\/tr>\n<tr>\n<td data-sheets-value=\"{&quot;1&quot;:2,&quot;2&quot;:&quot;Marke:&quot;}\">Marke:<\/td>\n<td data-sheets-value=\"{&quot;1&quot;:2,&quot;2&quot;:&quot;Kneipp&quot;}\">\u041a\u043d\u0435\u0439\u043f\u043f<\/td>\n<\/tr>\n<tr>\n<td data-sheets-value=\"{&quot;1&quot;:2,&quot;2&quot;:&quot;Modifizierter Artikel:&quot;}\">Modifizierter Artikel:<\/td>\n<td data-sheets-value=\"{&quot;1&quot;:2,&quot;2&quot;:&quot;Nein&quot;}\">Nein<\/td>\n<\/tr>\n<tr>\n<td data-sheets-value=\"{&quot;1&quot;:2,&quot;2&quot;:&quot;MPN:&quot;}\">MPN:<\/td>\n<td data-sheets-value=\"{&quot;1&quot;:3,&quot;3&quot;:915842}\">915842<\/td>\n<\/tr>\n<tr>\n<td data-sheets-value=\"{&quot;1&quot;:2,&quot;2&quot;:&quot;PZN:&quot;}\">PZN:<\/td>\n<td data-sheets-value=\"{&quot;1&quot;:3,&quot;3&quot;:2007082}\">2007082<\/td>\n<\/tr>\n<\/tbody>\n<\/table>","protected":false},"featured_media":78690,"comment_status":"open","ping_status":"closed","template":"","meta":{"_seopress_robots_primary_cat":"","_seopress_titles_title":"","_seopress_titles_desc":"","_seopress_robots_index":""},"product_brand":[],"product_cat":[1442,1443,1524],"product_tag":[],"class_list":{"0":"post-78582","1":"product","2":"type-product","3":"status-publish","4":"has-post-thumbnail","6":"product_cat-kosmetik","7":"product_cat-gesichtspflege","8":"product_cat-koerperpflege","9":"product_shipping_class-standard-versand","11":"first","12":"instock","13":"sale","14":"taxable","15":"shipping-taxable","16":"purchasable","17":"product-type-simple"},"_links":{"self":[{"href":"https:\/\/www.soanam.de\/ru\/wp-json\/wp\/v2\/product\/78582","targetHints":{"allow":["GET"]}}],"collection":[{"href":"https:\/\/www.soanam.de\/ru\/wp-json\/wp\/v2\/product"}],"about":[{"href":"https:\/\/www.soanam.de\/ru\/wp-json\/wp\/v2\/types\/product"}],"replies":[{"embeddable":true,"href":"https:\/\/www.soanam.de\/ru\/wp-json\/wp\/v2\/comments?post=78582"}],"wp:featuredmedia":[{"embeddable":true,"href":"https:\/\/www.soanam.de\/ru\/wp-json\/wp\/v2\/media\/78690"}],"wp:attachment":[{"href":"https:\/\/www.soanam.de\/ru\/wp-json\/wp\/v2\/media?parent=78582"}],"wp:term":[{"taxonomy":"product_brand","embeddable":true,"href":"https:\/\/www.soanam.de\/ru\/wp-json\/wp\/v2\/product_brand?post=78582"},{"taxonomy":"product_cat","embeddable":true,"href":"https:\/\/www.soanam.de\/ru\/wp-json\/wp\/v2\/product_cat?post=78582"},{"taxonomy":"product_tag","embeddable":true,"href":"https:\/\/www.soanam.de\/ru\/wp-json\/wp\/v2\/product_tag?post=78582"}],"curies":[{"name":"wp","href":"https:\/\/api.w.org\/{rel}","templated":true}]}}