{"id":78427,"date":"2023-12-13T21:19:20","date_gmt":"2023-12-13T20:19:20","guid":{"rendered":"https:\/\/www.soanam.de\/?post_type=product&#038;p=78427"},"modified":"2023-12-13T21:21:33","modified_gmt":"2023-12-13T20:21:33","slug":"2019-collection-schloss-schnait-lemberger-trocken-rotwein-075l","status":"publish","type":"product","link":"https:\/\/www.soanam.de\/ru\/produkt\/2019-collection-schloss-schnait-lemberger-trocken-rotwein-075l\/","title":{"rendered":"2019 \u041a\u043e\u043b\u043b\u0435\u043a\u0446\u0438\u044f \u0428\u043b\u043e\u0441\u0441 \u0428\u043d\u0430\u0439\u0442 \u041b\u0435\u043c\u0431\u0435\u0440\u0433\u0435\u0440 \u0441\u0443\u0445\u043e\u0439 - \u041a\u0440\u0430\u0441\u043d\u043e\u0435 \u0432\u0438\u043d\u043e 0,75 \u043b"},"content":{"rendered":"<h3>\u041e\u043f\u0438\u0441\u0430\u043d\u0438\u0435 \u0442\u043e\u0432\u0430\u0440\u0430<\/h3>\n<p>Ein k\u00f6niglicher W\u00fcrttemberger. Seine komplexe Farbdichte erinnert an den Saft von Granat\u00e4pfeln.<br \/>\nEin hohes Potenzial von Fruchtaromen assoziiert Brombeeren, Waldbeeren, Kirschen und Nelken beim aufsteigenden Duft im Glas.<br \/>\nAm Gaumen wirkt er kr\u00e4ftig, dicht und harmonisch.<br \/>\nIm Abgang pr\u00e4sentiert er sich ausgewogen rund mit einer zarten, \u00e4u\u00dferst filigranen Tanninstruktur.<\/p>\n<p>Sehr trocken, passt zu dunklem Fleisch, und auch als Abendwein zu empfehlen<\/p>\n<p><strong>\u043f\u043e\u0434\u0440\u043e\u0431\u043d\u043e\u0441\u0442\u0438<\/strong><\/p>\n<p>\u041e\u0431\u044a\u0435\u043c: 0,75 \u043b<br \/>\n\u0422\u0438\u043f \u0432\u0438\u043d\u0430: \u043a\u0440\u0430\u0441\u043d\u043e\u0435 \u0432\u0438\u043d\u043e<br \/>\nJahrgang: 2019<br \/>\nRebsorte: Lemberger<br \/>\n\u0423\u0440\u043e\u0432\u0435\u043d\u044c \u043a\u0430\u0447\u0435\u0441\u0442\u0432\u0430: \u041a\u0430\u0447\u0435\u0441\u0442\u0432\u0435\u043d\u043d\u043e\u0435 \u0432\u0438\u043d\u043e<br \/>\n\u0412\u043a\u0443\u0441: \u0421\u0443\u0445\u043e\u0439<br \/>\n\u0421\u043e\u0434\u0435\u0440\u0436\u0430\u043d\u0438\u0435 \u0430\u043b\u043a\u043e\u0433\u043e\u043b\u044f (\u043e\u0431.%): 12,5 %<br \/>\nS\u00e4uregehalt \/ L (Gr.): 6,1 g\/LRests\u00fc\u00dfe \/ L (Gr.): 4,5 g\/L<br \/>\nHaltbarkeit: 3-7 Jahre<br \/>\n\u0410\u043b\u043b\u0435\u0440\u0433\u0435\u043d\u044b: \u0421\u043e\u0434\u0435\u0440\u0436\u0438\u0442 \u0441\u0443\u043b\u044c\u0444\u0438\u0442\u044b<br \/>\nHersteller: Felsengartenkellerei Besigheim<br \/>\n\u0421\u0442\u0440\u0430\u043d\u0430: \u0413\u0435\u0440\u043c\u0430\u043d\u0438\u044f<br \/>\nRegion: W\u00fcrttemberg<\/p>\n<p><strong>\u041f\u0440\u0438\u043c\u0435\u0447\u0430\u043d\u0438\u0435<\/strong><br \/>\n\u0414\u043e\u0441\u0442\u0430\u0432\u043a\u0430 \u0442\u043e\u043b\u044c\u043a\u043e \u043b\u0438\u0446\u0430\u043c \u0441\u0442\u0430\u0440\u0448\u0435 18 \u043b\u0435\u0442<\/p>","protected":false},"excerpt":{"rendered":"<h3>Artikelmerkmale<\/h3>\n<p>Artikelzustand: Neu - Neuer, unbenutzter und unbesch\u00e4digter Artikel in der unge\u00f6ffneten Verpackung<\/p>\n<table dir=\"ltr\" border=\"1\" cellspacing=\"0\" cellpadding=\"0\">\n<colgroup>\n<col width=\"203\" \/>\n<col width=\"259\" \/><\/colgroup>\n<tbody>\n<tr>\n<td data-sheets-value=\"{&quot;1&quot;:2,&quot;2&quot;:&quot;Alkoholgehalt:&quot;}\">Alkoholgehalt:<\/td>\n<td data-sheets-value=\"{&quot;1&quot;:2,&quot;2&quot;:&quot;10,1-15%&quot;}\">12,5%<\/td>\n<\/tr>\n<tr>\n<td data-sheets-value=\"{&quot;1&quot;:2,&quot;2&quot;:&quot;Allergene:&quot;}\">Allergene:<\/td>\n<td data-sheets-value=\"{&quot;1&quot;:2,&quot;2&quot;:&quot;Schwefeldioxid &amp; Sulfite&quot;}\">Schwefeldioxid &amp; Sulfite<\/td>\n<\/tr>\n<tr>\n<td data-sheets-value=\"{&quot;1&quot;:2,&quot;2&quot;:&quot;Basis:&quot;}\">Basis:<\/td>\n<td data-sheets-value=\"{&quot;1&quot;:2,&quot;2&quot;:&quot;Lemberger&quot;}\">Lemberger<\/td>\n<\/tr>\n<tr>\n<td data-sheets-value=\"{&quot;1&quot;:2,&quot;2&quot;:&quot;EAN:&quot;}\">EAN:<\/td>\n<td data-sheets-value=\"{&quot;1&quot;:3,&quot;3&quot;:4010333030373}\">4010333030373<\/td>\n<\/tr>\n<tr>\n<td data-sheets-value=\"{&quot;1&quot;:2,&quot;2&quot;:&quot;Eigenschaften:&quot;}\">\u0421\u0432\u043e\u0439\u0441\u0442\u0432\u0430:<\/td>\n<td data-sheets-value=\"{&quot;1&quot;:2,&quot;2&quot;:&quot;dicht und harmonisch&quot;}\">dicht und harmonisch<\/td>\n<\/tr>\n<tr>\n<td data-sheets-value=\"{&quot;1&quot;:2,&quot;2&quot;:&quot;Farbe:&quot;}\">\u0426\u0432\u0435\u0442:<\/td>\n<td data-sheets-value=\"{&quot;1&quot;:2,&quot;2&quot;:&quot;Rot&quot;}\">\u041a\u0440\u0430\u0441\u043d\u044b\u0439<\/td>\n<\/tr>\n<tr>\n<td data-sheets-value=\"{&quot;1&quot;:2,&quot;2&quot;:&quot;Jahrgang:&quot;}\">Jahrgang:<\/td>\n<td data-sheets-value=\"{&quot;1&quot;:3,&quot;3&quot;:2019}\">2019<\/td>\n<\/tr>\n<tr>\n<td data-sheets-value=\"{&quot;1&quot;:2,&quot;2&quot;:&quot;Lebensmittelspezifikationen:&quot;}\">Lebensmittelspezifikationen:<\/td>\n<td data-sheets-value=\"{&quot;1&quot;:2,&quot;2&quot;:&quot;Alkoholhaltig&quot;}\">Alkoholhaltig<\/td>\n<\/tr>\n<tr>\n<td data-sheets-value=\"{&quot;1&quot;:2,&quot;2&quot;:&quot;Marke:&quot;}\">Marke:<\/td>\n<td data-sheets-value=\"{&quot;1&quot;:2,&quot;2&quot;:&quot;Lemberger&quot;}\">Lemberger<\/td>\n<\/tr>\n<tr>\n<td data-sheets-value=\"{&quot;1&quot;:2,&quot;2&quot;:&quot;Region:&quot;}\">Region:<\/td>\n<td data-sheets-value=\"{&quot;1&quot;:2,&quot;2&quot;:&quot;W\u00fcrttemberg, Deutschland&quot;}\">W\u00fcrttemberg, Deutschland<\/td>\n<\/tr>\n<tr>\n<td data-sheets-value=\"{&quot;1&quot;:2,&quot;2&quot;:&quot;Signiert:&quot;}\">Signiert:<\/td>\n<td data-sheets-value=\"{&quot;1&quot;:2,&quot;2&quot;:&quot;Nein&quot;}\">Nein<\/td>\n<\/tr>\n<tr>\n<td data-sheets-value=\"{&quot;1&quot;:2,&quot;2&quot;:&quot;Stil:&quot;}\">Stil:<\/td>\n<td data-sheets-value=\"{&quot;1&quot;:2,&quot;2&quot;:&quot;Trocken&quot;}\">Trocken<\/td>\n<\/tr>\n<tr>\n<td data-sheets-value=\"{&quot;1&quot;:2,&quot;2&quot;:&quot;Verpackung:&quot;}\">Verpackung:<\/td>\n<td data-sheets-value=\"{&quot;1&quot;:2,&quot;2&quot;:&quot;Flasche (Drehverschluss)&quot;}\">Flasche (Drehverschluss)<\/td>\n<\/tr>\n<tr>\n<td data-sheets-value=\"{&quot;1&quot;:2,&quot;2&quot;:&quot;Volumen:&quot;}\">Volumen:<\/td>\n<td data-sheets-value=\"{&quot;1&quot;:2,&quot;2&quot;:&quot;0,75 L&quot;}\">0,75 L<\/td>\n<\/tr>\n<\/tbody>\n<\/table>","protected":false},"featured_media":78539,"comment_status":"open","ping_status":"closed","template":"","meta":{"_seopress_robots_primary_cat":"","_seopress_titles_title":"","_seopress_titles_desc":"","_seopress_robots_index":""},"product_brand":[],"product_cat":[1499,1512],"product_tag":[],"class_list":{"0":"post-78427","1":"product","2":"type-product","3":"status-publish","4":"has-post-thumbnail","6":"product_cat-alkoholische-getraenke","7":"product_cat-weine","8":"product_shipping_class-standard-versand","10":"first","11":"instock","12":"sale","13":"taxable","14":"shipping-taxable","15":"purchasable","16":"product-type-simple"},"_links":{"self":[{"href":"https:\/\/www.soanam.de\/ru\/wp-json\/wp\/v2\/product\/78427","targetHints":{"allow":["GET"]}}],"collection":[{"href":"https:\/\/www.soanam.de\/ru\/wp-json\/wp\/v2\/product"}],"about":[{"href":"https:\/\/www.soanam.de\/ru\/wp-json\/wp\/v2\/types\/product"}],"replies":[{"embeddable":true,"href":"https:\/\/www.soanam.de\/ru\/wp-json\/wp\/v2\/comments?post=78427"}],"wp:featuredmedia":[{"embeddable":true,"href":"https:\/\/www.soanam.de\/ru\/wp-json\/wp\/v2\/media\/78539"}],"wp:attachment":[{"href":"https:\/\/www.soanam.de\/ru\/wp-json\/wp\/v2\/media?parent=78427"}],"wp:term":[{"taxonomy":"product_brand","embeddable":true,"href":"https:\/\/www.soanam.de\/ru\/wp-json\/wp\/v2\/product_brand?post=78427"},{"taxonomy":"product_cat","embeddable":true,"href":"https:\/\/www.soanam.de\/ru\/wp-json\/wp\/v2\/product_cat?post=78427"},{"taxonomy":"product_tag","embeddable":true,"href":"https:\/\/www.soanam.de\/ru\/wp-json\/wp\/v2\/product_tag?post=78427"}],"curies":[{"name":"wp","href":"https:\/\/api.w.org\/{rel}","templated":true}]}}