{"id":78406,"date":"2023-12-13T21:18:55","date_gmt":"2023-12-13T20:18:55","guid":{"rendered":"https:\/\/www.soanam.de\/?post_type=product&#038;p=78406"},"modified":"2023-12-13T21:21:09","modified_gmt":"2023-12-13T20:21:09","slug":"haba-302804-freche-farm-wuerfelspiel-fuer-2-4-spieler-ab-4-jahre","status":"publish","type":"product","link":"https:\/\/www.soanam.de\/ru\/produkt\/haba-302804-freche-farm-wuerfelspiel-fuer-2-4-spieler-ab-4-jahre\/","title":{"rendered":"HABA 302804 - Freche Farm - W\u00fcrfelspiel f\u00fcr 2-4 Spieler, ab 4 Jahre"},"content":{"rendered":"<h3>\u041e\u043f\u0438\u0441\u0430\u043d\u0438\u0435 \u0442\u043e\u0432\u0430\u0440\u0430<\/h3>\n<p>Es wird Abend auf der Farm. H\u00f6chste Zeit, die Tiere in den Stall zu bringen. Doch was ist da los? Die Tiere b\u00fcxen immer wieder aus. Stecken da etwa die Mitspieler dahinter? Also sind W\u00fcrfelgl\u00fcck und ein gutes Ged\u00e4chtnis gefragt. Wer es am Ende schafft, alle Tiere gleichzeitig im Stall zu haben, hat gewonnen.<\/p>\n<p><strong>\u043f\u043e\u0434\u0440\u043e\u0431\u043d\u043e\u0441\u0442\u0438<\/strong><br \/>\nMaterial: Pappe, Holz<br \/>\nAltersempfehlung des Herstellers: ab 4 Jahren<br \/>\nSpieleranzahl: 2 - 4 Spieler<\/p>\n<p><strong>Inhalt<\/strong>:<br \/>\n20 Papppl\u00e4ttchen in vier verschiedenen Stallfarben,<br \/>\n1 W\u00fcrfel,<br \/>\n1 Aufkleberbogen,<br \/>\n1 Spielanleitung.<\/p>\n<p><strong>\u041f\u0440\u0435\u0434\u0443\u043f\u0440\u0435\u0436\u0434\u0435\u043d\u0438\u044f<\/strong>:<br \/>\nAchtung. Nicht f\u00fcr Kinder unter 3 Jahren geeignet. Kleine Teile. Erstickungsgefahr.<\/p>","protected":false},"excerpt":{"rendered":"<h3>Artikelmerkmale<\/h3>\n<p>Artikelzustand: Neu - Neuer, unbenutzter und unbesch\u00e4digter Artikel in der unge\u00f6ffneten Verpackung<\/p>\n<table dir=\"ltr\" border=\"1\" cellspacing=\"0\" cellpadding=\"0\">\n<colgroup>\n<col width=\"203\" \/>\n<col width=\"468\" \/><\/colgroup>\n<tbody>\n<tr>\n<td data-sheets-value=\"{&quot;1&quot;:2,&quot;2&quot;:&quot;Alter:&quot;}\">Alter:<\/td>\n<td data-sheets-value=\"{&quot;1&quot;:2,&quot;2&quot;:&quot;ab 4 Jahre&quot;}\">ab 4 Jahre<\/td>\n<\/tr>\n<tr>\n<td data-sheets-value=\"{&quot;1&quot;:2,&quot;2&quot;:&quot;Altersempfehlung:&quot;}\">\u0420\u0435\u043a\u043e\u043c\u0435\u043d\u0434\u0430\u0446\u0438\u044f \u043f\u043e \u0432\u043e\u0437\u0440\u0430\u0441\u0442\u0443:<\/td>\n<td data-sheets-value=\"{&quot;1&quot;:2,&quot;2&quot;:&quot;3-4 Jahre&quot;}\">3-4 Jahre<\/td>\n<\/tr>\n<tr>\n<td data-sheets-value=\"{&quot;1&quot;:2,&quot;2&quot;:&quot;Autor:&quot;}\">Autor:<\/td>\n<td data-sheets-value=\"{&quot;1&quot;:2,&quot;2&quot;:&quot;Tim Rogasch&quot;}\">Tim Rogasch<\/td>\n<\/tr>\n<tr>\n<td data-sheets-value=\"{&quot;1&quot;:2,&quot;2&quot;:&quot;EAN:&quot;}\">EAN:<\/td>\n<td data-sheets-value=\"{&quot;1&quot;:3,&quot;3&quot;:4010168226446}\">4010168226446<\/td>\n<\/tr>\n<tr>\n<td data-sheets-value=\"{&quot;1&quot;:2,&quot;2&quot;:&quot;Herstellernummer:&quot;}\">Herstellernummer:<\/td>\n<td data-sheets-value=\"{&quot;1&quot;:3,&quot;3&quot;:302804}\">302804<\/td>\n<\/tr>\n<tr>\n<td data-sheets-value=\"{&quot;1&quot;:2,&quot;2&quot;:&quot;Kategorie:&quot;}\">Kategorie:<\/td>\n<td data-sheets-value=\"{&quot;1&quot;:2,&quot;2&quot;:&quot;Kinderspiele&quot;}\">Kinderspiele<\/td>\n<\/tr>\n<tr>\n<td data-sheets-value=\"{&quot;1&quot;:2,&quot;2&quot;:&quot;Marke:&quot;}\">Marke:<\/td>\n<td data-sheets-value=\"{&quot;1&quot;:2,&quot;2&quot;:&quot;Haba&quot;}\">Haba<\/td>\n<\/tr>\n<tr>\n<td data-sheets-value=\"{&quot;1&quot;:2,&quot;2&quot;:&quot;Material:&quot;}\">\u041c\u0430\u0442\u0435\u0440\u0438\u0430\u043b:<\/td>\n<td data-sheets-value=\"{&quot;1&quot;:2,&quot;2&quot;:&quot;Pappe&quot;}\">Pappe<\/td>\n<\/tr>\n<tr>\n<td data-sheets-value=\"{&quot;1&quot;:2,&quot;2&quot;:&quot;Minimale Spieleranzahl:&quot;}\">Minimale Spieleranzahl:<\/td>\n<td data-sheets-value=\"{&quot;1&quot;:2,&quot;2&quot;:&quot;2 Spieler&quot;}\">2 Spieler<\/td>\n<\/tr>\n<tr>\n<td data-sheets-value=\"{&quot;1&quot;:2,&quot;2&quot;:&quot;Spielart:&quot;}\">Spielart:<\/td>\n<td data-sheets-value=\"{&quot;1&quot;:2,&quot;2&quot;:&quot;Kinderspiel&quot;}\">Kinderspiel<\/td>\n<\/tr>\n<tr>\n<td data-sheets-value=\"{&quot;1&quot;:2,&quot;2&quot;:&quot;Spieldauer:&quot;}\">Spieldauer:<\/td>\n<td data-sheets-value=\"{&quot;1&quot;:2,&quot;2&quot;:&quot;ca. 10 Minuten&quot;}\">ca. 10 Minuten<\/td>\n<\/tr>\n<tr>\n<td data-sheets-value=\"{&quot;1&quot;:2,&quot;2&quot;:&quot;Spieleranzahl:&quot;}\">Spieleranzahl:<\/td>\n<td data-sheets-value=\"{&quot;1&quot;:2,&quot;2&quot;:&quot;f\u00fcr 2 - 4 Spieler&quot;}\">f\u00fcr 2 - 4 Spieler<\/td>\n<\/tr>\n<tr>\n<td data-sheets-value=\"{&quot;1&quot;:2,&quot;2&quot;:&quot;Sprache:&quot;}\">Sprache:<\/td>\n<td data-sheets-value=\"{&quot;1&quot;:2,&quot;2&quot;:&quot;Deutsch, Niederl\u00e4ndisch, Englisch, Spanisch, Italienisch, Franz\u00f6sisch&quot;}\">Deutsch, Niederl\u00e4ndisch, Englisch, Spanisch, Italienisch, Franz\u00f6sisch<\/td>\n<\/tr>\n<tr>\n<td data-sheets-value=\"{&quot;1&quot;:2,&quot;2&quot;:&quot;Thema:&quot;}\">Thema:<\/td>\n<td data-sheets-value=\"{&quot;1&quot;:2,&quot;2&quot;:&quot;Farmtiere&quot;}\">Farmtiere<\/td>\n<\/tr>\n<tr>\n<td data-sheets-value=\"{&quot;1&quot;:2,&quot;2&quot;:&quot;Titel:&quot;}\">Titel:<\/td>\n<td data-sheets-value=\"{&quot;1&quot;:2,&quot;2&quot;:&quot;Freche Farm&quot;}\">Freche Farm<\/td>\n<\/tr>\n<tr>\n<td data-sheets-value=\"{&quot;1&quot;:2,&quot;2&quot;:&quot;Verlag:&quot;}\">Verlag:<\/td>\n<td data-sheets-value=\"{&quot;1&quot;:2,&quot;2&quot;:&quot;Haba Sales Gmbh &amp; Co.Kg&quot;}\">Haba Sales Gmbh &amp; Co.Kg<\/td>\n<\/tr>\n<\/tbody>\n<\/table>","protected":false},"featured_media":78517,"comment_status":"open","ping_status":"closed","template":"","meta":{"_seopress_robots_primary_cat":"","_seopress_titles_title":"","_seopress_titles_desc":"","_seopress_robots_index":""},"product_brand":[],"product_cat":[1435],"product_tag":[],"class_list":{"0":"post-78406","1":"product","2":"type-product","3":"status-publish","4":"has-post-thumbnail","6":"product_cat-spielzeug","7":"product_shipping_class-standard-versand","9":"first","10":"instock","11":"sale","12":"taxable","13":"shipping-taxable","14":"purchasable","15":"product-type-simple"},"_links":{"self":[{"href":"https:\/\/www.soanam.de\/ru\/wp-json\/wp\/v2\/product\/78406","targetHints":{"allow":["GET"]}}],"collection":[{"href":"https:\/\/www.soanam.de\/ru\/wp-json\/wp\/v2\/product"}],"about":[{"href":"https:\/\/www.soanam.de\/ru\/wp-json\/wp\/v2\/types\/product"}],"replies":[{"embeddable":true,"href":"https:\/\/www.soanam.de\/ru\/wp-json\/wp\/v2\/comments?post=78406"}],"wp:featuredmedia":[{"embeddable":true,"href":"https:\/\/www.soanam.de\/ru\/wp-json\/wp\/v2\/media\/78517"}],"wp:attachment":[{"href":"https:\/\/www.soanam.de\/ru\/wp-json\/wp\/v2\/media?parent=78406"}],"wp:term":[{"taxonomy":"product_brand","embeddable":true,"href":"https:\/\/www.soanam.de\/ru\/wp-json\/wp\/v2\/product_brand?post=78406"},{"taxonomy":"product_cat","embeddable":true,"href":"https:\/\/www.soanam.de\/ru\/wp-json\/wp\/v2\/product_cat?post=78406"},{"taxonomy":"product_tag","embeddable":true,"href":"https:\/\/www.soanam.de\/ru\/wp-json\/wp\/v2\/product_tag?post=78406"}],"curies":[{"name":"wp","href":"https:\/\/api.w.org\/{rel}","templated":true}]}}