{"id":78244,"date":"2023-12-13T21:14:32","date_gmt":"2023-12-13T20:14:32","guid":{"rendered":"https:\/\/www.soanam.de\/?post_type=product&#038;p=78244"},"modified":"2023-12-13T21:18:03","modified_gmt":"2023-12-13T20:18:03","slug":"everybody-norma-classic-womens-ankle-boots-leather-gianduia-gr-40-5","status":"publish","type":"product","link":"https:\/\/www.soanam.de\/ru\/produkt\/everybody-norma-klassische-damenstiefelette-leder-gianduia-gr-40-5\/","title":{"rendered":"Everybody NORMA- \u041a\u043b\u0430\u0441\u0441\u0438\u0447\u0435\u0441\u043a\u0438\u0435 \u0436\u0435\u043d\u0441\u043a\u0438\u0435 \u0431\u043e\u0442\u0438\u043d\u043a\u0438 \u043f\u043e \u0449\u0438\u043a\u043e\u043b\u043e\u0442\u043a\u0443, \u043a\u043e\u0436\u0430, Gianduia, \u0440\u0430\u0437\u043c\u0435\u0440 40,5"},"content":{"rendered":"<h3>\u041e\u043f\u0438\u0441\u0430\u043d\u0438\u0435<\/h3>\n<p>Bei diesem formsch\u00f6nen Schuh der Marke Everybody handelt es sich um ein Modell aus der Kategorie Stiefeletten. Diese Damenschuhe in der Farbe Braun \u00fcberzeugen durch ein klares Design und unterstreichen die aktuelle Schuhmode. Gro\u00dfe Schuhe von Everybody lassen sich perfekt mit dem urbanen Modegeist kombinieren und verleihen jedem modernen aber auch einem klassisch-sportivem Outfit den passenden Schliff. Das Au\u00dfenmaterial bei diesem Modell wurde aus Leder hergestellt, als Innenmaterial wurde Textil verwendet. Bei diesen Schuhen kann als Weite Normale Weite (F-Weite) ber\u00fccksichtigt werden. Die Synthetik-Sohle sorgt jederzeit f\u00fcr einen guten Auftritt und ein Blockabsatz mit einer H\u00f6he von 2,5 cm sorgt f\u00fcr die harmonische Silhouette.<\/p>\n<p><strong>\u043f\u043e\u0434\u0440\u043e\u0431\u043d\u043e\u0441\u0442\u0438<\/strong><\/p>\n<p>Farbe: Gianduia<br \/>\nForm: Norma<\/p>\n<p>Unregelm\u00e4\u00dfige Lederf\u00e4rbung<br \/>\n\u041c\u044b\u0441\u043e\u043a: \u043a\u0440\u0443\u0433\u043b\u044b\u0439<br \/>\n\u0424\u043e\u0440\u043c\u0430 \u043a\u0430\u0431\u043b\u0443\u043a\u0430: \u0431\u043b\u043e\u0447\u043d\u044b\u0439 \u043a\u0430\u0431\u043b\u0443\u043a<br \/>\nSchaftdetail: Seitlicher Rei\u00dfverschluss<br \/>\n\u0417\u0430\u0441\u0442\u0435\u0436\u043a\u0430: \u0437\u0430\u0441\u0442\u0435\u0436\u043a\u0430-\u043c\u043e\u043b\u043d\u0438\u044f<br \/>\n\u0423\u0437\u043e\u0440: \u043e\u0434\u043d\u043e\u0442\u043e\u043d\u043d\u044b\u0435 \u0446\u0432\u0435\u0442\u0430<\/p>\n<p><strong>\u041c\u0430\u0442\u0435\u0440\u0438\u0430\u043b<\/strong><\/p>\n<p>\u0412\u0435\u0440\u0445\u043d\u0438\u0439 \u043c\u0430\u0442\u0435\u0440\u0438\u0430\u043b: \u043a\u043e\u0436\u0430<br \/>\n\u0412\u043d\u0443\u0442\u0440\u0435\u043d\u043d\u0438\u0439 \u043c\u0430\u0442\u0435\u0440\u0438\u0430\u043b: \u0442\u0435\u043a\u0441\u0442\u0438\u043b\u044c<br \/>\n\u0421\u0442\u0435\u043b\u044c\u043a\u0430: \u0442\u0435\u043a\u0441\u0442\u0438\u043b\u044c<br \/>\n\u041f\u043e\u0434\u043e\u0448\u0432\u0430: \u0441\u0438\u043d\u0442\u0435\u0442\u0438\u043a\u0430<br \/>\nF\u00fctterungsdicke: Leicht gef\u00fcttert<\/p>","protected":false},"excerpt":{"rendered":"<h3>Artikelmerkmale<\/h3>\n<p>\u0421\u043e\u0441\u0442\u043e\u044f\u043d\u0438\u0435 \u0442\u043e\u0432\u0430\u0440\u0430: \u041d\u043e\u0432\u044b\u0439 \u0441 \u044d\u0442\u0438\u043a\u0435\u0442\u043a\u043e\u0439: \u041d\u043e\u0432\u044b\u0439, \u043d\u0435\u0438\u0441\u043f\u043e\u043b\u044c\u0437\u043e\u0432\u0430\u043d\u043d\u044b\u0439 \u0438 \u043d\u0435\u043d\u043e\u0448\u0435\u043d\u044b\u0439 \u0442\u043e\u0432\u0430\u0440 \u0432 \u043e\u0440\u0438\u0433\u0438\u043d\u0430\u043b\u044c\u043d\u043e\u0439 \u0443\u043f\u0430\u043a\u043e\u0432\u043a\u0435<\/p>\n<table border=\"0\" frame=\"VOID\" rules=\"NONE\" cellspacing=\"0\">\n<colgroup>\n<col width=\"133\" \/>\n<col width=\"152\" \/><\/colgroup>\n<tbody>\n<tr>\n<td align=\"LEFT\" width=\"133\" height=\"18\">Absatzart:<\/td>\n<td align=\"LEFT\" width=\"152\">Blockabsatz<\/td>\n<\/tr>\n<tr>\n<td align=\"LEFT\" height=\"18\">Absatzh\u00f6he:<\/td>\n<td align=\"LEFT\">Niedrig (2,5 bis 4,9 cm)<\/td>\n<\/tr>\n<tr>\n<td align=\"LEFT\" height=\"18\">Abteilung:<\/td>\n<td align=\"LEFT\">Damen<\/td>\n<\/tr>\n<tr>\n<td align=\"LEFT\" height=\"18\">Akzente:<\/td>\n<td align=\"LEFT\">\u0417\u0430\u0441\u0442\u0435\u0436\u043a\u0430 \u043d\u0430 \u043c\u043e\u043b\u043d\u0438\u0438<\/td>\n<\/tr>\n<tr>\n<td align=\"LEFT\" height=\"18\">AU-Schuhgr\u00f6\u00dfe:<\/td>\n<td align=\"LEFT\">ohne Angabe<\/td>\n<\/tr>\n<tr>\n<td align=\"LEFT\" height=\"18\">Besonderheiten:<\/td>\n<td align=\"LEFT\">keine<\/td>\n<\/tr>\n<tr>\n<td align=\"LEFT\" height=\"18\">Charakter:<\/td>\n<td align=\"LEFT\">ohne<\/td>\n<\/tr>\n<tr>\n<td align=\"LEFT\" height=\"17\">EAN:<\/td>\n<td align=\"LEFT\">8053303471727<\/td>\n<\/tr>\n<tr>\n<td align=\"LEFT\" height=\"18\">EU-Schuhgr\u00f6\u00dfe:<\/td>\n<td align=\"LEFT\">EUR 40,5<\/td>\n<\/tr>\n<tr>\n<td align=\"LEFT\" height=\"18\">\u0426\u0432\u0435\u0442:<\/td>\n<td align=\"LEFT\">\u041a\u043e\u0440\u0438\u0447\u043d\u0435\u0432\u044b\u0439<\/td>\n<\/tr>\n<tr>\n<td align=\"LEFT\" height=\"18\">Futtermaterial:<\/td>\n<td align=\"LEFT\">\u0422\u043a\u0430\u043d\u044c<\/td>\n<\/tr>\n<tr>\n<td align=\"LEFT\" height=\"18\">Herstellerfarbe:<\/td>\n<td align=\"LEFT\">GIANDUIA<\/td>\n<\/tr>\n<tr>\n<td align=\"LEFT\" height=\"18\">Herstellernummer:<\/td>\n<td align=\"LEFT\">11884H2411<\/td>\n<\/tr>\n<tr>\n<td align=\"LEFT\" height=\"18\">Individualisiert:<\/td>\n<td align=\"LEFT\">Nein<\/td>\n<\/tr>\n<tr>\n<td align=\"LEFT\" height=\"18\">Innensohlenmaterial:<\/td>\n<td align=\"LEFT\">\u0422\u043a\u0430\u043d\u044c<\/td>\n<\/tr>\n<tr>\n<td align=\"LEFT\" height=\"18\">Jahreszeit:<\/td>\n<td align=\"LEFT\">Fr\u00fchling, Herbst, Winter<\/td>\n<\/tr>\n<tr>\n<td align=\"LEFT\" height=\"18\">Laufsohlenmaterial:<\/td>\n<td align=\"LEFT\">\u0421\u0438\u043d\u0442\u0435\u0442\u0438\u043a\u0430<\/td>\n<\/tr>\n<tr>\n<td align=\"LEFT\" height=\"18\">Marke:<\/td>\n<td align=\"LEFT\">Everybody<\/td>\n<\/tr>\n<tr>\n<td align=\"LEFT\" height=\"18\">Modell:<\/td>\n<td align=\"LEFT\">Norma<\/td>\n<\/tr>\n<tr>\n<td align=\"LEFT\" height=\"18\">Obermaterial:<\/td>\n<td align=\"LEFT\">\u041a\u043e\u0436\u0430<\/td>\n<\/tr>\n<tr>\n<td align=\"LEFT\" height=\"18\">Produktart:<\/td>\n<td align=\"LEFT\">\u0421\u0430\u043f\u043e\u0433\u0438<\/td>\n<\/tr>\n<tr>\n<td align=\"LEFT\" height=\"18\">Schuhgr\u00f6\u00dfe:<\/td>\n<td align=\"LEFT\">EUR 40,5<\/td>\n<\/tr>\n<tr>\n<td align=\"LEFT\" height=\"18\">Schuhschaft-Typ:<\/td>\n<td align=\"LEFT\">Kn\u00f6chel<\/td>\n<\/tr>\n<tr>\n<td align=\"LEFT\" height=\"18\">Schuhweite:<\/td>\n<td align=\"LEFT\">F<\/td>\n<\/tr>\n<tr>\n<td align=\"LEFT\" height=\"18\">Stil:<\/td>\n<td align=\"LEFT\">Stiefelette<\/td>\n<\/tr>\n<tr>\n<td align=\"LEFT\" height=\"18\">Thema:<\/td>\n<td align=\"LEFT\">Klassisch<\/td>\n<\/tr>\n<tr>\n<td align=\"LEFT\" height=\"18\">UK-Schuhgr\u00f6\u00dfe:<\/td>\n<td align=\"LEFT\">UK 7,5<\/td>\n<\/tr>\n<tr>\n<td align=\"LEFT\" height=\"18\">US-Schuhgr\u00f6\u00dfe:<\/td>\n<td align=\"LEFT\">US 9,5<\/td>\n<\/tr>\n<tr>\n<td align=\"LEFT\" height=\"18\">Verschlussart:<\/td>\n<td align=\"LEFT\">\u0417\u0430\u0441\u0442\u0435\u0436\u043a\u0430 \u043d\u0430 \u043c\u043e\u043b\u043d\u0438\u0438<\/td>\n<\/tr>\n<tr>\n<td align=\"LEFT\" height=\"18\">Vintage:<\/td>\n<td align=\"LEFT\">Ja<\/td>\n<\/tr>\n<tr>\n<td align=\"LEFT\" height=\"18\">Weite:<\/td>\n<td align=\"LEFT\">Normale Weite (F)<\/td>\n<\/tr>\n<tr>\n<td align=\"LEFT\" height=\"18\">Zielgruppe:<\/td>\n<td align=\"LEFT\">Damen<\/td>\n<\/tr>\n<\/tbody>\n<\/table>","protected":false},"featured_media":78364,"comment_status":"open","ping_status":"closed","template":"","meta":{"_seopress_robots_primary_cat":"","_seopress_titles_title":"","_seopress_titles_desc":"","_seopress_robots_index":""},"product_brand":[],"product_cat":[1348,1360,1385,1490],"product_tag":[],"class_list":{"0":"post-78244","1":"product","2":"type-product","3":"status-publish","4":"has-post-thumbnail","6":"product_cat-damen-mode","7":"product_cat-schuhe","8":"product_cat-stiefel","9":"product_cat-stiefeletten","10":"product_shipping_class-standard-versand","12":"first","13":"instock","14":"sale","15":"taxable","16":"shipping-taxable","17":"purchasable","18":"product-type-simple"},"_links":{"self":[{"href":"https:\/\/www.soanam.de\/ru\/wp-json\/wp\/v2\/product\/78244","targetHints":{"allow":["GET"]}}],"collection":[{"href":"https:\/\/www.soanam.de\/ru\/wp-json\/wp\/v2\/product"}],"about":[{"href":"https:\/\/www.soanam.de\/ru\/wp-json\/wp\/v2\/types\/product"}],"replies":[{"embeddable":true,"href":"https:\/\/www.soanam.de\/ru\/wp-json\/wp\/v2\/comments?post=78244"}],"wp:featuredmedia":[{"embeddable":true,"href":"https:\/\/www.soanam.de\/ru\/wp-json\/wp\/v2\/media\/78364"}],"wp:attachment":[{"href":"https:\/\/www.soanam.de\/ru\/wp-json\/wp\/v2\/media?parent=78244"}],"wp:term":[{"taxonomy":"product_brand","embeddable":true,"href":"https:\/\/www.soanam.de\/ru\/wp-json\/wp\/v2\/product_brand?post=78244"},{"taxonomy":"product_cat","embeddable":true,"href":"https:\/\/www.soanam.de\/ru\/wp-json\/wp\/v2\/product_cat?post=78244"},{"taxonomy":"product_tag","embeddable":true,"href":"https:\/\/www.soanam.de\/ru\/wp-json\/wp\/v2\/product_tag?post=78244"}],"curies":[{"name":"wp","href":"https:\/\/api.w.org\/{rel}","templated":true}]}}