{"id":78198,"date":"2023-12-13T21:13:35","date_gmt":"2023-12-13T20:13:35","guid":{"rendered":"https:\/\/www.soanam.de\/?post_type=product&#038;p=78198"},"modified":"2023-12-13T21:16:20","modified_gmt":"2023-12-13T20:16:20","slug":"%d0%b1%d0%b0%d0%bb%d1%8c%d0%b7%d0%b0%d0%bc-%d0%b4%d0%bb%d1%8f-%d0%b3%d1%83%d0%b1-ponyhuetchen-pretty-pure-natural-cosmetics-organic-vegan-48g","status":"publish","type":"product","link":"https:\/\/www.soanam.de\/ru\/produkt\/ponyhuetchen-lippenpflegestift-pretty-pure-naturkosmetik-bio-vegan-48g\/","title":{"rendered":"\u0411\u0430\u043b\u044c\u0437\u0430\u043c \u0434\u043b\u044f \u0433\u0443\u0431 PonyH\u00fctchen Pretty &amp; Pure, \u043d\u0430\u0442\u0443\u0440\u0430\u043b\u044c\u043d\u0430\u044f \u043a\u043e\u0441\u043c\u0435\u0442\u0438\u043a\u0430, BIO, VEGAN, 4,8 \u0433"},"content":{"rendered":"<h3>\u041e\u043f\u0438\u0441\u0430\u043d\u0438\u0435 \u0442\u043e\u0432\u0430\u0440\u0430<\/h3>\n<p>Unser neuer, praktischer Lippenpflegestift ohne Duftstoffe und ohne Geschmack. Mit hochwertigen Bio-Inhaltsstoffen und 100% vegan.<\/p>\n<p>Klar, Lippenpflegestifte sind jetzt keine wahnsinnig neue Erfindung, doch schick verpackt, mit hochwertigen Zutaten aus Bio-Anbau und Wildsammlung und dann auch noch vegan - das ist schon etwas ganz Besonderes. In vielen Naturkosmetik-Lippenpflegen wird nach wie vor Bienenwachs verwendet, weil es nat\u00fcrlich ist, und sicher auch gute Pflegeeigenschaften hat. F\u00fcr uns haben tierische Inhaltsstoffe nichts in Kosmetik zu suchen, weswegen wir Bienenwachs u.a. durch Candelillawachs, Sheabutter und Caranubawachs ersetzen. Da wir eine 100% vegane Naturkosmetikmarke sind, arbeiten wir ausschlie\u00dflich mit pflanzlichen Inhaltsstoffen.<\/p>\n<p>Unser veganer Lippenpflegestift ist nicht nur frei von tierischen Inhaltsstoffen und voll gepackt mit pflegenden Inhaltsstoffen wie Oliven\u00f6l, Candelillawachs und Rizinus\u00f6l aus Bio-Anbau oder Wildsammlung, er ist zudem im handlichen Stick-Format sowie ohne Duft und ohne Geschmack. Er eignet sich f\u00fcr Kinder, Frauen und M\u00e4nner gleicherma\u00dfen und ist damit der perfekte Begleiter auf Reisen, im stressigen Gro\u00dfstadttrubel und nat\u00fcrlich auch in der Handtasche.<\/p>\n<p><strong>\u0418\u043d\u0433\u0440\u0435\u0434\u0438\u0435\u043d\u0442\u044b\u00a0<\/strong><br \/>\nINCI: Olea Europaea Fruit Oil*, Rhus Vernicflua Peel Cera**, Copernicia Cerifera Cera*, Candelilla Cera*, Butyrospermum Parkii Butter*, Ricinus Communis Seed Oil*, Simmondsia Chinensis Seed Oil*, Theobroma Cacao Seed Butter*, Hippophae Rhamnoides Fruit Oil*, Tocopherol, Helianthus Annuus Seed Oil.<\/p>\n<p>*aus kontrolliert biologischem Anbau | **aus Wildsammlung<\/p>","protected":false},"excerpt":{"rendered":"<h3>Artikelmerkmale<\/h3>\n<p>Artikelzustand: Neu - Neuer, unbenutzter und unbesch\u00e4digter Artikel in nicht ge\u00f6ffneter Originalverpackung<\/p>\n<table dir=\"ltr\" border=\"1\" cellspacing=\"0\" cellpadding=\"0\">\n<colgroup>\n<col width=\"203\" \/>\n<col width=\"365\" \/><\/colgroup>\n<tbody>\n<tr>\n<td data-sheets-value=\"{&quot;1&quot;:2,&quot;2&quot;:&quot;Besonderheiten:&quot;}\">Besonderheiten:<\/td>\n<td data-sheets-value=\"{&quot;1&quot;:2,&quot;2&quot;:&quot;Bio, Vegan&quot;}\">Bio, Vegan<\/td>\n<\/tr>\n<tr>\n<td data-sheets-value=\"{&quot;1&quot;:2,&quot;2&quot;:&quot;Farbe:&quot;}\">\u0426\u0432\u0435\u0442:<\/td>\n<td data-sheets-value=\"{&quot;1&quot;:2,&quot;2&quot;:&quot;Transparent&quot;}\">Transparent<\/td>\n<\/tr>\n<tr>\n<td data-sheets-value=\"{&quot;1&quot;:2,&quot;2&quot;:&quot;Gr\u00f6\u00dfe:&quot;}\">Gr\u00f6\u00dfe:<\/td>\n<td data-sheets-value=\"{&quot;1&quot;:2,&quot;2&quot;:&quot;Standardgr\u00f6\u00dfe&quot;}\">Standardgr\u00f6\u00dfe<\/td>\n<\/tr>\n<tr>\n<td data-sheets-value=\"{&quot;1&quot;:2,&quot;2&quot;:&quot;Hauptverwendungszweck:&quot;}\">Hauptverwendungszweck:<\/td>\n<td data-sheets-value=\"{&quot;1&quot;:2,&quot;2&quot;:&quot;Trockene Lippen&quot;}\">Trockene Lippen<\/td>\n<\/tr>\n<tr>\n<td data-sheets-value=\"{&quot;1&quot;:2,&quot;2&quot;:&quot;Herstellernummer:&quot;}\">Herstellernummer:<\/td>\n<td data-sheets-value=\"{&quot;1&quot;:2,&quot;2&quot;:&quot;nicht zutreffend&quot;}\">nicht zutreffend<\/td>\n<\/tr>\n<tr>\n<td data-sheets-value=\"{&quot;1&quot;:2,&quot;2&quot;:&quot;Inhalt:&quot;}\">\u0421\u043e\u0434\u0435\u0440\u0436\u0430\u043d\u0438\u0435:<\/td>\n<td data-sheets-value=\"{&quot;1&quot;:2,&quot;2&quot;:&quot;4,8g&quot;}\">4,8g<\/td>\n<\/tr>\n<tr>\n<td data-sheets-value=\"{&quot;1&quot;:2,&quot;2&quot;:&quot;Inhaltsstoffe:&quot;}\">Inhaltsstoffe:<\/td>\n<td data-sheets-value=\"{&quot;1&quot;:2,&quot;2&quot;:&quot;siehe Artikelbeschreibung&quot;}\">siehe Artikelbeschreibung<\/td>\n<\/tr>\n<tr>\n<td data-sheets-value=\"{&quot;1&quot;:2,&quot;2&quot;:&quot;Lichtschutzfaktor (LSF):&quot;}\">Lichtschutzfaktor (LSF):<\/td>\n<td data-sheets-value=\"{&quot;1&quot;:2,&quot;2&quot;:&quot;LSF 0&quot;}\">LSF 0<\/td>\n<\/tr>\n<tr>\n<td data-sheets-value=\"{&quot;1&quot;:2,&quot;2&quot;:&quot;Marke:&quot;}\">Marke:<\/td>\n<td data-sheets-value=\"{&quot;1&quot;:2,&quot;2&quot;:&quot;PonyH\u00fctchen&quot;}\">PonyHat<\/td>\n<\/tr>\n<tr>\n<td data-sheets-value=\"{&quot;1&quot;:2,&quot;2&quot;:&quot;Produktart:&quot;}\">Produktart:<\/td>\n<td data-sheets-value=\"{&quot;1&quot;:2,&quot;2&quot;:&quot;Lippenpflegestift&quot;}\">Lippenpflegestift<\/td>\n<\/tr>\n<tr>\n<td data-sheets-value=\"{&quot;1&quot;:2,&quot;2&quot;:&quot;Produktlinie:&quot;}\">Produktlinie:<\/td>\n<td data-sheets-value=\"{&quot;1&quot;:2,&quot;2&quot;:&quot;Naturkosmetik&quot;}\">Naturkosmetik<\/td>\n<\/tr>\n<tr>\n<td data-sheets-value=\"{&quot;1&quot;:2,&quot;2&quot;:&quot;UVA-Schutz:&quot;}\">UVA-Schutz:<\/td>\n<td data-sheets-value=\"{&quot;1&quot;:2,&quot;2&quot;:&quot;ohne Angabe&quot;}\">ohne Angabe<\/td>\n<\/tr>\n<tr>\n<td data-sheets-value=\"{&quot;1&quot;:2,&quot;2&quot;:&quot;Verwendungsdauer:&quot;}\">Verwendungsdauer:<\/td>\n<td data-sheets-value=\"{&quot;1&quot;:2,&quot;2&quot;:&quot;18M&quot;}\">18M<\/td>\n<\/tr>\n<tr>\n<td data-sheets-value=\"{&quot;1&quot;:2,&quot;2&quot;:&quot;Wirksame Inhaltsstoffe:&quot;}\">Wirksame Inhaltsstoffe:<\/td>\n<td data-sheets-value=\"{&quot;1&quot;:2,&quot;2&quot;:&quot;Candelillawachs, Sheabutter, Caranubawachs&quot;}\">Candelillawachs, Sheabutter, Caranubawachs<\/td>\n<\/tr>\n<\/tbody>\n<\/table>","protected":false},"featured_media":78318,"comment_status":"open","ping_status":"closed","template":"","meta":{"_seopress_robots_primary_cat":"","_seopress_titles_title":"","_seopress_titles_desc":"","_seopress_robots_index":""},"product_brand":[],"product_cat":[1442,1443],"product_tag":[],"class_list":{"0":"post-78198","1":"product","2":"type-product","3":"status-publish","4":"has-post-thumbnail","6":"product_cat-kosmetik","7":"product_cat-gesichtspflege","8":"product_shipping_class-standard-versand","10":"first","11":"instock","12":"sale","13":"taxable","14":"shipping-taxable","15":"purchasable","16":"product-type-simple"},"_links":{"self":[{"href":"https:\/\/www.soanam.de\/ru\/wp-json\/wp\/v2\/product\/78198","targetHints":{"allow":["GET"]}}],"collection":[{"href":"https:\/\/www.soanam.de\/ru\/wp-json\/wp\/v2\/product"}],"about":[{"href":"https:\/\/www.soanam.de\/ru\/wp-json\/wp\/v2\/types\/product"}],"replies":[{"embeddable":true,"href":"https:\/\/www.soanam.de\/ru\/wp-json\/wp\/v2\/comments?post=78198"}],"wp:featuredmedia":[{"embeddable":true,"href":"https:\/\/www.soanam.de\/ru\/wp-json\/wp\/v2\/media\/78318"}],"wp:attachment":[{"href":"https:\/\/www.soanam.de\/ru\/wp-json\/wp\/v2\/media?parent=78198"}],"wp:term":[{"taxonomy":"product_brand","embeddable":true,"href":"https:\/\/www.soanam.de\/ru\/wp-json\/wp\/v2\/product_brand?post=78198"},{"taxonomy":"product_cat","embeddable":true,"href":"https:\/\/www.soanam.de\/ru\/wp-json\/wp\/v2\/product_cat?post=78198"},{"taxonomy":"product_tag","embeddable":true,"href":"https:\/\/www.soanam.de\/ru\/wp-json\/wp\/v2\/product_tag?post=78198"}],"curies":[{"name":"wp","href":"https:\/\/api.w.org\/{rel}","templated":true}]}}