{"id":78138,"date":"2023-12-13T21:12:14","date_gmt":"2023-12-13T20:12:14","guid":{"rendered":"https:\/\/www.soanam.de\/?post_type=product&#038;p=78138"},"modified":"2023-12-13T21:14:36","modified_gmt":"2023-12-13T20:14:36","slug":"%d1%80%d1%83%d0%b1%d0%b0%d1%88%d0%ba%d0%b0-%d0%bf%d0%be%d0%bb%d0%be-kangaroos-navy-%d1%80%d0%b0%d0%b7%d0%bc%d0%b5%d1%80-48-50","status":"publish","type":"product","link":"https:\/\/www.soanam.de\/ru\/produkt\/kangaroos-poloshirt-in-marine-groesse-48-50\/","title":{"rendered":"\u0420\u0443\u0431\u0430\u0448\u043a\u0430-\u043f\u043e\u043b\u043e KangaROOS, \u0446\u0432\u0435\u0442 \u0442\u0435\u043c\u043d\u043e-\u0441\u0438\u043d\u0438\u0439, \u0440\u0430\u0437\u043c\u0435\u0440 48\/50"},"content":{"rendered":"<p>\u0414\u044b\u0448\u0430\u0449\u0430\u044f \u0444\u0443\u0442\u0431\u043e\u043b\u043a\u0430-\u043f\u043e\u043b\u043e \u043e\u0442 Kangaroos<br \/>\n\u0412\u044b\u0448\u0438\u0442\u044b\u0439 \u043b\u043e\u0433\u043e\u0442\u0438\u043f \u043d\u0430 \u0433\u0440\u0443\u0434\u0438<br \/>\n\u0414\u0435\u043a\u043e\u0440\u0430\u0442\u0438\u0432\u043d\u0430\u044f \u0441\u0442\u0440\u043e\u0447\u043a\u0430 \u043a\u043e\u043d\u0442\u0440\u0430\u0441\u0442\u043d\u043e\u0433\u043e \u0446\u0432\u0435\u0442\u0430 \u043d\u0430 \u0431\u043e\u043a\u043e\u0432\u043e\u043c \u0448\u0432\u0435<br \/>\n\u041a\u043e\u043d\u0442\u0440\u0430\u0441\u0442\u043d\u044b\u0435 \u0446\u0432\u0435\u0442\u043d\u044b\u0435 \u043f\u0443\u0433\u043e\u0432\u0438\u0446\u044b<\/p>\n<p>\u0420\u0443\u0431\u0430\u0448\u043a\u0430-\u043f\u043e\u043b\u043e \u043e\u0442 Kangaroos \u043a\u043b\u0430\u0441\u0441\u0438\u0447\u0435\u0441\u043a\u043e\u0433\u043e \u043a\u0440\u043e\u044f \u0441 \u0434\u0435\u043a\u043e\u0440\u0430\u0442\u0438\u0432\u043d\u043e\u0439 \u0441\u0442\u0440\u043e\u0447\u043a\u043e\u0439 \u043a\u043e\u043d\u0442\u0440\u0430\u0441\u0442\u043d\u043e\u0433\u043e \u0446\u0432\u0435\u0442\u0430 \u043f\u043e \u0431\u043e\u043a\u043e\u0432\u043e\u043c\u0443 \u0448\u0432\u0443, \u043f\u0443\u0433\u043e\u0432\u0438\u0446\u0430\u043c\u0438 \u043a\u043e\u043d\u0442\u0440\u0430\u0441\u0442\u043d\u043e\u0433\u043e \u0446\u0432\u0435\u0442\u0430 \u0438 \u0432\u044b\u0448\u0438\u0432\u043a\u043e\u0439 \u043b\u043e\u0433\u043e\u0442\u0438\u043f\u0430 \u043d\u0430 \u0433\u0440\u0443\u0434\u0438.<\/p>\n<p>\u041a\u043b\u0430\u0441\u0441\u0438\u043a\u0430, \u043a\u043e\u0442\u043e\u0440\u0430\u044f \u0432\u0441\u0435\u0433\u0434\u0430 \u0440\u0430\u0431\u043e\u0442\u0430\u0435\u0442.<\/p>\n<p>\u041c\u0430\u0442\u0435\u0440\u0438\u0430\u043b: \u0445\u043b\u043e\u043f\u043e\u043a 100%<br \/>\n\u0420\u0435\u043a\u043e\u043c\u0435\u043d\u0434\u0430\u0446\u0438\u0438 \u043f\u043e \u0443\u0445\u043e\u0434\u0443: \u041c\u0430\u0448\u0438\u043d\u043d\u0430\u044f \u0441\u0442\u0438\u0440\u043a\u0430<\/p>\n<p>\u0426\u0432\u0435\u0442: \u043c\u043e\u0440\u0441\u043a\u043e\u0439<br \/>\n\u0423\u0437\u043e\u0440: \u0412\u044b\u0448\u0438\u0432\u043a\u0430 \u043b\u043e\u0433\u043e\u0442\u0438\u043f\u0430<br \/>\n\u0420\u0430\u0437\u043c\u0435\u0440: 48\/50<\/p>\n<p>\u0428\u0438\u0440\u0438\u043d\u0430 \u043f\u043b\u0435\u0447: 45 \u0441\u043c<br \/>\n\u0428\u0438\u0440\u0438\u043d\u0430 \u0433\u0440\u0443\u0434\u0438: 130 \u0441\u043c<br \/>\n\u0414\u043b\u0438\u043d\u0430 \u0440\u0443\u043a\u0430\u0432\u0430: 22 \u0441\u043c<br \/>\n\u041e\u0431\u0449\u0430\u044f \u0434\u043b\u0438\u043d\u0430: 74 \u0441\u043c<\/p>","protected":false},"excerpt":{"rendered":"<table class=\"dv_characteristicsTable\">\n<tbody>\n<tr>\n<td class=\"left\">\u0420\u0430\u0437\u043c\u0435\u0440<\/td>\n<td>48\/50<\/td>\n<\/tr>\n<tr>\n<td class=\"left\">Gr\u00f6\u00dfentyp<\/td>\n<td>Normalgr\u00f6\u00dfen<\/td>\n<\/tr>\n<tr>\n<td class=\"left\">\u0421\u043e\u0441\u0442\u0430\u0432 \u043c\u0430\u0442\u0435\u0440\u0438\u0430\u043b\u0430<\/td>\n<td>Obermaterial: 100% Baumwolle<\/td>\n<\/tr>\n<tr>\n<td class=\"left\">\u0420\u0435\u043a\u043e\u043c\u0435\u043d\u0434\u0430\u0446\u0438\u0438 \u043f\u043e \u0443\u0445\u043e\u0434\u0443<\/td>\n<td>\u041c\u0430\u0448\u0438\u043d\u043d\u0430\u044f \u0441\u0442\u0438\u0440\u043a\u0430<\/td>\n<\/tr>\n<tr>\n<td class=\"left\">Optik<\/td>\n<td>unifarben<\/td>\n<\/tr>\n<tr>\n<td class=\"left\">Stil<\/td>\n<td>sportlich<\/td>\n<\/tr>\n<tr>\n<td class=\"left\">\u0426\u0432\u0435\u0442<\/td>\n<td>\u043c\u043e\u0440\u0441\u043a\u0430\u044f<\/td>\n<\/tr>\n<tr>\n<td class=\"left\">Ausschnitt<\/td>\n<td>Kragen<\/td>\n<\/tr>\n<tr>\n<td class=\"left\">\u00c4rmel<\/td>\n<td>\u041a\u043e\u0440\u043e\u0442\u043a\u0438\u0439 \u0440\u0443\u043a\u0430\u0432<\/td>\n<\/tr>\n<tr>\n<td class=\"left\">Fit<\/td>\n<td>figurumspielend<\/td>\n<\/tr>\n<tr>\n<td class=\"left\">Applikationen<\/td>\n<td>\u0412\u044b\u0448\u0438\u0432\u043a\u0430 \u043b\u043e\u0433\u043e\u0442\u0438\u043f\u0430<\/td>\n<\/tr>\n<tr>\n<td class=\"left\">Besondere Merkmale<\/td>\n<td>Gro\u00dfe Gr\u00f6\u00dfen<\/td>\n<\/tr>\n<\/tbody>\n<\/table>","protected":false},"featured_media":78247,"comment_status":"open","ping_status":"closed","template":"","meta":{"_seopress_robots_primary_cat":"","_seopress_titles_title":"","_seopress_titles_desc":"","_seopress_robots_index":""},"product_brand":[],"product_cat":[1348,1458,1481],"product_tag":[],"class_list":{"0":"post-78138","1":"product","2":"type-product","3":"status-publish","4":"has-post-thumbnail","6":"product_cat-damen-mode","7":"product_cat-shirts-damen-mode","8":"product_cat-poloshirts-shirts-damen-mode","9":"product_shipping_class-standard-versand","11":"first","12":"instock","13":"taxable","14":"shipping-taxable","15":"purchasable","16":"product-type-simple"},"_links":{"self":[{"href":"https:\/\/www.soanam.de\/ru\/wp-json\/wp\/v2\/product\/78138","targetHints":{"allow":["GET"]}}],"collection":[{"href":"https:\/\/www.soanam.de\/ru\/wp-json\/wp\/v2\/product"}],"about":[{"href":"https:\/\/www.soanam.de\/ru\/wp-json\/wp\/v2\/types\/product"}],"replies":[{"embeddable":true,"href":"https:\/\/www.soanam.de\/ru\/wp-json\/wp\/v2\/comments?post=78138"}],"wp:featuredmedia":[{"embeddable":true,"href":"https:\/\/www.soanam.de\/ru\/wp-json\/wp\/v2\/media\/78247"}],"wp:attachment":[{"href":"https:\/\/www.soanam.de\/ru\/wp-json\/wp\/v2\/media?parent=78138"}],"wp:term":[{"taxonomy":"product_brand","embeddable":true,"href":"https:\/\/www.soanam.de\/ru\/wp-json\/wp\/v2\/product_brand?post=78138"},{"taxonomy":"product_cat","embeddable":true,"href":"https:\/\/www.soanam.de\/ru\/wp-json\/wp\/v2\/product_cat?post=78138"},{"taxonomy":"product_tag","embeddable":true,"href":"https:\/\/www.soanam.de\/ru\/wp-json\/wp\/v2\/product_tag?post=78138"}],"curies":[{"name":"wp","href":"https:\/\/api.w.org\/{rel}","templated":true}]}}