{"id":78016,"date":"2023-12-13T21:05:05","date_gmt":"2023-12-13T20:05:05","guid":{"rendered":"https:\/\/www.soanam.de\/?post_type=product&#038;p=78016"},"modified":"2023-12-13T21:12:19","modified_gmt":"2023-12-13T20:12:19","slug":"haerkila-norfell-fleecejacke-willow-green-gr-s-fuer-freizeit-jagd-u-outdoor","status":"publish","type":"product","link":"https:\/\/www.soanam.de\/ru\/produkt\/haerkila-norfell-fleecejacke-willow-green-gr-s-fuer-freizeit-jagd-u-outdoor\/","title":{"rendered":"H\u00c4RKILA NORFELL FLEECEJACKET Willow Green, \u0440\u0430\u0437\u043c\u0435\u0440 S - \u0434\u043b\u044f \u043e\u0442\u0434\u044b\u0445\u0430, \u043e\u0445\u043e\u0442\u044b \u0438 \u0438\u0441\u043f\u043e\u043b\u044c\u0437\u043e\u0432\u0430\u043d\u0438\u044f \u043d\u0430 \u043f\u0440\u0438\u0440\u043e\u0434\u0435"},"content":{"rendered":"<h3>\u041e\u043f\u0438\u0441\u0430\u043d\u0438\u0435<\/h3>\n<p>\u0411\u0440\u0435\u043d\u0434 \u0434\u043b\u044f \u043e\u0445\u043e\u0442\u043d\u0438\u043a\u043e\u0432 \u0438 \u043b\u0435\u0441\u043e\u0440\u0443\u0431\u043e\u0432 \u0438\u0437 \u0421\u043a\u0430\u043d\u0434\u0438\u043d\u0430\u0432\u0438\u0438 ... \u0418\u0434\u0435\u0430\u043b\u044c\u043d\u043e \u043f\u043e\u0434\u0445\u043e\u0434\u0438\u0442 \u0434\u043b\u044f \u043e\u0442\u0434\u044b\u0445\u0430, \u043e\u0445\u043e\u0442\u044b \u0438 \u0430\u043a\u0442\u0438\u0432\u043d\u043e\u0433\u043e \u043e\u0442\u0434\u044b\u0445\u0430<\/p>\n<p>Die H\u00e4rkila Norfell ist eine Fleecejacke aus ArcStretch\u2122 mit 360\u00b0-Stretch. Damit passt sich die Weste jeder Ihrer Bewegungen perfekt an.<br \/>\nZudem verf\u00fcgt die Fleecejacke \u00fcber eine Funkger\u00e4tetasche links mit gummiertem Antennenausgang und zwei Seitentaschen mit Rei\u00dfverschluss. Der Rei\u00dfverschluss kann in beide Richtungen gezogen werden, um die Jacke bei anspruchsvollen Sitzpositionen leichter zu verstellen. Die Rei\u00dfverschl\u00fcsse der Taschen sind mit umlaufendem Gummi-Tape ausgestattet. Die Daumenl\u00f6cher und \u00c4rmelabschl\u00fcsse sind elastisch.<\/p>\n<p>Die Fleecejacke f\u00e4llt normal bis klein aus.<\/p>\n<p>Material: Obermaterial: 95% Polyester, 5% Spandex; Futter:100% Polyester<br \/>\n\u0420\u0430\u0437\u043c\u0435\u0440: S<br \/>\n\u0426\u0432\u0435\u0442: \u0437\u0435\u043b\u0435\u043d\u044b\u0439<br \/>\nKategorie: Fleecejacke<br \/>\nAnwendungsbereich: Jagd , Outdoor<br \/>\nEigenschaften: atmungsaktiv , Stretch<br \/>\nAusstattung: 1 Funkger\u00e4tetasche , 2 Einschubtaschen , 2-Wege Rei\u00dfverschluss , Daumenloch<br \/>\nJahreszeit: Sommer , Winter , \u00dcbergangszeit<\/p>","protected":false},"excerpt":{"rendered":"<h3>Artikelmerkmale<\/h3>\n<p>\u0421\u043e\u0441\u0442\u043e\u044f\u043d\u0438\u0435 \u0442\u043e\u0432\u0430\u0440\u0430: \u041d\u043e\u0432\u044b\u0439 \u0441 \u044d\u0442\u0438\u043a\u0435\u0442\u043a\u043e\u0439: \u041d\u043e\u0432\u044b\u0439, \u043d\u0435\u0438\u0441\u043f\u043e\u043b\u044c\u0437\u043e\u0432\u0430\u043d\u043d\u044b\u0439 \u0438 \u043d\u0435\u043d\u043e\u0448\u0435\u043d\u044b\u0439 \u0442\u043e\u0432\u0430\u0440 \u0432 \u043e\u0440\u0438\u0433\u0438\u043d\u0430\u043b\u044c\u043d\u043e\u0439 \u0443\u043f\u0430\u043a\u043e\u0432\u043a\u0435<\/p>\n<table border=\"0\" frame=\"VOID\" rules=\"NONE\" cellspacing=\"0\">\n<colgroup>\n<col width=\"133\" \/>\n<col width=\"267\" \/><\/colgroup>\n<tbody>\n<tr>\n<td align=\"LEFT\" width=\"133\" height=\"18\">Abteilung:<\/td>\n<td align=\"LEFT\" width=\"267\">Herren<\/td>\n<\/tr>\n<tr>\n<td align=\"LEFT\" height=\"17\">EAN:<\/td>\n<td align=\"LEFT\">5707335383154<\/td>\n<\/tr>\n<tr>\n<td align=\"LEFT\" height=\"18\">\u0426\u0432\u0435\u0442:<\/td>\n<td align=\"LEFT\">willow green<\/td>\n<\/tr>\n<tr>\n<td align=\"LEFT\" height=\"18\">Gr\u00f6\u00dfe:<\/td>\n<td align=\"LEFT\">S<\/td>\n<\/tr>\n<tr>\n<td align=\"LEFT\" height=\"18\">Herstellernummer:<\/td>\n<td align=\"LEFT\">13011182903<\/td>\n<\/tr>\n<tr>\n<td align=\"LEFT\" height=\"18\">Marke:<\/td>\n<td align=\"LEFT\">H\u00e4rkila<\/td>\n<\/tr>\n<tr>\n<td align=\"LEFT\" height=\"18\">\u041c\u0430\u0442\u0435\u0440\u0438\u0430\u043b:<\/td>\n<td align=\"LEFT\">95% Polyester, 5% Spandex<\/td>\n<\/tr>\n<tr>\n<td align=\"LEFT\" height=\"18\">Produktart:<\/td>\n<td align=\"LEFT\">Jacke &amp; Weste<\/td>\n<\/tr>\n<tr>\n<td align=\"LEFT\" height=\"18\">Technologie:<\/td>\n<td align=\"LEFT\">ArcStretch\u2122<\/td>\n<\/tr>\n<\/tbody>\n<\/table>","protected":false},"featured_media":78144,"comment_status":"open","ping_status":"closed","template":"","meta":{"_seopress_robots_primary_cat":"","_seopress_titles_title":"","_seopress_titles_desc":"","_seopress_robots_index":""},"product_brand":[],"product_cat":[1345,1363,1413],"product_tag":[],"class_list":{"0":"post-78016","1":"product","2":"type-product","3":"status-publish","4":"has-post-thumbnail","6":"product_cat-herrenmode","7":"product_cat-jacken-maentel-herrenmode","8":"product_cat-fleecejacken","9":"product_shipping_class-standard-versand","11":"first","12":"instock","13":"sale","14":"taxable","15":"shipping-taxable","16":"purchasable","17":"product-type-simple"},"_links":{"self":[{"href":"https:\/\/www.soanam.de\/ru\/wp-json\/wp\/v2\/product\/78016","targetHints":{"allow":["GET"]}}],"collection":[{"href":"https:\/\/www.soanam.de\/ru\/wp-json\/wp\/v2\/product"}],"about":[{"href":"https:\/\/www.soanam.de\/ru\/wp-json\/wp\/v2\/types\/product"}],"replies":[{"embeddable":true,"href":"https:\/\/www.soanam.de\/ru\/wp-json\/wp\/v2\/comments?post=78016"}],"wp:featuredmedia":[{"embeddable":true,"href":"https:\/\/www.soanam.de\/ru\/wp-json\/wp\/v2\/media\/78144"}],"wp:attachment":[{"href":"https:\/\/www.soanam.de\/ru\/wp-json\/wp\/v2\/media?parent=78016"}],"wp:term":[{"taxonomy":"product_brand","embeddable":true,"href":"https:\/\/www.soanam.de\/ru\/wp-json\/wp\/v2\/product_brand?post=78016"},{"taxonomy":"product_cat","embeddable":true,"href":"https:\/\/www.soanam.de\/ru\/wp-json\/wp\/v2\/product_cat?post=78016"},{"taxonomy":"product_tag","embeddable":true,"href":"https:\/\/www.soanam.de\/ru\/wp-json\/wp\/v2\/product_tag?post=78016"}],"curies":[{"name":"wp","href":"https:\/\/api.w.org\/{rel}","templated":true}]}}