{"id":77997,"date":"2023-12-13T21:04:39","date_gmt":"2023-12-13T20:04:39","guid":{"rendered":"https:\/\/www.soanam.de\/?post_type=product&#038;p=77997"},"modified":"2023-12-13T21:11:39","modified_gmt":"2023-12-13T20:11:39","slug":"nike-react-infinity-run-2-damen-sneaker-in-weiss-schwarz-groesse-38","status":"publish","type":"product","link":"https:\/\/www.soanam.de\/ru\/produkt\/nike-react-infinity-run-2-damen-sneaker-in-weiss-schwarz-groesse-38\/","title":{"rendered":"Nike React Infinity Run 2 Damen Sneaker, in Wei\u00df \/ Schwarz, Gr\u00f6\u00dfe 38"},"content":{"rendered":"<h3>\u041e\u043f\u0438\u0441\u0430\u043d\u0438\u0435<\/h3>\n<p>Mit dem Nike React Infinity Run Flyknit 2, dem Schuh, der dich am Laufen h\u00e4lt, zeigst du deine wilde Seite. Er wurde mit einem Geparden-Print im Swoosh und Schuhkragen aktualisiert.<\/p>\n<p>Der Nike React Infinity Run Flyknit 2 f\u00fcr Damen hat einen neutralen \u00dcbergang und bietet die n\u00f6tige Unterst\u00fctzung und Bel\u00fcftung. Das Flywire-Obermaterial verf\u00fcgt dank der strategisch platzierten Bel\u00fcftungszonen \u00fcber eine hohe Atmungsaktivit\u00e4t und der Schaumstoff bietet weiche Reaktionsf\u00e4higkeit und lang anhaltenden Komfort.<\/p>\n<p>Die Flywire-Technologie bietet zus\u00e4tzlichen Halt und Stabilit\u00e4t f\u00fcr den gesamten Fu\u00df und das Infinity Run Flyknit 2 bietet die n\u00f6tige D\u00e4mpfung. Dieser Laufschuh bietet Flexibilit\u00e4t beim Absto\u00dfen, ein sanftes \u00dcbergangserlebnis und D\u00e4mpfung bei Kontakt.<\/p>\n<h3>\u043f\u043e\u0434\u0440\u043e\u0431\u043d\u043e\u0441\u0442\u0438<\/h3>\n<p>Neutraler Laufschuh<br \/>\nBel\u00fcftungszonen<br \/>\nExtra Gummi an der Au\u00dfensohle<br \/>\nFlywire-Technologie<br \/>\nD\u00e4mpfungskragen bietet weichen Tragekomfort<br \/>\nHeel Drop: 9 mm<br \/>\nGewicht: 244 Gramm<br \/>\nFarbe: Schwarz \/ Wei\u00df<br \/>\nHerstellerfarbe: Platinum Tint<\/p>\n<h3>\u041c\u0430\u0442\u0435\u0440\u0438\u0430\u043b<\/h3>\n<p>Obermaterial: Textil<br \/>\nSohle: Gummi<\/p>","protected":false},"excerpt":{"rendered":"<h3>Artikelmerkmale<\/h3>\n<p>\u0421\u043e\u0441\u0442\u043e\u044f\u043d\u0438\u0435 \u0442\u043e\u0432\u0430\u0440\u0430: \u041d\u043e\u0432\u044b\u0439 \u0441 \u044d\u0442\u0438\u043a\u0435\u0442\u043a\u043e\u0439: \u041d\u043e\u0432\u044b\u0439, \u043d\u0435\u0438\u0441\u043f\u043e\u043b\u044c\u0437\u043e\u0432\u0430\u043d\u043d\u044b\u0439 \u0438 \u043d\u0435\u043d\u043e\u0448\u0435\u043d\u044b\u0439 \u0442\u043e\u0432\u0430\u0440 \u0432 \u043e\u0440\u0438\u0433\u0438\u043d\u0430\u043b\u044c\u043d\u043e\u0439 \u0443\u043f\u0430\u043a\u043e\u0432\u043a\u0435<\/p>\n<table border=\"0\" frame=\"VOID\" rules=\"NONE\" cellspacing=\"0\">\n<colgroup>\n<col width=\"133\" \/>\n<col width=\"267\" \/><\/colgroup>\n<tbody>\n<tr>\n<td align=\"LEFT\" width=\"133\" height=\"18\">Abteilung:<\/td>\n<td align=\"LEFT\" width=\"267\">Damen<\/td>\n<\/tr>\n<tr>\n<td align=\"LEFT\" height=\"18\">Akzente:<\/td>\n<td align=\"LEFT\">Geparden-Print<\/td>\n<\/tr>\n<tr>\n<td align=\"LEFT\" height=\"18\">AU-Schuhgr\u00f6\u00dfe:<\/td>\n<td align=\"LEFT\">ohne Angabe<\/td>\n<\/tr>\n<tr>\n<td align=\"LEFT\" height=\"18\">Besonderheiten:<\/td>\n<td align=\"LEFT\">D\u00e4mpfung, Atmungsaktiv<\/td>\n<\/tr>\n<tr>\n<td align=\"LEFT\" height=\"18\">Charakter:<\/td>\n<td align=\"LEFT\">ohne<\/td>\n<\/tr>\n<tr>\n<td align=\"LEFT\" height=\"17\">EAN:<\/td>\n<td align=\"LEFT\">195239831430<\/td>\n<\/tr>\n<tr>\n<td align=\"LEFT\" height=\"18\">Erscheinungsjahr:<\/td>\n<td align=\"LEFT\">2020<\/td>\n<\/tr>\n<tr>\n<td align=\"LEFT\" height=\"18\">EU-Schuhgr\u00f6\u00dfe:<\/td>\n<td align=\"LEFT\">EUR 38<\/td>\n<\/tr>\n<tr>\n<td align=\"LEFT\" height=\"18\">\u0426\u0432\u0435\u0442:<\/td>\n<td align=\"LEFT\">\u0411\u0435\u043b\u044b\u0439<\/td>\n<\/tr>\n<tr>\n<td align=\"LEFT\" height=\"18\">Futtermaterial:<\/td>\n<td align=\"LEFT\">\u0422\u0435\u043a\u0441\u0442\u0438\u043b\u044c<\/td>\n<\/tr>\n<tr>\n<td align=\"LEFT\" height=\"18\">Herstellernummer:<\/td>\n<td align=\"LEFT\">DJ5932001<\/td>\n<\/tr>\n<tr>\n<td align=\"LEFT\" height=\"18\">Individualisiert:<\/td>\n<td align=\"LEFT\">Nein<\/td>\n<\/tr>\n<tr>\n<td align=\"LEFT\" height=\"18\">Innensohlenmaterial:<\/td>\n<td align=\"LEFT\">\u0422\u0435\u043a\u0441\u0442\u0438\u043b\u044c<\/td>\n<\/tr>\n<tr>\n<td align=\"LEFT\" height=\"18\">Laufsohlenmaterial:<\/td>\n<td align=\"LEFT\">\u0420\u0435\u0437\u0438\u043d\u0430<\/td>\n<\/tr>\n<tr>\n<td align=\"LEFT\" height=\"18\">Marke:<\/td>\n<td align=\"LEFT\">Nike<\/td>\n<\/tr>\n<tr>\n<td align=\"LEFT\" height=\"18\">Modell:<\/td>\n<td align=\"LEFT\">Nike React Infinity Run<\/td>\n<\/tr>\n<tr>\n<td align=\"LEFT\" height=\"18\">Obermaterial:<\/td>\n<td align=\"LEFT\">\u0422\u0435\u043a\u0441\u0442\u0438\u043b\u044c<\/td>\n<\/tr>\n<tr>\n<td align=\"LEFT\" height=\"18\">Produktart:<\/td>\n<td align=\"LEFT\">Sportschuh<\/td>\n<\/tr>\n<tr>\n<td align=\"LEFT\" height=\"18\">Produktlinie:<\/td>\n<td align=\"LEFT\">Infinity Run<\/td>\n<\/tr>\n<tr>\n<td align=\"LEFT\" height=\"18\">Schuhweite:<\/td>\n<td align=\"LEFT\">F<\/td>\n<\/tr>\n<tr>\n<td align=\"LEFT\" height=\"18\">Stil:<\/td>\n<td align=\"LEFT\">Sneaker<\/td>\n<\/tr>\n<tr>\n<td align=\"LEFT\" height=\"18\">Thema:<\/td>\n<td align=\"LEFT\">Sport<\/td>\n<\/tr>\n<tr>\n<td align=\"LEFT\" height=\"18\">UK-Schuhgr\u00f6\u00dfe:<\/td>\n<td align=\"LEFT\">UK 4,5<\/td>\n<\/tr>\n<tr>\n<td align=\"LEFT\" height=\"18\">US-Schuhgr\u00f6\u00dfe:<\/td>\n<td align=\"LEFT\">US 7<\/td>\n<\/tr>\n<tr>\n<td align=\"LEFT\" height=\"18\">Verschluss:<\/td>\n<td align=\"LEFT\">Schn\u00fcrung<\/td>\n<\/tr>\n<tr>\n<td align=\"LEFT\" height=\"18\">Vintage:<\/td>\n<td align=\"LEFT\">Nein<\/td>\n<\/tr>\n<\/tbody>\n<\/table>","protected":false},"featured_media":78110,"comment_status":"open","ping_status":"closed","template":"","meta":{"_seopress_robots_primary_cat":"","_seopress_titles_title":"","_seopress_titles_desc":"","_seopress_robots_index":""},"product_brand":[],"product_cat":[1360,1367],"product_tag":[],"class_list":{"0":"post-77997","1":"product","2":"type-product","3":"status-publish","4":"has-post-thumbnail","6":"product_cat-schuhe","7":"product_cat-sneakers","8":"product_shipping_class-standard-versand","10":"first","11":"instock","12":"sale","13":"taxable","14":"shipping-taxable","15":"purchasable","16":"product-type-simple"},"_links":{"self":[{"href":"https:\/\/www.soanam.de\/ru\/wp-json\/wp\/v2\/product\/77997","targetHints":{"allow":["GET"]}}],"collection":[{"href":"https:\/\/www.soanam.de\/ru\/wp-json\/wp\/v2\/product"}],"about":[{"href":"https:\/\/www.soanam.de\/ru\/wp-json\/wp\/v2\/types\/product"}],"replies":[{"embeddable":true,"href":"https:\/\/www.soanam.de\/ru\/wp-json\/wp\/v2\/comments?post=77997"}],"wp:featuredmedia":[{"embeddable":true,"href":"https:\/\/www.soanam.de\/ru\/wp-json\/wp\/v2\/media\/78110"}],"wp:attachment":[{"href":"https:\/\/www.soanam.de\/ru\/wp-json\/wp\/v2\/media?parent=77997"}],"wp:term":[{"taxonomy":"product_brand","embeddable":true,"href":"https:\/\/www.soanam.de\/ru\/wp-json\/wp\/v2\/product_brand?post=77997"},{"taxonomy":"product_cat","embeddable":true,"href":"https:\/\/www.soanam.de\/ru\/wp-json\/wp\/v2\/product_cat?post=77997"},{"taxonomy":"product_tag","embeddable":true,"href":"https:\/\/www.soanam.de\/ru\/wp-json\/wp\/v2\/product_tag?post=77997"}],"curies":[{"name":"wp","href":"https:\/\/api.w.org\/{rel}","templated":true}]}}