{"id":77973,"date":"2023-12-13T21:04:14","date_gmt":"2023-12-13T20:04:14","guid":{"rendered":"https:\/\/www.soanam.de\/?post_type=product&#038;p=77973"},"modified":"2023-12-13T21:11:14","modified_gmt":"2023-12-13T20:11:14","slug":"langenscheidt-die-top-1000-woerter-tuerkisch-woerterbuch-taschenbuch-2021","status":"publish","type":"product","link":"https:\/\/www.soanam.de\/ru\/produkt\/langenscheidt-die-top-1000-woerter-tuerkisch-woerterbuch-taschenbuch-2021\/","title":{"rendered":"Langenscheidt 1000 \u043b\u0443\u0447\u0448\u0438\u0445 \u0442\u0443\u0440\u0435\u0446\u043a\u0438\u0445 \u0441\u043b\u043e\u0432, \u0441\u043b\u043e\u0432\u0430\u0440\u044c, \u043c\u044f\u0433\u043a\u0430\u044f \u043e\u0431\u043b\u043e\u0436\u043a\u0430, 2021 \u0433\u043e\u0434"},"content":{"rendered":"<h3><strong>\u041e\u043f\u0438\u0441\u0430\u043d\u0438\u0435 \u0442\u043e\u0432\u0430\u0440\u0430<\/strong><\/h3>\n<p>Mit den Top 1000 lernen Sie die wichtigsten Vokabeln des t\u00fcrkischen Grundwortschatzes. Damit kennen Sie bereits 80 Prozent der Alltagsw\u00f6rter und k\u00f6nnen sich in einfachen S\u00e4tzen verst\u00e4ndigen. Praktisches Taschenformat und kompakter Inhalt f\u00fcr den schnellen Lernerfolg.<\/p>\n<p><strong>\u043f\u043e\u0434\u0440\u043e\u0431\u043d\u043e\u0441\u0442\u0438<\/strong><br \/>\nEAN (ISBN-13): 9783468385407<br \/>\nISBN (ISBN-10): 3468385404<br \/>\nTaschenbuch<br \/>\nErscheinungsjahr: 2010<br \/>\nHerausgeber: Langenscheidt<br \/>\n160 Seiten<br \/>\nGewicht: 0,115 kg<br \/>\n\u042f\u0437\u044b\u043a: \u043d\u0435\u043c\u0435\u0446\u043a\u0438\u0439<\/p>\n<p><strong>\u041f\u0440\u0438\u043c\u0435\u0447\u0430\u043d\u0438\u0435<\/strong><br \/>\n\u041d\u043e\u0432\u044b\u0439 \u0438 \u043d\u0435\u0438\u0441\u043f\u043e\u043b\u044c\u0437\u043e\u0432\u0430\u043d\u043d\u044b\u0439, \u0441 \u043d\u0435\u0437\u043d\u0430\u0447\u0438\u0442\u0435\u043b\u044c\u043d\u044b\u043c\u0438 \u0441\u043b\u0435\u0434\u0430\u043c\u0438 \u0445\u0440\u0430\u043d\u0435\u043d\u0438\u044f. \u0423\u043f\u0430\u043a\u043e\u0432\u043a\u0430 \u0441\u043b\u0435\u0433\u043a\u0430 \u0437\u0430\u0433\u0440\u044f\u0437\u043d\u0435\u043d\u0430 \u0438\u043b\u0438 \u043f\u043e\u0432\u0440\u0435\u0436\u0434\u0435\u043d\u0430, \u043f\u043e\u044d\u0442\u043e\u043c\u0443 \u043f\u0440\u0435\u0434\u043b\u0430\u0433\u0430\u0435\u0442\u0441\u044f \u043f\u043e \u0441\u043f\u0435\u0446\u0438\u0430\u043b\u044c\u043d\u043e\u0439 \u0446\u0435\u043d\u0435.<\/p>","protected":false},"excerpt":{"rendered":"<h3><strong>Artikelmerkmale<\/strong><\/h3>\n<p>Artikelzustand: Neu - Neues, ungelesenes, ungebrauchtes Buch<\/p>\n<table style=\"border-collapse: collapse;width: 384pt\" width=\"512\">\n<tbody>\n<tr style=\"height: 15.0pt\">\n<td class=\"xl16\" style=\"width: 192pt;height: 15.0pt\" width=\"256\" height=\"20\">Ausgangssprache:<\/td>\n<td class=\"xl16\" style=\"width: 192pt\" width=\"256\">T\u00fcrkisch<\/td>\n<\/tr>\n<tr style=\"height: 15.0pt\">\n<td class=\"xl16\" style=\"height: 15.0pt\" height=\"20\">Autor:<\/td>\n<td class=\"xl16\">Susanne Franz<\/td>\n<\/tr>\n<tr style=\"height: 15.0pt\">\n<td class=\"xl16\" style=\"height: 15.0pt\" height=\"20\">Erscheinungsjahr:<\/td>\n<td class=\"xl16\">2021<\/td>\n<\/tr>\n<tr style=\"height: 15.0pt\">\n<td class=\"xl16\" style=\"height: 15.0pt\" height=\"20\">Fach:<\/td>\n<td class=\"xl16\">nicht zutreffend<\/td>\n<\/tr>\n<tr style=\"height: 15.0pt\">\n<td class=\"xl16\" style=\"height: 15.0pt\" height=\"20\">Fachbereich:<\/td>\n<td class=\"xl16\">T\u00fcrkisch<\/td>\n<\/tr>\n<tr style=\"height: 15.0pt\">\n<td class=\"xl16\" style=\"height: 15.0pt\" height=\"20\">Format:<\/td>\n<td class=\"xl16\">Taschenbuch<\/td>\n<\/tr>\n<tr style=\"height: 15.0pt\">\n<td class=\"xl16\" style=\"height: 15.0pt\" height=\"20\">ISBN:<\/td>\n<td class=\"xl16\">3468385404<\/td>\n<\/tr>\n<tr style=\"height: 15.0pt\">\n<td class=\"xl16\" style=\"height: 15.0pt\" height=\"20\">Niveau:<\/td>\n<td class=\"xl16\">A1 Anf\u00e4nger<\/td>\n<\/tr>\n<tr style=\"height: 15.0pt\">\n<td class=\"xl16\" style=\"height: 15.0pt\" height=\"20\">Produktart:<\/td>\n<td class=\"xl16\">Vokabelbuch<\/td>\n<\/tr>\n<tr style=\"height: 15.0pt\">\n<td class=\"xl16\" style=\"height: 15.0pt\" height=\"20\">Publikationsname:<\/td>\n<td class=\"xl16\">Die Top 1000 W\u00f6rter T\u00fcrkisch<\/td>\n<\/tr>\n<tr style=\"height: 15.0pt\">\n<td class=\"xl16\" style=\"height: 15.0pt\" height=\"20\">Reihe:<\/td>\n<td class=\"xl16\">Die Top 1000 W\u00f6rter<\/td>\n<\/tr>\n<tr style=\"height: 15.0pt\">\n<td class=\"xl16\" style=\"height: 15.0pt\" height=\"20\">Sprache:<\/td>\n<td class=\"xl16\">Deutsch<\/td>\n<\/tr>\n<tr style=\"height: 15.0pt\">\n<td class=\"xl16\" style=\"height: 15.0pt\" height=\"20\">Verlag:<\/td>\n<td class=\"xl16\">Langenscheidt<\/td>\n<\/tr>\n<\/tbody>\n<\/table>","protected":false},"featured_media":78101,"comment_status":"open","ping_status":"closed","template":"","meta":{"_seopress_robots_primary_cat":"","_seopress_titles_title":"","_seopress_titles_desc":"","_seopress_robots_index":""},"product_brand":[],"product_cat":[1428,1429,1430,1434,1439],"product_tag":[],"class_list":{"0":"post-77973","1":"product","2":"type-product","3":"status-publish","4":"has-post-thumbnail","6":"product_cat-buecher","7":"product_cat-jugend","8":"product_cat-lehrbuecher","9":"product_cat-erwachsene","10":"product_cat-lehrbuecher-erwachsene","11":"product_shipping_class-standard-versand","13":"first","14":"instock","15":"sale","16":"taxable","17":"shipping-taxable","18":"purchasable","19":"product-type-simple"},"_links":{"self":[{"href":"https:\/\/www.soanam.de\/ru\/wp-json\/wp\/v2\/product\/77973","targetHints":{"allow":["GET"]}}],"collection":[{"href":"https:\/\/www.soanam.de\/ru\/wp-json\/wp\/v2\/product"}],"about":[{"href":"https:\/\/www.soanam.de\/ru\/wp-json\/wp\/v2\/types\/product"}],"replies":[{"embeddable":true,"href":"https:\/\/www.soanam.de\/ru\/wp-json\/wp\/v2\/comments?post=77973"}],"wp:featuredmedia":[{"embeddable":true,"href":"https:\/\/www.soanam.de\/ru\/wp-json\/wp\/v2\/media\/78101"}],"wp:attachment":[{"href":"https:\/\/www.soanam.de\/ru\/wp-json\/wp\/v2\/media?parent=77973"}],"wp:term":[{"taxonomy":"product_brand","embeddable":true,"href":"https:\/\/www.soanam.de\/ru\/wp-json\/wp\/v2\/product_brand?post=77973"},{"taxonomy":"product_cat","embeddable":true,"href":"https:\/\/www.soanam.de\/ru\/wp-json\/wp\/v2\/product_cat?post=77973"},{"taxonomy":"product_tag","embeddable":true,"href":"https:\/\/www.soanam.de\/ru\/wp-json\/wp\/v2\/product_tag?post=77973"}],"curies":[{"name":"wp","href":"https:\/\/api.w.org\/{rel}","templated":true}]}}