{"id":77827,"date":"2023-12-13T21:01:18","date_gmt":"2023-12-13T20:01:18","guid":{"rendered":"https:\/\/www.soanam.de\/?post_type=product&#038;p=77827"},"modified":"2023-12-13T21:03:44","modified_gmt":"2023-12-13T20:03:44","slug":"shein-crop-cami-top-with-sun-and-moon-black-white-%d1%80%d0%b0%d0%b7%d0%bc%d0%b5%d1%80-s","status":"publish","type":"product","link":"https:\/\/www.soanam.de\/ru\/produkt\/shein-crop-cami-top-mit-sonne-und-mond-schwarz-weiss-gr-s\/","title":{"rendered":"SHEIN Crop Cami Top mit Sonne und Mond, Schwarz &amp; Wei\u00df, Gr. S"},"content":{"rendered":"<h3><strong>\u041e\u043f\u0438\u0441\u0430\u043d\u0438\u0435 \u0442\u043e\u0432\u0430\u0440\u0430<\/strong><\/h3>\n<p>\u0421\u0442\u0438\u043b\u044c: \u041f\u043e\u0432\u0441\u0435\u0434\u043d\u0435\u0432\u043d\u044b\u0439<br \/>\n\u0426\u0432\u0435\u0442: \u0447\u0435\u0440\u043d\u044b\u0439<br \/>\nMuster : Sonne und Mond<br \/>\nAusschnitt : Spaghettitr\u00e4ger<br \/>\nL\u00e4nge : Crop<br \/>\nTyp: Camisole<br \/>\n\u0421\u0435\u0437\u043e\u043d: \u043b\u0435\u0442\u043e<br \/>\nFit Typ: Schmal geschnitten<br \/>\nMaterialzusammensetzung: 97% Polyester, 3% Elasthan<br \/>\n\u0422\u043a\u0430\u043d\u044c: \u041b\u0435\u0433\u043a\u043e \u0440\u0430\u0441\u0442\u044f\u0433\u0438\u0432\u0430\u0435\u0442\u0441\u044f<\/p>\n<p>Das Model tr\u00e4gt Gr\u00f6\u00dfe: S<br \/>\nH\u00f6he: 168cm<br \/>\nBrust : 84cm<\/p>","protected":false},"excerpt":{"rendered":"<h3><strong>Artikelmerkmale<\/strong><\/h3>\n<p>Artikelzustand: Neu ohne Etikett<\/p>\n<table style=\"border-collapse: collapse;width: 863pt\" width=\"1150\">\n<tbody>\n<tr style=\"height: 15.0pt\">\n<td style=\"width: 193pt;height: 15.0pt\" width=\"257\" height=\"20\">Abteilung:<\/td>\n<td class=\"xl65\" style=\"width: 670pt\" width=\"893\">Damen<\/td>\n<\/tr>\n<tr style=\"height: 15.0pt\">\n<td style=\"height: 15.0pt\" height=\"20\">Anlass:<\/td>\n<td class=\"xl65\">Freizeit<\/td>\n<\/tr>\n<tr style=\"height: 15.0pt\">\n<td style=\"height: 15.0pt\" height=\"20\">\u00c4rmell\u00e4nge:<\/td>\n<td class=\"xl65\">\u0411\u0435\u0437 \u0440\u0443\u043a\u0430\u0432\u043e\u0432<\/td>\n<\/tr>\n<tr style=\"height: 15.0pt\">\n<td style=\"height: 15.0pt\" height=\"20\">Ausschnitt:<\/td>\n<td class=\"xl65\">\u041a\u0440\u0443\u0433\u043b\u044b\u0439 \u0432\u044b\u0440\u0435\u0437<\/td>\n<\/tr>\n<tr style=\"height: 15.0pt\">\n<td style=\"height: 15.0pt\" height=\"20\">Besonderheiten:<\/td>\n<td class=\"xl65\">Stretch<\/td>\n<\/tr>\n<tr style=\"height: 15.0pt\">\n<td style=\"height: 15.0pt\" height=\"20\">\u0426\u0432\u0435\u0442:<\/td>\n<td class=\"xl65\">\u0427\u0435\u0440\u043d\u044b\u0439, \u0431\u0435\u043b\u044b\u0439<\/td>\n<\/tr>\n<tr style=\"height: 15.0pt\">\n<td style=\"height: 15.0pt\" height=\"20\">Gewebeart:<\/td>\n<td class=\"xl65\">Mischgewebe<\/td>\n<\/tr>\n<tr style=\"height: 15.0pt\">\n<td style=\"height: 15.0pt\" height=\"20\">Gr\u00f6\u00dfe:<\/td>\n<td class=\"xl65\">S<\/td>\n<\/tr>\n<tr style=\"height: 15.0pt\">\n<td style=\"height: 15.0pt\" height=\"20\">Gr\u00f6\u00dfenkategorie:<\/td>\n<td class=\"xl65\">Normalgr\u00f6\u00dfe<\/td>\n<\/tr>\n<tr style=\"height: 15.0pt\">\n<td style=\"height: 15.0pt\" height=\"20\">Jahreszeit:<\/td>\n<td class=\"xl65\">Sommer<\/td>\n<\/tr>\n<tr style=\"height: 15.0pt\">\n<td style=\"height: 15.0pt\" height=\"20\">Marke:<\/td>\n<td class=\"xl65\">\u0428\u0435\u0439\u043d<\/td>\n<\/tr>\n<tr style=\"height: 15.0pt\">\n<td style=\"height: 15.0pt\" height=\"20\">\u041c\u0430\u0442\u0435\u0440\u0438\u0430\u043b:<\/td>\n<td class=\"xl65\">97% \u043f\u043e\u043b\u0438\u044d\u0441\u0442\u0435\u0440, 3% \u044d\u043b\u0430\u0441\u0442\u0430\u043d<\/td>\n<\/tr>\n<tr style=\"height: 15.0pt\">\n<td style=\"height: 15.0pt\" height=\"20\">Muster:<\/td>\n<td class=\"xl65\">Sonne und Mond<\/td>\n<\/tr>\n<tr style=\"height: 15.0pt\">\n<td style=\"height: 15.0pt\" height=\"20\">\u041f\u043e\u0434\u0445\u043e\u0434\u0438\u0442:<\/td>\n<td class=\"xl65\">Slim<\/td>\n<\/tr>\n<tr style=\"height: 15.0pt\">\n<td style=\"height: 15.0pt\" height=\"20\">Produktart:<\/td>\n<td class=\"xl65\">Top<\/td>\n<\/tr>\n<tr style=\"height: 15.0pt\">\n<td style=\"height: 15.0pt\" height=\"20\">Stil:<\/td>\n<td class=\"xl65\">Camisole<\/td>\n<\/tr>\n<tr style=\"height: 15.0pt\">\n<td style=\"height: 15.0pt\" height=\"20\">Vintage:<\/td>\n<td class=\"xl65\">Nein<\/td>\n<\/tr>\n<\/tbody>\n<\/table>","protected":false},"featured_media":77943,"comment_status":"open","ping_status":"closed","template":"","meta":{"_seopress_robots_primary_cat":"","_seopress_titles_title":"","_seopress_titles_desc":"","_seopress_robots_index":""},"product_brand":[],"product_cat":[1348,1458,1459],"product_tag":[],"class_list":{"0":"post-77827","1":"product","2":"type-product","3":"status-publish","4":"has-post-thumbnail","6":"product_cat-damen-mode","7":"product_cat-shirts-damen-mode","8":"product_cat-tops-shirts-damen-mode","9":"product_shipping_class-standard-versand","11":"first","12":"instock","13":"sale","14":"taxable","15":"shipping-taxable","16":"purchasable","17":"product-type-simple"},"_links":{"self":[{"href":"https:\/\/www.soanam.de\/ru\/wp-json\/wp\/v2\/product\/77827","targetHints":{"allow":["GET"]}}],"collection":[{"href":"https:\/\/www.soanam.de\/ru\/wp-json\/wp\/v2\/product"}],"about":[{"href":"https:\/\/www.soanam.de\/ru\/wp-json\/wp\/v2\/types\/product"}],"replies":[{"embeddable":true,"href":"https:\/\/www.soanam.de\/ru\/wp-json\/wp\/v2\/comments?post=77827"}],"wp:featuredmedia":[{"embeddable":true,"href":"https:\/\/www.soanam.de\/ru\/wp-json\/wp\/v2\/media\/77943"}],"wp:attachment":[{"href":"https:\/\/www.soanam.de\/ru\/wp-json\/wp\/v2\/media?parent=77827"}],"wp:term":[{"taxonomy":"product_brand","embeddable":true,"href":"https:\/\/www.soanam.de\/ru\/wp-json\/wp\/v2\/product_brand?post=77827"},{"taxonomy":"product_cat","embeddable":true,"href":"https:\/\/www.soanam.de\/ru\/wp-json\/wp\/v2\/product_cat?post=77827"},{"taxonomy":"product_tag","embeddable":true,"href":"https:\/\/www.soanam.de\/ru\/wp-json\/wp\/v2\/product_tag?post=77827"}],"curies":[{"name":"wp","href":"https:\/\/api.w.org\/{rel}","templated":true}]}}