{"id":77808,"date":"2023-12-13T21:00:51","date_gmt":"2023-12-13T20:00:51","guid":{"rendered":"https:\/\/www.soanam.de\/?post_type=product&#038;p=77808"},"modified":"2023-12-13T21:03:16","modified_gmt":"2023-12-13T20:03:16","slug":"das-maedchen-wadjda-der-erste-film-aus-saudi-arabien-gedreht-von-einer-frau-dvd","status":"publish","type":"product","link":"https:\/\/www.soanam.de\/ru\/produkt\/das-maedchen-wadjda-der-erste-film-aus-saudi-arabien-gedreht-von-einer-frau-dvd\/","title":{"rendered":"\u0414\u0435\u0432\u0443\u0448\u043a\u0430 \u0412\u0430\u0434\u0436\u0434\u0430 - \u043f\u0435\u0440\u0432\u044b\u0439 \u0444\u0438\u043b\u044c\u043c \u0438\u0437 \u0421\u0430\u0443\u0434\u043e\u0432\u0441\u043a\u043e\u0439 \u0410\u0440\u0430\u0432\u0438\u0438, \u0441\u043d\u044f\u0442\u044b\u0439 \u0436\u0435\u043d\u0449\u0438\u043d\u043e\u0439 - DVD"},"content":{"rendered":"<h3><strong>\u041e\u043f\u0438\u0441\u0430\u043d\u0438\u0435 \u0442\u043e\u0432\u0430\u0440\u0430<\/strong><\/h3>\n<p>Jeden Tag, wenn Wadjda in ihrer Heimatstadt Riad zur Schule geht, f\u00fchrt sie ihr Weg an einem Spielzeuggesch\u00e4ft vorbei, das ein gr\u00fcnes Fahrrad anbietet. Dabei schl\u00e4gt ihr Herz jedes Mal h\u00f6her, denn dieses gr\u00fcne Fahrrad zu besitzen w\u00fcrde auch bedeuten, sich endlich gegen den Nachbarsjungen Abdullah durchzusetzen und ihm, schnell wie der Wind, davon flitzen zu k\u00f6nnen. Obwohl es M\u00e4dchen untersagt ist Fahrrad zu fahren, heckt Wadjda einen Plan aus, wie sie mit verbotenen Gesch\u00e4ften auf dem Schulhof Geld f\u00fcr das Fahrrad verdienen kann. Doch Wadjdas Machenschaften fliegen auf, es droht ein Schulverweis und die Hoffnungen auf das Geld sind dahin. Dem M\u00e4dchen bleibt nur eine Chance: Sie muss den mit einem hohen Preisgeld dotierten Koran-Rezitationswettbewerb der Schule gewinnen. Mit viel Eifer und Erfindungsgeist macht sie sich an die Aufgabe, vermeintlich fromm zu werden. Und so hat sie auch keine Augen f\u00fcr die Probleme der Mutter, die zu verhindern versucht, dass ihr Mann sich eine zweite Frau nimmt. Doch ebenso wie ihre mutige Tochter erkennt auch Wadjdas Mutter, dass sie letztlich auf sich alleine gestellt ist und einen steinigen Weg einschlagen muss, um f\u00fcr sich und ihre Tochter eine selbstbestimmte Zukunft zu erk\u00e4mpfen.<\/p>\n<p>Der erste abendf\u00fcllende Spielfilm aus Saudi-Arabien \u2013 gedreht von einer Frau! Mit ihrem Deb\u00fctfilm erz\u00e4hlt die saudische Regisseurin und Drehbuchautorin Haifaa Al Mansour die ber\u00fchrende Geschichte des zehnj\u00e4hrigen M\u00e4dchens Wadjda, das am Stadtrand von Riad aufw\u00e4chst und mit Mut und Witz ihre eigenen Tr\u00e4ume entgegen strenger Konventionen zu verwirklichen wei\u00df. Der Film zeichnet ein differenziertes und authentisches Bild vom Leben der saudischen Frauen und vermittelt eine einmalige Innenansicht der dortigen Kultur und Gesellschaft.<\/p>\n<p>\u201eDieser Film ist ein kleines Juwel!\u201c (BILD)<\/p>\n<p>\u201eEin wahres Filmwunder, aus einem Land, in dem es keine Kinos gibt\u201c (TV Spielfilm)<\/p>\n<p>\u201eEin ber\u00fchrendes Pl\u00e4doyer f\u00fcr starke M\u00e4dchen und Frauen\u201c (Stern)<\/p>\n<p>\u201eEine kleine Sensation\u201c (S\u00fcddeutsche Zeitung)<\/p>","protected":false},"excerpt":{"rendered":"<h3><strong>Artikelmerkmale<\/strong><\/h3>\n<p>Artikelzustand: Neu - Artikel, dessen Originalverpackung (sofern zutreffend) nicht ge\u00f6ffnet oder entfernt wurde<\/p>\n<table style=\"border-collapse: collapse;width: 863pt\" width=\"1150\">\n<tbody>\n<tr style=\"height: 15.0pt\">\n<td style=\"width: 193pt;height: 15.0pt\" width=\"257\" height=\"20\">Besonderheiten:<\/td>\n<td class=\"xl65\" style=\"width: 670pt\" width=\"893\">Full Screen, Mit Untertiteln<\/td>\n<\/tr>\n<tr style=\"height: 15.0pt\">\n<td style=\"height: 15.0pt\" height=\"20\">Darsteller:<\/td>\n<td class=\"xl65\">Reem Abdullah, Waad Mohammed, Abdullrahman Al Gohani<\/td>\n<\/tr>\n<tr style=\"height: 15.0pt\">\n<td style=\"height: 15.0pt\" height=\"20\">EAN:<\/td>\n<td class=\"xl65\">4020628924300<\/td>\n<\/tr>\n<tr style=\"height: 15.0pt\">\n<td style=\"height: 15.0pt\" height=\"20\">Edition:<\/td>\n<td class=\"xl65\">Standardausgabe<\/td>\n<\/tr>\n<tr style=\"height: 15.0pt\">\n<td style=\"height: 15.0pt\" height=\"20\">Erscheinungsjahr:<\/td>\n<td class=\"xl65\">2014<\/td>\n<\/tr>\n<tr style=\"height: 15.0pt\">\n<td style=\"height: 15.0pt\" height=\"20\">Film-\/Fernseh-Titel:<\/td>\n<td class=\"xl65\">Das M\u00e4dchen Wadjda<\/td>\n<\/tr>\n<tr style=\"height: 15.0pt\">\n<td style=\"height: 15.0pt\" height=\"20\">Format:<\/td>\n<td class=\"xl65\">DVD Video<\/td>\n<\/tr>\n<tr style=\"height: 15.0pt\">\n<td style=\"height: 15.0pt\" height=\"20\">FSK-Einstufung:<\/td>\n<td class=\"xl65\">0<\/td>\n<\/tr>\n<tr style=\"height: 15.0pt\">\n<td style=\"height: 15.0pt\" height=\"20\">Genre:<\/td>\n<td class=\"xl65\">Drama<\/td>\n<\/tr>\n<tr style=\"height: 15.0pt\">\n<td style=\"height: 15.0pt\" height=\"20\">Herstellernummer:<\/td>\n<td class=\"xl65\">Nicht zutreffend<\/td>\n<\/tr>\n<tr style=\"height: 15.0pt\">\n<td style=\"height: 15.0pt\" height=\"20\">Herstellungsland und -region:<\/td>\n<td class=\"xl65\">Saudi-Arabien<\/td>\n<\/tr>\n<tr style=\"height: 15.0pt\">\n<td style=\"height: 15.0pt\" height=\"20\">H\u00fcllenart:<\/td>\n<td class=\"xl65\">Kunststoffh\u00fclse<\/td>\n<\/tr>\n<tr style=\"height: 15.0pt\">\n<td style=\"height: 15.0pt\" height=\"20\">Produktart:<\/td>\n<td class=\"xl65\">Film<\/td>\n<\/tr>\n<tr style=\"height: 15.0pt\">\n<td style=\"height: 15.0pt\" height=\"20\">Regionalcode:<\/td>\n<td class=\"xl65\">DVD: 2 (Europa, Japan, Naher Osten\u2026)<\/td>\n<\/tr>\n<tr style=\"height: 15.0pt\">\n<td style=\"height: 15.0pt\" height=\"20\">Regisseur:<\/td>\n<td class=\"xl65\">Haifaa Al-Mansour<\/td>\n<\/tr>\n<tr style=\"height: 15.0pt\">\n<td style=\"height: 15.0pt\" height=\"20\">Spieldauer:<\/td>\n<td class=\"xl65\">93 Min.<\/td>\n<\/tr>\n<tr style=\"height: 15.0pt\">\n<td style=\"height: 15.0pt\" height=\"20\">Sprache:<\/td>\n<td class=\"xl65\">Deutsch, Arabisch<\/td>\n<\/tr>\n<tr style=\"height: 15.0pt\">\n<td style=\"height: 15.0pt\" height=\"20\">Studio:<\/td>\n<td class=\"xl65\">Koch Films<\/td>\n<\/tr>\n<tr style=\"height: 15.0pt\">\n<td style=\"height: 15.0pt\" height=\"20\">Subgenre:<\/td>\n<td class=\"xl65\">Familie<\/td>\n<\/tr>\n<tr style=\"height: 15.0pt\">\n<td style=\"height: 15.0pt\" height=\"20\">Untertitel Sprache:<\/td>\n<td class=\"xl65\">Deutsch<\/td>\n<\/tr>\n<\/tbody>\n<\/table>","protected":false},"featured_media":77921,"comment_status":"open","ping_status":"closed","template":"","meta":{"_seopress_robots_primary_cat":"","_seopress_titles_title":"","_seopress_titles_desc":"","_seopress_robots_index":""},"product_brand":[],"product_cat":[1423,1424],"product_tag":[],"class_list":{"0":"post-77808","1":"product","2":"type-product","3":"status-publish","4":"has-post-thumbnail","6":"product_cat-multimedia","7":"product_cat-dvds","8":"product_shipping_class-standard-versand","10":"first","11":"instock","12":"sale","13":"taxable","14":"shipping-taxable","15":"purchasable","16":"product-type-simple"},"_links":{"self":[{"href":"https:\/\/www.soanam.de\/ru\/wp-json\/wp\/v2\/product\/77808","targetHints":{"allow":["GET"]}}],"collection":[{"href":"https:\/\/www.soanam.de\/ru\/wp-json\/wp\/v2\/product"}],"about":[{"href":"https:\/\/www.soanam.de\/ru\/wp-json\/wp\/v2\/types\/product"}],"replies":[{"embeddable":true,"href":"https:\/\/www.soanam.de\/ru\/wp-json\/wp\/v2\/comments?post=77808"}],"wp:featuredmedia":[{"embeddable":true,"href":"https:\/\/www.soanam.de\/ru\/wp-json\/wp\/v2\/media\/77921"}],"wp:attachment":[{"href":"https:\/\/www.soanam.de\/ru\/wp-json\/wp\/v2\/media?parent=77808"}],"wp:term":[{"taxonomy":"product_brand","embeddable":true,"href":"https:\/\/www.soanam.de\/ru\/wp-json\/wp\/v2\/product_brand?post=77808"},{"taxonomy":"product_cat","embeddable":true,"href":"https:\/\/www.soanam.de\/ru\/wp-json\/wp\/v2\/product_cat?post=77808"},{"taxonomy":"product_tag","embeddable":true,"href":"https:\/\/www.soanam.de\/ru\/wp-json\/wp\/v2\/product_tag?post=77808"}],"curies":[{"name":"wp","href":"https:\/\/api.w.org\/{rel}","templated":true}]}}