{"id":77807,"date":"2023-12-13T21:00:50","date_gmt":"2023-12-13T20:00:50","guid":{"rendered":"https:\/\/www.soanam.de\/?post_type=product&#038;p=77807"},"modified":"2023-12-13T21:03:14","modified_gmt":"2023-12-13T20:03:14","slug":"panama-jack-telma-igloo-%d0%b6%d0%b5%d0%bd%d1%81%d0%ba%d0%b8%d0%b5-%d0%b1%d0%be%d1%82%d0%b8%d0%bd%d0%ba%d0%b8-%d1%81%d0%be-%d1%88%d0%bd%d1%83%d1%80%d0%be%d0%b2%d0%ba%d0%be%d0%b9-%d0%bd%d0%b0-%d0%bb","status":"publish","type":"product","link":"https:\/\/www.soanam.de\/ru\/produkt\/panama-jack-telma-igloo-damen-schnuerstiefelette-schwarz-groesse-42\/","title":{"rendered":"Panama Jack TELMA IGLOO - Damen Schn\u00fcrstiefelette, Schwarz, Gr\u00f6\u00dfe 42"},"content":{"rendered":"<h3>\u041e\u043f\u0438\u0441\u0430\u043d\u0438\u0435<\/h3>\n<p><strong>\u043f\u043e\u0434\u0440\u043e\u0431\u043d\u043e\u0441\u0442\u0438<\/strong><\/p>\n<p>Nappaleder, leichtes Tragegef\u00fchl dank Flexi Light Laufsohle<br \/>\n\u041f\u043e\u0433\u043e\u0434\u0430: \u0441\u043d\u0435\u0433<br \/>\n\u041c\u044b\u0441\u043e\u043a: \u043a\u0440\u0443\u0433\u043b\u044b\u0439<br \/>\n\u0424\u043e\u0440\u043c\u0430 \u043a\u0430\u0431\u043b\u0443\u043a\u0430: \u0431\u043b\u043e\u0447\u043d\u044b\u0439 \u043a\u0430\u0431\u043b\u0443\u043a<br \/>\n\u0417\u0430\u043a\u0440\u044b\u0442\u0438\u0435: \u0448\u043d\u0443\u0440\u043e\u0432\u043a\u0430<br \/>\n\u0423\u0437\u043e\u0440: \u043e\u0434\u043d\u043e\u0442\u043e\u043d\u043d\u044b\u0435 \u0446\u0432\u0435\u0442\u0430<br \/>\nFunktion: Wasserdicht<\/p>\n<p><strong>\u041c\u0430\u0442\u0435\u0440\u0438\u0430\u043b<\/strong><\/p>\n<p>Obermaterial: Schafsleder<br \/>\nInnenmaterial: Lammfell gef\u00fcttert<br \/>\nDecksohle: Lammfell<br \/>\n\u041f\u043e\u0434\u043e\u0448\u0432\u0430: \u0441\u0438\u043d\u0442\u0435\u0442\u0438\u043a\u0430<br \/>\n\u0422\u043e\u043b\u0449\u0438\u043d\u0430 \u043f\u043e\u0434\u043a\u043b\u0430\u0434\u043a\u0438: \u0422\u0435\u043f\u043b\u0430\u044f \u043f\u043e\u0434\u043a\u043b\u0430\u0434\u043a\u0430<\/p>\n<p><strong>Fit<\/strong><\/p>\n<p>Schafth\u00f6he: ca. 15 cm<br \/>\nAbsatzh\u00f6he: ca. 4 cm<\/p>\n<p><strong>\u0423\u0445\u043e\u0434<\/strong><br \/>\n\u041c\u0430\u0448\u0438\u043d\u043d\u0430\u044f \u0441\u0442\u0438\u0440\u043a\u0430<\/p>","protected":false},"excerpt":{"rendered":"<h3>Artikelmerkmale<\/h3>\n<p>\u0421\u043e\u0441\u0442\u043e\u044f\u043d\u0438\u0435 \u0442\u043e\u0432\u0430\u0440\u0430: \u041d\u043e\u0432\u044b\u0439 \u0441 \u044d\u0442\u0438\u043a\u0435\u0442\u043a\u043e\u0439: \u041d\u043e\u0432\u044b\u0439, \u043d\u0435\u0438\u0441\u043f\u043e\u043b\u044c\u0437\u043e\u0432\u0430\u043d\u043d\u044b\u0439 \u0438 \u043d\u0435\u043d\u043e\u0448\u0435\u043d\u044b\u0439 \u0442\u043e\u0432\u0430\u0440 \u0432 \u043e\u0440\u0438\u0433\u0438\u043d\u0430\u043b\u044c\u043d\u043e\u0439 \u0443\u043f\u0430\u043a\u043e\u0432\u043a\u0435<\/p>\n<table border=\"0\" frame=\"VOID\" rules=\"NONE\" cellspacing=\"0\">\n<colgroup>\n<col width=\"186\" \/>\n<col width=\"258\" \/><\/colgroup>\n<tbody>\n<tr>\n<td align=\"LEFT\" width=\"186\" height=\"18\">Absatzart:<\/td>\n<td align=\"LEFT\" width=\"258\">Blockabsatz<\/td>\n<\/tr>\n<tr>\n<td align=\"LEFT\" height=\"18\">Absatzh\u00f6he:<\/td>\n<td align=\"LEFT\">Niedrig (2,5 bis 4,9 cm)<\/td>\n<\/tr>\n<tr>\n<td align=\"LEFT\" height=\"18\">Abteilung:<\/td>\n<td align=\"LEFT\">Damen<\/td>\n<\/tr>\n<tr>\n<td align=\"LEFT\" height=\"18\">Akzente:<\/td>\n<td align=\"LEFT\">Fellbesatz<\/td>\n<\/tr>\n<tr>\n<td align=\"LEFT\" height=\"18\">AU-Schuhgr\u00f6\u00dfe:<\/td>\n<td align=\"LEFT\">ohne Angabe<\/td>\n<\/tr>\n<tr>\n<td align=\"LEFT\" height=\"18\">Besonderheiten:<\/td>\n<td align=\"LEFT\">\u041d\u0430 \u043f\u043e\u0434\u043a\u043b\u0430\u0434\u043a\u0435<\/td>\n<\/tr>\n<tr>\n<td align=\"LEFT\" height=\"18\">Charakter:<\/td>\n<td align=\"LEFT\">ohne<\/td>\n<\/tr>\n<tr>\n<td align=\"LEFT\" height=\"17\">EAN:<\/td>\n<td style=\"text-align: left;\" align=\"RIGHT\">8434823406084<\/td>\n<\/tr>\n<tr>\n<td align=\"LEFT\" height=\"18\">EU-Schuhgr\u00f6\u00dfe:<\/td>\n<td align=\"LEFT\">EUR 42<\/td>\n<\/tr>\n<tr>\n<td align=\"LEFT\" height=\"18\">\u0426\u0432\u0435\u0442:<\/td>\n<td align=\"LEFT\">\u0427\u0435\u0440\u043d\u044b\u0439<\/td>\n<\/tr>\n<tr>\n<td align=\"LEFT\" height=\"18\">Futtermaterial:<\/td>\n<td align=\"LEFT\">Lammfell<\/td>\n<\/tr>\n<tr>\n<td align=\"LEFT\" height=\"18\">Individualisiert:<\/td>\n<td align=\"LEFT\">Nein<\/td>\n<\/tr>\n<tr>\n<td align=\"LEFT\" height=\"18\">Innensohlenmaterial:<\/td>\n<td align=\"LEFT\">Lammfell<\/td>\n<\/tr>\n<tr>\n<td align=\"LEFT\" height=\"18\">Jahreszeit:<\/td>\n<td align=\"LEFT\">Winter<\/td>\n<\/tr>\n<tr>\n<td align=\"LEFT\" height=\"18\">Laufsohlenmaterial:<\/td>\n<td align=\"LEFT\">\u0421\u0438\u043d\u0442\u0435\u0442\u0438\u043a\u0430<\/td>\n<\/tr>\n<tr>\n<td align=\"LEFT\" height=\"18\">Marke:<\/td>\n<td align=\"LEFT\">\u041f\u0430\u043d\u0430\u043c\u0430 \u0414\u0436\u0435\u043a<\/td>\n<\/tr>\n<tr>\n<td align=\"LEFT\" height=\"18\">Modell:<\/td>\n<td align=\"LEFT\">TELMA IGLOO<\/td>\n<\/tr>\n<tr>\n<td align=\"LEFT\" height=\"18\">Obermaterial:<\/td>\n<td align=\"LEFT\">\u041a\u043e\u0436\u0430<\/td>\n<\/tr>\n<tr>\n<td align=\"LEFT\" height=\"18\">Produktart:<\/td>\n<td align=\"LEFT\">\u0421\u0430\u043f\u043e\u0433\u0438<\/td>\n<\/tr>\n<tr>\n<td align=\"LEFT\" height=\"18\">Schuhgr\u00f6\u00dfe:<\/td>\n<td align=\"LEFT\">EUR 42<\/td>\n<\/tr>\n<tr>\n<td align=\"LEFT\" height=\"18\">Schuhschaft-Typ:<\/td>\n<td align=\"LEFT\">Kn\u00f6chel<\/td>\n<\/tr>\n<tr>\n<td align=\"LEFT\" height=\"18\">Schuhweite:<\/td>\n<td align=\"LEFT\">F<\/td>\n<\/tr>\n<tr>\n<td align=\"LEFT\" height=\"18\">Stil:<\/td>\n<td align=\"LEFT\">Stiefelette<\/td>\n<\/tr>\n<tr>\n<td align=\"LEFT\" height=\"18\">Thema:<\/td>\n<td align=\"LEFT\">Outdoor<\/td>\n<\/tr>\n<tr>\n<td align=\"LEFT\" height=\"18\">UK-Schuhgr\u00f6\u00dfe:<\/td>\n<td align=\"LEFT\">UK 9<\/td>\n<\/tr>\n<tr>\n<td align=\"LEFT\" height=\"18\">US-Schuhgr\u00f6\u00dfe:<\/td>\n<td align=\"LEFT\">US 11<\/td>\n<\/tr>\n<tr>\n<td align=\"LEFT\" height=\"18\">Vintage:<\/td>\n<td align=\"LEFT\">Nein<\/td>\n<\/tr>\n<\/tbody>\n<\/table>","protected":false},"featured_media":77916,"comment_status":"open","ping_status":"closed","template":"","meta":{"_seopress_robots_primary_cat":"","_seopress_titles_title":"","_seopress_titles_desc":"","_seopress_robots_index":""},"product_brand":[],"product_cat":[1348,1360,1385,1454],"product_tag":[],"class_list":{"0":"post-77807","1":"product","2":"type-product","3":"status-publish","4":"has-post-thumbnail","6":"product_cat-damen-mode","7":"product_cat-schuhe","8":"product_cat-stiefel","9":"product_cat-schnuerstiefel","10":"product_shipping_class-standard-versand","12":"first","13":"instock","14":"sale","15":"taxable","16":"shipping-taxable","17":"purchasable","18":"product-type-simple"},"_links":{"self":[{"href":"https:\/\/www.soanam.de\/ru\/wp-json\/wp\/v2\/product\/77807","targetHints":{"allow":["GET"]}}],"collection":[{"href":"https:\/\/www.soanam.de\/ru\/wp-json\/wp\/v2\/product"}],"about":[{"href":"https:\/\/www.soanam.de\/ru\/wp-json\/wp\/v2\/types\/product"}],"replies":[{"embeddable":true,"href":"https:\/\/www.soanam.de\/ru\/wp-json\/wp\/v2\/comments?post=77807"}],"wp:featuredmedia":[{"embeddable":true,"href":"https:\/\/www.soanam.de\/ru\/wp-json\/wp\/v2\/media\/77916"}],"wp:attachment":[{"href":"https:\/\/www.soanam.de\/ru\/wp-json\/wp\/v2\/media?parent=77807"}],"wp:term":[{"taxonomy":"product_brand","embeddable":true,"href":"https:\/\/www.soanam.de\/ru\/wp-json\/wp\/v2\/product_brand?post=77807"},{"taxonomy":"product_cat","embeddable":true,"href":"https:\/\/www.soanam.de\/ru\/wp-json\/wp\/v2\/product_cat?post=77807"},{"taxonomy":"product_tag","embeddable":true,"href":"https:\/\/www.soanam.de\/ru\/wp-json\/wp\/v2\/product_tag?post=77807"}],"curies":[{"name":"wp","href":"https:\/\/api.w.org\/{rel}","templated":true}]}}