{"id":77759,"date":"2023-12-13T20:59:57","date_gmt":"2023-12-13T19:59:57","guid":{"rendered":"https:\/\/www.soanam.de\/?post_type=product&#038;p=77759"},"modified":"2023-12-13T21:02:25","modified_gmt":"2023-12-13T20:02:25","slug":"various-verve-blue-note-today-2020-cd-deutsch","status":"publish","type":"product","link":"https:\/\/www.soanam.de\/ru\/produkt\/various-verve-blue-note-today-2020-cd-deutsch\/","title":{"rendered":"VARIOUS - Verve &amp; Blue Note Today 2020 CD German"},"content":{"rendered":"<h3><strong>\u041e\u043f\u0438\u0441\u0430\u043d\u0438\u0435 \u0442\u043e\u0432\u0430\u0440\u0430<\/strong><\/h3>\n<p>Verve &amp; Blue Note Today 2020 - neue Musik, frisch abgepackt!<\/p>\n<p>Mit der beliebten Budget-Compilation kann man sich auch dieses Jahr wieder einen \u00dcberblick \u00fcber die Neuver\u00f6ffentlichungen einiger der wichtigsten Jazzlabels verschaffen. Im CD-Booklet werden die K\u00fcnstler und ihre aktuellen Alben wie immer in kurzen Texten vorgestellt.<\/p>\n<p>Diesmal dabei: GREGORY PORTER, MELODY GARDOT, NORAH JONES, JACOB COLLIER, GOGO PENGUIN, CURTIS STIGERS u.v.a.<\/p>\n<p><strong>\u0414\u0435\u0442\u0430\u043b\u0438 \u043f\u0440\u043e\u0434\u0443\u043a\u0442\u0430<\/strong><br \/>\nMedium: CD<br \/>\nAnzahl: 1<br \/>\nErscheinungsdatum: 25.09.2020<br \/>\n\u042f\u0437\u044b\u043a: \u043d\u0435\u043c\u0435\u0446\u043a\u0438\u0439<br \/>\nEAN: 0600753922767<br \/>\nHersteller: Universal Music Vertrieb - A Division of Universal Music GmbH<br \/>\nSpieldauer: 77 Minuten<\/p>","protected":false},"excerpt":{"rendered":"<h3><strong>Artikelmerkmale<\/strong><\/h3>\n<p>Artikelzustand: Neu - Neues, ungelesenes, ungebrauchtes Buch in makellosem Zustand<\/p>\n<table style=\"border-collapse: collapse;width: 432pt\" width=\"576\">\n<tbody>\n<tr style=\"height: 15.0pt\">\n<td class=\"xl65\" style=\"width: 193pt;height: 15.0pt\" width=\"257\" height=\"20\">Ausgabejahr:<\/td>\n<td class=\"xl65\" style=\"width: 239pt\" width=\"319\">2020<\/td>\n<\/tr>\n<tr style=\"height: 15.0pt\">\n<td class=\"xl65\" style=\"height: 15.0pt\" height=\"20\">Besonderheiten:<\/td>\n<td class=\"xl65\">Audio-CD<\/td>\n<\/tr>\n<tr style=\"height: 15.0pt\">\n<td class=\"xl65\" style=\"height: 15.0pt\" height=\"20\">CD-Zustand:<\/td>\n<td class=\"xl65\">M (Mint)<\/td>\n<\/tr>\n<tr style=\"height: 15.0pt\">\n<td class=\"xl65\" style=\"height: 15.0pt\" height=\"20\">EAN:<\/td>\n<td class=\"xl65\">600753922767<\/td>\n<\/tr>\n<tr style=\"height: 15.0pt\">\n<td class=\"xl65\" style=\"height: 15.0pt\" height=\"20\">Epoche:<\/td>\n<td class=\"xl65\">2020<\/td>\n<\/tr>\n<tr style=\"height: 15.0pt\">\n<td class=\"xl65\" style=\"height: 15.0pt\" height=\"20\">Format:<\/td>\n<td class=\"xl65\">CD<\/td>\n<\/tr>\n<tr style=\"height: 15.0pt\">\n<td class=\"xl65\" style=\"height: 15.0pt\" height=\"20\">Geh\u00e4usezustand:<\/td>\n<td class=\"xl65\">M (Mint)<\/td>\n<\/tr>\n<tr style=\"height: 15.0pt\">\n<td class=\"xl65\" style=\"height: 15.0pt\" height=\"20\">Genre:<\/td>\n<td class=\"xl65\">Jazz<\/td>\n<\/tr>\n<tr style=\"height: 15.0pt\">\n<td class=\"xl65\" style=\"height: 15.0pt\" height=\"20\">Herstellungsland und -region:<\/td>\n<td class=\"xl65\">\u0413\u0435\u0440\u043c\u0430\u043d\u0438\u044f<\/td>\n<\/tr>\n<tr style=\"height: 15.0pt\">\n<td class=\"xl65\" style=\"height: 15.0pt\" height=\"20\">H\u00fcllenart:<\/td>\n<td class=\"xl65\">Jewelcase: Standard<\/td>\n<\/tr>\n<tr style=\"height: 15.0pt\">\n<td class=\"xl65\" style=\"height: 15.0pt\" height=\"20\">Inlay-Zustand:<\/td>\n<td class=\"xl65\">M (Mint)<\/td>\n<\/tr>\n<tr style=\"height: 15.0pt\">\n<td class=\"xl65\" style=\"height: 15.0pt\" height=\"20\">Interpret:<\/td>\n<td class=\"xl65\">Various<\/td>\n<\/tr>\n<tr style=\"height: 15.0pt\">\n<td class=\"xl65\" style=\"height: 15.0pt\" height=\"20\">Marke:<\/td>\n<td class=\"xl65\">UNIVERSAL MUSIC GMBH<\/td>\n<\/tr>\n<tr style=\"height: 15.0pt\">\n<td class=\"xl65\" style=\"height: 15.0pt\" height=\"20\">Musiklabel:<\/td>\n<td class=\"xl65\">Verve<\/td>\n<\/tr>\n<tr style=\"height: 15.0pt\">\n<td class=\"xl65\" style=\"height: 15.0pt\" height=\"20\">Musiktitel:<\/td>\n<td class=\"xl65\">VARIOUS<\/td>\n<\/tr>\n<tr style=\"height: 15.0pt\">\n<td class=\"xl65\" style=\"height: 15.0pt\" height=\"20\">Spielname:<\/td>\n<td class=\"xl65\">Verve And Blue Note Today 2020<\/td>\n<\/tr>\n<tr style=\"height: 15.0pt\">\n<td class=\"xl65\" style=\"height: 15.0pt\" height=\"20\">Sprache:<\/td>\n<td class=\"xl65\">Deutsch<\/td>\n<\/tr>\n<\/tbody>\n<\/table>","protected":false},"featured_media":77874,"comment_status":"open","ping_status":"closed","template":"","meta":{"_seopress_robots_primary_cat":"","_seopress_titles_title":"","_seopress_titles_desc":"","_seopress_robots_index":""},"product_brand":[],"product_cat":[1423,1448],"product_tag":[],"class_list":{"0":"post-77759","1":"product","2":"type-product","3":"status-publish","4":"has-post-thumbnail","6":"product_cat-multimedia","7":"product_cat-cds","8":"product_shipping_class-standard-versand","10":"first","11":"instock","12":"sale","13":"taxable","14":"shipping-taxable","15":"purchasable","16":"product-type-simple"},"_links":{"self":[{"href":"https:\/\/www.soanam.de\/ru\/wp-json\/wp\/v2\/product\/77759","targetHints":{"allow":["GET"]}}],"collection":[{"href":"https:\/\/www.soanam.de\/ru\/wp-json\/wp\/v2\/product"}],"about":[{"href":"https:\/\/www.soanam.de\/ru\/wp-json\/wp\/v2\/types\/product"}],"replies":[{"embeddable":true,"href":"https:\/\/www.soanam.de\/ru\/wp-json\/wp\/v2\/comments?post=77759"}],"wp:featuredmedia":[{"embeddable":true,"href":"https:\/\/www.soanam.de\/ru\/wp-json\/wp\/v2\/media\/77874"}],"wp:attachment":[{"href":"https:\/\/www.soanam.de\/ru\/wp-json\/wp\/v2\/media?parent=77759"}],"wp:term":[{"taxonomy":"product_brand","embeddable":true,"href":"https:\/\/www.soanam.de\/ru\/wp-json\/wp\/v2\/product_brand?post=77759"},{"taxonomy":"product_cat","embeddable":true,"href":"https:\/\/www.soanam.de\/ru\/wp-json\/wp\/v2\/product_cat?post=77759"},{"taxonomy":"product_tag","embeddable":true,"href":"https:\/\/www.soanam.de\/ru\/wp-json\/wp\/v2\/product_tag?post=77759"}],"curies":[{"name":"wp","href":"https:\/\/api.w.org\/{rel}","templated":true}]}}