{"id":77737,"date":"2023-12-13T20:59:33","date_gmt":"2023-12-13T19:59:33","guid":{"rendered":"https:\/\/www.soanam.de\/?post_type=product&#038;p=77737"},"modified":"2023-12-13T21:02:11","modified_gmt":"2023-12-13T20:02:11","slug":"balea-straffende-hydrogel-gesichtsmaske-mit-diamantpuder-und-hyaluron-2er-pack","status":"publish","type":"product","link":"https:\/\/www.soanam.de\/ru\/produkt\/balea-straffende-hydrogel-gesichtsmaske-mit-diamantpuder-und-hyaluron-2er-pack\/","title":{"rendered":"\u0423\u043a\u0440\u0435\u043f\u043b\u044f\u044e\u0449\u0430\u044f \u0433\u0438\u0434\u0440\u043e\u0433\u0435\u043b\u0435\u0432\u0430\u044f \u043c\u0430\u0441\u043a\u0430 \u0434\u043b\u044f \u043b\u0438\u0446\u0430 Balea \u0441 \u0430\u043b\u043c\u0430\u0437\u043d\u043e\u0439 \u043f\u0443\u0434\u0440\u043e\u0439 \u0438 \u0433\u0438\u0430\u043b\u0443\u0440\u043e\u043d\u043e\u0432\u043e\u0439 \u043a\u0438\u0441\u043b\u043e\u0442\u043e\u0439, \u0443\u043f\u0430\u043a\u043e\u0432\u043a\u0430 \u0438\u0437 2 \u0448\u0442\u0443\u043a"},"content":{"rendered":"<h3><strong>\u041e\u043f\u0438\u0441\u0430\u043d\u0438\u0435 \u0442\u043e\u0432\u0430\u0440\u0430<\/strong><\/h3>\n<p>F\u00fcr strahlend sch\u00f6ne Haut<br \/>\nMit der besonderen Kraft der Edelsteine<br \/>\nMit Diamant-Puder<\/p>\n<p>Die Balea Hydrogel Gesichtsmaske Diamant enth\u00e4lt Diamant-Puder und Hyaluron. So sorgt sie, mit der besonderen Kraft der Edelsteine, f\u00fcr strahlend sch\u00f6ne Haut.<\/p>\n<p><strong>Produktmerkmale<\/strong><br \/>\nHauttyp: Normaler \/ Jeder Hauttyp<br \/>\nProdukteigenschaften: Besonders f\u00fcr das Gesicht geeignet, Ohne Parabene, Ohne Paraffine \/ Mineral\u00f6le, Vegan<br \/>\nTextur \/ Konsistenz \/ Applikation: Gel<\/p>","protected":false},"excerpt":{"rendered":"<p>Artikelmerkmale<\/p>\n<p>Artikelzustand: Neu - Neuer, unbenutzter und unbesch\u00e4digter Artikel in nicht ge\u00f6ffneter Originalverpackung<\/p>\n<table style=\"border-collapse: collapse;width: 432pt\" width=\"576\">\n<tbody>\n<tr style=\"height: 15.0pt\">\n<td class=\"xl65\" style=\"width: 193pt;height: 15.0pt\" width=\"257\" height=\"20\">Besonderheiten:<\/td>\n<td class=\"xl65\" style=\"width: 239pt\" width=\"319\">mit Diamantpuder<\/td>\n<\/tr>\n<tr style=\"height: 15.0pt\">\n<td class=\"xl65\" style=\"height: 15.0pt\" height=\"20\">EAN:<\/td>\n<td class=\"xl65\">4058172485800<\/td>\n<\/tr>\n<tr style=\"height: 15.0pt\">\n<td style=\"height: 15.0pt\" height=\"20\">\u0426\u0432\u0435\u0442:<\/td>\n<td class=\"xl65\">\u0411\u0435\u043b\u044b\u0439<\/td>\n<\/tr>\n<tr style=\"height: 15.0pt\">\n<td style=\"height: 15.0pt\" height=\"20\">Gr\u00f6\u00dfe:<\/td>\n<td>Standardgr\u00f6\u00dfe<\/td>\n<\/tr>\n<tr style=\"height: 15.0pt\">\n<td class=\"xl65\" style=\"height: 15.0pt\" height=\"20\">Hauptverwendungszweck:<\/td>\n<td class=\"xl65\">straffend<\/td>\n<\/tr>\n<tr style=\"height: 15.0pt\">\n<td class=\"xl65\" style=\"height: 15.0pt\" height=\"20\">Herstellernummer:<\/td>\n<td class=\"xl65\">ohne Angabe<\/td>\n<\/tr>\n<tr style=\"height: 15.0pt\">\n<td class=\"xl65\" style=\"height: 15.0pt\" height=\"20\">\u0421\u043e\u0434\u0435\u0440\u0436\u0430\u043d\u0438\u0435:<\/td>\n<td class=\"xl65\">50 ml<\/td>\n<\/tr>\n<tr style=\"height: 15.0pt\">\n<td class=\"xl65\" style=\"height: 15.0pt\" height=\"20\">Inhaltsstoffe:<\/td>\n<td class=\"xl65\">Diamond Powder<\/td>\n<\/tr>\n<tr style=\"height: 15.0pt\">\n<td class=\"xl65\" style=\"height: 15.0pt\" height=\"20\">K\u00f6rperbereich:<\/td>\n<td class=\"xl65\">Gesicht<\/td>\n<\/tr>\n<tr style=\"height: 15.0pt\">\n<td class=\"xl65\" style=\"height: 15.0pt\" height=\"20\">Lichtschutzfaktor (LSF):<\/td>\n<td class=\"xl65\">LSF 0<\/td>\n<\/tr>\n<tr style=\"height: 15.0pt\">\n<td class=\"xl65\" style=\"height: 15.0pt\" height=\"20\">Marke:<\/td>\n<td class=\"xl65\">Balea<\/td>\n<\/tr>\n<tr style=\"height: 15.0pt\">\n<td class=\"xl65\" style=\"height: 15.0pt\" height=\"20\">Produktart:<\/td>\n<td class=\"xl65\">Tuchmaske<\/td>\n<\/tr>\n<tr style=\"height: 15.0pt\">\n<td class=\"xl65\" style=\"height: 15.0pt\" height=\"20\">Produktlinie:<\/td>\n<td class=\"xl65\">ohne Angabe<\/td>\n<\/tr>\n<tr style=\"height: 15.0pt\">\n<td class=\"xl65\" style=\"height: 15.0pt\" height=\"20\">Verwendungsdauer:<\/td>\n<td class=\"xl65\">24M<\/td>\n<\/tr>\n<tr style=\"height: 15.0pt\">\n<td class=\"xl65\" style=\"height: 15.0pt\" height=\"20\">Wirksame Inhaltsstoffe:<\/td>\n<td class=\"xl65\">Hyalurons\u00e4ure<\/td>\n<\/tr>\n<\/tbody>\n<\/table>","protected":false},"featured_media":77862,"comment_status":"open","ping_status":"closed","template":"","meta":{"_seopress_robots_primary_cat":"","_seopress_titles_title":"","_seopress_titles_desc":"","_seopress_robots_index":""},"product_brand":[],"product_cat":[1442,1443],"product_tag":[],"class_list":{"0":"post-77737","1":"product","2":"type-product","3":"status-publish","4":"has-post-thumbnail","6":"product_cat-kosmetik","7":"product_cat-gesichtspflege","8":"product_shipping_class-standard-versand","10":"first","11":"instock","12":"sale","13":"taxable","14":"shipping-taxable","15":"purchasable","16":"product-type-simple"},"_links":{"self":[{"href":"https:\/\/www.soanam.de\/ru\/wp-json\/wp\/v2\/product\/77737","targetHints":{"allow":["GET"]}}],"collection":[{"href":"https:\/\/www.soanam.de\/ru\/wp-json\/wp\/v2\/product"}],"about":[{"href":"https:\/\/www.soanam.de\/ru\/wp-json\/wp\/v2\/types\/product"}],"replies":[{"embeddable":true,"href":"https:\/\/www.soanam.de\/ru\/wp-json\/wp\/v2\/comments?post=77737"}],"wp:featuredmedia":[{"embeddable":true,"href":"https:\/\/www.soanam.de\/ru\/wp-json\/wp\/v2\/media\/77862"}],"wp:attachment":[{"href":"https:\/\/www.soanam.de\/ru\/wp-json\/wp\/v2\/media?parent=77737"}],"wp:term":[{"taxonomy":"product_brand","embeddable":true,"href":"https:\/\/www.soanam.de\/ru\/wp-json\/wp\/v2\/product_brand?post=77737"},{"taxonomy":"product_cat","embeddable":true,"href":"https:\/\/www.soanam.de\/ru\/wp-json\/wp\/v2\/product_cat?post=77737"},{"taxonomy":"product_tag","embeddable":true,"href":"https:\/\/www.soanam.de\/ru\/wp-json\/wp\/v2\/product_tag?post=77737"}],"curies":[{"name":"wp","href":"https:\/\/api.w.org\/{rel}","templated":true}]}}