{"id":77734,"date":"2023-12-13T20:59:32","date_gmt":"2023-12-13T19:59:32","guid":{"rendered":"https:\/\/www.soanam.de\/?post_type=product&#038;p=77734"},"modified":"2023-12-13T21:02:00","modified_gmt":"2023-12-13T20:02:00","slug":"sarah-bosse-flos-tierpension-pfoten-weg-von-mr-hoppel-gebundene-ausgabe","status":"publish","type":"product","link":"https:\/\/www.soanam.de\/ru\/produkt\/sarah-bosse-flos-tierpension-pfoten-weg-von-mr-hoppel-gebundene-ausgabe\/","title":{"rendered":"\u0421\u0430\u0440\u0430 \u0411\u043e\u0441\u0441\u0435 - \u041f\u0438\u0442\u043e\u043c\u043d\u0438\u043a \u0424\u043b\u043e \"\u041b\u0430\u043f\u044b \u043f\u0440\u043e\u0447\u044c \u043e\u0442 \u043c\u0438\u0441\u0442\u0435\u0440\u0430 \u0425\u043e\u043f\u043f\u0435\u043b\u044f!\" \u0418\u0437\u0434\u0430\u043d\u0438\u0435 \u0432 \u0442\u0432\u0435\u0440\u0434\u043e\u043c \u043f\u0435\u0440\u0435\u043f\u043b\u0435\u0442\u0435"},"content":{"rendered":"<h3><strong>\u041e\u043f\u0438\u0441\u0430\u043d\u0438\u0435 \u0442\u043e\u0432\u0430\u0440\u0430<\/strong><\/h3>\n<p>Das ist ja zum Verr\u00fccktwerden! Erst taucht ein herrenloses Rassekaninchen im Garten von Flos bester Freundin Hanna auf und dann melden sich gleich zwei vermeintliche Besitzer f\u00fcr das edle Tier. Da ist guter Rat teuer \u2026 Auch im Zoo geht es drunter und dr\u00fcber. Denn die Giraffe, die neu in den Tierpark gezogen ist, macht nur Probleme und verletzt sogar einen der Pfleger. W\u00e4hrend Flos Mutter, die Tier\u00e4rztin des Zoos, herauszufinden versucht, was der Giraffe fehlt, wird auch noch Flos Vater krank. Und das, obwohl das Fr\u00fchlingsfest im Tierheim unmittelbar bevorsteht. Das Chaos scheint perfekt \u2026<\/p>\n<p><strong>\u0414\u0435\u0442\u0430\u043b\u0438 \u043f\u0440\u043e\u0434\u0443\u043a\u0442\u0430<\/strong><br \/>\nHerausgeber \u200f : \u200e Coppenrath Verlag<br \/>\nReihe : Flos Tierpension, Band 6<br \/>\nErscheinungsjahr : 2014<br \/>\n\u042f\u0437\u044b\u043a : \u041d\u0435\u043c\u0435\u0446\u043a\u0438\u0439<br \/>\n\u041f\u0435\u0440\u0435\u043f\u043b\u0435\u0442 : \u0422\u0432\u0435\u0440\u0434\u044b\u0439 \u043f\u0435\u0440\u0435\u043f\u043b\u0435\u0442<br \/>\nSeitenzahl \u200f : \u200e 115 Seiten<br \/>\nISBN-10 \u200f : \u200e 3649615258<br \/>\nISBN-13 \u200f : \u200e 978-3649615255<br \/>\nAbbildungen : mit Innenillustrationen in Schwarz-Wei\u00df<br \/>\nAltersempfehlung : 8 - 10 Jahre<br \/>\nArtikelgewicht \u200f : \u200e 320 g<br \/>\nAbmessungen \u200f : \u200e 16.1 x 1.7 x 21.6 cm<\/p>","protected":false},"excerpt":{"rendered":"<h3><strong>Artikelmerkmale<\/strong><\/h3>\n<p>Artikelzustand: Neu - Neues, ungelesenes, ungebrauchtes Buch in makellosem Zustand<\/p>\n<table style=\"border-collapse: collapse;width: 432pt\" width=\"576\">\n<tbody>\n<tr style=\"height: 15.0pt\">\n<td class=\"xl65\" style=\"width: 193pt;height: 15.0pt\" width=\"257\" height=\"20\">Autor:<\/td>\n<td class=\"xl65\" style=\"width: 239pt\" width=\"319\">Sarah Bosse<\/td>\n<\/tr>\n<tr style=\"height: 15.0pt\">\n<td class=\"xl65\" style=\"height: 15.0pt\" height=\"20\">Besonderheiten:<\/td>\n<td class=\"xl65\">Illustriert<\/td>\n<\/tr>\n<tr style=\"height: 15.0pt\">\n<td class=\"xl65\" style=\"height: 15.0pt\" height=\"20\">Buchreihe:<\/td>\n<td class=\"xl65\">Flos Tierpension<\/td>\n<\/tr>\n<tr style=\"height: 15.0pt\">\n<td class=\"xl65\" style=\"height: 15.0pt\" height=\"20\">Buchtitel:<\/td>\n<td class=\"xl65\">Flos Tierpension - Pfoten weg von Mr. Hoppel!<\/td>\n<\/tr>\n<tr style=\"height: 15.0pt\">\n<td class=\"xl65\" style=\"height: 15.0pt\" height=\"20\">Erscheinungsjahr:<\/td>\n<td class=\"xl65\">2014<\/td>\n<\/tr>\n<tr style=\"height: 15.0pt\">\n<td class=\"xl65\" style=\"height: 15.0pt\" height=\"20\">Format:<\/td>\n<td class=\"xl65\">Gebundene Ausgabe<\/td>\n<\/tr>\n<tr style=\"height: 15.0pt\">\n<td class=\"xl65\" style=\"height: 15.0pt\" height=\"20\">Genre:<\/td>\n<td class=\"xl65\">Kinder- &amp; Jugendliteratur<\/td>\n<\/tr>\n<tr style=\"height: 15.0pt\">\n<td class=\"xl65\" style=\"height: 15.0pt\" height=\"20\">Herstellungsland und -region:<\/td>\n<td class=\"xl65\">\u0413\u0435\u0440\u043c\u0430\u043d\u0438\u044f<\/td>\n<\/tr>\n<tr style=\"height: 15.0pt\">\n<td class=\"xl65\" style=\"height: 15.0pt\" height=\"20\">ISBN:<\/td>\n<td class=\"xl65\">9783649615255<\/td>\n<\/tr>\n<tr style=\"height: 15.0pt\">\n<td class=\"xl65\" style=\"height: 15.0pt\" height=\"20\">Literarische Gattung:<\/td>\n<td class=\"xl65\">Belletristik<\/td>\n<\/tr>\n<tr style=\"height: 15.0pt\">\n<td class=\"xl65\" style=\"height: 15.0pt\" height=\"20\">Produktart:<\/td>\n<td class=\"xl65\">Kinderbuch<\/td>\n<\/tr>\n<tr style=\"height: 15.0pt\">\n<td class=\"xl65\" style=\"height: 15.0pt\" height=\"20\">Sprache:<\/td>\n<td class=\"xl65\">Deutsch<\/td>\n<\/tr>\n<tr style=\"height: 15.0pt\">\n<td class=\"xl65\" style=\"height: 15.0pt\" height=\"20\">Thematik:<\/td>\n<td class=\"xl65\">Tiere<\/td>\n<\/tr>\n<tr style=\"height: 15.0pt\">\n<td class=\"xl65\" style=\"height: 15.0pt\" height=\"20\">Verlag:<\/td>\n<td class=\"xl65\">Coppenrath<\/td>\n<\/tr>\n<tr style=\"height: 15.0pt\">\n<td class=\"xl65\" style=\"height: 15.0pt\" height=\"20\">Zielgruppe:<\/td>\n<td class=\"xl65\">8-10 Jahre<\/td>\n<\/tr>\n<\/tbody>\n<\/table>","protected":false},"featured_media":77851,"comment_status":"open","ping_status":"closed","template":"","meta":{"_seopress_robots_primary_cat":"","_seopress_titles_title":"","_seopress_titles_desc":"","_seopress_robots_index":""},"product_brand":[],"product_cat":[1428,1431,1441],"product_tag":[],"class_list":{"0":"post-77734","1":"product","2":"type-product","3":"status-publish","4":"has-post-thumbnail","6":"product_cat-buecher","7":"product_cat-kinder","8":"product_cat-geschichten","9":"product_shipping_class-standard-versand","11":"first","12":"instock","13":"taxable","14":"shipping-taxable","15":"purchasable","16":"product-type-simple"},"_links":{"self":[{"href":"https:\/\/www.soanam.de\/ru\/wp-json\/wp\/v2\/product\/77734","targetHints":{"allow":["GET"]}}],"collection":[{"href":"https:\/\/www.soanam.de\/ru\/wp-json\/wp\/v2\/product"}],"about":[{"href":"https:\/\/www.soanam.de\/ru\/wp-json\/wp\/v2\/types\/product"}],"replies":[{"embeddable":true,"href":"https:\/\/www.soanam.de\/ru\/wp-json\/wp\/v2\/comments?post=77734"}],"wp:featuredmedia":[{"embeddable":true,"href":"https:\/\/www.soanam.de\/ru\/wp-json\/wp\/v2\/media\/77851"}],"wp:attachment":[{"href":"https:\/\/www.soanam.de\/ru\/wp-json\/wp\/v2\/media?parent=77734"}],"wp:term":[{"taxonomy":"product_brand","embeddable":true,"href":"https:\/\/www.soanam.de\/ru\/wp-json\/wp\/v2\/product_brand?post=77734"},{"taxonomy":"product_cat","embeddable":true,"href":"https:\/\/www.soanam.de\/ru\/wp-json\/wp\/v2\/product_cat?post=77734"},{"taxonomy":"product_tag","embeddable":true,"href":"https:\/\/www.soanam.de\/ru\/wp-json\/wp\/v2\/product_tag?post=77734"}],"curies":[{"name":"wp","href":"https:\/\/api.w.org\/{rel}","templated":true}]}}