{"id":77658,"date":"2023-12-13T20:57:46","date_gmt":"2023-12-13T19:57:46","guid":{"rendered":"https:\/\/www.soanam.de\/?post_type=product&#038;p=77658"},"modified":"2023-12-13T21:00:47","modified_gmt":"2023-12-13T20:00:47","slug":"pura-lopez-high-heels-pumps-lava-farbe-rot-gr-35","status":"publish","type":"product","link":"https:\/\/www.soanam.de\/ru\/produkt\/pura-lopez-high-heels-pumps-lava-farbe-rot-gr-35\/","title":{"rendered":"Pura Lopez \u0422\u0443\u0444\u043b\u0438 \u043d\u0430 \u0432\u044b\u0441\u043e\u043a\u043e\u043c \u043a\u0430\u0431\u043b\u0443\u043a\u0435 Lava, \u0446\u0432\u0435\u0442 \u043a\u0440\u0430\u0441\u043d\u044b\u0439, \u0440\u0430\u0437\u043c\u0435\u0440 35"},"content":{"rendered":"<h3>\u041e\u043f\u0438\u0441\u0430\u043d\u0438\u0435:<\/h3>\n<p><strong>\u043f\u043e\u0434\u0440\u043e\u0431\u043d\u043e\u0441\u0442\u0438<\/strong><\/p>\n<p>\u0412\u0435\u0440\u0445\u043d\u0438\u0439 \u043c\u0430\u0442\u0435\u0440\u0438\u0430\u043b: \u043a\u043e\u0436\u0430<br \/>\n\u0412\u043d\u0443\u0442\u0440\u0435\u043d\u043d\u0438\u0439 \u043c\u0430\u0442\u0435\u0440\u0438\u0430\u043b: \u043a\u043e\u0436\u0430<br \/>\n\u0421\u0442\u0435\u043b\u044c\u043a\u0430: \u043a\u043e\u0436\u0430<br \/>\n\u041f\u043e\u0434\u043e\u0448\u0432\u0430: \u043d\u0430\u0442\u0443\u0440\u0430\u043b\u044c\u043d\u0430\u044f \u043a\u043e\u0436\u0430<br \/>\n\u0422\u043e\u043b\u0449\u0438\u043d\u0430 \u043a\u043e\u0440\u043c\u0430: \u0445\u043e\u043b\u043e\u0434\u043d\u044b\u0439 \u043a\u043e\u0440\u043c<\/p>\n<p>\u0414\u0435\u0442\u0430\u043b\u0438 \u0438\u0437 \u043b\u0430\u043a\u0438\u0440\u043e\u0432\u0430\u043d\u043d\u043e\u0439 \u043a\u043e\u0436\u0438, \u043a\u043e\u0437\u044c\u0435\u0439 \u043a\u043e\u0436\u0438<br \/>\n\u041c\u044b\u0441\u043e\u043a: \u0437\u0430\u043e\u0441\u0442\u0440\u0435\u043d\u043d\u044b\u0439<br \/>\n\u0424\u043e\u0440\u043c\u0430 \u043a\u0430\u0431\u043b\u0443\u043a\u0430: \u0448\u043f\u0438\u043b\u044c\u043a\u0430<br \/>\n\u0417\u0430\u043a\u0440\u044b\u0442\u0438\u0435: \u0441\u043a\u043e\u043b\u044c\u0436\u0435\u043d\u0438\u0435\/\u043e\u0442\u043a\u0440\u044b\u0442\u0438\u0435<br \/>\n\u0423\u0437\u043e\u0440: \u043e\u0434\u043d\u043e\u0442\u043e\u043d\u043d\u044b\u0435 \u0446\u0432\u0435\u0442\u0430<\/p>","protected":false},"excerpt":{"rendered":"<h3>Artikelmerkmale<\/h3>\n<p>Artikelzustand: Neu: Neuer, unbenutzter und unbesch\u00e4digter Artikel in nicht ge\u00f6ffneter Originalverpackung<\/p>\n<p>Absatzart: Pfennig-\/Stilettoabsatz<br \/>\nAbsatzh\u00f6he: Sehr hoher Absatz (Gr\u00f6\u00dfer als 8 cm)<br \/>\nAbteilung: Damen<br \/>\nAkzente: keine<br \/>\nAnlass: Elegant<br \/>\nAU-Schuhgr\u00f6\u00dfe: AU 6<br \/>\nEU-Schuhgr\u00f6\u00dfe: EUR 35<br \/>\nFarbe: Rot<br \/>\nFuttermaterial: Leder<br \/>\nHerstellungsjahr: 2020<br \/>\nHerstellungsland und -region: Spanien<br \/>\nIndividualisiert: Nein<br \/>\nInnensohlenmaterial: Leder<br \/>\nLaufsohlenmaterial: Leder<br \/>\nMarke: Pura L\u00f3pez<br \/>\nModell: Exklusive<br \/>\nModifizierter Artikel: Nein<br \/>\nMuster: Ohne Muster<br \/>\n\u0412\u0435\u0440\u0445\u043d\u0438\u0439 \u043c\u0430\u0442\u0435\u0440\u0438\u0430\u043b: \u043a\u043e\u0436\u0430<br \/>\nProduktart: Pumps<br \/>\nProduktnummer: PU211B05P-G11<br \/>\n\u041c\u044b\u0441\u043e\u043a: \u0437\u0430\u043e\u0441\u0442\u0440\u0435\u043d\u043d\u044b\u0439<br \/>\nSchuhweite: F<br \/>\nStil: Pumps<br \/>\nThema: Elegant<br \/>\nUK-Schuhgr\u00f6\u00dfe: UK 3,5<br \/>\nUS-Schuhgr\u00f6\u00dfe: US 6<br \/>\nVerschluss: Kein Verschluss<br \/>\nVintage: Nein<\/p>","protected":false},"featured_media":77801,"comment_status":"open","ping_status":"closed","template":"","meta":{"_seopress_robots_primary_cat":"","_seopress_titles_title":"","_seopress_titles_desc":"","_seopress_robots_index":""},"product_brand":[],"product_cat":[1348,1360,1362],"product_tag":[],"class_list":{"0":"post-77658","1":"product","2":"type-product","3":"status-publish","4":"has-post-thumbnail","6":"product_cat-damen-mode","7":"product_cat-schuhe","8":"product_cat-pumps","9":"product_shipping_class-standard-versand","11":"first","12":"instock","13":"sale","14":"taxable","15":"shipping-taxable","16":"purchasable","17":"product-type-simple"},"_links":{"self":[{"href":"https:\/\/www.soanam.de\/ru\/wp-json\/wp\/v2\/product\/77658","targetHints":{"allow":["GET"]}}],"collection":[{"href":"https:\/\/www.soanam.de\/ru\/wp-json\/wp\/v2\/product"}],"about":[{"href":"https:\/\/www.soanam.de\/ru\/wp-json\/wp\/v2\/types\/product"}],"replies":[{"embeddable":true,"href":"https:\/\/www.soanam.de\/ru\/wp-json\/wp\/v2\/comments?post=77658"}],"wp:featuredmedia":[{"embeddable":true,"href":"https:\/\/www.soanam.de\/ru\/wp-json\/wp\/v2\/media\/77801"}],"wp:attachment":[{"href":"https:\/\/www.soanam.de\/ru\/wp-json\/wp\/v2\/media?parent=77658"}],"wp:term":[{"taxonomy":"product_brand","embeddable":true,"href":"https:\/\/www.soanam.de\/ru\/wp-json\/wp\/v2\/product_brand?post=77658"},{"taxonomy":"product_cat","embeddable":true,"href":"https:\/\/www.soanam.de\/ru\/wp-json\/wp\/v2\/product_cat?post=77658"},{"taxonomy":"product_tag","embeddable":true,"href":"https:\/\/www.soanam.de\/ru\/wp-json\/wp\/v2\/product_tag?post=77658"}],"curies":[{"name":"wp","href":"https:\/\/api.w.org\/{rel}","templated":true}]}}