{"id":77486,"date":"2023-12-13T20:53:32","date_gmt":"2023-12-13T19:53:32","guid":{"rendered":"https:\/\/www.soanam.de\/?post_type=product&#038;p=77486"},"modified":"2023-12-13T20:57:12","modified_gmt":"2023-12-13T19:57:12","slug":"hessnatur-herren-wollfleese-jacke-aus-reiner-schnurwolle-anthrazit","status":"publish","type":"product","link":"https:\/\/www.soanam.de\/ru\/produkt\/hessnatur-herren-wollfleese-jacke-aus-reiner-schnurwolle-anthrazit\/","title":{"rendered":"\u041c\u0443\u0436\u0441\u043a\u0430\u044f \u0448\u0435\u0440\u0441\u0442\u044f\u043d\u0430\u044f \u0444\u043b\u0438\u0441\u043e\u0432\u0430\u044f \u043a\u0443\u0440\u0442\u043a\u0430 Hessnatur \u0438\u0437 \u0447\u0438\u0441\u0442\u043e\u0439 \u043a\u043e\u0440\u0434\u043e\u0432\u043e\u0439 \u0448\u0435\u0440\u0441\u0442\u0438, \u0430\u043d\u0442\u0440\u0430\u0446\u0438\u0442"},"content":{"rendered":"<h3>\u041e\u043f\u0438\u0441\u0430\u043d\u0438\u0435<\/h3>\n<p>Funktionales Fleece aus reinen Naturfasern<br \/>\nBio-Merinowolle mit climate control Funktion<br \/>\nHohes W\u00e4rmeverm\u00f6gen, gleichzeitig sehr leicht<br \/>\nDynamische Teilungsn\u00e4hte<br \/>\nIntegrierte Zip-Taschen<br \/>\nWindfang und Kinnschutz am Rei\u00dfverschluss<br \/>\nStehkragen: innen hautsympathische Bio-Baumwolle<\/p>\n<p><strong>Fit<\/strong><br \/>\nIn Gr\u00f6\u00dfe 48 ca. 73 cm lang<\/p>\n<p><strong>\u041c\u0430\u0442\u0435\u0440\u0438\u0430\u043b<\/strong><br \/>\n100% \u0412\u0438\u0440\u0433\u0438\u043d\u0441\u043a\u0430\u044f \u0448\u0435\u0440\u0441\u0442\u044c<br \/>\naus biologischer Tierhaltung<\/p>\n<p><strong>\u0423\u0445\u043e\u0434<\/strong><br \/>\nHandw\u00e4sche kalt empfohlen<\/p>","protected":false},"excerpt":{"rendered":"<h3>Artikelmerkmale<\/h3>\n<p>\u0421\u043e\u0441\u0442\u043e\u044f\u043d\u0438\u0435 \u0442\u043e\u0432\u0430\u0440\u0430: \u041d\u043e\u0432\u044b\u0439 \u0441 \u044d\u0442\u0438\u043a\u0435\u0442\u043a\u043e\u0439: \u041d\u043e\u0432\u044b\u0439, \u043d\u0435\u0438\u0441\u043f\u043e\u043b\u044c\u0437\u043e\u0432\u0430\u043d\u043d\u044b\u0439 \u0438 \u043d\u0435\u043d\u043e\u0448\u0435\u043d\u044b\u0439 \u0442\u043e\u0432\u0430\u0440 \u0432 \u043e\u0440\u0438\u0433\u0438\u043d\u0430\u043b\u044c\u043d\u043e\u0439 \u0443\u043f\u0430\u043a\u043e\u0432\u043a\u0435<br \/>\nAbteilung: Herren<br \/>\nAktivit\u00e4t: Spazieren<br \/>\nAnlass: Freizeit<br \/>\nAu\u00dfenmaterial: Wolle<br \/>\nBesonderheiten: aus biologischer Tierhaltung<br \/>\nEAN: nichtzutreffend<br \/>\nFarbe: Grau<br \/>\nFuttermaterial: nicht zutreffend<br \/>\nGewebeart: Fleece<br \/>\n\u0420\u0430\u0437\u043c\u0435\u0440: 48<br \/>\nGr\u00f6\u00dfenkategorie: Normalgr\u00f6\u00dfe<br \/>\nIsoliermaterial: nicht zutreffend<br \/>\nJahreszeit: Fr\u00fchling, Herbst<br \/>\nMarke: Hessnatur<br \/>\nMuster: Ohne Muster<br \/>\nProduktart: Jacke<br \/>\nStil: Fleecejacke<br \/>\nThema: nat\u00fcrliche Qualit\u00e4t<br \/>\n\u0417\u0430\u0441\u0442\u0435\u0436\u043a\u0430: \u0437\u0430\u0441\u0442\u0435\u0436\u043a\u0430-\u043c\u043e\u043b\u043d\u0438\u044f<br \/>\nVintage: Nein<\/p>","protected":false},"featured_media":77626,"comment_status":"open","ping_status":"closed","template":"","meta":{"_seopress_robots_primary_cat":"","_seopress_titles_title":"","_seopress_titles_desc":"","_seopress_robots_index":""},"product_brand":[],"product_cat":[1345,1363,1413],"product_tag":[],"class_list":{"0":"post-77486","1":"product","2":"type-product","3":"status-publish","4":"has-post-thumbnail","6":"product_cat-herrenmode","7":"product_cat-jacken-maentel-herrenmode","8":"product_cat-fleecejacken","9":"product_shipping_class-standard-versand","11":"first","12":"instock","13":"sale","14":"taxable","15":"shipping-taxable","16":"purchasable","17":"product-type-simple"},"_links":{"self":[{"href":"https:\/\/www.soanam.de\/ru\/wp-json\/wp\/v2\/product\/77486","targetHints":{"allow":["GET"]}}],"collection":[{"href":"https:\/\/www.soanam.de\/ru\/wp-json\/wp\/v2\/product"}],"about":[{"href":"https:\/\/www.soanam.de\/ru\/wp-json\/wp\/v2\/types\/product"}],"replies":[{"embeddable":true,"href":"https:\/\/www.soanam.de\/ru\/wp-json\/wp\/v2\/comments?post=77486"}],"wp:featuredmedia":[{"embeddable":true,"href":"https:\/\/www.soanam.de\/ru\/wp-json\/wp\/v2\/media\/77626"}],"wp:attachment":[{"href":"https:\/\/www.soanam.de\/ru\/wp-json\/wp\/v2\/media?parent=77486"}],"wp:term":[{"taxonomy":"product_brand","embeddable":true,"href":"https:\/\/www.soanam.de\/ru\/wp-json\/wp\/v2\/product_brand?post=77486"},{"taxonomy":"product_cat","embeddable":true,"href":"https:\/\/www.soanam.de\/ru\/wp-json\/wp\/v2\/product_cat?post=77486"},{"taxonomy":"product_tag","embeddable":true,"href":"https:\/\/www.soanam.de\/ru\/wp-json\/wp\/v2\/product_tag?post=77486"}],"curies":[{"name":"wp","href":"https:\/\/api.w.org\/{rel}","templated":true}]}}