{"id":77485,"date":"2023-12-13T20:53:31","date_gmt":"2023-12-13T19:53:31","guid":{"rendered":"https:\/\/www.soanam.de\/?post_type=product&#038;p=77485"},"modified":"2023-12-13T20:57:10","modified_gmt":"2023-12-13T19:57:10","slug":"ltb-skinny-fit-jeans-amy-in-grau-w31","status":"publish","type":"product","link":"https:\/\/www.soanam.de\/ru\/produkt\/ltb-skinny-fit-jeans-amy-in-grau-w31\/","title":{"rendered":"LTB Skinny-fit-Jeans AMY, in Grau, W31"},"content":{"rendered":"<p>High Waist-Jeans AMY von LTB in bester Marken-Qualit\u00e4t<br \/>\nMit langem eng anliegendem Beinverlauf im Skinny Fit<br \/>\nMit G\u00fcrtelschlaufen, Rei\u00dfverschluss, 5-Pocket-Stil<br \/>\nAus elastischem Baumwoll-Mix mit Stretchanteil<\/p>\n<p>Die extra enge Passform mit modisch hohem Bund bringt deine Beine besonders toll zur Geltung und verleiht der 5-Pocket-Jeans jede Menge Klasse.<br \/>\nDie R\u00f6hrenjeans sitzt wie eine zweite Haut und ist trotzdem sehr bequem aufgrund der hochwertigen Denimqualit\u00e4t mit Stretchanteil.<\/p>\n<p>Material: 86% Baumwolle, 12% Polyester, 2% Elasthan<br \/>\n\u0420\u0435\u043a\u043e\u043c\u0435\u043d\u0434\u0430\u0446\u0438\u0438 \u043f\u043e \u0443\u0445\u043e\u0434\u0443: \u041c\u0430\u0448\u0438\u043d\u043d\u0430\u044f \u0441\u0442\u0438\u0440\u043a\u0430 \u043f\u0440\u0438 30\u00b0<\/p>\n<p>Farbe: TAISSA WASH 52921<br \/>\nGr\u00f6\u00dfe: W31<\/p>\n<p>\u0420\u0430\u0437\u043c\u0435\u0440 \u0442\u0430\u043b\u0438\u0438: 80 \u0441\u043c<br \/>\n\u041e\u0431\u0445\u0432\u0430\u0442 \u0431\u0435\u0434\u0435\u0440: 91 \u0441\u043c<br \/>\n\u0414\u043b\u0438\u043d\u0430 \u0448\u0430\u0433\u0430: 79 \u0441\u043c<br \/>\n\u041e\u0431\u0449\u0430\u044f \u0434\u043b\u0438\u043d\u0430: 111 \u0441\u043c<\/p>","protected":false},"excerpt":{"rendered":"<table class=\"dv_characteristicsTable\">\n<tbody>\n<tr>\n<td class=\"left\">\u0421\u043e\u0441\u0442\u0430\u0432 \u043c\u0430\u0442\u0435\u0440\u0438\u0430\u043b\u0430<\/td>\n<td>Obermaterial: 86% Baumwolle, 12% Polyester, 2% Elasthan<\/td>\n<\/tr>\n<tr>\n<td class=\"left\">Materialart<\/td>\n<td>\u0414\u0436\u0438\u043d\u0441\u043e\u0432\u0430\u044f \u0442\u043a\u0430\u043d\u044c<\/td>\n<\/tr>\n<tr>\n<td class=\"left\">Materialeigenschaften<\/td>\n<td>Stretch, elastisch, pflegeleicht<\/td>\n<\/tr>\n<tr>\n<td class=\"left\">\u0420\u0435\u043a\u043e\u043c\u0435\u043d\u0434\u0430\u0446\u0438\u0438 \u043f\u043e \u0443\u0445\u043e\u0434\u0443<\/td>\n<td>\u041c\u0430\u0448\u0438\u043d\u043d\u0430\u044f \u0441\u0442\u0438\u0440\u043a\u0430<\/td>\n<\/tr>\n<tr>\n<td class=\"left\">Stil<\/td>\n<td>casual<\/td>\n<\/tr>\n<tr>\n<td class=\"left\">Waschung<\/td>\n<td>washed, Denim<\/td>\n<\/tr>\n<tr>\n<td class=\"left\">Herstellerfarbbezeichnung<\/td>\n<td>TAISSA WASH<\/td>\n<\/tr>\n<tr>\n<td class=\"left\">\u0426\u0432\u0435\u0442<\/td>\n<td>grau, grey<\/td>\n<\/tr>\n<tr>\n<td class=\"left\">Leibh\u00f6he<\/td>\n<td>hoch<\/td>\n<\/tr>\n<tr>\n<td class=\"left\">Bundabschluss<\/td>\n<td>normaler Saum<\/td>\n<\/tr>\n<tr>\n<td class=\"left\">Beinform<\/td>\n<td>extra-eng<\/td>\n<\/tr>\n<tr>\n<td class=\"left\">Fit<\/td>\n<td>skinny fit<\/td>\n<\/tr>\n<tr>\n<td class=\"left\">Schnittdetails<\/td>\n<td>keine<\/td>\n<\/tr>\n<tr>\n<td class=\"left\">Schnittform L\u00e4nge<\/td>\n<td>lang<\/td>\n<\/tr>\n<tr>\n<td class=\"left\">\u041f\u0435\u0442\u043b\u0438 \u0434\u043b\u044f \u0440\u0435\u043c\u043d\u044f<\/td>\n<td>ja<\/td>\n<\/tr>\n<tr>\n<td class=\"left\">Applikationen<\/td>\n<td>Leder-Badge, Markenlabel, Nieten<\/td>\n<\/tr>\n<tr>\n<td class=\"left\">\u0421\u0443\u043c\u043a\u0438<\/td>\n<td>Ges\u00e4\u00dftaschen, Eingrifftasche, M\u00fcnztasche<\/td>\n<\/tr>\n<tr>\n<td class=\"left\">Verschluss<\/td>\n<td>Knopf, Rei\u00dfverschluss<\/td>\n<\/tr>\n<tr>\n<td class=\"left\">Verschlussdetails<\/td>\n<td>vorn<\/td>\n<\/tr>\n<tr>\n<td class=\"left\">Besondere Merkmale<\/td>\n<td>mit langem, extra engem Beinverlauf, hoher Leibh\u00f6he und mit Stretch-Anteil im 5-Pocket Stil<\/td>\n<\/tr>\n<\/tbody>\n<\/table>","protected":false},"featured_media":77623,"comment_status":"open","ping_status":"closed","template":"","meta":{"_seopress_robots_primary_cat":"","_seopress_titles_title":"","_seopress_titles_desc":"","_seopress_robots_index":""},"product_brand":[],"product_cat":[1348,1349,1350],"product_tag":[],"class_list":{"0":"post-77485","1":"product","2":"type-product","3":"status-publish","4":"has-post-thumbnail","6":"product_cat-damen-mode","7":"product_cat-hosen-damen-mode","8":"product_cat-jeans-hosen-damen-mode","9":"product_shipping_class-standard-versand","11":"first","12":"instock","13":"sale","14":"taxable","15":"shipping-taxable","16":"purchasable","17":"product-type-simple"},"_links":{"self":[{"href":"https:\/\/www.soanam.de\/ru\/wp-json\/wp\/v2\/product\/77485","targetHints":{"allow":["GET"]}}],"collection":[{"href":"https:\/\/www.soanam.de\/ru\/wp-json\/wp\/v2\/product"}],"about":[{"href":"https:\/\/www.soanam.de\/ru\/wp-json\/wp\/v2\/types\/product"}],"replies":[{"embeddable":true,"href":"https:\/\/www.soanam.de\/ru\/wp-json\/wp\/v2\/comments?post=77485"}],"wp:featuredmedia":[{"embeddable":true,"href":"https:\/\/www.soanam.de\/ru\/wp-json\/wp\/v2\/media\/77623"}],"wp:attachment":[{"href":"https:\/\/www.soanam.de\/ru\/wp-json\/wp\/v2\/media?parent=77485"}],"wp:term":[{"taxonomy":"product_brand","embeddable":true,"href":"https:\/\/www.soanam.de\/ru\/wp-json\/wp\/v2\/product_brand?post=77485"},{"taxonomy":"product_cat","embeddable":true,"href":"https:\/\/www.soanam.de\/ru\/wp-json\/wp\/v2\/product_cat?post=77485"},{"taxonomy":"product_tag","embeddable":true,"href":"https:\/\/www.soanam.de\/ru\/wp-json\/wp\/v2\/product_tag?post=77485"}],"curies":[{"name":"wp","href":"https:\/\/api.w.org\/{rel}","templated":true}]}}