{"id":77396,"date":"2023-12-13T20:50:23","date_gmt":"2023-12-13T19:50:23","guid":{"rendered":"https:\/\/www.soanam.de\/?post_type=product&#038;p=77396"},"modified":"2023-12-13T20:56:05","modified_gmt":"2023-12-13T19:56:05","slug":"%d0%ba%d0%be%d0%bc%d0%bf%d0%bb%d0%b5%d0%ba%d1%82-%d0%b6%d0%b5%d0%bd%d1%81%d0%ba%d0%be%d0%b3%d0%be-%d0%bf%d0%b0%d0%bb%d1%8c%d1%82%d0%be-%d0%b2-%d0%b4%d0%b2%d1%83%d1%81%d1%82%d0%be%d1%80%d0%be%d0%bd","status":"publish","type":"product","link":"https:\/\/www.soanam.de\/ru\/produkt\/set-damen-mantel-im-wende-design-teddyfell-oder-glatt-kapuze-schwarz\/","title":{"rendered":"SET - \u0416\u0435\u043d\u0441\u043a\u043e\u0435 \u043f\u0430\u043b\u044c\u0442\u043e \u0432 \u0434\u0432\u0443\u0441\u0442\u043e\u0440\u043e\u043d\u043d\u0435\u043c \u0434\u0438\u0437\u0430\u0439\u043d\u0435, \u043f\u043b\u044e\u0448\u0435\u0432\u044b\u0439 \u043c\u0435\u0445 \u0438\u043b\u0438 \u0433\u043b\u0430\u0434\u043a\u0438\u0439, \u043a\u0430\u043f\u044e\u0448\u043e\u043d, \u0447\u0435\u0440\u043d\u044b\u0439"},"content":{"rendered":"<h3>\u041e\u043f\u0438\u0441\u0430\u043d\u0438\u0435<\/h3>\n<p>\u041f\u0440\u044f\u043c\u043e\u0439 \u0441\u0440\u0435\u0437<br \/>\n\u0420\u0435\u0432\u0435\u0440\u0441\u0438\u0432\u043d\u044b\u0439 \u0434\u0438\u0437\u0430\u0439\u043d<br \/>\n\u041e\u0434\u043d\u0430 \u0441\u0442\u043e\u0440\u043e\u043d\u0430 \u0432 \u0433\u043b\u0430\u0434\u043a\u043e\u043c \u043a\u0430\u0447\u0435\u0441\u0442\u0432\u0435<br \/>\n\u041e\u0434\u043d\u0430 \u0441\u0442\u043e\u0440\u043e\u043d\u0430 \u0438\u0437 \u043f\u043b\u044e\u0448\u0435\u0432\u043e\u0433\u043e \u043c\u0435\u0445\u0430<br \/>\n\u0424\u0438\u043a\u0441\u0438\u0440\u043e\u0432\u0430\u043d\u043d\u044b\u0439 \u043a\u0430\u043f\u044e\u0448\u043e\u043d<br \/>\n\u0417\u0430\u043a\u0440\u044b\u0432\u0430\u0435\u0442\u0441\u044f \u043d\u0430 \u0434\u0432\u0443\u0441\u0442\u043e\u0440\u043e\u043d\u043d\u044e\u044e \u043c\u043e\u043b\u043d\u0438\u044e<br \/>\n\u0413\u043b\u0430\u0434\u043a\u0430\u044f \u0441\u0442\u043e\u0440\u043e\u043d\u0430 \u0441 \u043a\u0430\u0440\u043c\u0430\u043d\u0430\u043c\u0438 \u0441 \u043a\u043b\u0430\u043f\u0430\u043d\u0430\u043c\u0438<br \/>\n\u0411\u043e\u043a\u043e\u0432\u0430\u044f \u0441\u0442\u043e\u0440\u043e\u043d\u0430 \u0438\u0437 \u043f\u043b\u044e\u0448\u0435\u0432\u043e\u0433\u043e \u043c\u0435\u0445\u0430 \u0441 \u043a\u0430\u0440\u043c\u0430\u043d\u0430\u043c\u0438 \u043d\u0430 \u043c\u043e\u043b\u043d\u0438\u0438<\/p>\n<p><strong>\u041c\u0430\u0442\u0435\u0440\u0438\u0430\u043b \u0438 \u0443\u0445\u043e\u0434<\/strong><br \/>\n\u041c\u0430\u0442\u0435\u0440\u0438\u0430\u043b: \u043f\u043e\u043b\u0438\u044d\u0441\u0442\u0435\u0440 100%<\/p>\n<p><strong>\u0420\u0435\u043a\u043e\u043c\u0435\u043d\u0434\u0430\u0446\u0438\u0438 \u043f\u043e \u0443\u0445\u043e\u0434\u0443:<\/strong><br \/>\n\u041d\u0435 \u0441\u0442\u0438\u0440\u0430\u0442\u044c<\/p>\n<p><strong>\u041f\u043e\u0441\u0430\u0434\u043a\u0430 \u0438 \u0440\u0430\u0437\u043c\u0435\u0440\u044b<\/strong><br \/>\n\u0420\u0430\u0437\u043c\u0435\u0440\u044b \u0434\u043b\u044f \u0440\u0430\u0437\u043c\u0435\u0440\u0430 36:<\/p>\n<p><strong>\u0414\u043b\u0438\u043d\u0430 \u0441\u043f\u0438\u043d\u044b \u043e\u0442 \u043f\u043b\u0435\u0447\u0430: 101 \u0441\u043c<\/strong><br \/>\n\u0414\u043b\u0438\u043d\u0430 \u0440\u0443\u043a\u0430\u0432\u0430: 61 \u0441\u043c<br \/>\n\u0428\u0438\u0440\u0438\u043d\u0430 \u0433\u0440\u0443\u0434\u0438: 110 \u0441\u043c<br \/>\n\u0420\u0430\u0437\u043c\u0435\u0440 \u0442\u0430\u043b\u0438\u0438: 110 \u0441\u043c<\/p>","protected":false},"excerpt":{"rendered":"<h3>Artikelmerkmale<\/h3>\n<p>\u0421\u043e\u0441\u0442\u043e\u044f\u043d\u0438\u0435 \u0442\u043e\u0432\u0430\u0440\u0430: \u041d\u043e\u0432\u044b\u0439 \u0441 \u044d\u0442\u0438\u043a\u0435\u0442\u043a\u043e\u0439: \u041d\u043e\u0432\u044b\u0439, \u043d\u0435\u0438\u0441\u043f\u043e\u043b\u044c\u0437\u043e\u0432\u0430\u043d\u043d\u044b\u0439 \u0438 \u043d\u0435\u043d\u043e\u0448\u0435\u043d\u044b\u0439 \u0442\u043e\u0432\u0430\u0440 \u0432 \u043e\u0440\u0438\u0433\u0438\u043d\u0430\u043b\u044c\u043d\u043e\u0439 \u0443\u043f\u0430\u043a\u043e\u0432\u043a\u0435<br \/>\nAbteilung: Damen<br \/>\nAkzente: Fellbesatz<br \/>\nAnlass: Business, Freizeit<br \/>\nAu\u00dfenmaterial: Polyester<br \/>\nBesonderheiten: Wendemantel<br \/>\n\u0426\u0432\u0435\u0442: \u0447\u0435\u0440\u043d\u044b\u0439<br \/>\nFuttermaterial: Polyester<br \/>\nGewebeart: Fleece<br \/>\nGr\u00f6\u00dfe: 34, 36<br \/>\nGr\u00f6\u00dfenkategorie: Normalgr\u00f6\u00dfe<br \/>\nIsoliermaterial: Polyester<br \/>\nJacken-\/Mantell\u00e4nge: Halblang<br \/>\nJahreszeit: Herbst, Winter<br \/>\nMarke: SET<br \/>\nModell: ohne Angabe<br \/>\nMuster: Ohne Muster<br \/>\nProduktart: Mantel<br \/>\nStil: Mantel<br \/>\nThema: Designer<br \/>\n\u0417\u0430\u0441\u0442\u0435\u0436\u043a\u0430: \u0437\u0430\u0441\u0442\u0435\u0436\u043a\u0430-\u043c\u043e\u043b\u043d\u0438\u044f<br \/>\nVintage: Nein<\/p>","protected":false},"featured_media":77555,"comment_status":"open","ping_status":"closed","template":"","meta":{"_seopress_robots_primary_cat":"","_seopress_titles_title":"","_seopress_titles_desc":"","_seopress_robots_index":""},"product_brand":[],"product_cat":[1348,1354,1355,1356],"product_tag":[],"class_list":{"0":"post-77396","1":"product","2":"type-product","3":"status-publish","4":"has-post-thumbnail","6":"product_cat-damen-mode","7":"product_cat-jacken-maentel","8":"product_cat-maentel","9":"product_cat-wintermaentel","10":"product_shipping_class-standard-versand","12":"first","13":"instock","14":"sale","15":"taxable","16":"shipping-taxable","17":"purchasable","18":"product-type-variable"},"_links":{"self":[{"href":"https:\/\/www.soanam.de\/ru\/wp-json\/wp\/v2\/product\/77396","targetHints":{"allow":["GET"]}}],"collection":[{"href":"https:\/\/www.soanam.de\/ru\/wp-json\/wp\/v2\/product"}],"about":[{"href":"https:\/\/www.soanam.de\/ru\/wp-json\/wp\/v2\/types\/product"}],"replies":[{"embeddable":true,"href":"https:\/\/www.soanam.de\/ru\/wp-json\/wp\/v2\/comments?post=77396"}],"wp:featuredmedia":[{"embeddable":true,"href":"https:\/\/www.soanam.de\/ru\/wp-json\/wp\/v2\/media\/77555"}],"wp:attachment":[{"href":"https:\/\/www.soanam.de\/ru\/wp-json\/wp\/v2\/media?parent=77396"}],"wp:term":[{"taxonomy":"product_brand","embeddable":true,"href":"https:\/\/www.soanam.de\/ru\/wp-json\/wp\/v2\/product_brand?post=77396"},{"taxonomy":"product_cat","embeddable":true,"href":"https:\/\/www.soanam.de\/ru\/wp-json\/wp\/v2\/product_cat?post=77396"},{"taxonomy":"product_tag","embeddable":true,"href":"https:\/\/www.soanam.de\/ru\/wp-json\/wp\/v2\/product_tag?post=77396"}],"curies":[{"name":"wp","href":"https:\/\/api.w.org\/{rel}","templated":true}]}}