{"id":77372,"date":"2023-12-13T20:49:53","date_gmt":"2023-12-13T19:49:53","guid":{"rendered":"https:\/\/www.soanam.de\/?post_type=product&#038;p=77372"},"modified":"2023-12-13T20:55:04","modified_gmt":"2023-12-13T19:55:04","slug":"%d0%b1%d0%bb%d1%83%d0%b7%d0%ba%d0%b0-%d0%b8%d0%b7-%d1%88%d0%b5%d0%bb%d0%ba%d0%b0-heart-affair-ice-cream-%d1%86%d0%b2%d0%b5%d1%82-m-%d1%80%d0%be%d0%b7%d0%be%d0%b2%d0%be%d0%b5-%d0%bc%d0%be%d1%80%d0%be","status":"publish","type":"product","link":"https:\/\/www.soanam.de\/ru\/produkt\/herzens-angelegenheit-seidenbluse-eis-cremefarben-m-pinkem-eis-am-stiel-gr-40\/","title":{"rendered":"\u0428\u0435\u043b\u043a\u043e\u0432\u0430\u044f \u0431\u043b\u0443\u0437\u043a\u0430 \u0438\u0437 \u0441\u0435\u0440\u0434\u0435\u0447\u043d\u043e\u0439 \u043c\u0430\u0442\u0435\u0440\u0438\u0438 \u0446\u0432\u0435\u0442\u0430 \u043c\u043e\u0440\u043e\u0436\u0435\u043d\u043e\u0433\u043e, \u043a\u0440\u0435\u043c\u043e\u0432\u043e\u0433\u043e \u0446\u0432\u0435\u0442\u0430 \u0441 \u0440\u043e\u0437\u043e\u0432\u043e\u0439 \u043f\u0430\u043b\u043e\u0447\u043a\u043e\u0439 \u0434\u043b\u044f \u043c\u043e\u0440\u043e\u0436\u0435\u043d\u043e\u0433\u043e, \u0440\u0430\u0437\u043c\u0435\u0440 40"},"content":{"rendered":"<h3>\u041e\u043f\u0438\u0441\u0430\u043d\u0438\u0435<\/h3>\n<p>\u042d\u0442\u043e\u0442 \u0443\u0437\u043e\u0440 \u043f\u0440\u0438\u0432\u043b\u0435\u043a\u0430\u0435\u0442 \u0432\u043d\u0438\u043c\u0430\u043d\u0438\u0435 \u043a \u044d\u0442\u043e\u0439 \u0448\u0435\u043b\u043a\u043e\u0432\u043e\u0439 \u0431\u043b\u0443\u0437\u043a\u0435 \u043e\u0442 \u043d\u0435\u043c\u0435\u0446\u043a\u043e\u0433\u043e \u043c\u043e\u0434\u043d\u043e\u0433\u043e \u0431\u0440\u0435\u043d\u0434\u0430 HERZENSANGELEGENHEIT. \u0413\u043e\u043b\u0443\u0431\u043e\u0439 \u0443\u0437\u043e\u0440 \u0432 \u0433\u043e\u0440\u043e\u0448\u0435\u043a \u0438 \u0440\u043e\u0437\u043e\u0432\u044b\u0439 \u0443\u0437\u043e\u0440 \u0432 \u0432\u0438\u0434\u0435 \u043b\u0435\u0434\u0435\u043d\u0446\u043e\u0432 \u0443\u043a\u0440\u0430\u0448\u0430\u044e\u0442 \u044d\u0442\u0443 \u0431\u043b\u0443\u0437\u043a\u0443. \u0428\u0435\u043b\u043a\u043e\u0432\u0430\u044f \u0431\u043b\u0443\u0437\u043a\u0430 \u0438\u043c\u0435\u0435\u0442 \u043a\u0440\u0443\u0433\u043b\u044b\u0439 \u0432\u044b\u0440\u0435\u0437 \u0441 V-\u043e\u0431\u0440\u0430\u0437\u043d\u044b\u043c \u0440\u0430\u0437\u0440\u0435\u0437\u043e\u043c. \u0412 \u0431\u043e\u043a\u043e\u0432\u044b\u0445 \u0448\u0432\u0430\u0445 \u0438\u043c\u0435\u044e\u0442\u0441\u044f \u0440\u0430\u0437\u0440\u0435\u0437\u044b, \u0430 \u0441\u043f\u0438\u043d\u043a\u0430 \u0431\u043b\u0443\u0437\u043a\u0438 \u0443\u0434\u043b\u0438\u043d\u0435\u043d\u0430. \u041c\u0430\u043d\u0436\u0435\u0442\u044b \u0440\u0443\u043a\u0430\u0432\u043e\u0432 \u0437\u0430\u0441\u0442\u0435\u0433\u0438\u0432\u0430\u044e\u0442\u0441\u044f \u043d\u0430 \u043c\u0430\u0442\u043e\u0432\u044b\u0435 \u0441\u0435\u0440\u0435\u0431\u0440\u0438\u0441\u0442\u044b\u0435 \u043f\u0443\u0433\u043e\u0432\u0438\u0446\u044b \u0441 \u043f\u0435\u0440\u043b\u0430\u043c\u0443\u0442\u0440\u043e\u043c.<\/p>\n<h3>\u041f\u043e\u0434\u0440\u043e\u0431\u043d\u043e\u0441\u0442\u0438:<\/h3>\n<p>\u041c\u0430\u0442\u0435\u0440\u0438\u0430\u043b: 62% \u0448\u0435\u043b\u043a, 29% \u0432\u0438\u0441\u043a\u043e\u0437\u0430, 9% \u044d\u043b\u0430\u0441\u0442\u0430\u043d<br \/>\n\u0420\u0435\u043a\u043e\u043c\u0435\u043d\u0434\u0430\u0446\u0438\u0438 \u043f\u043e \u0443\u0445\u043e\u0434\u0443: \u0420\u0443\u0447\u043d\u0430\u044f \u0441\u0442\u0438\u0440\u043a\u0430<br \/>\n\u0426\u0432\u0435\u0442: \u043c\u0435\u0440\u0435\u043d\u0433\u0430\/\u0431\u0430\u0441\u0441\u0435\u0439\u043d<br \/>\n\u0420\u0430\u0437\u043c\u0435\u0440: 40<br \/>\nV-\u043e\u0431\u0440\u0430\u0437\u043d\u044b\u0439 \u0432\u044b\u0440\u0435\u0437<br \/>\n\u041f\u0440\u044f\u043c\u043e\u0439 \u0441\u0440\u0435\u0437<br \/>\n\u041c\u0430\u043d\u0436\u0435\u0442\u0430<br \/>\n\u0423\u0437\u043e\u0440\u0447\u0430\u0442\u044b\u0439<br \/>\n\u0424\u043e\u043a\u0443\u0445\u0438\u043b\u0430<\/p>","protected":false},"excerpt":{"rendered":"<h3>Artikelmerkmale<\/h3>\n<p>\u0421\u043e\u0441\u0442\u043e\u044f\u043d\u0438\u0435 \u0442\u043e\u0432\u0430\u0440\u0430: \u041d\u043e\u0432\u044b\u0439 \u0441 \u044d\u0442\u0438\u043a\u0435\u0442\u043a\u043e\u0439: \u041d\u043e\u0432\u044b\u0439, \u043d\u0435\u0438\u0441\u043f\u043e\u043b\u044c\u0437\u043e\u0432\u0430\u043d\u043d\u044b\u0439 \u0438 \u043d\u0435\u043d\u043e\u0448\u0435\u043d\u044b\u0439 \u0442\u043e\u0432\u0430\u0440 \u0432 \u043e\u0440\u0438\u0433\u0438\u043d\u0430\u043b\u044c\u043d\u043e\u0439 \u0443\u043f\u0430\u043a\u043e\u0432\u043a\u0435<\/p>\n<p>Abteilung: Damen<br \/>\nAkzente: Falten<br \/>\nAnlass: Business, Elegant, Freizeit, Party\/Cocktail<br \/>\n\u00c4rmelart: lange \u00c4rmel mit Manschette<br \/>\n\u0414\u043b\u0438\u043d\u0430 \u0440\u0443\u043a\u0430\u0432\u0430: \u0434\u043b\u0438\u043d\u043d\u044b\u0439 \u0440\u0443\u043a\u0430\u0432<br \/>\n\u0412\u044b\u0440\u0435\u0437 \u0433\u043e\u0440\u043b\u043e\u0432\u0438\u043d\u044b: V-\u043e\u0431\u0440\u0430\u0437\u043d\u044b\u0439 \u0432\u044b\u0440\u0435\u0437<br \/>\nBesonderheiten: Alle Jahreszeiten<br \/>\nCharakter: ohne<br \/>\nEAN: nichtzutreffend<br \/>\nFarbe: Creme<br \/>\nGewebeart: Satin<br \/>\n\u0420\u0430\u0437\u043c\u0435\u0440: 40<br \/>\nGr\u00f6\u00dfenkategorie: Normalgr\u00f6\u00dfe<br \/>\nJahreszeit: Fr\u00fchling, Herbst, Winter<br \/>\nKragenart: kragenlos<br \/>\nMarke: Herzensangelegenheit<br \/>\nMaterial: Seide<br \/>\nMuster: Eis am Stiel<br \/>\n\u041f\u043e\u0441\u0430\u0434\u043a\u0430: \u043e\u0431\u044b\u0447\u043d\u0430\u044f<br \/>\nProduktart: Bluse<br \/>\nStil: Tunika<br \/>\nTextilpflege: Nur Handw\u00e4sche<br \/>\nThema: Eis<br \/>\nTr\u00e4ger-\/Riemenart: Nicht zutreffend<br \/>\nVintage: Nein<\/p>","protected":false},"featured_media":77527,"comment_status":"open","ping_status":"closed","template":"","meta":{"_seopress_robots_primary_cat":"","_seopress_titles_title":"","_seopress_titles_desc":"","_seopress_robots_index":""},"product_brand":[],"product_cat":[1348,1414,1415],"product_tag":[],"class_list":{"0":"post-77372","1":"product","2":"type-product","3":"status-publish","4":"has-post-thumbnail","6":"product_cat-damen-mode","7":"product_cat-blusen","8":"product_cat-langarm","9":"product_shipping_class-standard-versand","11":"first","12":"instock","13":"sale","14":"taxable","15":"shipping-taxable","16":"purchasable","17":"product-type-simple"},"_links":{"self":[{"href":"https:\/\/www.soanam.de\/ru\/wp-json\/wp\/v2\/product\/77372","targetHints":{"allow":["GET"]}}],"collection":[{"href":"https:\/\/www.soanam.de\/ru\/wp-json\/wp\/v2\/product"}],"about":[{"href":"https:\/\/www.soanam.de\/ru\/wp-json\/wp\/v2\/types\/product"}],"replies":[{"embeddable":true,"href":"https:\/\/www.soanam.de\/ru\/wp-json\/wp\/v2\/comments?post=77372"}],"wp:featuredmedia":[{"embeddable":true,"href":"https:\/\/www.soanam.de\/ru\/wp-json\/wp\/v2\/media\/77527"}],"wp:attachment":[{"href":"https:\/\/www.soanam.de\/ru\/wp-json\/wp\/v2\/media?parent=77372"}],"wp:term":[{"taxonomy":"product_brand","embeddable":true,"href":"https:\/\/www.soanam.de\/ru\/wp-json\/wp\/v2\/product_brand?post=77372"},{"taxonomy":"product_cat","embeddable":true,"href":"https:\/\/www.soanam.de\/ru\/wp-json\/wp\/v2\/product_cat?post=77372"},{"taxonomy":"product_tag","embeddable":true,"href":"https:\/\/www.soanam.de\/ru\/wp-json\/wp\/v2\/product_tag?post=77372"}],"curies":[{"name":"wp","href":"https:\/\/api.w.org\/{rel}","templated":true}]}}