{"id":77371,"date":"2023-12-13T20:49:53","date_gmt":"2023-12-13T19:49:53","guid":{"rendered":"https:\/\/www.soanam.de\/?post_type=product&#038;p=77371"},"modified":"2023-12-13T20:54:36","modified_gmt":"2023-12-13T19:54:36","slug":"please-boyfriend-jeans-p78a-in-blue-bleached-groesse-xl","status":"publish","type":"product","link":"https:\/\/www.soanam.de\/ru\/produkt\/please-boyfriend-jeans-p78a-in-blue-bleached-groesse-xl\/","title":{"rendered":"Please Boyfriend Jeans P78A, in Blue Bleached, Gr\u00f6\u00dfe XL"},"content":{"rendered":"<p>Boyfriend- Stretch-Jeans \"P78A\"von Please<br \/>\nFigurbetonte Passform mit normaler Leibh\u00f6he und Knopfleiste<br \/>\nKrempelbares Bein, Markenlabel und Eingrifftaschen<br \/>\nMit besondere Nahtf\u00fchrung f\u00fcr einen sch\u00f6nen Sitz<br \/>\nMit dem ber\u00fchmten Herz-Please Metal-Label<\/p>\n<p>Die Boyfriend-Jeans hat einen Heavy-bleached-Effekt und besticht durch ihre extra helle Waschung.<br \/>\nDie geschwungenen Teilungsn\u00e4hte auf der Vorderseite sind dekorativ und gew\u00e4hrleisten eine optimale Passform.<br \/>\nDas Baumwollstretch-Material ist super bequem.<\/p>\n<p>\u041c\u0430\u0442\u0435\u0440\u0438\u0430\u043b: 98% \u0445\u043b\u043e\u043f\u043e\u043a, 2% \u044d\u043b\u0430\u0441\u0442\u0430\u043d<br \/>\n\u0420\u0435\u043a\u043e\u043c\u0435\u043d\u0434\u0430\u0446\u0438\u0438 \u043f\u043e \u0443\u0445\u043e\u0434\u0443: \u041c\u0430\u0448\u0438\u043d\u043d\u0430\u044f \u0441\u0442\u0438\u0440\u043a\u0430 \u043f\u0440\u0438 30\u00b0<\/p>\n<p>Farbe: 1670-blu denim<br \/>\n\u0420\u0430\u0437\u043c\u0435\u0440: XL<\/p>\n<p>\u0420\u0430\u0437\u043c\u0435\u0440 \u0442\u0430\u043b\u0438\u0438: 88 \u0441\u043c<br \/>\n\u041e\u0431\u0445\u0432\u0430\u0442 \u0431\u0435\u0434\u0435\u0440: 112 \u0441\u043c<br \/>\n\u0414\u043b\u0438\u043d\u0430 \u0448\u0430\u0433\u0430: 80 \u0441\u043c<br \/>\n\u041e\u0431\u0449\u0430\u044f \u0434\u043b\u0438\u043d\u0430: 110 \u0441\u043c<\/p>","protected":false},"excerpt":{"rendered":"<table class=\"dv_characteristicsTable\">\n<tbody>\n<tr>\n<td class=\"left\">\u0420\u0430\u0437\u043c\u0435\u0440<\/td>\n<td>XL\/42<\/td>\n<\/tr>\n<tr>\n<td class=\"left\">Gr\u00f6\u00dfentyp<\/td>\n<td>Normalgr\u00f6\u00dfen<\/td>\n<\/tr>\n<tr>\n<td class=\"left\">\u0421\u043e\u0441\u0442\u0430\u0432 \u043c\u0430\u0442\u0435\u0440\u0438\u0430\u043b\u0430<\/td>\n<td>Obermaterial: 98% Baumwolle, 2% Elasthan<\/td>\n<\/tr>\n<tr>\n<td class=\"left\">Materialart<\/td>\n<td>\u0414\u0436\u0438\u043d\u0441\u043e\u0432\u0430\u044f \u0442\u043a\u0430\u043d\u044c<\/td>\n<\/tr>\n<tr>\n<td class=\"left\">Materialeigenschaften<\/td>\n<td>elastisch, Stretch<\/td>\n<\/tr>\n<tr>\n<td class=\"left\">\u0420\u0435\u043a\u043e\u043c\u0435\u043d\u0434\u0430\u0446\u0438\u0438 \u043f\u043e \u0443\u0445\u043e\u0434\u0443<\/td>\n<td>\u041c\u0430\u0448\u0438\u043d\u043d\u0430\u044f \u0441\u0442\u0438\u0440\u043a\u0430<\/td>\n<\/tr>\n<tr>\n<td class=\"left\">Optik<\/td>\n<td>Heavy-bleached-Effekt<\/td>\n<\/tr>\n<tr>\n<td class=\"left\">Stil<\/td>\n<td>casual<\/td>\n<\/tr>\n<tr>\n<td class=\"left\">Herstellerfarbbezeichnung<\/td>\n<td>1670-blu denim<\/td>\n<\/tr>\n<tr>\n<td class=\"left\">\u0426\u0432\u0435\u0442<\/td>\n<td>blue, denim<\/td>\n<\/tr>\n<tr>\n<td class=\"left\">Beinform<\/td>\n<td>schmal<\/td>\n<\/tr>\n<tr>\n<td class=\"left\">Beinabschlussdetails<\/td>\n<td>krempelbar<\/td>\n<\/tr>\n<tr>\n<td class=\"left\">Fit<\/td>\n<td>schmal<\/td>\n<\/tr>\n<tr>\n<td class=\"left\">Schnittform L\u00e4nge<\/td>\n<td>kn\u00f6chellang<\/td>\n<\/tr>\n<tr>\n<td class=\"left\">\u041f\u0435\u0442\u043b\u0438 \u0434\u043b\u044f \u0440\u0435\u043c\u043d\u044f<\/td>\n<td>ja<\/td>\n<\/tr>\n<tr>\n<td class=\"left\">Applikationen<\/td>\n<td>Nieten, Markenlabel, Schmuckelement<\/td>\n<\/tr>\n<tr>\n<td class=\"left\">\u0421\u0443\u043c\u043a\u0438<\/td>\n<td>Eingrifftaschen, M\u00fcnztasche, Ges\u00e4\u00dftaschen<\/td>\n<\/tr>\n<tr>\n<td class=\"left\">Verschluss<\/td>\n<td>3-Knopf-Form<\/td>\n<\/tr>\n<tr>\n<td class=\"left\">Besondere Merkmale<\/td>\n<td>Original Boyfriend-Cut<\/td>\n<\/tr>\n<\/tbody>\n<\/table>\n<p>&nbsp;<\/p>","protected":false},"featured_media":77518,"comment_status":"open","ping_status":"closed","template":"","meta":{"_seopress_robots_primary_cat":"","_seopress_titles_title":"","_seopress_titles_desc":"","_seopress_robots_index":""},"product_brand":[],"product_cat":[1348,1349,1350],"product_tag":[],"class_list":{"0":"post-77371","1":"product","2":"type-product","3":"status-publish","4":"has-post-thumbnail","6":"product_cat-damen-mode","7":"product_cat-hosen-damen-mode","8":"product_cat-jeans-hosen-damen-mode","9":"product_shipping_class-standard-versand","11":"first","12":"instock","13":"sale","14":"taxable","15":"shipping-taxable","16":"purchasable","17":"product-type-simple"},"_links":{"self":[{"href":"https:\/\/www.soanam.de\/ru\/wp-json\/wp\/v2\/product\/77371","targetHints":{"allow":["GET"]}}],"collection":[{"href":"https:\/\/www.soanam.de\/ru\/wp-json\/wp\/v2\/product"}],"about":[{"href":"https:\/\/www.soanam.de\/ru\/wp-json\/wp\/v2\/types\/product"}],"replies":[{"embeddable":true,"href":"https:\/\/www.soanam.de\/ru\/wp-json\/wp\/v2\/comments?post=77371"}],"wp:featuredmedia":[{"embeddable":true,"href":"https:\/\/www.soanam.de\/ru\/wp-json\/wp\/v2\/media\/77518"}],"wp:attachment":[{"href":"https:\/\/www.soanam.de\/ru\/wp-json\/wp\/v2\/media?parent=77371"}],"wp:term":[{"taxonomy":"product_brand","embeddable":true,"href":"https:\/\/www.soanam.de\/ru\/wp-json\/wp\/v2\/product_brand?post=77371"},{"taxonomy":"product_cat","embeddable":true,"href":"https:\/\/www.soanam.de\/ru\/wp-json\/wp\/v2\/product_cat?post=77371"},{"taxonomy":"product_tag","embeddable":true,"href":"https:\/\/www.soanam.de\/ru\/wp-json\/wp\/v2\/product_tag?post=77371"}],"curies":[{"name":"wp","href":"https:\/\/api.w.org\/{rel}","templated":true}]}}