{"id":77315,"date":"2023-12-13T20:47:58","date_gmt":"2023-12-13T19:47:58","guid":{"rendered":"https:\/\/www.soanam.de\/?post_type=product&#038;p=77315"},"modified":"2025-12-12T04:36:47","modified_gmt":"2025-12-12T03:36:47","slug":"lundhags-trekkingrucksack-gneik-42-in-schwarz","status":"publish","type":"product","link":"https:\/\/www.soanam.de\/ru\/produkt\/lundhags-trekkingrucksack-gneik-42-in-schwarz\/","title":{"rendered":"Lundhags Trekkingrucksack \u00bbGneik 42\u00ab in Schwarz"},"content":{"rendered":"<h3>\u041e\u043f\u0438\u0441\u0430\u043d\u0438\u0435<\/h3>\n<p>Technischer, sehr stabiler Rucksack mit angenehmer Bel\u00fcftung f\u00fcr mittellange Trekking-Touren und Reisen. Tolle Funktionen - f\u00fcr Ausfl\u00fcge mit Hunden, auf Skiern mit Schlitten oder auch wenn man hin und wieder Trekking-St\u00e4be einsetzt.<\/p>\n<p>Der Gneik ist ein technischer Rucksack f\u00fcr mittellange Strecken, auf Trekking-Touren oder beim Reisen - Winter wie Sommer. Durch seine ausgezeichnete Stabilit\u00e4t und angenehme Bel\u00fcftung ist dieser Rucksack perfekt sowohl f\u00fcr Hunde- oder Schlittentouren im Winter als auch beim Trekken im Sommer. Die Gneik-Modelle sind ideal f\u00fcr Touren im Winter, da man Schlitten- oder Hundeleinen ohne zus\u00e4tzlich Befestigungen unkompliziert anbringen kann. Es werden robuste Aluminiumschnallen und -befestigungen verwendet, und die Rucks\u00e4cke lassen sich f\u00fcr mehr Volumen mit kleineren Modellen von Lundhags kombinieren. Au\u00dferdem ist der Gneik durch handschuhfreundliche Rei\u00dfverschlussschieber und Befestigungsschlaufen f\u00fcr Trekking-St\u00e4be bzw. Eispickel extrem vielseitig.<\/p>\n<p>Starrer, \u00e4u\u00dferer Vollrahmen zur Bew\u00e4ltigung schwerer Lasten. Aus 8 mm 6005-T6 Aluminiumgest\u00e4nge f\u00fcr maximale Verdrehsteifigkeit.<\/p>\n<h3>\u043f\u043e\u0434\u0440\u043e\u0431\u043d\u043e\u0441\u0442\u0438<\/h3>\n<p>Abmessungen: 53 x 32 x 21 cm<br \/>\nAbnehmbarer, h\u00f6henverstellbarer Rucksackdeckel mit zwei Rei\u00dfverschlussf\u00e4chern und elastischen Seitenteilen<br \/>\nAufgesetzte Cargo-Fronttasche<br \/>\nD-Ringe an Schulterriemen als Befestigungspunkte<br \/>\nDoppelseitige Kompression<br \/>\nDuo-Density-gepolsterter H\u00fcftgurt f\u00fcr besseren Tragekomfort bei gr\u00f6\u00dferen Lasten<br \/>\nDurch Air System bel\u00fcfteter R\u00fcckenbereich<br \/>\nElastische Steckf\u00e4cher<br \/>\nErgonomische Schulterriemen f\u00fcr maximalen Tragekomfort<br \/>\nExpandierbare Manschette mit Doppelkordelzug f\u00fcr zus\u00e4tzliches Volumen<br \/>\nFront-\/Seitenverschluss von oben bzw. unten<br \/>\nF\u00fcr Trinksystem ausger\u00fcstet<br \/>\nF\u00fcr zus\u00e4tzliches Volumen zur Befestigung von Jomlen 25, Gnaur +10 bzw. Knul 7 vorbereitet<br \/>\nGelochte Gurtb\u00e4nder f\u00fcr stabile Befestigung zus\u00e4tzlicher Ausr\u00fcstung<br \/>\nGewicht: 1620 g<br \/>\nGr\u00f6\u00dfen: 42 L<br \/>\nHandschuhfreundliche Rei\u00dfverschlussschieber<br \/>\nKompressionsriemen unter dem Deckel zur Befestigung von Zelten<br \/>\nLeicht zug\u00e4ngliche, wassergesch\u00fctzte Rei\u00dfverschlusstaschen am H\u00fcftgurt<br \/>\nMit Schlitten- und Hunde-Expanderleinen kompatibel<br \/>\nOben durch Zugschlaufen anpassbar<br \/>\nObere und untere, verstaubare Befestigungsschlaufen f\u00fcr Trekkingst\u00e4be und Eispickel<br \/>\nRobuster Frontgriff<br \/>\nR\u00fcckenl\u00e4nge: 48 cm<br \/>\nStarres, verdrehsteifes Aluminiumgest\u00e4nge<br \/>\nTragesystem in der Gr\u00f6\u00dfe RL (Regular-Long: 48 cm)<br \/>\nUnverw\u00fcstliche Schnallen aus Flugzeugaluminium<br \/>\nVerstellbarer Brustriemen<\/p>\n<h3>Materialien<\/h3>\n<p>LPC ECO Ripstop 65% Polyester 35% Organic Cotton (FC Free DWR) 231 g\/m2 PU-coating &gt;1.500 mm<br \/>\nECO Polyester 100% Polyester Bluesign (FC Free DWR) 300 g\/m2 PU-coating &gt;1.500 mm<br \/>\nECO Liner 200D Poly Oxford 100% Bluesign Polyester (FC FREE DWR) 120 g\/m2 PU-coating &gt;1.000 mm<\/p>","protected":false},"excerpt":{"rendered":"<h3>Artikelmerkmale<\/h3>\n<p>\u0421\u043e\u0441\u0442\u043e\u044f\u043d\u0438\u0435 \u0442\u043e\u0432\u0430\u0440\u0430: \u041d\u043e\u0432\u044b\u0439 \u0441 \u044d\u0442\u0438\u043a\u0435\u0442\u043a\u043e\u0439: \u041d\u043e\u0432\u044b\u0439, \u043d\u0435\u0438\u0441\u043f\u043e\u043b\u044c\u0437\u043e\u0432\u0430\u043d\u043d\u044b\u0439 \u0438 \u043d\u0435\u043d\u043e\u0448\u0435\u043d\u044b\u0439 \u0442\u043e\u0432\u0430\u0440 \u0432 \u043e\u0440\u0438\u0433\u0438\u043d\u0430\u043b\u044c\u043d\u043e\u0439 \u0443\u043f\u0430\u043a\u043e\u0432\u043a\u0435<\/p>\n<p>Ausf\u00fchrung: Weichgep\u00e4ck<br \/>\nBesonderheiten: Extra F\u00e4chern, Wasserdicht<br \/>\nEAN: 7318731769343<br \/>\n\u0426\u0432\u0435\u0442: \u0447\u0435\u0440\u043d\u044b\u0439<br \/>\nGeschlecht: Unisex<br \/>\nHerstellungsland und -region: Unbekannt<br \/>\nKapazit\u00e4t: 40 - 49 L<br \/>\nMarke: Lundhags<br \/>\nMaterial: Polyester, Baumwolle<br \/>\nModifizierter Artikel: Nein<br \/>\nRollen: Keine Rollen<\/p>","protected":false},"featured_media":77457,"comment_status":"open","ping_status":"closed","template":"","meta":{"_seopress_robots_primary_cat":"","_seopress_titles_title":"","_seopress_titles_desc":"","_seopress_robots_index":""},"product_brand":[],"product_cat":[1345,1348,1357,1358,1387,1408,1409,1410],"product_tag":[],"class_list":{"0":"post-77315","1":"product","2":"type-product","3":"status-publish","4":"has-post-thumbnail","6":"product_cat-herrenmode","7":"product_cat-damen-mode","8":"product_cat-accessoires","9":"product_cat-taschen","10":"product_cat-accessoires-herrenmode","11":"product_cat-rucksaecke","12":"product_cat-taschen-accessoires-herrenmode","13":"product_cat-rucksaecke-taschen-accessoires-herrenmode","14":"product_shipping_class-standard-versand","16":"first","17":"instock","18":"sale","19":"taxable","20":"shipping-taxable","21":"purchasable","22":"product-type-simple"},"_links":{"self":[{"href":"https:\/\/www.soanam.de\/ru\/wp-json\/wp\/v2\/product\/77315","targetHints":{"allow":["GET"]}}],"collection":[{"href":"https:\/\/www.soanam.de\/ru\/wp-json\/wp\/v2\/product"}],"about":[{"href":"https:\/\/www.soanam.de\/ru\/wp-json\/wp\/v2\/types\/product"}],"replies":[{"embeddable":true,"href":"https:\/\/www.soanam.de\/ru\/wp-json\/wp\/v2\/comments?post=77315"}],"wp:featuredmedia":[{"embeddable":true,"href":"https:\/\/www.soanam.de\/ru\/wp-json\/wp\/v2\/media\/77457"}],"wp:attachment":[{"href":"https:\/\/www.soanam.de\/ru\/wp-json\/wp\/v2\/media?parent=77315"}],"wp:term":[{"taxonomy":"product_brand","embeddable":true,"href":"https:\/\/www.soanam.de\/ru\/wp-json\/wp\/v2\/product_brand?post=77315"},{"taxonomy":"product_cat","embeddable":true,"href":"https:\/\/www.soanam.de\/ru\/wp-json\/wp\/v2\/product_cat?post=77315"},{"taxonomy":"product_tag","embeddable":true,"href":"https:\/\/www.soanam.de\/ru\/wp-json\/wp\/v2\/product_tag?post=77315"}],"curies":[{"name":"wp","href":"https:\/\/api.w.org\/{rel}","templated":true}]}}