{"id":77293,"date":"2023-12-13T20:47:21","date_gmt":"2023-12-13T19:47:21","guid":{"rendered":"https:\/\/www.soanam.de\/?post_type=product&#038;p=77293"},"modified":"2023-12-13T20:52:08","modified_gmt":"2023-12-13T19:52:08","slug":"massimo-dutti-echtlederjacke-fuer-frauen-im-bikerstil-schwarz-groesse-m","status":"publish","type":"product","link":"https:\/\/www.soanam.de\/ru\/produkt\/massimo-dutti-echtlederjacke-fuer-frauen-im-bikerstil-schwarz-groesse-m\/","title":{"rendered":"Massimo Dutti - Echtlederjacke f\u00fcr Frauen im Bikerstil, Schwarz, Gr\u00f6\u00dfe M"},"content":{"rendered":"<h3>\u041e\u043f\u0438\u0441\u0430\u043d\u0438\u0435<\/h3>\n<p>Taschen: Pattentaschen<br \/>\n\u0423\u0437\u043e\u0440: \u043e\u0434\u043d\u043e\u0442\u043e\u043d\u043d\u044b\u0435 \u0446\u0432\u0435\u0442\u0430<br \/>\nAkzente: Rei\u00dfverschl\u00fcsse<\/p>\n<h3>\u041c\u0430\u0442\u0435\u0440\u0438\u0430\u043b \u0438 \u0438\u043d\u0441\u0442\u0440\u0443\u043a\u0446\u0438\u0438 \u043f\u043e \u0443\u0445\u043e\u0434\u0443<\/h3>\n<p>Material Oberstoff: 100% Leder<br \/>\n\u041f\u043e\u0434\u043a\u043b\u0430\u0434\u043a\u0430: \u043f\u043e\u043b\u0438\u044d\u0441\u0442\u0435\u0440 100%<br \/>\n\u041d\u0435\u0442\u0435\u043a\u0441\u0442\u0438\u043b\u044c\u043d\u044b\u0435 \u0447\u0430\u0441\u0442\u0438 \u0436\u0438\u0432\u043e\u0442\u043d\u043e\u0433\u043e \u043f\u0440\u043e\u0438\u0441\u0445\u043e\u0436\u0434\u0435\u043d\u0438\u044f: \u0414\u0430<br \/>\nPflegehinweise: Nicht Trockner geeignet, nicht waschen, nicht b\u00fcgeln<\/p>\n<h3>Fit<\/h3>\n<p>Gesamtl\u00e4nge: 54.8 cm bei Gr\u00f6\u00dfe M<\/p>","protected":false},"excerpt":{"rendered":"<h3>Artikelmerkmale<\/h3>\n<p>\u0421\u043e\u0441\u0442\u043e\u044f\u043d\u0438\u0435 \u0442\u043e\u0432\u0430\u0440\u0430: \u041d\u043e\u0432\u044b\u0439 \u0441 \u044d\u0442\u0438\u043a\u0435\u0442\u043a\u043e\u0439: \u041d\u043e\u0432\u044b\u0439, \u043d\u0435\u0438\u0441\u043f\u043e\u043b\u044c\u0437\u043e\u0432\u0430\u043d\u043d\u044b\u0439 \u0438 \u043d\u0435\u043d\u043e\u0448\u0435\u043d\u044b\u0439 \u0442\u043e\u0432\u0430\u0440 \u0432 \u043e\u0440\u0438\u0433\u0438\u043d\u0430\u043b\u044c\u043d\u043e\u0439 \u0443\u043f\u0430\u043a\u043e\u0432\u043a\u0435<\/p>\n<p>Abteilung: Damen<br \/>\nAkzente: Rei\u00dfverschluss<br \/>\nAnlass: Business, Freizeit, Reise<br \/>\nAu\u00dfenmaterial: Leder<br \/>\nBesonderheiten: Durchgehender Rei\u00dfverschluss<br \/>\nCharakter: ohne<br \/>\n\u0426\u0432\u0435\u0442: \u0447\u0435\u0440\u043d\u044b\u0439<br \/>\nFuttermaterial: Polyester<br \/>\nGewebeart: Leder<br \/>\n\u0420\u0430\u0437\u043c\u0435\u0440: S<br \/>\nGr\u00f6\u00dfenkategorie: Normalgr\u00f6\u00dfe<br \/>\nIsoliermaterial: ohne<br \/>\nJacken-\/Mantell\u00e4nge: Kurz<br \/>\nJahreszeit: Fr\u00fchling, Herbst<br \/>\nMarke: Massimo Dutti<br \/>\nModell: Biker<br \/>\nMuster: Ohne Muster<br \/>\nProduktart: Jacke<br \/>\nStil: Biker<br \/>\nThema: Biker<br \/>\n\u0417\u0430\u0441\u0442\u0435\u0436\u043a\u0430: \u0437\u0430\u0441\u0442\u0435\u0436\u043a\u0430-\u043c\u043e\u043b\u043d\u0438\u044f<br \/>\nVintage: Nein<\/p>","protected":false},"featured_media":77432,"comment_status":"open","ping_status":"closed","template":"","meta":{"_seopress_robots_primary_cat":"","_seopress_titles_title":"","_seopress_titles_desc":"","_seopress_robots_index":""},"product_brand":[],"product_cat":[1348,1354,1405],"product_tag":[],"class_list":{"0":"post-77293","1":"product","2":"type-product","3":"status-publish","4":"has-post-thumbnail","6":"product_cat-damen-mode","7":"product_cat-jacken-maentel","8":"product_cat-lederjacken-jacken-maentel","9":"product_shipping_class-standard-versand","11":"first","12":"instock","13":"sale","14":"taxable","15":"shipping-taxable","16":"purchasable","17":"product-type-simple"},"_links":{"self":[{"href":"https:\/\/www.soanam.de\/ru\/wp-json\/wp\/v2\/product\/77293","targetHints":{"allow":["GET"]}}],"collection":[{"href":"https:\/\/www.soanam.de\/ru\/wp-json\/wp\/v2\/product"}],"about":[{"href":"https:\/\/www.soanam.de\/ru\/wp-json\/wp\/v2\/types\/product"}],"replies":[{"embeddable":true,"href":"https:\/\/www.soanam.de\/ru\/wp-json\/wp\/v2\/comments?post=77293"}],"wp:featuredmedia":[{"embeddable":true,"href":"https:\/\/www.soanam.de\/ru\/wp-json\/wp\/v2\/media\/77432"}],"wp:attachment":[{"href":"https:\/\/www.soanam.de\/ru\/wp-json\/wp\/v2\/media?parent=77293"}],"wp:term":[{"taxonomy":"product_brand","embeddable":true,"href":"https:\/\/www.soanam.de\/ru\/wp-json\/wp\/v2\/product_brand?post=77293"},{"taxonomy":"product_cat","embeddable":true,"href":"https:\/\/www.soanam.de\/ru\/wp-json\/wp\/v2\/product_cat?post=77293"},{"taxonomy":"product_tag","embeddable":true,"href":"https:\/\/www.soanam.de\/ru\/wp-json\/wp\/v2\/product_tag?post=77293"}],"curies":[{"name":"wp","href":"https:\/\/api.w.org\/{rel}","templated":true}]}}