{"id":77277,"date":"2023-12-13T20:46:47","date_gmt":"2023-12-13T19:46:47","guid":{"rendered":"https:\/\/www.soanam.de\/?post_type=product&#038;p=77277"},"modified":"2023-12-13T20:51:29","modified_gmt":"2023-12-13T19:51:29","slug":"nike-x-matthew-m-williams-3-in-1-oberteil-fuer-damen-in-schwarz-groesse-s","status":"publish","type":"product","link":"https:\/\/www.soanam.de\/ru\/produkt\/nike-x-matthew-m-williams-3-in-1-oberteil-fuer-damen-in-schwarz-groesse-s\/","title":{"rendered":"Nike x Matthew M. Williams 3-in-1-Oberteil f\u00fcr Damen, in Schwarz, Gr\u00f6\u00dfe S"},"content":{"rendered":"<h3>\u041e\u043f\u0438\u0441\u0430\u043d\u0438\u0435<\/h3>\n<p>Das vielseitige 3-in-1-Design l\u00e4sst sich als Weste oder als BH tragen.<br \/>\nSchwei\u00dfableitendes Material sorgt f\u00fcr Tragekomfort bei w\u00e4rmeren Temperaturen, w\u00e4hrend Mesh an den entscheidenden Stellen optimale Bel\u00fcftung gew\u00e4hrleistet.<br \/>\nEs ist der n\u00e4chste Schritt im Training, entwickelt f\u00fcr Sport, Kultur und Spirit.<\/p>\n<h3>Stauraum<\/h3>\n<p>Die obere Schicht wurde als Chest-Rig f\u00fcr Stauraum und Tragekomfort entwickelt. Das Gore-Tex-Futter ist wasserabweisend und h\u00e4lt dich beim Workout angenehm trocken. Verstellbare Riemen mit Schnellverschluss erm\u00f6glichen einfaches An- und Ausziehen sowie eine individuelle Passform.<\/p>\n<h3>Verwandelt sich in eine Weste<\/h3>\n<p>Nimm das Chest-Rig ab und es kommt eine Weste zum Vorschein. Sie verf\u00fcgt \u00fcber ein linsenf\u00f6rmiges Strickmaterial, das f\u00fcr Glanz und ein geschmeidiges Tragegef\u00fchl sorgt. Die Elemente des Elastans im Kleidungsst\u00fcck gew\u00e4hrleisten uneingeschr\u00e4nkte Bewegungsfreiheit.<\/p>\n<h3>Individuelle Tragem\u00f6glichkeiten<\/h3>\n<p>Die Weste kann per Rei\u00dfverschluss abgenommen werden, dann hast du einen BH f\u00fcr k\u00fchlen, bequemen Halt.<\/p>\n<h3>Weitere Vorteile<\/h3>\n<p>Die Vordertasche in der oberen Schicht bietet sicheren Stauraum f\u00fcr deine Essentials.<br \/>\nDie Dri-FIT-Technologie sorgt f\u00fcr trockenen Tragekomfort.<br \/>\nMithilfe von Body-Mapping-Studien haben wir Mesh hinten in der Mitte platziert, um optimale Atmungsaktivit\u00e4t zu gew\u00e4hrleisten.<\/p>\n<h3>Produktinformationen<\/h3>\n<p>Body: 82 % Nylon\/18 % Elastan;<br \/>\nVorderseite: 100 % Polyester.<br \/>\nEinsatz hinten in der Mitte: 87 % Polyester\/13 % Elastan;<br \/>\nMesh hinten in der Mitte: 81 % Nylon\/19 % Elastan;<br \/>\nBody Weste: 89 % Polyester\/11 % Elastan<br \/>\n\u041c\u0430\u0448\u0438\u043d\u043d\u0430\u044f \u0441\u0442\u0438\u0440\u043a\u0430<br \/>\nImportiert<\/p>\n<h3>\u0420\u0430\u0437\u043c\u0435\u0440 \u0438 \u043f\u043e\u0441\u0430\u0434\u043a\u0430<\/h3>\n<p>Model tr\u00e4gt Gr\u00f6\u00dfe S bei einer K\u00f6rpergr\u00f6\u00dfe von 178 cm<br \/>\nStandardpassform f\u00fcr ein relaxtes, unkompliziertes Tragegef\u00fchl<\/p>","protected":false},"excerpt":{"rendered":"<h3>Artikelmerkmale<\/h3>\n<p>\u0421\u043e\u0441\u0442\u043e\u044f\u043d\u0438\u0435 \u0442\u043e\u0432\u0430\u0440\u0430: \u041d\u043e\u0432\u044b\u0439 \u0441 \u044d\u0442\u0438\u043a\u0435\u0442\u043a\u043e\u0439: \u041d\u043e\u0432\u044b\u0439, \u043d\u0435\u0438\u0441\u043f\u043e\u043b\u044c\u0437\u043e\u0432\u0430\u043d\u043d\u044b\u0439 \u0438 \u043d\u0435\u043d\u043e\u0448\u0435\u043d\u044b\u0439 \u0442\u043e\u0432\u0430\u0440 \u0432 \u043e\u0440\u0438\u0433\u0438\u043d\u0430\u043b\u044c\u043d\u043e\u0439 \u0443\u043f\u0430\u043a\u043e\u0432\u043a\u0435<\/p>\n<p>Abteilung: Damen<br \/>\nAktivit\u00e4t: Fitnessstudio &amp; Training<br \/>\nAnlass: Sport<br \/>\n\u00c4rmell\u00e4nge: \u00c4rmellos<br \/>\nAusschnitt: Runder Ausschnitt<br \/>\nBesonderheiten: Atmungsaktiv, Individuelle Tragem\u00f6glichkeiten, Schwei\u00dfableitend<br \/>\nCharakter: ohne<br \/>\nEAN: 194272898233<br \/>\n\u0426\u0432\u0435\u0442: \u0447\u0435\u0440\u043d\u044b\u0439<br \/>\n\u0420\u0430\u0437\u043c\u0435\u0440: S<br \/>\nGr\u00f6\u00dfenkategorie: Normalgr\u00f6\u00dfe<br \/>\nMarke: Nike<br \/>\nMaterial: 82 % Nylon\/18 % Elastan<br \/>\nMuster: Ohne Muster<br \/>\nPassform: Athletisch<br \/>\nProduktart: 3-in-1-Oberteil<br \/>\nStil: Bauchfrei<br \/>\nVintage: Nein<\/p>","protected":false},"featured_media":77413,"comment_status":"open","ping_status":"closed","template":"","meta":{"_seopress_robots_primary_cat":"","_seopress_titles_title":"","_seopress_titles_desc":"","_seopress_robots_index":""},"product_brand":[],"product_cat":[1348,1402,1403,1404],"product_tag":[],"class_list":{"0":"post-77277","1":"product","2":"type-product","3":"status-publish","4":"has-post-thumbnail","6":"product_cat-damen-mode","7":"product_cat-sportbekleidung-damen-mode","8":"product_cat-shirts","9":"product_cat-tops","10":"product_shipping_class-standard-versand","12":"first","13":"instock","14":"sale","15":"taxable","16":"shipping-taxable","17":"purchasable","18":"product-type-simple"},"_links":{"self":[{"href":"https:\/\/www.soanam.de\/ru\/wp-json\/wp\/v2\/product\/77277","targetHints":{"allow":["GET"]}}],"collection":[{"href":"https:\/\/www.soanam.de\/ru\/wp-json\/wp\/v2\/product"}],"about":[{"href":"https:\/\/www.soanam.de\/ru\/wp-json\/wp\/v2\/types\/product"}],"replies":[{"embeddable":true,"href":"https:\/\/www.soanam.de\/ru\/wp-json\/wp\/v2\/comments?post=77277"}],"wp:featuredmedia":[{"embeddable":true,"href":"https:\/\/www.soanam.de\/ru\/wp-json\/wp\/v2\/media\/77413"}],"wp:attachment":[{"href":"https:\/\/www.soanam.de\/ru\/wp-json\/wp\/v2\/media?parent=77277"}],"wp:term":[{"taxonomy":"product_brand","embeddable":true,"href":"https:\/\/www.soanam.de\/ru\/wp-json\/wp\/v2\/product_brand?post=77277"},{"taxonomy":"product_cat","embeddable":true,"href":"https:\/\/www.soanam.de\/ru\/wp-json\/wp\/v2\/product_cat?post=77277"},{"taxonomy":"product_tag","embeddable":true,"href":"https:\/\/www.soanam.de\/ru\/wp-json\/wp\/v2\/product_tag?post=77277"}],"curies":[{"name":"wp","href":"https:\/\/api.w.org\/{rel}","templated":true}]}}