{"id":77240,"date":"2023-12-13T20:44:59","date_gmt":"2023-12-13T19:44:59","guid":{"rendered":"https:\/\/www.soanam.de\/?post_type=product&#038;p=77240"},"modified":"2023-12-13T20:50:04","modified_gmt":"2023-12-13T19:50:04","slug":"wrangler-stretch-jeans-straight-fit-in-black-w40xl30","status":"publish","type":"product","link":"https:\/\/www.soanam.de\/ru\/produkt\/wrangler-stretch-jeans-straight-fit-in-black-w40xl30\/","title":{"rendered":"\u0414\u0436\u0438\u043d\u0441\u044b-\u0441\u0442\u0440\u0435\u0439\u0447 Wrangler \u043f\u0440\u044f\u043c\u043e\u0439 \u043f\u043e\u0441\u0430\u0434\u043a\u0438, \u0447\u0435\u0440\u043d\u043e\u0433\u043e \u0446\u0432\u0435\u0442\u0430, W40xL30"},"content":{"rendered":"<p>Regular- fit Jeans von Wrangler<br \/>\n\u041f\u0440\u044f\u043c\u043e\u0439 \u043a\u0440\u043e\u0439\/\u043f\u0440\u044f\u043c\u0430\u044f \u0444\u043e\u0440\u043c\u0430<br \/>\n\u041f\u0440\u044f\u043c\u044b\u0435 \u043d\u043e\u0433\u0438, \u043d\u043e\u0440\u043c\u0430\u043b\u044c\u043d\u0430\u044f \u0448\u0438\u0440\u0438\u043d\u0430 \u0431\u0435\u0434\u0435\u0440<br \/>\nToller Tragekomfort durch Stretchqualit\u00e4t<\/p>\n<p>Eine stylische Jeans von Wrangler aus robustem Denim mit Stretchanteils f\u00fcr einen angenehmen Tragekomfort.<br \/>\nDer klassische Five-Pocket-Style gl\u00e4nzt mit einem Logo auf der rechten Ges\u00e4\u00dftasche, die Hose wird mittels Rei\u00dfverschluss geschlossen.<\/p>\n<p>\u041c\u0430\u0442\u0435\u0440\u0438\u0430\u043b: 98% \u0445\u043b\u043e\u043f\u043e\u043a, 2% \u044d\u043b\u0430\u0441\u0442\u0430\u043d<br \/>\n\u0420\u0435\u043a\u043e\u043c\u0435\u043d\u0434\u0430\u0446\u0438\u0438 \u043f\u043e \u0443\u0445\u043e\u0434\u0443: \u041c\u0430\u0448\u0438\u043d\u043d\u0430\u044f \u0441\u0442\u0438\u0440\u043a\u0430 \u043f\u0440\u0438 40\u00b0<\/p>\n<p>\u0426\u0432\u0435\u0442: \u0447\u0435\u0440\u043d\u044b\u0439<br \/>\nGr\u00f6\u00dfe: W40 L30<\/p>\n<p>Bundweite: 104cm<br \/>\n\u041e\u0431\u0445\u0432\u0430\u0442 \u0431\u0435\u0434\u0435\u0440: 118 \u0441\u043c<br \/>\nSchrittl\u00e4nge:76cm<br \/>\n\u041e\u0431\u0449\u0430\u044f \u0434\u043b\u0438\u043d\u0430: 107 \u0441\u043c<\/p>","protected":false},"excerpt":{"rendered":"<table class=\"dv_characteristicsTable\">\n<tbody>\n<tr>\n<td class=\"left\">\u0420\u0430\u0437\u043c\u0435\u0440<\/td>\n<td>40<\/td>\n<\/tr>\n<tr>\n<td class=\"left\">Hosenl\u00e4nge<\/td>\n<td>30<\/td>\n<\/tr>\n<tr>\n<td class=\"left\">\u0421\u043e\u0441\u0442\u0430\u0432 \u043c\u0430\u0442\u0435\u0440\u0438\u0430\u043b\u0430<\/td>\n<td>Obermaterial: 98% Baumwolle, 2% Elasthan<\/td>\n<\/tr>\n<tr>\n<td class=\"left\">Materialeigenschaften<\/td>\n<td>Stretch<\/td>\n<\/tr>\n<tr>\n<td class=\"left\">\u0420\u0435\u043a\u043e\u043c\u0435\u043d\u0434\u0430\u0446\u0438\u0438 \u043f\u043e \u0443\u0445\u043e\u0434\u0443<\/td>\n<td>\u041c\u0430\u0448\u0438\u043d\u043d\u0430\u044f \u0441\u0442\u0438\u0440\u043a\u0430<\/td>\n<\/tr>\n<tr>\n<td class=\"left\">Optik<\/td>\n<td>overdyed<\/td>\n<\/tr>\n<tr>\n<td class=\"left\">Stil<\/td>\n<td>klassisch<\/td>\n<\/tr>\n<tr>\n<td class=\"left\">Herstellerfarbbezeichnung<\/td>\n<td>black<\/td>\n<\/tr>\n<tr>\n<td class=\"left\">\u0426\u0432\u0435\u0442<\/td>\n<td>black<\/td>\n<\/tr>\n<tr>\n<td class=\"left\">Leibh\u00f6he<\/td>\n<td>sitzt in der Taille<\/td>\n<\/tr>\n<tr>\n<td class=\"left\">Bundabschluss<\/td>\n<td>normaler Saum<\/td>\n<\/tr>\n<tr>\n<td class=\"left\">Beinform<\/td>\n<td>gerade<\/td>\n<\/tr>\n<tr>\n<td class=\"left\">Fit<\/td>\n<td>normal<\/td>\n<\/tr>\n<tr>\n<td class=\"left\">Schnittform L\u00e4nge<\/td>\n<td>lang<\/td>\n<\/tr>\n<tr>\n<td class=\"left\">\u0421\u0443\u043c\u043a\u0438<\/td>\n<td>M\u00fcnztasche<\/td>\n<\/tr>\n<tr>\n<td class=\"left\">Verschluss<\/td>\n<td>\u0417\u0430\u0441\u0442\u0435\u0436\u043a\u0430 \u043d\u0430 \u043c\u043e\u043b\u043d\u0438\u0438<\/td>\n<\/tr>\n<tr>\n<td class=\"left\">Besondere Merkmale<\/td>\n<td>\u041f\u0440\u044f\u043c\u043e\u0439 \u0444\u0430\u0441\u043e\u043d<\/td>\n<\/tr>\n<tr>\n<td class=\"left\">Gr\u00f6\u00dfenhinweis<\/td>\n<td>F\u00e4llt eng aus, bitte eine Gr\u00f6\u00dfe gr\u00f6\u00dfer bestellen.<\/td>\n<\/tr>\n<\/tbody>\n<\/table>\n<p>&nbsp;<\/p>","protected":false},"featured_media":77378,"comment_status":"open","ping_status":"closed","template":"","meta":{"_seopress_robots_primary_cat":"","_seopress_titles_title":"","_seopress_titles_desc":"","_seopress_robots_index":""},"product_brand":[],"product_cat":[1345,1346,1347],"product_tag":[],"class_list":{"0":"post-77240","1":"product","2":"type-product","3":"status-publish","4":"has-post-thumbnail","6":"product_cat-herrenmode","7":"product_cat-hosen","8":"product_cat-jeans","9":"product_shipping_class-standard-versand","11":"first","12":"instock","13":"sale","14":"taxable","15":"shipping-taxable","16":"purchasable","17":"product-type-simple"},"_links":{"self":[{"href":"https:\/\/www.soanam.de\/ru\/wp-json\/wp\/v2\/product\/77240","targetHints":{"allow":["GET"]}}],"collection":[{"href":"https:\/\/www.soanam.de\/ru\/wp-json\/wp\/v2\/product"}],"about":[{"href":"https:\/\/www.soanam.de\/ru\/wp-json\/wp\/v2\/types\/product"}],"replies":[{"embeddable":true,"href":"https:\/\/www.soanam.de\/ru\/wp-json\/wp\/v2\/comments?post=77240"}],"wp:featuredmedia":[{"embeddable":true,"href":"https:\/\/www.soanam.de\/ru\/wp-json\/wp\/v2\/media\/77378"}],"wp:attachment":[{"href":"https:\/\/www.soanam.de\/ru\/wp-json\/wp\/v2\/media?parent=77240"}],"wp:term":[{"taxonomy":"product_brand","embeddable":true,"href":"https:\/\/www.soanam.de\/ru\/wp-json\/wp\/v2\/product_brand?post=77240"},{"taxonomy":"product_cat","embeddable":true,"href":"https:\/\/www.soanam.de\/ru\/wp-json\/wp\/v2\/product_cat?post=77240"},{"taxonomy":"product_tag","embeddable":true,"href":"https:\/\/www.soanam.de\/ru\/wp-json\/wp\/v2\/product_tag?post=77240"}],"curies":[{"name":"wp","href":"https:\/\/api.w.org\/{rel}","templated":true}]}}