{"id":77217,"date":"2023-12-13T20:43:26","date_gmt":"2023-12-13T19:43:26","guid":{"rendered":"https:\/\/www.soanam.de\/?post_type=product&#038;p=77217"},"modified":"2023-12-13T20:49:34","modified_gmt":"2023-12-13T19:49:34","slug":"pt-torino-%d0%bc%d1%83%d0%b6%d1%81%d0%ba%d0%b8%d0%b5-%d1%88%d0%b5%d1%80%d1%81%d1%82%d1%8f%d0%bd%d1%8b%d0%b5-%d0%b1%d1%80%d1%8e%d0%ba%d0%b8-slim-fit-%d0%b4%d0%b5%d0%bb%d0%be%d0%b2%d1%8b%d0%b5-%d0%b1","status":"publish","type":"product","link":"https:\/\/www.soanam.de\/ru\/produkt\/pt-torino-herren-wollhose-slim-fit-businesshose\/","title":{"rendered":"\u041c\u0443\u0436\u0441\u043a\u0438\u0435 \u0448\u0435\u0440\u0441\u0442\u044f\u043d\u044b\u0435 \u0431\u0440\u044e\u043a\u0438 PT Torino \"Slim Fit\" - \u0434\u0435\u043b\u043e\u0432\u044b\u0435 \u0431\u0440\u044e\u043a\u0438"},"content":{"rendered":"<h3>\u043f\u043e\u0434\u0440\u043e\u0431\u043d\u043e\u0441\u0442\u0438<\/h3>\n<p>\u042d\u043b\u0435\u0433\u0430\u043d\u0442\u043d\u044b\u0439 \u0444\u0430\u0441\u043e\u043d \u0438\u0437 \u044d\u043b\u0430\u0441\u0442\u0438\u0447\u043d\u043e\u0439 \u0438 \u0441\u043b\u0435\u0433\u043a\u0430 \u0442\u044f\u043d\u0443\u0449\u0435\u0439\u0441\u044f \u0448\u0435\u0440\u0441\u0442\u0438, \u0448\u0435\u0440\u0441\u0442\u044f\u043d\u044b\u0435 \u0431\u0440\u044e\u043a\u0438 Slim Fit \u043e\u0442 PT TORINO \u0438\u043c\u0435\u044e\u0442 \u0432\u0441\u0435 \u0448\u0430\u043d\u0441\u044b \u0441\u0442\u0430\u0442\u044c \u0444\u0430\u0432\u043e\u0440\u0438\u0442\u043e\u043c \u0434\u043b\u044f \u043c\u043d\u043e\u0433\u043e\u0447\u0438\u0441\u043b\u0435\u043d\u043d\u044b\u0445 \u0434\u0435\u043b\u043e\u0432\u044b\u0445 \u043d\u0430\u0440\u044f\u0434\u043e\u0432.<\/p>\n<ul>\n<li>\u0421\u043b\u0435\u0433\u043a\u0430 \u044d\u043b\u0430\u0441\u0442\u0438\u0447\u043d\u0430\u044f \u0448\u0435\u0440\u0441\u0442\u044c<\/li>\n<li>\u041c\u044f\u0433\u043a\u0430\u044f \u0440\u0443\u0447\u043a\u0430<\/li>\n<li>\u0441\u043b\u0435\u0433\u043a\u0430 \u0438\u0437\u043c\u0435\u043b\u044c\u0447\u0435\u043d\u043d\u043e\u0435 \u043a\u0430\u0447\u0435\u0441\u0442\u0432\u043e<\/li>\n<li>\u0417\u0430\u0443\u0436\u0435\u043d\u043d\u044b\u0439 \u043a\u0440\u043e\u0439<\/li>\n<li>\u0443\u0437\u043a\u0438\u0439 \u043a\u043e\u043d\u0438\u0447\u0435\u0441\u043a\u0438\u0439<\/li>\n<li>\u0417\u0430\u0441\u0442\u0435\u0436\u043a\u0430 \u043d\u0430 \u043c\u043e\u043b\u043d\u0438\u044e \u0438 \u043f\u0443\u0433\u043e\u0432\u0438\u0446\u044b \u043d\u0430 \u043f\u043e\u044f\u0441\u0435<\/li>\n<li>\u0424\u0440\u0430\u043d\u0446\u0443\u0437\u0441\u043a\u0438\u0435 \u0441\u0443\u043c\u043a\u0438<\/li>\n<li>\u043c\u0430\u043b\u0435\u043d\u044c\u043a\u0438\u0439 \u043a\u0430\u0440\u043c\u0430\u043d \u0434\u043b\u044f \u0447\u0430\u0441\u043e\u0432<\/li>\n<li>\u0417\u0430\u0434\u043d\u0438\u0435 \u043a\u0430\u0440\u043c\u0430\u043d\u044b \u0441 \u043f\u0443\u0433\u043e\u0432\u0438\u0446\u0435\u0439<\/li>\n<li>\u041e\u0442\u043a\u0440\u044b\u0442\u0430\u044f \u0434\u043b\u0438\u043d\u0430<\/li>\n<\/ul>\n<p>\u041c\u0430\u0442\u0435\u0440\u0438\u0430\u043b: 98% \u043f\u0435\u0440\u0432\u0438\u0447\u043d\u0430\u044f \u0448\u0435\u0440\u0441\u0442\u044c, 2% \u044d\u043b\u0430\u0441\u0442\u0430\u043d<br \/>\n\u041c\u043e\u0434\u0435\u043b\u044c: Slim Fit<br \/>\n\u0420\u0435\u043a\u043e\u043c\u0435\u043d\u0434\u0430\u0446\u0438\u0438 \u043f\u043e \u0443\u0445\u043e\u0434\u0443: \u041d\u0435 \u0441\u0442\u0438\u0440\u0430\u0442\u044c<\/p>","protected":false},"excerpt":{"rendered":"<h3>Artikelmerkmale<\/h3>\n<p>\u0421\u043e\u0441\u0442\u043e\u044f\u043d\u0438\u0435 \u0442\u043e\u0432\u0430\u0440\u0430: \u041d\u043e\u0432\u044b\u0439 \u0441 \u044d\u0442\u0438\u043a\u0435\u0442\u043a\u043e\u0439: \u041d\u043e\u0432\u044b\u0439, \u043d\u0435\u0438\u0441\u043f\u043e\u043b\u044c\u0437\u043e\u0432\u0430\u043d\u043d\u044b\u0439 \u0438 \u043d\u0435\u043d\u043e\u0448\u0435\u043d\u044b\u0439 \u0442\u043e\u0432\u0430\u0440 \u0432 \u043e\u0440\u0438\u0433\u0438\u043d\u0430\u043b\u044c\u043d\u043e\u0439 \u0443\u043f\u0430\u043a\u043e\u0432\u043a\u0435<\/p>\n<p>Abteilung: Herren<br \/>\nAnlass: Business<br \/>\nBeinform: Tapered<br \/>\nBesonderheiten: kleine Uhrentasche<br \/>\nFarbe: Grau<br \/>\nGewebeart: Schurwolle<br \/>\n\u0420\u0430\u0437\u043c\u0435\u0440: 46<br \/>\nGr\u00f6\u00dfenkategorie: Normalgr\u00f6\u00dfe<br \/>\nHerstellungsland und -region: Italien<br \/>\nJahreszeit: Fr\u00fchling, Herbst<br \/>\nMarke: Torino<br \/>\n\u041c\u0430\u0442\u0435\u0440\u0438\u0430\u043b: 98% \u043f\u0435\u0440\u0432\u0438\u0447\u043d\u0430\u044f \u0448\u0435\u0440\u0441\u0442\u044c, 2% \u044d\u043b\u0430\u0441\u0442\u0430\u043d<br \/>\nMuster: Ohne Muster<br \/>\nPassform: Slim<br \/>\nProduktart: Hosen<br \/>\nSchrittl\u00e4nge: ohne Angabe<br \/>\nStil: Anzughose<br \/>\nTaillenumfang: ohne Angabe<br \/>\nThema: Adrett<br \/>\n\u0417\u0430\u0441\u0442\u0435\u0436\u043a\u0430: \u0437\u0430\u0441\u0442\u0435\u0436\u043a\u0430-\u043c\u043e\u043b\u043d\u0438\u044f<br \/>\nVintage: Nein<\/p>","protected":false},"featured_media":77357,"comment_status":"open","ping_status":"closed","template":"","meta":{"_seopress_robots_primary_cat":"","_seopress_titles_title":"","_seopress_titles_desc":"","_seopress_robots_index":""},"product_brand":[],"product_cat":[1345,1346,1398],"product_tag":[],"class_list":{"0":"post-77217","1":"product","2":"type-product","3":"status-publish","4":"has-post-thumbnail","6":"product_cat-herrenmode","7":"product_cat-hosen","8":"product_cat-businesshosen","9":"product_shipping_class-standard-versand","11":"first","12":"instock","13":"sale","14":"taxable","15":"shipping-taxable","16":"purchasable","17":"product-type-simple"},"_links":{"self":[{"href":"https:\/\/www.soanam.de\/ru\/wp-json\/wp\/v2\/product\/77217","targetHints":{"allow":["GET"]}}],"collection":[{"href":"https:\/\/www.soanam.de\/ru\/wp-json\/wp\/v2\/product"}],"about":[{"href":"https:\/\/www.soanam.de\/ru\/wp-json\/wp\/v2\/types\/product"}],"replies":[{"embeddable":true,"href":"https:\/\/www.soanam.de\/ru\/wp-json\/wp\/v2\/comments?post=77217"}],"wp:featuredmedia":[{"embeddable":true,"href":"https:\/\/www.soanam.de\/ru\/wp-json\/wp\/v2\/media\/77357"}],"wp:attachment":[{"href":"https:\/\/www.soanam.de\/ru\/wp-json\/wp\/v2\/media?parent=77217"}],"wp:term":[{"taxonomy":"product_brand","embeddable":true,"href":"https:\/\/www.soanam.de\/ru\/wp-json\/wp\/v2\/product_brand?post=77217"},{"taxonomy":"product_cat","embeddable":true,"href":"https:\/\/www.soanam.de\/ru\/wp-json\/wp\/v2\/product_cat?post=77217"},{"taxonomy":"product_tag","embeddable":true,"href":"https:\/\/www.soanam.de\/ru\/wp-json\/wp\/v2\/product_tag?post=77217"}],"curies":[{"name":"wp","href":"https:\/\/api.w.org\/{rel}","templated":true}]}}