{"id":77166,"date":"2023-12-13T20:38:47","date_gmt":"2023-12-13T19:38:47","guid":{"rendered":"https:\/\/www.soanam.de\/?post_type=product&#038;p=77166"},"modified":"2023-12-13T20:48:06","modified_gmt":"2023-12-13T19:48:06","slug":"y-a-s-%d0%ba%d0%be%d0%b6%d0%b0%d0%bd%d1%8b%d0%b5-%d0%bb%d0%b5%d0%b3%d0%b3%d0%b8%d0%bd%d1%81%d1%8b-zeba-stretch-tall-%d1%87%d0%b5%d1%80%d0%bd%d1%8b%d0%b9","status":"publish","type":"product","link":"https:\/\/www.soanam.de\/ru\/produkt\/y-a-s-lederleggings-zeba-stretch-tall-schwarz\/","title":{"rendered":"\u041a\u043e\u0436\u0430\u043d\u044b\u0435 \u043b\u0435\u0433\u0433\u0438\u043d\u0441\u044b Y.A.S. 'Zeba', \u0441\u0442\u0440\u0435\u0439\u0447, \u0432\u044b\u0441\u043e\u043a\u0438\u0435, \u0447\u0435\u0440\u043d\u044b\u0435"},"content":{"rendered":"<h3>\u0414\u0438\u0437\u0430\u0439\u043d \u0438 \u0434\u043e\u043f\u043e\u043b\u043d\u0438\u0442\u0435\u043b\u044c\u043d\u043e\u0435 \u043e\u0431\u043e\u0440\u0443\u0434\u043e\u0432\u0430\u043d\u0438\u0435<\/h3>\n<p>\u041a\u043e\u0436\u0430<br \/>\n\u041e\u0434\u043d\u043e\u0442\u043e\u043d\u043d\u044b\u0435 \u0446\u0432\u0435\u0442\u0430<br \/>\n\u0411\u043e\u043a\u043e\u0432\u0430\u044f \u0437\u0430\u0441\u0442\u0435\u0436\u043a\u0430 \u043d\u0430 \u043c\u043e\u043b\u043d\u0438\u044e<br \/>\n\u041e\u0442\u043a\u0440\u044b\u0442\u044b\u0435 \u043a\u0440\u0430\u044f<br \/>\n\u041a\u043e\u0436\u0430 \u0441 \u043c\u0435\u043b\u043a\u0438\u043c \u0440\u0438\u0441\u0443\u043d\u043a\u043e\u043c<\/p>\n<h3>\u0420\u0430\u0437\u043c\u0435\u0440 \u0438 \u043f\u043e\u0441\u0430\u0434\u043a\u0430<\/h3>\n<p>\u0414\u043b\u0438\u043d\u0430: \u0434\u043b\u0438\u043d\u043d\u0430\u044f\/\u043c\u0430\u043a\u0441\u0438<br \/>\n\u0424\u0430\u0441\u043e\u043d: \u0437\u0430\u0443\u0436\u0435\u043d\u043d\u044b\u0439<br \/>\n\u0412\u044b\u0441\u043e\u0442\u0430 \u0442\u0430\u043b\u0438\u0438: \u0432\u044b\u0441\u043e\u043a\u0430\u044f \u0442\u0430\u043b\u0438\u044f<br \/>\n\u0412\u043d\u0443\u0442\u0440\u0435\u043d\u043d\u044f\u044f \u0434\u043b\u0438\u043d\u0430 \u043d\u043e\u0433\u0438: 80 \u0441\u043c<br \/>\n\u0428\u0438\u0440\u0438\u043d\u0430 \u043f\u043e\u0434\u043e\u043b\u0430: 20 \u0441\u043c<br \/>\n\u0420\u043e\u0441\u0442 \u043c\u043e\u0434\u0435\u043b\u0438 177 \u0441\u043c, \u043d\u043e\u0441\u0438\u0442 \u0440\u0430\u0437\u043c\u0435\u0440 34.<\/p>\n<h3>\u041c\u0430\u0442\u0435\u0440\u0438\u0430\u043b<\/h3>\n<p>\u041c\u0430\u0442\u0435\u0440\u0438\u0430\u043b \u0432\u0435\u0440\u0445\u0430: \u043a\u043e\u0436\u0430 100%<br \/>\n\u042d\u043b\u0430\u0441\u0442\u0438\u0447\u043d\u043e\u0441\u0442\u044c: \u042d\u043b\u0430\u0441\u0442\u0438\u0447\u043d\u043e\u0441\u0442\u044c\/\u0440\u0430\u0441\u0442\u044f\u0436\u0438\u043c\u043e\u0441\u0442\u044c<br \/>\n\u0421\u043e\u0434\u0435\u0440\u0436\u0438\u0442 \u043d\u0435\u0442\u0435\u043a\u0441\u0442\u0438\u043b\u044c\u043d\u044b\u0435 \u0447\u0430\u0441\u0442\u0438 \u0436\u0438\u0432\u043e\u0442\u043d\u043e\u0433\u043e \u043f\u0440\u043e\u0438\u0441\u0445\u043e\u0436\u0434\u0435\u043d\u0438\u044f: \u0434\u0430<\/p>","protected":false},"excerpt":{"rendered":"<h3>Artikelmerkmale<\/h3>\n<p>\u0421\u043e\u0441\u0442\u043e\u044f\u043d\u0438\u0435 \u0442\u043e\u0432\u0430\u0440\u0430: \u041d\u043e\u0432\u044b\u0439 \u0441 \u044d\u0442\u0438\u043a\u0435\u0442\u043a\u043e\u0439: \u041d\u043e\u0432\u044b\u0439, \u043d\u0435\u0438\u0441\u043f\u043e\u043b\u044c\u0437\u043e\u0432\u0430\u043d\u043d\u044b\u0439 \u0438 \u043d\u0435\u043d\u043e\u0448\u0435\u043d\u044b\u0439 \u0442\u043e\u0432\u0430\u0440 \u0432 \u043e\u0440\u0438\u0433\u0438\u043d\u0430\u043b\u044c\u043d\u043e\u0439 \u0443\u043f\u0430\u043a\u043e\u0432\u043a\u0435<\/p>\n<p>Abteilung: Damen<br \/>\nAktivit\u00e4t: Spazieren<br \/>\nAkzente: ohne<br \/>\nAnlass: Business, Freizeit, Party\/Cocktail, Reise<br \/>\nBesonderheiten: Stretch<br \/>\nEAN: 5713721053228<br \/>\n\u0426\u0432\u0435\u0442: \u0447\u0435\u0440\u043d\u044b\u0439<br \/>\nGewebeart: Leder<br \/>\n\u0420\u0430\u0437\u043c\u0435\u0440: M<br \/>\nGr\u00f6\u00dfenkategorie: Normalgr\u00f6\u00dfe<br \/>\nJahreszeit: Fr\u00fchling, Herbst, Sommer, Winter<br \/>\nMarke: Y.A.S.<br \/>\nMaterial: Leder<br \/>\nMuster: Ohne Muster<br \/>\nProduktart: Leggings<br \/>\nSchrittl\u00e4nge: ohne Angabe<br \/>\nStil: Jeggings<br \/>\nTaillenumfang: ohne Angabe<br \/>\nThema: 90er<br \/>\nVintage: Nein<\/p>","protected":false},"featured_media":77322,"comment_status":"open","ping_status":"closed","template":"","meta":{"_seopress_robots_primary_cat":"","_seopress_titles_title":"","_seopress_titles_desc":"","_seopress_robots_index":""},"product_brand":[],"product_cat":[1348,1349,1395],"product_tag":[],"class_list":{"0":"post-77166","1":"product","2":"type-product","3":"status-publish","4":"has-post-thumbnail","6":"product_cat-damen-mode","7":"product_cat-hosen-damen-mode","8":"product_cat-lederhosen","9":"product_shipping_class-standard-versand","11":"first","12":"instock","13":"sale","14":"taxable","15":"shipping-taxable","16":"purchasable","17":"product-type-simple"},"_links":{"self":[{"href":"https:\/\/www.soanam.de\/ru\/wp-json\/wp\/v2\/product\/77166","targetHints":{"allow":["GET"]}}],"collection":[{"href":"https:\/\/www.soanam.de\/ru\/wp-json\/wp\/v2\/product"}],"about":[{"href":"https:\/\/www.soanam.de\/ru\/wp-json\/wp\/v2\/types\/product"}],"replies":[{"embeddable":true,"href":"https:\/\/www.soanam.de\/ru\/wp-json\/wp\/v2\/comments?post=77166"}],"wp:featuredmedia":[{"embeddable":true,"href":"https:\/\/www.soanam.de\/ru\/wp-json\/wp\/v2\/media\/77322"}],"wp:attachment":[{"href":"https:\/\/www.soanam.de\/ru\/wp-json\/wp\/v2\/media?parent=77166"}],"wp:term":[{"taxonomy":"product_brand","embeddable":true,"href":"https:\/\/www.soanam.de\/ru\/wp-json\/wp\/v2\/product_brand?post=77166"},{"taxonomy":"product_cat","embeddable":true,"href":"https:\/\/www.soanam.de\/ru\/wp-json\/wp\/v2\/product_cat?post=77166"},{"taxonomy":"product_tag","embeddable":true,"href":"https:\/\/www.soanam.de\/ru\/wp-json\/wp\/v2\/product_tag?post=77166"}],"curies":[{"name":"wp","href":"https:\/\/api.w.org\/{rel}","templated":true}]}}