{"id":77030,"date":"2023-12-13T20:32:21","date_gmt":"2023-12-13T19:32:21","guid":{"rendered":"https:\/\/www.soanam.de\/?post_type=product&#038;p=77030"},"modified":"2023-12-13T20:42:38","modified_gmt":"2023-12-13T19:42:38","slug":"ba-sh-maxikleid-im-metallic-look-in-beige-braun-groesse-l","status":"publish","type":"product","link":"https:\/\/www.soanam.de\/ru\/produkt\/ba-sh-maxikleid-im-metallic-look-in-beige-braun-groesse-l\/","title":{"rendered":"\u041f\u043b\u0430\u0442\u044c\u0435-\u043c\u0430\u043a\u0441\u0438 Ba &amp; Sh \u0441 \u044d\u0444\u0444\u0435\u043a\u0442\u043e\u043c \u043c\u0435\u0442\u0430\u043b\u043b\u0438\u043a, \u0431\u0435\u0436\u0435\u0432\u043e-\u043a\u043e\u0440\u0438\u0447\u043d\u0435\u0432\u043e\u0435, \u0440\u0430\u0437\u043c\u0435\u0440 L"},"content":{"rendered":"<h3>\u043f\u043e\u0434\u0440\u043e\u0431\u043d\u043e\u0441\u0442\u0438<\/h3>\n<ul>\n<li>Langes Kleid<\/li>\n<li>Festkleid<\/li>\n<li>Metallisch<\/li>\n<li>Gedruckt<\/li>\n<li>Tiefer Ausschnitt<\/li>\n<li>Gekn\u00f6pft<\/li>\n<li>Gesmokter R\u00fccken<\/li>\n<li>\u041d\u0430 \u043f\u043e\u0434\u043a\u043b\u0430\u0434\u043a\u0435<\/li>\n<li>Nicht dehnbarer Stoff<\/li>\n<li>Langer Schlitz auf der Vorderseite<\/li>\n<\/ul>\n<h3><strong>\u041c\u0430\u0442\u0435\u0440\u0438\u0430\u043b \u0438 \u0443\u0445\u043e\u0434<\/strong><\/h3>\n<ul>\n<li>Oberstoff: 91% Viskose, 9% Metallische Faser<\/li>\n<li>\u041f\u043e\u0434\u043a\u043b\u0430\u0434\u043a\u0430: \u0432\u0438\u0441\u043a\u043e\u0437\u0430 100%<\/li>\n<li>Pflege: Handw\u00e4sche oder chemische Reinigung<\/li>\n<\/ul>","protected":false},"excerpt":{"rendered":"<h3>Artikelmerkmale<\/h3>\n<p>\u0421\u043e\u0441\u0442\u043e\u044f\u043d\u0438\u0435 \u0442\u043e\u0432\u0430\u0440\u0430: \u041d\u043e\u0432\u044b\u0439 \u0441 \u044d\u0442\u0438\u043a\u0435\u0442\u043a\u043e\u0439: \u041d\u043e\u0432\u044b\u0439, \u043d\u0435\u0438\u0441\u043f\u043e\u043b\u044c\u0437\u043e\u0432\u0430\u043d\u043d\u044b\u0439 \u0438 \u043d\u0435\u043d\u043e\u0448\u0435\u043d\u044b\u0439 \u0442\u043e\u0432\u0430\u0440 \u0432 \u043e\u0440\u0438\u0433\u0438\u043d\u0430\u043b\u044c\u043d\u043e\u0439 \u0443\u043f\u0430\u043a\u043e\u0432\u043a\u0435<\/p>\n<p>Abteilung: Damen<br \/>\nAnlass: Elegant<br \/>\n\u00c4rmelart: Flatter\u00e4rmel<br \/>\n\u0414\u043b\u0438\u043d\u0430 \u0440\u0443\u043a\u0430\u0432\u0430: \u043a\u043e\u0440\u043e\u0442\u043a\u0438\u0439 \u0440\u0443\u043a\u0430\u0432<br \/>\n\u0412\u044b\u0440\u0435\u0437 \u0433\u043e\u0440\u043b\u043e\u0432\u0438\u043d\u044b: V-\u043e\u0431\u0440\u0430\u0437\u043d\u044b\u0439 \u0432\u044b\u0440\u0435\u0437<br \/>\nCharakter: ohne<br \/>\nFarbe: Beige<br \/>\nGewebeart: Chiffon<br \/>\n\u0420\u0430\u0437\u043c\u0435\u0440: L<br \/>\nGr\u00f6\u00dfenkategorie: Normalgr\u00f6\u00dfe<br \/>\nJahreszeit: Sommer<br \/>\nKleiderl\u00e4nge: Lang<br \/>\nMarke: ba&amp;sh<br \/>\nMaterial: Viskose<br \/>\nMuster: Druck<br \/>\nStil: Maxikleid<br \/>\nThema: Festlich<br \/>\nVerschluss: Kn\u00f6pfe<br \/>\nVintage: Nein<\/p>","protected":false},"featured_media":77209,"comment_status":"open","ping_status":"closed","template":"","meta":{"_seopress_robots_primary_cat":"","_seopress_titles_title":"","_seopress_titles_desc":"","_seopress_robots_index":""},"product_brand":[],"product_cat":[1348,1379,1380],"product_tag":[],"class_list":{"0":"post-77030","1":"product","2":"type-product","3":"status-publish","4":"has-post-thumbnail","6":"product_cat-damen-mode","7":"product_cat-kleider","8":"product_cat-abendkleider","9":"product_shipping_class-standard-versand","11":"first","12":"instock","13":"sale","14":"taxable","15":"shipping-taxable","16":"purchasable","17":"product-type-simple"},"_links":{"self":[{"href":"https:\/\/www.soanam.de\/ru\/wp-json\/wp\/v2\/product\/77030","targetHints":{"allow":["GET"]}}],"collection":[{"href":"https:\/\/www.soanam.de\/ru\/wp-json\/wp\/v2\/product"}],"about":[{"href":"https:\/\/www.soanam.de\/ru\/wp-json\/wp\/v2\/types\/product"}],"replies":[{"embeddable":true,"href":"https:\/\/www.soanam.de\/ru\/wp-json\/wp\/v2\/comments?post=77030"}],"wp:featuredmedia":[{"embeddable":true,"href":"https:\/\/www.soanam.de\/ru\/wp-json\/wp\/v2\/media\/77209"}],"wp:attachment":[{"href":"https:\/\/www.soanam.de\/ru\/wp-json\/wp\/v2\/media?parent=77030"}],"wp:term":[{"taxonomy":"product_brand","embeddable":true,"href":"https:\/\/www.soanam.de\/ru\/wp-json\/wp\/v2\/product_brand?post=77030"},{"taxonomy":"product_cat","embeddable":true,"href":"https:\/\/www.soanam.de\/ru\/wp-json\/wp\/v2\/product_cat?post=77030"},{"taxonomy":"product_tag","embeddable":true,"href":"https:\/\/www.soanam.de\/ru\/wp-json\/wp\/v2\/product_tag?post=77030"}],"curies":[{"name":"wp","href":"https:\/\/api.w.org\/{rel}","templated":true}]}}