{"id":77015,"date":"2023-12-13T20:32:13","date_gmt":"2023-12-13T19:32:13","guid":{"rendered":"https:\/\/www.soanam.de\/?post_type=product&#038;p=77015"},"modified":"2023-12-13T20:37:01","modified_gmt":"2023-12-13T19:37:01","slug":"hugo-boss-slim-fit-sakko-aus-schurwolle-mit-seiden-details","status":"publish","type":"product","link":"https:\/\/www.soanam.de\/ru\/produkt\/hugo-boss-slim-fit-sakko-aus-schurwolle-mit-seiden-details\/","title":{"rendered":"\u041e\u0431\u043b\u0435\u0433\u0430\u044e\u0449\u0438\u0439 \u043f\u0438\u0434\u0436\u0430\u043a HUGO BOSS \u0438\u0437 \u0432\u0438\u0440\u0433\u0438\u043d\u0441\u043a\u043e\u0439 \u0448\u0435\u0440\u0441\u0442\u0438 \u0441 \u0448\u0435\u043b\u043a\u043e\u0432\u044b\u043c\u0438 \u0434\u0435\u0442\u0430\u043b\u044f\u043c\u0438"},"content":{"rendered":"<p><b>\u041e\u0431\u043b\u0435\u0433\u0430\u044e\u0449\u0438\u0439 \u043f\u0438\u0434\u0436\u0430\u043a HUGO BOSS \u0438\u0437 \u0432\u0438\u0440\u0433\u0438\u043d\u0441\u043a\u043e\u0439 \u0448\u0435\u0440\u0441\u0442\u0438 \u0441 \u0448\u0435\u043b\u043a\u043e\u0432\u044b\u043c\u0438 \u0434\u0435\u0442\u0430\u043b\u044f\u043c\u0438<\/b><\/p>\n<div><span style=\"font-family: Arial;\"><b>\u041e\u043f\u0438\u0441\u0430\u043d\u0438\u0435<\/b><\/span><\/div>\n<div><span style=\"font-family: Arial;\">Das pr\u00e4zise gefertigte BOSS Sakko aus Schurwoll-Serge ist Teil der Create Your Look Kollektion und ideal f\u00fcr formelle Anl\u00e4sse.\u00a0<\/span><\/div>\n<div><span style=\"font-family: Arial;\">Das zeitlose Herren-Sakko im Smoking-Stil ist schmal geschnitten und mit kontrastfarbenen Seiden-Details besetzt.\u00a0<\/span><\/div>\n<div><span style=\"font-family: Arial;\">Zwei-Knopf-Leiste, fallendes Revers und glattes, komfortables Innenfutter runden die Jacke ab.<\/span><\/div>\n<div><span style=\"font-family: Arial;\"><b>\u00a0<\/b><\/span><\/div>\n<div><span style=\"font-family: Arial;\"><b>\u043f\u043e\u0434\u0440\u043e\u0431\u043d\u043e\u0441\u0442\u0438<\/b><\/span><\/div>\n<ul>\n<li><span style=\"font-family: Arial;\">\u0417\u0430\u0443\u0436\u0435\u043d\u043d\u044b\u0439 \u043a\u0440\u043e\u0439<\/span><\/li>\n<li><span style=\"font-family: Arial;\">Fallendes Revers<\/span><\/li>\n<li><span style=\"font-family: Arial;\">Verschluss oben: Knopfverschluss<\/span><\/li>\n<li><span style=\"font-family: Arial;\">Anzahl der Kn\u00f6pfe: 2<\/span><\/li>\n<li><span style=\"font-family: Arial;\">Brusttaschen mit Leiste<\/span><\/li>\n<li><span style=\"font-family: Arial;\">Taschen oben: Pattentaschen<\/span><\/li>\n<li><span style=\"font-family: Arial;\">Innentaschen mit Paspel<\/span><\/li>\n<li><span style=\"font-family: Arial;\">Manschetten mit Kissing-Buttons<\/span><\/li>\n<li><span style=\"font-family: Arial;\">Seitenschlitz<\/span><\/li>\n<li><span style=\"font-family: Arial;\">\u0421 \u0432\u043d\u0443\u0442\u0440\u0435\u043d\u043d\u0435\u0439 \u043f\u043e\u0434\u043a\u043b\u0430\u0434\u043a\u043e\u0439<\/span><\/li>\n<li><span style=\"font-family: Arial;\">R\u00fcckenl\u00e4nge: 74 cm<\/span><\/li>\n<\/ul>\n<div><span style=\"font-family: Arial;\"><b>\u00a0<\/b><\/span><\/div>\n<div><span style=\"font-family: Arial;\"><b>\u041c\u0430\u0442\u0435\u0440\u0438\u0430\u043b \u0438 \u0443\u0445\u043e\u0434<\/b><\/span><\/div>\n<ul>\n<li><span style=\"font-family: Arial;\">100% \u0412\u0438\u0440\u0433\u0438\u043d\u0441\u043a\u0430\u044f \u0448\u0435\u0440\u0441\u0442\u044c,\u00a0<\/span><\/li>\n<li><span style=\"font-family: Arial;\">Futter: 52% Acetat, 48% Viskose,\u00a0<\/span><\/li>\n<li><span style=\"font-family: Arial;\">Besatz: 100% Seide,\u00a0<\/span><\/li>\n<li><span style=\"font-family: Arial;\">\u00c4rmelfutter: 100%\u00a0Viskose<\/span><\/li>\n<li><span style=\"font-family: Arial;\">Schonende chemische Trockenreinigung P empfohlen<\/span><\/li>\n<\/ul>","protected":false},"excerpt":{"rendered":"<h3><strong>Artikelmerkmale<\/strong><\/h3>\n<p><strong>Artikelzustand:<\/strong> Neu mit Etikett: Neuer, unbenutzter und nicht getragener Artikel in der Originalverpackung<\/p>\n<p><strong>Abteilung:<\/strong> Herren<br \/>\n<strong>Anlass:<\/strong> Business, Elegant, Hochzeit, Party\/Cocktail<br \/>\n<strong>Brustumfang:<\/strong> ohne Angabe<br \/>\n<strong>\u0426\u0432\u0435\u0442:<\/strong> \u0427\u0435\u0440\u043d\u044b\u0439<br \/>\n<strong>Futtermaterial:<\/strong> \u0412\u0438\u0441\u043a\u043e\u0437\u0430<br \/>\n<strong>Gewebeart:<\/strong> Schurwolle<br \/>\n<strong>Gr\u00f6\u00dfe:<\/strong> 54<br \/>\n<strong>Gr\u00f6\u00dfenkategorie:<\/strong> Normalgr\u00f6\u00dfe<br \/>\n<strong>Jacken-\/Mantell\u00e4nge:<\/strong> Normal<br \/>\n<strong>Jackenrevers-Form:<\/strong> Reversekragen<br \/>\n<strong>Marke:<\/strong> HUGO BOSS<br \/>\n<strong>\u041c\u0430\u0442\u0435\u0440\u0438\u0430\u043b:<\/strong> \u0428\u0435\u0440\u0441\u0442\u044c<br \/>\n<strong>\u041f\u043e\u0434\u0445\u043e\u0434\u0438\u0442:<\/strong> Slim<br \/>\n<strong>Produktart:<\/strong> Sakko<br \/>\n<strong>Stil:<\/strong> \u0411\u043b\u0435\u0439\u0437\u0435\u0440<br \/>\n<strong>Thema:<\/strong> Designer<br \/>\n<strong>Vintage:<\/strong> Nein<\/p>","protected":false},"featured_media":77122,"comment_status":"open","ping_status":"closed","template":"","meta":{"_seopress_robots_primary_cat":"","_seopress_titles_title":"","_seopress_titles_desc":"","_seopress_robots_index":""},"product_brand":[],"product_cat":[1345,1368,1369],"product_tag":[],"class_list":{"0":"post-77015","1":"product","2":"type-product","3":"status-publish","4":"has-post-thumbnail","6":"product_cat-herrenmode","7":"product_cat-anzuege-anzugsteile","8":"product_cat-sakkos","9":"product_shipping_class-standard-versand","11":"first","12":"instock","13":"sale","14":"taxable","15":"shipping-taxable","16":"purchasable","17":"product-type-simple"},"_links":{"self":[{"href":"https:\/\/www.soanam.de\/ru\/wp-json\/wp\/v2\/product\/77015","targetHints":{"allow":["GET"]}}],"collection":[{"href":"https:\/\/www.soanam.de\/ru\/wp-json\/wp\/v2\/product"}],"about":[{"href":"https:\/\/www.soanam.de\/ru\/wp-json\/wp\/v2\/types\/product"}],"replies":[{"embeddable":true,"href":"https:\/\/www.soanam.de\/ru\/wp-json\/wp\/v2\/comments?post=77015"}],"wp:featuredmedia":[{"embeddable":true,"href":"https:\/\/www.soanam.de\/ru\/wp-json\/wp\/v2\/media\/77122"}],"wp:attachment":[{"href":"https:\/\/www.soanam.de\/ru\/wp-json\/wp\/v2\/media?parent=77015"}],"wp:term":[{"taxonomy":"product_brand","embeddable":true,"href":"https:\/\/www.soanam.de\/ru\/wp-json\/wp\/v2\/product_brand?post=77015"},{"taxonomy":"product_cat","embeddable":true,"href":"https:\/\/www.soanam.de\/ru\/wp-json\/wp\/v2\/product_cat?post=77015"},{"taxonomy":"product_tag","embeddable":true,"href":"https:\/\/www.soanam.de\/ru\/wp-json\/wp\/v2\/product_tag?post=77015"}],"curies":[{"name":"wp","href":"https:\/\/api.w.org\/{rel}","templated":true}]}}