{"id":83837,"date":"2023-12-17T23:17:20","date_gmt":"2023-12-17T22:17:20","guid":{"rendered":"https:\/\/www.soanam.de\/?post_type=product&#038;p=83837"},"modified":"2023-12-17T23:20:03","modified_gmt":"2023-12-17T22:20:03","slug":"murimage-tuertapete-schlosstor-rustikal-86-x-200-cm-2-tlg","status":"publish","type":"product","link":"https:\/\/www.soanam.de\/pl\/produkt\/murimage-tuertapete-schlosstor-rustikal-86-x-200-cm-2-tlg\/","title":{"rendered":"Tapeta na drzwi murimage rustykalna brama zamkowa, 86 x 200 cm, 2-cz\u0119\u015bciowa."},"content":{"rendered":"<div>Zum Verkauf steht hier eine wundersch\u00f6ne, zeitlose murimage T\u00fcrtapete - Model \"Schlosstor rustikal\".<\/div>\n<div><\/div>\n<div>Ta wysokiej jako\u015bci tapeta na drzwi murimage zosta\u0142a wyprodukowana w Niemczech.<\/div>\n<div>Kolory s\u0105 b\u0142yszcz\u0105ce, odporne na \u015bwiat\u0142o i bezwonne, dzi\u0119ki czemu 100% nadaje si\u0119 do przestrzeni \u017cyciowej.<\/div>\n<div>\u0141atwy monta\u017c za pomoc\u0105 do\u0142\u0105czonej pasty.<\/div>\n<div><\/div>\n<div>Otrzymasz t\u0119 fototapet\u0119 o wymiarach 86 x 200 cm w 2 oddzielnych kawa\u0142kach, ka\u017cdy o wymiarach 86 x 100 cm (szeroko\u015b\u0107 x wysoko\u015b\u0107), w tym past\u0119 do przyklejenia, a tak\u017ce instrukcj\u0119 monta\u017cu krok po kroku wyja\u015bniaj\u0105c\u0105, jak zastosowa\u0107 tapet\u0119.<\/div>\n<div><\/div>\n<div>Arkusze s\u0105 ci\u0119te w taki spos\u00f3b, \u017ce dwie cz\u0119\u015bci zawsze zachodz\u0105 na siebie o 5 mm.<br \/>\nPodczas wklejania elementy p\u0119czniej\u0105 o kilka milimetr\u00f3w.<br \/>\nAby uzyska\u0107 doskona\u0142y efekt, nale\u017cy pozostawi\u0107 ka\u017cdy arkusz do namoczenia na 5 minut.<br \/>\nUwaga: Przed monta\u017cem nale\u017cy posortowa\u0107 poszczeg\u00f3lne cz\u0119\u015bci! Poszczeg\u00f3lne cz\u0119\u015bci s\u0105 ponumerowane w prawym dolnym rogu z przodu.<br \/>\nNumeracja jest zakrywana przez 5 mm zak\u0142adk\u0119 podczas klejenia i dlatego nie jest ju\u017c widoczna na ko\u0144cu.<br \/>\nDo instalacji zalecane s\u0105 nast\u0119puj\u0105ce akcesoria:<br \/>\nP\u0119dzel do tapetowania, wa\u0142ek do tapetowania, wiadro i woda do mieszania pasty<br \/>\nLinijka sk\u0142adana, o\u0142\u00f3wek i poziomica, n\u00f3\u017c, zabezpieczenie pod\u0142ogi<\/div>","protected":false},"excerpt":{"rendered":"<div class=\"ux-layout-section-evo__row\">\n<div class=\"ux-layout-section-evo__col\">\n<div class=\"ux-labels-values__labels\">\n<div class=\"ux-labels-values__labels-content\">\n<div><span class=\"ux-textspans\">Produktart: <\/span>Fototapete<\/div>\n<\/div>\n<\/div>\n<\/div>\n<div class=\"ux-layout-section-evo__col\">\n<div class=\"ux-labels-values__labels\">\n<div class=\"ux-labels-values__labels-content\">\n<div><span class=\"ux-textspans\">Materia\u0142: <\/span>Papier<\/div>\n<\/div>\n<\/div>\n<\/div>\n<\/div>\n<div class=\"ux-layout-section-evo__row\">\n<div class=\"ux-layout-section-evo__col\">\n<div class=\"ux-labels-values__labels\">\n<div class=\"ux-labels-values__labels-content\">\n<div><span class=\"ux-textspans\">Besonderheiten: T\u00fcrtapete\u00a0<\/span><\/div>\n<\/div>\n<\/div>\n<\/div>\n<div class=\"ux-layout-section-evo__col\">\n<div class=\"ux-labels-values__labels\">\n<div class=\"ux-labels-values__labels-content\">\n<div><span class=\"ux-textspans\">Zimmer: <\/span>Geeignet f\u00fcr alle Innent\u00fcren<\/div>\n<\/div>\n<\/div>\n<\/div>\n<\/div>\n<div class=\"ux-layout-section-evo__row\">\n<div class=\"ux-layout-section-evo__col\">\n<div class=\"ux-labels-values__labels\">\n<div class=\"ux-labels-values__labels-content\">\n<div><span class=\"ux-textspans\">Stil: Rustikal<\/span><\/div>\n<\/div>\n<\/div>\n<\/div>\n<div class=\"ux-layout-section-evo__col\">\n<div class=\"ux-labels-values__labels\">\n<div class=\"ux-labels-values__labels-content\">\n<div><span class=\"ux-textspans\">Finish: <\/span>Fototapete<\/div>\n<\/div>\n<\/div>\n<\/div>\n<\/div>\n<div class=\"ux-layout-section-evo__row\">\n<div class=\"ux-layout-section-evo__col\">\n<div class=\"ux-labels-values__labels\">\n<div class=\"ux-labels-values__labels-content\">\n<div><span class=\"ux-textspans\">Herstellungsland und -region: <\/span>Niemcy<\/div>\n<\/div>\n<\/div>\n<\/div>\n<\/div>\n<div class=\"ux-layout-section-evo__row\">\n<div class=\"ux-layout-section-evo__col\">\n<div class=\"ux-labels-values__labels\">\n<div class=\"ux-labels-values__labels-content\">\n<div><span class=\"ux-textspans\">Marke: <\/span>murimage\u00ae<\/div>\n<\/div>\n<\/div>\n<\/div>\n<\/div>","protected":false},"featured_media":83872,"comment_status":"open","ping_status":"closed","template":"","meta":{"_seopress_robots_primary_cat":"","_seopress_titles_title":"","_seopress_titles_desc":"","_seopress_robots_index":""},"product_brand":[],"product_cat":[1400,1420],"product_tag":[],"class_list":{"0":"post-83837","1":"product","2":"type-product","3":"status-publish","4":"has-post-thumbnail","6":"product_cat-wohnzubehoer","7":"product_cat-wohndekoration","8":"product_shipping_class-standard-versand","10":"first","11":"instock","12":"sale","13":"taxable","14":"shipping-taxable","15":"purchasable","16":"product-type-simple"},"_links":{"self":[{"href":"https:\/\/www.soanam.de\/pl\/wp-json\/wp\/v2\/product\/83837","targetHints":{"allow":["GET"]}}],"collection":[{"href":"https:\/\/www.soanam.de\/pl\/wp-json\/wp\/v2\/product"}],"about":[{"href":"https:\/\/www.soanam.de\/pl\/wp-json\/wp\/v2\/types\/product"}],"replies":[{"embeddable":true,"href":"https:\/\/www.soanam.de\/pl\/wp-json\/wp\/v2\/comments?post=83837"}],"wp:featuredmedia":[{"embeddable":true,"href":"https:\/\/www.soanam.de\/pl\/wp-json\/wp\/v2\/media\/83872"}],"wp:attachment":[{"href":"https:\/\/www.soanam.de\/pl\/wp-json\/wp\/v2\/media?parent=83837"}],"wp:term":[{"taxonomy":"product_brand","embeddable":true,"href":"https:\/\/www.soanam.de\/pl\/wp-json\/wp\/v2\/product_brand?post=83837"},{"taxonomy":"product_cat","embeddable":true,"href":"https:\/\/www.soanam.de\/pl\/wp-json\/wp\/v2\/product_cat?post=83837"},{"taxonomy":"product_tag","embeddable":true,"href":"https:\/\/www.soanam.de\/pl\/wp-json\/wp\/v2\/product_tag?post=83837"}],"curies":[{"name":"wp","href":"https:\/\/api.w.org\/{rel}","templated":true}]}}