{"id":83819,"date":"2023-12-17T02:50:48","date_gmt":"2023-12-17T01:50:48","guid":{"rendered":"https:\/\/www.soanam.de\/?post_type=product&#038;p=83819"},"modified":"2023-12-17T23:18:07","modified_gmt":"2023-12-17T22:18:07","slug":"mazaya-summer-slice-wassermelone-200-g-wasserpfeifentabak","status":"publish","type":"product","link":"https:\/\/www.soanam.de\/pl\/produkt\/mazaya-summer-slice-wassermelone-200-g-wasserpfeifentabak\/","title":{"rendered":"Mazaya Summer Slice (arbuz) 200 g tyto\u0144 do fajki wodnej"},"content":{"rendered":"<div>\n<p>Mazaya\u00a0 Summer Slice Shisha-Tabak besitzt hervorragende Raucheigenschaften und einen intensiven Geschmack nach Wassermelone.<\/p>\n<p>Wysokiej jako\u015bci francuski tyto\u0144 Virginia jest produkowany w Jordanii. W po\u0142\u0105czeniu z klasycznymi aromatami daje to intensywne chwile palenia shishy.<\/p>\n<p>Poniewa\u017c ten tyto\u0144 do fajki wodnej jest natychmiast gotowy do palenia, do jego nawil\u017cenia nie jest wymagana melasa. Aromatyzowane, zamykane puszki o pojemno\u015bci 200 g nie przepuszczaj\u0105 \u015bwiat\u0142a ani powietrza z zewn\u0105trz, dzi\u0119ki czemu tyto\u0144 do fajki wodnej Mazaya nie wysycha tak szybko.<\/p>\n<p>Idealny tyto\u0144 do fajki wodnej, kt\u00f3ry doskonale sprawdza si\u0119 w <b>G\u0142owica z wieloma otworami <\/b>mo\u017ce pali\u0107.<\/p>\n<p>Ci\u0119cie tytoniu jest nast\u0119puj\u0105ce\u00a0<strong>gruby\/\u015bredni<\/strong> a si\u0142a to <strong>\u015bredni\/mocny<\/strong><\/p>\n<\/div>\n<div><\/div>\n<div>Uwaga: Ta oferta jest skierowana wy\u0142\u0105cznie do os\u00f3b doros\u0142ych. Niemiecka ustawa o ochronie m\u0142odzie\u017cy zabrania oferowania i sprzeda\u017cy tego produktu dzieciom i m\u0142odzie\u017cy. Umowa zakupu jest zawierana wy\u0142\u0105cznie po pomy\u015blnej weryfikacji wieku. Ponadto listonosz przeprowadzi kontrol\u0119 podczas dostarczania przesy\u0142ki.<\/div>","protected":false},"excerpt":{"rendered":"<table class=\"table table-bordered\">\n<tbody>\n<tr class=\"attr-characteristic\">\n<td class=\"attr-label\">Geschmack:<\/td>\n<td class=\"attr-value\"><span class=\"value\"><a title=\"\" href=\"https:\/\/www.paradise-shisha.de\/tabak-geschmack-wassermelone\" data-toggle=\"tooltip\" data-placement=\"top\" data-original-title=\"Wassermelone\"><img decoding=\"async\" title=\"Wassermelone\" src=\"https:\/\/www.paradise-shisha.de\/bilder\/merkmalwerte\/klein\/614.jpg\" alt=\"Wassermelone\" \/><\/a><\/span><\/td>\n<\/tr>\n<tr class=\"attr-characteristic\">\n<td class=\"attr-label\">Kopfart:<\/td>\n<td class=\"attr-value\"><span class=\"value\"><a class=\"label label-primary\" href=\"https:\/\/www.paradise-shisha.de\/tabak-geschmack-mehrlochkopf\">G\u0142owica z wieloma otworami<\/a><\/span><\/td>\n<\/tr>\n<tr class=\"attr-characteristic\">\n<td class=\"attr-label\">Tabakart:<\/td>\n<td class=\"attr-value\"><span class=\"value\"><a class=\"label label-primary\" href=\"https:\/\/www.paradise-shisha.de\/tabakart-virginia\">Virginia<\/a><\/span><\/td>\n<\/tr>\n<tr class=\"attr-characteristic\">\n<td class=\"attr-label\">Tabakschnitt:<\/td>\n<td class=\"attr-value\"><span class=\"value\"><a class=\"label label-primary\" href=\"https:\/\/www.paradise-shisha.de\/tabakschnitt-grob-mittel\">gruby\/\u015bredni<\/a><\/span><\/td>\n<\/tr>\n<tr class=\"attr-characteristic\">\n<td class=\"attr-label\">Geschmacksrichtung:<\/td>\n<td class=\"attr-value\"><span class=\"value\"><a title=\"\" href=\"https:\/\/www.paradise-shisha.de\/suesser-shisha-tabak\" data-toggle=\"tooltip\" data-placement=\"top\" data-original-title=\"s\u00fc\u00df\"><img decoding=\"async\" title=\"s\u00fc\u00df\" src=\"https:\/\/www.paradise-shisha.de\/bilder\/merkmalwerte\/klein\/860.jpg\" alt=\"s\u00fc\u00df\" \/><\/a><\/span><\/td>\n<\/tr>\n<tr class=\"attr-characteristic\">\n<td class=\"attr-label\">Tabakst\u00e4rke:<\/td>\n<td class=\"attr-value\"><span class=\"value\"><a class=\"label label-primary\" href=\"https:\/\/www.paradise-shisha.de\/tabak-staerke-mittel-stark\">\u015bredni\/mocny<\/a><\/span><\/td>\n<\/tr>\n<tr class=\"attr-weight\">\n<td class=\"attr-label\">Artikelgewicht:<\/td>\n<td class=\"attr-value weight-unit weight-unit-article\">0,20\u00a0Kg<\/td>\n<\/tr>\n<tr class=\"attr-contents\">\n<td class=\"attr-label\">Inhalt:<\/td>\n<td class=\"attr-value\">0,20 kg<\/td>\n<\/tr>\n<\/tbody>\n<\/table>\n<p align=\"LEFT\"><strong><span style=\"color: #000000;\"><span style=\"font-family: Market Sans, Arial, sans-serif;\"><span style=\"font-size: small;\">Gefahrenhinweis: macht abh\u00e4ngig<\/span><\/span><\/span><\/strong><\/p>","protected":false},"featured_media":83846,"comment_status":"open","ping_status":"closed","template":"","meta":{"_seopress_robots_primary_cat":"","_seopress_titles_title":"","_seopress_titles_desc":"","_seopress_robots_index":""},"product_brand":[],"product_cat":[1713,1727],"product_tag":[],"class_list":{"0":"post-83819","1":"product","2":"type-product","3":"status-publish","4":"has-post-thumbnail","6":"product_cat-genussmittel","7":"product_cat-shisha-tabak","8":"product_shipping_class-standard-versand","10":"first","11":"instock","12":"sale","13":"taxable","14":"shipping-taxable","15":"purchasable","16":"product-type-simple"},"_links":{"self":[{"href":"https:\/\/www.soanam.de\/pl\/wp-json\/wp\/v2\/product\/83819","targetHints":{"allow":["GET"]}}],"collection":[{"href":"https:\/\/www.soanam.de\/pl\/wp-json\/wp\/v2\/product"}],"about":[{"href":"https:\/\/www.soanam.de\/pl\/wp-json\/wp\/v2\/types\/product"}],"replies":[{"embeddable":true,"href":"https:\/\/www.soanam.de\/pl\/wp-json\/wp\/v2\/comments?post=83819"}],"wp:featuredmedia":[{"embeddable":true,"href":"https:\/\/www.soanam.de\/pl\/wp-json\/wp\/v2\/media\/83846"}],"wp:attachment":[{"href":"https:\/\/www.soanam.de\/pl\/wp-json\/wp\/v2\/media?parent=83819"}],"wp:term":[{"taxonomy":"product_brand","embeddable":true,"href":"https:\/\/www.soanam.de\/pl\/wp-json\/wp\/v2\/product_brand?post=83819"},{"taxonomy":"product_cat","embeddable":true,"href":"https:\/\/www.soanam.de\/pl\/wp-json\/wp\/v2\/product_cat?post=83819"},{"taxonomy":"product_tag","embeddable":true,"href":"https:\/\/www.soanam.de\/pl\/wp-json\/wp\/v2\/product_tag?post=83819"}],"curies":[{"name":"wp","href":"https:\/\/api.w.org\/{rel}","templated":true}]}}