{"id":83804,"date":"2023-12-17T02:49:28","date_gmt":"2023-12-17T01:49:28","guid":{"rendered":"https:\/\/www.soanam.de\/?post_type=product&#038;p=83804"},"modified":"2023-12-17T02:50:45","modified_gmt":"2023-12-17T01:50:45","slug":"hqd-surv-600-e-shisha-to-go-cherry-2ml-18mg-ml","status":"publish","type":"product","link":"https:\/\/www.soanam.de\/pl\/produkt\/hqd-surv-600-e-shisha-to-go-cherry-2ml-18mg-ml\/","title":{"rendered":"HQD Surv 600, E-Shisha To Go, Cherry, 2ml, 18mg\/ml"},"content":{"rendered":"<div>\n<p><span style=\"color: #525252;\"><span style=\"font-family: Times New Roman, serif;\">Dieses Ger\u00e4t ist perfekt f\u00fcr alle, die vom traditionellen Zigarettenrauchen auf das dampfen umsteigen m\u00f6chten. Es wurde entwickelt, um den \u00dcbergang so einfach und angenehm wie m\u00f6glich zu gestalten<\/span><\/span><\/p>\n<p>Die HQD Surv 600\u00a0\u00a0sind perfekt f\u00fcr jeden, der auch unterwegs nicht auf seine Shisha verzichten will. Durch die optimale Regulierung der Hitze wird das Liquid perfekt verdampft und man kann den vollen Geschmack genie\u00dfen. Die E-Zigarette ben\u00f6tigt keine Wartung und ist ein Einweg-Pod-System.<\/p>\n<p>Wenn Sie an Ihrer E-Zigaretten ziehen, erw\u00e4rmt der Atomiseur die Nikotinfl\u00fcssigkeit im Filter. Dadurch formt sich Dampf, der dem Rauch eine Zigarette gleicht.<\/p>\n<h2>Cechy<\/h2>\n<h4 class=\"western\"><span style=\"font-family: Times New Roman, serif;\"><span style=\"font-size: medium;\">Kompaktes Einweg-Kit<\/span><\/span><\/h4>\n<h4 class=\"western\"><span style=\"font-family: Times New Roman, serif;\"><span style=\"font-size: medium;\">Einsteigerfreundlich<\/span><\/span><\/h4>\n<h4 class=\"western\"><span style=\"font-family: Times New Roman, serif;\"><span style=\"font-size: medium;\">600 Z\u00fcge pro Riegel<\/span><\/span><\/h4>\n<h4 class=\"western\"><span style=\"font-family: Times New Roman, serif;\"><span style=\"font-size: medium;\">Aktiviertes Inhalieren<\/span><\/span><\/h4>\n<h4 class=\"western\"><span style=\"font-family: Times New Roman, serif;\"><span style=\"font-size: medium;\">18mg Nik-Salz<\/span><\/span><\/h4>\n<h4 class=\"western\"><span style=\"font-family: Times New Roman, serif;\"><span style=\"font-size: medium;\">Nikotinst\u00e4rke: 18mg\/ml<\/span><\/span><\/h4>\n<h4 class=\"western\"><span style=\"font-family: Times New Roman, serif;\"><span style=\"font-size: medium;\">F\u00fcllvolumen: 2.0 ml<\/span><\/span><\/h4>\n<h5>Modell: Cherry<\/h5>\n<h5>Geschmacksrichtung: s\u00fc\u00dfe Kirsche<\/h5>\n<div><\/div>\n<\/div>\n<div><\/div>\n<div>Uwaga: Ta oferta jest skierowana wy\u0142\u0105cznie do os\u00f3b doros\u0142ych. Niemiecka ustawa o ochronie m\u0142odzie\u017cy zabrania oferowania i sprzeda\u017cy tego produktu dzieciom i m\u0142odzie\u017cy. Umowa zakupu jest zawierana wy\u0142\u0105cznie po pomy\u015blnej weryfikacji wieku. Ponadto listonosz przeprowadzi kontrol\u0119 podczas dostarczania przesy\u0142ki.<\/div>","protected":false},"excerpt":{"rendered":"<p><span style=\"color: #000000;\"><span style=\"font-family: Market Sans, Arial, sans-serif;\"><span style=\"font-size: small;\">Produktart: Einweg-Zigarette<\/span><\/span><\/span><\/p>\n<p align=\"LEFT\"><span style=\"color: #000000;\"><span style=\"font-family: Market Sans, Arial, sans-serif;\"><span style=\"font-size: small;\">Marke: HQD Surv<\/span><\/span><\/span><\/p>\n<p align=\"LEFT\"><span style=\"color: #000000;\"><span style=\"font-family: Market Sans, Arial, sans-serif;\"><span style=\"font-size: small;\">EAN: 6974866044888<\/span><\/span><\/span><\/p>\n<p align=\"LEFT\"><span style=\"color: #000000;\"><span style=\"font-family: Market Sans, Arial, sans-serif;\"><span style=\"font-size: small;\">Modell: HQD Surv 600 Cherry Einweg E-Zigarette<\/span><\/span><\/span><\/p>\n<p align=\"LEFT\"><span style=\"color: #000000;\"><span style=\"font-family: Market Sans, Arial, sans-serif;\"><span style=\"font-size: small;\">Geschmacksrichtung: Kirsche<\/span><\/span><\/span><\/p>\n<p align=\"LEFT\"><span style=\"color: #000000;\"><span style=\"font-family: Market Sans, Arial, sans-serif;\"><span style=\"font-size: small;\">Bedienung: Elektronisch<\/span><\/span><\/span><\/p>\n<p align=\"LEFT\"><span style=\"color: #000000;\"><span style=\"font-family: Market Sans, Arial, sans-serif;\"><span style=\"font-size: small;\">Akkukapazit\u00e4t: 500 mAh<\/span><\/span><\/span><\/p>\n<p align=\"LEFT\"><span style=\"color: #000000;\"><span style=\"font-family: Market Sans, Arial, sans-serif;\"><span style=\"font-size: small;\">Nikotinst\u00e4rke: 18mg\/ml<\/span><\/span><\/span><\/p>\n<p align=\"LEFT\"><span style=\"color: #000000;\"><span style=\"font-family: Market Sans, Arial, sans-serif;\"><span style=\"font-size: small;\">Gefahrenhinweis: macht abh\u00e4ngig<\/span><\/span><\/span><\/p>","protected":false},"featured_media":83815,"comment_status":"open","ping_status":"closed","template":"","meta":{"_seopress_robots_primary_cat":"","_seopress_titles_title":"","_seopress_titles_desc":"","_seopress_robots_index":""},"product_brand":[],"product_cat":[1713,2626],"product_tag":[],"class_list":{"0":"post-83804","1":"product","2":"type-product","3":"status-publish","4":"has-post-thumbnail","6":"product_cat-genussmittel","7":"product_cat-e-zigaretten","8":"product_shipping_class-standard-versand","10":"first","11":"instock","12":"sale","13":"taxable","14":"shipping-taxable","15":"purchasable","16":"product-type-simple"},"_links":{"self":[{"href":"https:\/\/www.soanam.de\/pl\/wp-json\/wp\/v2\/product\/83804","targetHints":{"allow":["GET"]}}],"collection":[{"href":"https:\/\/www.soanam.de\/pl\/wp-json\/wp\/v2\/product"}],"about":[{"href":"https:\/\/www.soanam.de\/pl\/wp-json\/wp\/v2\/types\/product"}],"replies":[{"embeddable":true,"href":"https:\/\/www.soanam.de\/pl\/wp-json\/wp\/v2\/comments?post=83804"}],"wp:featuredmedia":[{"embeddable":true,"href":"https:\/\/www.soanam.de\/pl\/wp-json\/wp\/v2\/media\/83815"}],"wp:attachment":[{"href":"https:\/\/www.soanam.de\/pl\/wp-json\/wp\/v2\/media?parent=83804"}],"wp:term":[{"taxonomy":"product_brand","embeddable":true,"href":"https:\/\/www.soanam.de\/pl\/wp-json\/wp\/v2\/product_brand?post=83804"},{"taxonomy":"product_cat","embeddable":true,"href":"https:\/\/www.soanam.de\/pl\/wp-json\/wp\/v2\/product_cat?post=83804"},{"taxonomy":"product_tag","embeddable":true,"href":"https:\/\/www.soanam.de\/pl\/wp-json\/wp\/v2\/product_tag?post=83804"}],"curies":[{"name":"wp","href":"https:\/\/api.w.org\/{rel}","templated":true}]}}