{"id":83781,"date":"2023-12-17T02:47:14","date_gmt":"2023-12-17T01:47:14","guid":{"rendered":"https:\/\/www.soanam.de\/?post_type=product&#038;p=83781"},"modified":"2023-12-17T02:48:52","modified_gmt":"2023-12-17T01:48:52","slug":"elf-bar-600-jednorazowy-e-papieros-peach-ice-2ml-20mg-ml","status":"publish","type":"product","link":"https:\/\/www.soanam.de\/pl\/produkt\/elf-bar-600-einweg-e-zigarette-peach-ice-2ml-20mg-ml\/","title":{"rendered":"Jednorazowy e-papieros Elf Bar 600, Peach Ice, 2 ml, 20 mg\/ml"},"content":{"rendered":"<div>\n<p><span style=\"color: #525252;\"><span style=\"font-family: Times New Roman, serif;\">Dieses Ger\u00e4t ist perfekt f\u00fcr alle, die vom traditionellen Zigarettenrauchen auf das dampfen umsteigen m\u00f6chten. Es wurde entwickelt, um den \u00dcbergang so einfach und angenehm wie m\u00f6glich zu gestalten<\/span><\/span><\/p>\n<p>Die\u00a0ELFBAR 600\u00a0\u00a0sind\u00a0perfekt f\u00fcr jeden, der auch unterwegs nicht auf seine Shisha verzichten will. Durch die optimale Regulierung der Hitze wird das Liquid perfekt verdampft und man kann den vollen Geschmack genie\u00dfen. Die E-Zigarette ben\u00f6tigt keine Wartung und ist ein Einweg-Pod-System.<\/p>\n<p>Ein unabh\u00e4ngiger Baumwolltank mit \u00d6lspeicher, der jeden Tropfen E-Liquid sicher aufbewahrt. Eine Vielzahl von gemischten Geschmacksrichtungen, die Ihnen ein reichhaltiges Geschmackserlebnis bieten.<\/p>\n<p>Die konstante Ausgangsspannung von 3,6 V liefert einen stabilen und reichhaltigen Geschmack bis zum letzten Zug.<\/p>\n<p><b>Cechy<\/b><\/p>\n<h2 class=\"western\"><span style=\"font-family: Times New Roman, serif;\"><span style=\"font-size: medium;\">Kompaktes Einweg-Kit<\/span><\/span><\/h2>\n<h2 class=\"western\"><span style=\"font-family: Times New Roman, serif;\"><span style=\"font-size: medium;\">Einsteigerfreundlich<\/span><\/span><\/h2>\n<h2 class=\"western\"><span style=\"font-family: Times New Roman, serif;\"><span style=\"font-size: medium;\">600 Z\u00fcge pro Riegel<\/span><\/span><\/h2>\n<h2 class=\"western\"><span style=\"font-family: Times New Roman, serif;\"><span style=\"font-size: medium;\">Aktiviertes Inhalieren<\/span><\/span><\/h2>\n<h2 class=\"western\"><span style=\"font-family: Times New Roman, serif;\"><span style=\"font-size: medium;\">20mg Nik-Salz<\/span><\/span><\/h2>\n<h2 class=\"western\"><span style=\"font-family: Times New Roman, serif;\"><span style=\"font-size: medium;\">Nikotinst\u00e4rke: 20 mg\/ml<\/span><\/span><\/h2>\n<h2 class=\"western\"><span style=\"font-family: Times New Roman, serif;\"><span style=\"font-size: medium;\">F\u00fcllvolumen: 2.0 ml<\/span><\/span><\/h2>\n<div><\/div>\n<\/div>\n<div><\/div>\n<div>Uwaga: Ta oferta jest skierowana wy\u0142\u0105cznie do os\u00f3b doros\u0142ych. Niemiecka ustawa o ochronie m\u0142odzie\u017cy zabrania oferowania i sprzeda\u017cy tego produktu dzieciom i m\u0142odzie\u017cy. Umowa zakupu jest zawierana wy\u0142\u0105cznie po pomy\u015blnej weryfikacji wieku. Ponadto listonosz przeprowadzi kontrol\u0119 podczas dostarczania przesy\u0142ki.<\/div>","protected":false},"excerpt":{"rendered":"<p><span style=\"color: #000000;\"><span style=\"font-family: Market Sans, Arial, sans-serif;\"><span style=\"font-size: small;\">Produktart: Einweg-Zigarette<\/span><\/span><\/span><\/p>\n<p align=\"LEFT\"><span style=\"color: #000000;\"><span style=\"font-family: Market Sans, Arial, sans-serif;\"><span style=\"font-size: small;\">Marke: ELF<\/span><\/span><\/span><\/p>\n<p align=\"LEFT\"><span style=\"color: #000000;\"><span style=\"font-family: Market Sans, Arial, sans-serif;\"><span style=\"font-size: small;\">EAN: 4260769631891<\/span><\/span><\/span><\/p>\n<p align=\"LEFT\"><span style=\"color: #000000;\"><span style=\"font-family: Market Sans, Arial, sans-serif;\"><span style=\"font-size: small;\">Modell: Elf Bar 600 Einweg E-Zigarette<\/span><\/span><\/span><\/p>\n<p align=\"LEFT\"><span style=\"color: #000000;\"><span style=\"font-family: Market Sans, Arial, sans-serif;\"><span style=\"font-size: small;\">Geschmacksrichtung: Peach Ice<\/span><\/span><\/span><\/p>\n<p align=\"LEFT\"><span style=\"color: #000000;\"><span style=\"font-family: Market Sans, Arial, sans-serif;\"><span style=\"font-size: small;\">Bedienung: Elektronisch<\/span><\/span><\/span><\/p>\n<p align=\"LEFT\"><span style=\"color: #000000;\"><span style=\"font-family: Market Sans, Arial, sans-serif;\"><span style=\"font-size: small;\">Akkukapazit\u00e4t: 360 mAh<\/span><\/span><\/span><\/p>\n<p align=\"LEFT\"><span style=\"color: #000000;\"><span style=\"font-family: Market Sans, Arial, sans-serif;\"><span style=\"font-size: small;\">Ablaufdatum: 2023<\/span><\/span><\/span><\/p>\n<p align=\"LEFT\"><span style=\"color: #000000;\"><span style=\"font-family: Market Sans, Arial, sans-serif;\"><span style=\"font-size: small;\">Nikotinst\u00e4rke: 20mg\/ml<\/span><\/span><\/span><\/p>\n<p align=\"LEFT\"><span style=\"color: #000000;\"><span style=\"font-family: Market Sans, Arial, sans-serif;\"><span style=\"font-size: small;\">Gefahrenhinweis: macht abh\u00e4ngig<\/span><\/span><\/span><\/p>","protected":false},"featured_media":83796,"comment_status":"open","ping_status":"closed","template":"","meta":{"_seopress_robots_primary_cat":"","_seopress_titles_title":"","_seopress_titles_desc":"","_seopress_robots_index":""},"product_brand":[],"product_cat":[1713,2626],"product_tag":[],"class_list":{"0":"post-83781","1":"product","2":"type-product","3":"status-publish","4":"has-post-thumbnail","6":"product_cat-genussmittel","7":"product_cat-e-zigaretten","8":"product_shipping_class-standard-versand","10":"first","11":"instock","12":"sale","13":"taxable","14":"shipping-taxable","15":"purchasable","16":"product-type-simple"},"_links":{"self":[{"href":"https:\/\/www.soanam.de\/pl\/wp-json\/wp\/v2\/product\/83781","targetHints":{"allow":["GET"]}}],"collection":[{"href":"https:\/\/www.soanam.de\/pl\/wp-json\/wp\/v2\/product"}],"about":[{"href":"https:\/\/www.soanam.de\/pl\/wp-json\/wp\/v2\/types\/product"}],"replies":[{"embeddable":true,"href":"https:\/\/www.soanam.de\/pl\/wp-json\/wp\/v2\/comments?post=83781"}],"wp:featuredmedia":[{"embeddable":true,"href":"https:\/\/www.soanam.de\/pl\/wp-json\/wp\/v2\/media\/83796"}],"wp:attachment":[{"href":"https:\/\/www.soanam.de\/pl\/wp-json\/wp\/v2\/media?parent=83781"}],"wp:term":[{"taxonomy":"product_brand","embeddable":true,"href":"https:\/\/www.soanam.de\/pl\/wp-json\/wp\/v2\/product_brand?post=83781"},{"taxonomy":"product_cat","embeddable":true,"href":"https:\/\/www.soanam.de\/pl\/wp-json\/wp\/v2\/product_cat?post=83781"},{"taxonomy":"product_tag","embeddable":true,"href":"https:\/\/www.soanam.de\/pl\/wp-json\/wp\/v2\/product_tag?post=83781"}],"curies":[{"name":"wp","href":"https:\/\/api.w.org\/{rel}","templated":true}]}}