{"id":83637,"date":"2023-12-17T02:03:26","date_gmt":"2023-12-17T01:03:26","guid":{"rendered":"https:\/\/www.soanam.de\/?post_type=product&#038;p=83637"},"modified":"2023-12-17T02:40:46","modified_gmt":"2023-12-17T01:40:46","slug":"petite-fleur-klasyczny-biustonosz-na-fiszbinach-w-kolorze-marsala-czerwony-rozmiar-85d","status":"publish","type":"product","link":"https:\/\/www.soanam.de\/pl\/produkt\/petite-fleur-klassischer-buegel-bh-in-marsala-rot-gr-85d\/","title":{"rendered":"petite fleur klasyczny biustonosz na fiszbinach, w kolorze czerwonej marsali, rozmiar 85D"},"content":{"rendered":"<p>Koronkowy biustonosz od Petite Fleur<br \/>\nElastyczna koronka \u017cakardowa w g\u00f3rnej cz\u0119\u015bci miseczki<br \/>\nZintegrowane formowane fiszbiny dla bezpiecznego dopasowania<br \/>\nTy\u0142 wykonany z mi\u0119kkiego materia\u0142u microtouch<\/p>\n<p>Klasyczny biustonosz na fiszbinach od Petite Fleur.<br \/>\nElegancki design w po\u0142\u0105czeniu z niezawodnym wsparciem i wygodnym krojem sprawiaj\u0105, \u017ce ten koronkowy biustonosz jest codziennym bohaterem.<br \/>\nZintegrowane fiszbiny delikatnie podtrzymuj\u0105 biust i modeluj\u0105 naturalnie pi\u0119kny dekolt, kt\u00f3ry jest umiej\u0119tnie podkre\u015blony elastyczn\u0105 \u017cakardow\u0105 koronk\u0105 w g\u00f3rnej cz\u0119\u015bci miseczki.<br \/>\nDolna cz\u0119\u015b\u0107 miseczki wykonana jest z nieprzezroczystego materia\u0142u \u017cakardowego i posiada subtelny haft.<br \/>\nTy\u0142 wykonany z mi\u0119kkiego materia\u0142u microtouch przyczynia si\u0119 do komfortu noszenia, a regulowane rami\u0105czka i zapi\u0119cie z ty\u0142u zapewniaj\u0105 idealne dopasowanie.<\/p>\n<p>Materia\u0142: poliamid 90%, elastan 10%<br \/>\nWskaz\u00f3wki dotycz\u0105ce piel\u0119gnacji: Pranie r\u0119czne<\/p>\n<p>Kolor: czerwone wino<br \/>\nWz\u00f3r: Kwiaty<br \/>\nRozmiar: 85<br \/>\nPuchar: D<\/p>","protected":false},"excerpt":{"rendered":"<table class=\"dv_characteristicsTable\">\n<tbody>\n<tr>\n<td class=\"left\">Rozmiar<\/td>\n<td>85<\/td>\n<\/tr>\n<\/tbody>\n<\/table>\n<table class=\"dv_characteristicsTable\">\n<tbody>\n<tr>\n<td class=\"left\">Kolor<\/td>\n<td>marsala<\/td>\n<\/tr>\n<\/tbody>\n<\/table>\n<table class=\"dv_characteristicsTable\">\n<tbody>\n<tr>\n<td class=\"left\">Sk\u0142ad materia\u0142u<\/td>\n<td>90% Polyamid, 10% Elasthan<\/td>\n<\/tr>\n<tr>\n<td class=\"left\">Materialart<\/td>\n<td>Spitze<\/td>\n<\/tr>\n<tr>\n<td class=\"left\">Instrukcje dotycz\u0105ce piel\u0119gnacji<\/td>\n<td>Pranie r\u0119czne<\/td>\n<\/tr>\n<\/tbody>\n<\/table>\n<table class=\"dv_characteristicsTable\">\n<tbody>\n<tr>\n<td class=\"left\">Stil<\/td>\n<td>klassisch<\/td>\n<\/tr>\n<\/tbody>\n<\/table>\n<table class=\"dv_characteristicsTable\">\n<tbody>\n<tr>\n<td class=\"left\">Cupdetails<\/td>\n<td>Mittelnaht<\/td>\n<\/tr>\n<tr>\n<td class=\"left\">B\u00fcgel<\/td>\n<td>mit B\u00fcgel<\/td>\n<\/tr>\n<\/tbody>\n<\/table>\n<table class=\"dv_characteristicsTable\">\n<tbody>\n<tr>\n<td class=\"left\">Przewo\u017anik<\/td>\n<td>mit Tr\u00e4ger<\/td>\n<\/tr>\n<tr>\n<td class=\"left\">Tr\u00e4gerdetails<\/td>\n<td>verstellbar<\/td>\n<\/tr>\n<\/tbody>\n<\/table>\n<table class=\"dv_characteristicsTable\">\n<tbody>\n<tr>\n<td class=\"left\">Verschluss<\/td>\n<td>Haken &amp; \u00d6sen<\/td>\n<\/tr>\n<\/tbody>\n<\/table>\n<p>&nbsp;<\/p>\n<p>&nbsp;<\/p>","protected":false},"featured_media":83697,"comment_status":"open","ping_status":"closed","template":"","meta":{"_seopress_robots_primary_cat":"","_seopress_titles_title":"","_seopress_titles_desc":"","_seopress_robots_index":""},"product_brand":[],"product_cat":[1348,1444,1516],"product_tag":[],"class_list":{"0":"post-83637","1":"product","2":"type-product","3":"status-publish","4":"has-post-thumbnail","6":"product_cat-damen-mode","7":"product_cat-unterwaesche","8":"product_cat-bhs","9":"product_shipping_class-standard-versand","11":"first","12":"instock","13":"sale","14":"taxable","15":"shipping-taxable","16":"purchasable","17":"product-type-simple"},"_links":{"self":[{"href":"https:\/\/www.soanam.de\/pl\/wp-json\/wp\/v2\/product\/83637","targetHints":{"allow":["GET"]}}],"collection":[{"href":"https:\/\/www.soanam.de\/pl\/wp-json\/wp\/v2\/product"}],"about":[{"href":"https:\/\/www.soanam.de\/pl\/wp-json\/wp\/v2\/types\/product"}],"replies":[{"embeddable":true,"href":"https:\/\/www.soanam.de\/pl\/wp-json\/wp\/v2\/comments?post=83637"}],"wp:featuredmedia":[{"embeddable":true,"href":"https:\/\/www.soanam.de\/pl\/wp-json\/wp\/v2\/media\/83697"}],"wp:attachment":[{"href":"https:\/\/www.soanam.de\/pl\/wp-json\/wp\/v2\/media?parent=83637"}],"wp:term":[{"taxonomy":"product_brand","embeddable":true,"href":"https:\/\/www.soanam.de\/pl\/wp-json\/wp\/v2\/product_brand?post=83637"},{"taxonomy":"product_cat","embeddable":true,"href":"https:\/\/www.soanam.de\/pl\/wp-json\/wp\/v2\/product_cat?post=83637"},{"taxonomy":"product_tag","embeddable":true,"href":"https:\/\/www.soanam.de\/pl\/wp-json\/wp\/v2\/product_tag?post=83637"}],"curies":[{"name":"wp","href":"https:\/\/api.w.org\/{rel}","templated":true}]}}