{"id":83607,"date":"2023-12-17T02:00:28","date_gmt":"2023-12-17T01:00:28","guid":{"rendered":"https:\/\/www.soanam.de\/?post_type=product&#038;p=83607"},"modified":"2023-12-17T02:09:51","modified_gmt":"2023-12-17T01:09:51","slug":"petite-fleur-slip-aus-floraler-jacquardspitze-in-baenderoptik-in-schwarz-gr-42","status":"publish","type":"product","link":"https:\/\/www.soanam.de\/pl\/produkt\/petite-fleur-slip-aus-floraler-jacquardspitze-in-baenderoptik-in-schwarz-gr-42\/","title":{"rendered":"majtki petite fleur z kwiatowej koronki \u017cakardowej w pr\u0105\u017cki, czarne, rozmiar 42"},"content":{"rendered":"<p>Edler Slip von Petite Fleur<br \/>\nAus hochwertiger Vollspitze in floraler Optik<br \/>\nKleine Zierschleife vorne und Metallring in der hinteren Mitte<br \/>\nB\u00e4nderoptik auf Vorder- und R\u00fcckseite<br \/>\nZe zintegrowanym bawe\u0142nianym klinem<\/p>\n<p>Der Slip von Petite Fleur besteht aus wundersch\u00f6ner, leicht transparenter Spitze in floraler Optik. Der sexy Look bekommt er durch eine kleine Zierschleife vorne und einem Metallring in der hinteren Mitte in welchem die B\u00e4nder zusammen gehalten werden.<br \/>\nDer eingearbeitete Baumwollzwickel sorgt f\u00fcr zus\u00e4tzlichen Komfort.<\/p>\n<p>Material: 88% Polyamid, 12% Elasthan<br \/>\nWskaz\u00f3wki dotycz\u0105ce piel\u0119gnacji: Pranie r\u0119czne<\/p>\n<p>Kolor: czarny<br \/>\nWz\u00f3r: Kwiaty<br \/>\nRozmiar: 42<\/p>","protected":false},"excerpt":{"rendered":"<table class=\"dv_characteristicsTable\">\n<tbody>\n<tr>\n<td>Gr\u00f6\u00dfe\u00a0 42<\/td>\n<\/tr>\n<tr>\n<td class=\"left\">Gr\u00f6\u00dfentyp<\/td>\n<td>Normalgr\u00f6\u00dfen<\/td>\n<\/tr>\n<\/tbody>\n<\/table>\n<table class=\"dv_characteristicsTable\">\n<tbody>\n<tr>\n<td class=\"left\">Kolor<\/td>\n<td>schwarz<\/td>\n<\/tr>\n<\/tbody>\n<\/table>\n<table class=\"dv_characteristicsTable\">\n<tbody>\n<tr>\n<td class=\"left\">Instrukcje dotycz\u0105ce piel\u0119gnacji<\/td>\n<td>Pranie r\u0119czne<\/td>\n<\/tr>\n<\/tbody>\n<\/table>\n<table class=\"dv_characteristicsTable\">\n<tbody>\n<tr>\n<td class=\"left\">\u00d6ffnung<\/td>\n<td>nein<\/td>\n<\/tr>\n<tr>\n<td class=\"left\">Besonderheit<\/td>\n<td>B\u00e4nder<\/td>\n<\/tr>\n<tr>\n<td class=\"left\">Leibh\u00f6he<\/td>\n<td>h\u00fcftig<\/td>\n<\/tr>\n<tr>\n<td class=\"left\">Dopasowanie<\/td>\n<td>figurbetont<\/td>\n<\/tr>\n<\/tbody>\n<\/table>\n<table class=\"dv_characteristicsTable\">\n<tbody>\n<tr>\n<td class=\"left\">Sk\u0142ad materia\u0142u<\/td>\n<td>88% Polyamid, 12% Elasthan<\/td>\n<\/tr>\n<tr>\n<td class=\"left\">Materialart<\/td>\n<td>Jaquardspitze<\/td>\n<\/tr>\n<\/tbody>\n<\/table>","protected":false},"featured_media":83675,"comment_status":"open","ping_status":"closed","template":"","meta":{"_seopress_robots_primary_cat":"","_seopress_titles_title":"","_seopress_titles_desc":"","_seopress_robots_index":""},"product_brand":[],"product_cat":[1348,1444,1501],"product_tag":[],"class_list":{"0":"post-83607","1":"product","2":"type-product","3":"status-publish","4":"has-post-thumbnail","6":"product_cat-damen-mode","7":"product_cat-unterwaesche","8":"product_cat-slips","9":"product_shipping_class-standard-versand","11":"first","12":"instock","13":"sale","14":"taxable","15":"shipping-taxable","16":"purchasable","17":"product-type-simple"},"_links":{"self":[{"href":"https:\/\/www.soanam.de\/pl\/wp-json\/wp\/v2\/product\/83607","targetHints":{"allow":["GET"]}}],"collection":[{"href":"https:\/\/www.soanam.de\/pl\/wp-json\/wp\/v2\/product"}],"about":[{"href":"https:\/\/www.soanam.de\/pl\/wp-json\/wp\/v2\/types\/product"}],"replies":[{"embeddable":true,"href":"https:\/\/www.soanam.de\/pl\/wp-json\/wp\/v2\/comments?post=83607"}],"wp:featuredmedia":[{"embeddable":true,"href":"https:\/\/www.soanam.de\/pl\/wp-json\/wp\/v2\/media\/83675"}],"wp:attachment":[{"href":"https:\/\/www.soanam.de\/pl\/wp-json\/wp\/v2\/media?parent=83607"}],"wp:term":[{"taxonomy":"product_brand","embeddable":true,"href":"https:\/\/www.soanam.de\/pl\/wp-json\/wp\/v2\/product_brand?post=83607"},{"taxonomy":"product_cat","embeddable":true,"href":"https:\/\/www.soanam.de\/pl\/wp-json\/wp\/v2\/product_cat?post=83607"},{"taxonomy":"product_tag","embeddable":true,"href":"https:\/\/www.soanam.de\/pl\/wp-json\/wp\/v2\/product_tag?post=83607"}],"curies":[{"name":"wp","href":"https:\/\/api.w.org\/{rel}","templated":true}]}}