{"id":83559,"date":"2023-12-17T01:55:20","date_gmt":"2023-12-17T00:55:20","guid":{"rendered":"https:\/\/www.soanam.de\/?post_type=product&#038;p=83559"},"modified":"2023-12-17T02:02:44","modified_gmt":"2023-12-17T01:02:44","slug":"kangaroos-strickkleid-im-norweger-look-in-marine-gr-36","status":"publish","type":"product","link":"https:\/\/www.soanam.de\/pl\/produkt\/kangaroos-strickkleid-im-norweger-look-in-marine-gr-36\/","title":{"rendered":"Dzianinowa sukienka KangaROOS w stylu norweskim, granatowa, rozmiar 36"},"content":{"rendered":"<p>Langarmiges Kleid mit Rundhalsausschnitt von KangaROOS<br \/>\nHochwertige, angenehme Feinstrickqualit\u00e4t aus Baumwollmix<br \/>\nKr\u00f3j dopasowany do sylwetki<br \/>\nKontrastfarbenes Strickmuster im Norweger-Style<\/p>\n<p>Ein wahres Highlight: das Strickkleid von Kangaroos im trendy Norweger-Style.<br \/>\nAbwechslungsreich bezaubert das lang\u00e4rmelige Kleid mit einem Mix aus Norwegermuster und einem feinen Zickzackmuster.<br \/>\nDer figurbetonte Schnitt des Damenkleides schmeichelt der Silhouette.<br \/>\nEin h\u00fcbscher Rundhalsausschnitt erg\u00e4nzt den durch und durch femininen Look des Kleides.<br \/>\nDer hochwertige Feinstrick tr\u00e4gt sich leicht und angenehm auf der Haut.<\/p>\n<p>Materia\u0142: bawe\u0142na 50%, poliakryl 50%<br \/>\nWskaz\u00f3wki dotycz\u0105ce piel\u0119gnacji: Pra\u0107 w pralce<\/p>\n<p>Kolor: granatowy<br \/>\nMuster: Norweger<br \/>\nRozmiar: 36<\/p>\n<p>Szeroko\u015b\u0107 ramion: 35 cm<br \/>\nSzeroko\u015b\u0107 klatki piersiowej: 90 cm<br \/>\nD\u0142ugo\u015b\u0107 r\u0119kawa: 65 cm<br \/>\nCa\u0142kowita d\u0142ugo\u015b\u0107: 90 cm<\/p>","protected":false},"excerpt":{"rendered":"<table class=\"dv_characteristicsTable\">\n<tbody>\n<tr>\n<td class=\"left\">Rozmiar<\/td>\n<td>36<\/td>\n<\/tr>\n<tr>\n<td class=\"left\">Sk\u0142ad materia\u0142u<\/td>\n<td>50% Baumwolle, 50% Polyacryl<\/td>\n<\/tr>\n<tr>\n<td class=\"left\">Materialart<\/td>\n<td>Strick<\/td>\n<\/tr>\n<tr>\n<td class=\"left\">Instrukcje dotycz\u0105ce piel\u0119gnacji<\/td>\n<td>Pranie w pralce<\/td>\n<\/tr>\n<tr>\n<td class=\"left\">Optik<\/td>\n<td>Norwegermuster, gemustert<\/td>\n<\/tr>\n<tr>\n<td class=\"left\">Stil<\/td>\n<td>casual<\/td>\n<\/tr>\n<tr>\n<td class=\"left\">Ausschnitt<\/td>\n<td>Rundhals<\/td>\n<\/tr>\n<tr>\n<td class=\"left\">Ausschnittdetails<\/td>\n<td>Pr\u0105\u017ckowane mankiety<\/td>\n<\/tr>\n<tr>\n<td class=\"left\">\u00c4rmel<\/td>\n<td>D\u0142ugi r\u0119kaw<\/td>\n<\/tr>\n<tr>\n<td class=\"left\">\u00c4rmelabschluss<\/td>\n<td>Pr\u0105\u017ckowane mankiety<\/td>\n<\/tr>\n<tr>\n<td class=\"left\">Kleidersaum<\/td>\n<td>Pr\u0105\u017ckowane mankiety<\/td>\n<\/tr>\n<tr>\n<td class=\"left\">Dopasowanie<\/td>\n<td>figurbetont<\/td>\n<\/tr>\n<tr>\n<td class=\"left\">Schnittform L\u00e4nge<\/td>\n<td>mini<\/td>\n<\/tr>\n<tr>\n<td class=\"left\">Kolor<\/td>\n<td>marineblau<\/td>\n<\/tr>\n<tr>\n<td class=\"left\">Besondere Merkmale<\/td>\n<td>im Norweger-Look<\/td>\n<\/tr>\n<\/tbody>\n<\/table>","protected":false},"featured_media":83625,"comment_status":"open","ping_status":"closed","template":"","meta":{"_seopress_robots_primary_cat":"","_seopress_titles_title":"","_seopress_titles_desc":"","_seopress_robots_index":""},"product_brand":[],"product_cat":[1348,1379,1618],"product_tag":[],"class_list":{"0":"post-83559","1":"product","2":"type-product","3":"status-publish","4":"has-post-thumbnail","6":"product_cat-damen-mode","7":"product_cat-kleider","8":"product_cat-strickkleider","9":"product_shipping_class-standard-versand","11":"first","12":"instock","13":"taxable","14":"shipping-taxable","15":"purchasable","16":"product-type-simple"},"_links":{"self":[{"href":"https:\/\/www.soanam.de\/pl\/wp-json\/wp\/v2\/product\/83559","targetHints":{"allow":["GET"]}}],"collection":[{"href":"https:\/\/www.soanam.de\/pl\/wp-json\/wp\/v2\/product"}],"about":[{"href":"https:\/\/www.soanam.de\/pl\/wp-json\/wp\/v2\/types\/product"}],"replies":[{"embeddable":true,"href":"https:\/\/www.soanam.de\/pl\/wp-json\/wp\/v2\/comments?post=83559"}],"wp:featuredmedia":[{"embeddable":true,"href":"https:\/\/www.soanam.de\/pl\/wp-json\/wp\/v2\/media\/83625"}],"wp:attachment":[{"href":"https:\/\/www.soanam.de\/pl\/wp-json\/wp\/v2\/media?parent=83559"}],"wp:term":[{"taxonomy":"product_brand","embeddable":true,"href":"https:\/\/www.soanam.de\/pl\/wp-json\/wp\/v2\/product_brand?post=83559"},{"taxonomy":"product_cat","embeddable":true,"href":"https:\/\/www.soanam.de\/pl\/wp-json\/wp\/v2\/product_cat?post=83559"},{"taxonomy":"product_tag","embeddable":true,"href":"https:\/\/www.soanam.de\/pl\/wp-json\/wp\/v2\/product_tag?post=83559"}],"curies":[{"name":"wp","href":"https:\/\/api.w.org\/{rel}","templated":true}]}}